{"id":13127,"date":"2025-03-24T14:10:46","date_gmt":"2025-03-24T14:10:46","guid":{"rendered":"https:\/\/afrycom.com\/product\/travel-tale-ensemble-de-bagages-a-roulettes-retro-pour-femme-valise-a-roulettes-20-24-26-pouces\/"},"modified":"2025-10-07T10:03:10","modified_gmt":"2025-10-07T10:03:10","slug":"travel-tale-ensemble-de-bagages-a-roulettes-retro-pour-femme-valise-a-roulettes-20-24-26-pouces","status":"publish","type":"product","link":"https:\/\/afrycom.com\/fr\/produit\/travel-tale-ensemble-de-bagages-a-roulettes-retro-pour-femme-valise-a-roulettes-20-24-26-pouces\/","title":{"rendered":"TRAVEL TALE-Ensemble de Bagages \u00e0 Roulettes R\u00e9tro pour Femme, Valise \u00e0 Roulettes, 20, 24, 26 Pouces"},"content":{"rendered":"<div class=\"product-specs-list-container\">\n<ul class=\"product-specs-list util-clearfix\">\n<li class=\"product-prop line-limit-length\"><span\n                                        class=\"property-title\">Chimique Hign-concern\u00e9 :&nbsp;<\/span><span\n                                        class=\"property-desc line-limit-length\">Aucun<\/span>\n                            <\/li>\n<li class=\"product-prop line-limit-length\"><span\n                                        class=\"property-title\">Hauteur de l'article :&nbsp;<\/span><span\n                                        class=\"property-desc line-limit-length\">48-66cm<\/span>\n                            <\/li>\n<li class=\"product-prop line-limit-length\"><span\n                                        class=\"property-title\">Num\u00e9ro de Mod\u00e8le :&nbsp;<\/span><span\n                                        class=\"property-desc line-limit-length\">mod\u00e8le r\u00e9tro<\/span>\n                            <\/li>\n<li class=\"product-prop line-limit-length\"><span\n                                        class=\"property-title\">Largeur de lu0027article :&nbsp;<\/span><span\n                                        class=\"property-desc line-limit-length\">20-24cm<\/span>\n                            <\/li>\n<li class=\"product-prop line-limit-length\"><span\n                                        class=\"property-title\">Poids de lu0027article :&nbsp;<\/span><span\n                                        class=\"property-desc line-limit-length\">3-5 kg environ<\/span>\n                            <\/li>\n<li class=\"product-prop line-limit-length\"><span\n                                        class=\"property-title\">Longueur de l'article :&nbsp;<\/span><span\n                                        class=\"property-desc line-limit-length\">33-38cm<\/span>\n                            <\/li>\n<li class=\"product-prop line-limit-length\"><span\n                                        class=\"property-title\">Sexe :&nbsp;<\/span><span\n                                        class=\"property-desc line-limit-length\">FEMMES<\/span>\n                            <\/li>\n<li class=\"product-prop line-limit-length\"><span\n                                        class=\"property-title\">A barres de traction :&nbsp;<\/span><span\n                                        class=\"property-desc line-limit-length\">Oui<\/span>\n                            <\/li>\n<li class=\"product-prop line-limit-length\"><span\n                                        class=\"property-title\">Type de bagages :&nbsp;<\/span><span\n                                        class=\"property-desc line-limit-length\">Ensembles de bagages<\/span>\n                            <\/li>\n<li class=\"product-prop line-limit-length\"><span\n                                        class=\"property-title\">Avec serrure :&nbsp;<\/span><span\n                                        class=\"property-desc line-limit-length\">Oui<\/span>\n                            <\/li>\n<li class=\"product-prop line-limit-length\"><span\n                                        class=\"property-title\">Roulette :&nbsp;<\/span><span\n                                        class=\"property-desc line-limit-length\">Fileur<\/span>\n                            <\/li>\n<li class=\"product-prop line-limit-length\"><span\n                                        class=\"property-title\">Mat\u00e9riau Principal :&nbsp;<\/span><span\n                                        class=\"property-desc line-limit-length\">PU<\/span>\n                            <\/li>\n<li class=\"product-prop line-limit-length\"><span\n                                        class=\"property-title\">Origine :&nbsp;<\/span><span\n                                        class=\"property-desc line-limit-length\">CN (Origine)<\/span>\n                            <\/li>\n<li class=\"product-prop line-limit-length\"><span\n                                        class=\"property-title\">CN :&nbsp;<\/span><span\n                                        class=\"property-desc line-limit-length\">Shanghai<\/span>\n                            <\/li>\n<li class=\"product-prop line-limit-length\"><span\n                                        class=\"property-title\">Type d'article :&nbsp;<\/span><span\n                                        class=\"property-desc line-limit-length\">Bagages<\/span>\n                            <\/li>\n<\/ul><\/div>\n<div class=\"detailmodule_html\">\n<div class=\"detail-desc-decorate-richtext\">\n<div>\n  &nbsp;\n<\/div>\n<p style=\"font-family:&quot;Open Sans&quot;, sans-serif;font-size:14px;font-weight:400;letter-spacing:normal;line-height:inherit;text-align:start;white-space:normal;color:rgb(0, 0, 0);background-color:rgb(255, 255, 255);margin:0px;margin-bottom:0px;margin-top:0px;margin-left:0px;margin-right:0px;padding:0px 0px 0px 0em;padding-bottom:0px;padding-top:0px;padding-right:0px\" align=\"start\"><img decoding=\"async\" style=\"margin:0px;margin-bottom:0px;margin-top:0px;margin-left:0px;margin-right:0px;padding:0px;padding-bottom:0px;padding-top:0px;padding-left:0px;padding-right:0px;max-width:100%\" src=\"https:\/\/ae01.alicdn.com\/kf\/S71696c65a7b6453fb309fa4160f15db0M.jpg?width=790&amp;height=50&amp;hash=840\" slate-data-type=\"image\" \/><\/p>\n<p style=\"font-family:&quot;Open Sans&quot;, sans-serif;font-size:14px;font-weight:400;letter-spacing:normal;line-height:inherit;text-align:start;white-space:normal;color:rgb(0, 0, 0);background-color:rgb(255, 255, 255);margin:0px;margin-bottom:0px;margin-top:0px;margin-left:0px;margin-right:0px;padding:0px 0px 0px 0em;padding-bottom:0px;padding-top:0px;padding-right:0px\" align=\"start\"><span style=\"color:rgb(0, 0, 0)\"><strong><span style=\"font-size:18px\" id=\"tl_1\">Mat\u00e9riel : ABS + cuir PU<\/span><\/strong><\/span><\/p>\n<div style=\"font-family:&quot;Open Sans&quot;, sans-serif;font-size:14px;font-weight:400;letter-spacing:normal;text-align:start;white-space:normal;color:rgb(0, 0, 0);background-color:rgb(255, 255, 255);margin:0px;margin-bottom:0px;margin-top:0px;margin-left:0px;margin-right:0px;padding:0px 0px 0px 0em;padding-bottom:0px;padding-top:0px;padding-right:0px\" align=\"start\">\n <span style=\"color:rgb(255, 0, 0)\" id=\"tl_2\">{Remarque : 1 pouce = 2.54cm , 1cm = 0.39 pouce ; en raison de mesurer \u00e0 la main, veuillez permettre 2-3cm 0.3-<\/span>\n<\/div>\n<div style=\"font-family:&quot;Open Sans&quot;, sans-serif;font-size:14px;font-weight:400;letter-spacing:normal;text-align:start;white-space:normal;color:rgb(0, 0, 0);background-color:rgb(255, 255, 255);margin:0px;margin-bottom:0px;margin-top:0px;margin-left:0px;margin-right:0px;padding:0px 0px 0px 0em;padding-bottom:0px;padding-top:0px;padding-right:0px\" align=\"start\">\n <span style=\"color:rgb(255, 0, 0)\" id=\"tl_3\">Erreur de 0.6kg ; en raison de l'angle de prise de vue et de l'\u00e9clairage, la couleur est un peu<\/span>\n<\/div>\n<div style=\"font-family:&quot;Open Sans&quot;, sans-serif;font-size:14px;font-weight:400;letter-spacing:normal;text-align:start;white-space:normal;color:rgb(0, 0, 0);background-color:rgb(255, 255, 255);margin:0px;margin-bottom:0px;margin-top:0px;margin-left:0px;margin-right:0px;padding:0px 0px 0px 0em;padding-bottom:0px;padding-top:0px;padding-right:0px\" align=\"start\">\n <span style=\"color:rgb(255, 0, 0)\" id=\"tl_4\">Diff\u00e9rence de magasin carrylove}<\/span>\n<\/div>\n<div style=\"font-family:&quot;Open Sans&quot;, sans-serif;font-size:14px;font-weight:400;letter-spacing:normal;text-align:start;white-space:normal;color:rgb(0, 0, 0);background-color:rgb(255, 255, 255);margin:0px;margin-bottom:0px;margin-top:0px;margin-left:0px;margin-right:0px;padding:0px 0px 0px 0em;padding-bottom:0px;padding-top:0px;padding-right:0px\" align=\"start\"><\/div>\n<div style=\"font-family:&quot;Open Sans&quot;, sans-serif;font-size:14px;font-weight:400;letter-spacing:normal;text-align:start;white-space:normal;color:rgb(0, 0, 0);background-color:rgb(255, 255, 255);margin:0px;margin-bottom:0px;margin-top:0px;margin-left:0px;margin-right:0px;padding:0px 0px 0px 0em;padding-bottom:0px;padding-top:0px;padding-right:0px\" align=\"start\">\n <span style=\"color:rgb(255, 0, 0)\" id=\"tl_5\">Remarque : Il n'y a pas de cl\u00e9s pour la serrure TSA, seules les cl\u00e9s sont personnalis\u00e9es pour leur inspection.<\/span>\n<\/div>\n<p style=\"font-family:&quot;Open Sans&quot;, sans-serif;font-size:14px;font-weight:400;letter-spacing:normal;line-height:inherit;text-align:start;white-space:normal;color:rgb(0, 0, 0);background-color:rgb(255, 255, 255);margin:0px;margin-bottom:0px;margin-top:0px;margin-left:0px;margin-right:0px;padding:0px 0px 0px 0em;padding-bottom:0px;padding-top:0px;padding-right:0px\" align=\"start\"><img decoding=\"async\" style=\"margin:0px;margin-bottom:0px;margin-top:0px;margin-left:0px;margin-right:0px;padding:0px;padding-bottom:0px;padding-top:0px;padding-left:0px;padding-right:0px;max-width:100%\" src=\"https:\/\/ae01.alicdn.com\/kf\/Sc95072ecfbb0498e9685a42e9e3f9118Q.jpg?width=790&amp;height=50&amp;hash=840\" slate-data-type=\"image\" \/><\/p>\n<p><img decoding=\"async\" class=\"img-ks-lazyload\" align=\"absmiddle\" src=\"https:\/\/ae01.alicdn.com\/kf\/Sae3ffb32aefb43b19e3113c4cd7df538c.jpg?width=790&amp;height=1253&amp;hash=2043\" style=\"text-align:absmiddle\" slate-data-type=\"image\" \/><img decoding=\"async\" class=\"img-ks-lazyload\" align=\"absmiddle\" src=\"https:\/\/ae01.alicdn.com\/kf\/S99c9e90173834ef9a68a68d679c1e711p.jpg?width=790&amp;height=1212&amp;hash=2002\" style=\"text-align:absmiddle\" slate-data-type=\"image\" \/><img decoding=\"async\" class=\"img-ks-lazyload\" align=\"absmiddle\" src=\"https:\/\/ae01.alicdn.com\/kf\/S2b1ef455085443ccbc0e47baa0971326c.jpg?width=790&amp;height=1397&amp;hash=2187\" style=\"text-align:absmiddle\" slate-data-type=\"image\" \/><img decoding=\"async\" class=\"img-ks-lazyload\" align=\"absmiddle\" src=\"https:\/\/ae01.alicdn.com\/kf\/S5a34429a84144d28b36b5e96bf83d911e.jpg?width=790&amp;height=1144&amp;hash=1934\" style=\"text-align:absmiddle\" slate-data-type=\"image\" \/><img decoding=\"async\" class=\"img-ks-lazyload\" align=\"absmiddle\" src=\"https:\/\/ae01.alicdn.com\/kf\/Scd6b20f8a29a476d89698f677c74bd19E.jpg?width=790&amp;height=1298&amp;hash=2088\" style=\"text-align:absmiddle\" slate-data-type=\"image\" \/><img decoding=\"async\" class=\"img-ks-lazyload\" align=\"absmiddle\" src=\"https:\/\/ae01.alicdn.com\/kf\/S27925905e3914db0af39259d635d4a9eH.jpg?width=790&amp;height=1338&amp;hash=2128\" style=\"text-align:absmiddle\" slate-data-type=\"image\" \/><img decoding=\"async\" class=\"img-ks-lazyload\" align=\"absmiddle\" src=\"https:\/\/ae01.alicdn.com\/kf\/Sdf1e080a0a2443ee82bd3d5fc78ee784O.jpg?width=790&amp;height=1129&amp;hash=1919\" style=\"text-align:absmiddle\" slate-data-type=\"image\" \/><img decoding=\"async\" class=\"img-ks-lazyload\" align=\"absmiddle\" src=\"https:\/\/ae01.alicdn.com\/kf\/S3fad57676c474d7dab673ed20a319b22d.jpg?width=790&amp;height=1128&amp;hash=1918\" style=\"text-align:absmiddle\" slate-data-type=\"image\" \/><img decoding=\"async\" class=\"img-ks-lazyload\" align=\"absmiddle\" src=\"https:\/\/ae01.alicdn.com\/kf\/Sec7c6b3fbffb43f5ba8afec6e1706b001.jpg?width=790&amp;height=1259&amp;hash=2049\" style=\"text-align:absmiddle\" slate-data-type=\"image\" \/><img decoding=\"async\" class=\"img-ks-lazyload\" align=\"absmiddle\" src=\"https:\/\/ae01.alicdn.com\/kf\/S7d2ac554f5e140e0bf10a27f3b1f4118U.jpg?width=790&amp;height=1075&amp;hash=1865\" style=\"text-align:absmiddle\" slate-data-type=\"image\" \/><img decoding=\"async\" class=\"img-ks-lazyload\" align=\"absmiddle\" src=\"https:\/\/ae01.alicdn.com\/kf\/Sbe7ab82ebc624220bd049e1ffa7c5c9dd.jpg?width=790&amp;height=1075&amp;hash=1865\" style=\"text-align:absmiddle\" slate-data-type=\"image\" \/><img decoding=\"async\" class=\"img-ks-lazyload\" align=\"absmiddle\" src=\"https:\/\/ae01.alicdn.com\/kf\/Sf642b9cbe3a4469aabb9c7b4a3301273P.jpg?width=790&amp;height=1075&amp;hash=1865\" style=\"text-align:absmiddle\" slate-data-type=\"image\" \/><img decoding=\"async\" class=\"img-ks-lazyload\" align=\"absmiddle\" src=\"https:\/\/ae01.alicdn.com\/kf\/S97a6e9b25adb4203bff3f05e1e9f5967l.jpg?width=790&amp;height=1320&amp;hash=2110\" style=\"text-align:absmiddle\" slate-data-type=\"image\" \/><img decoding=\"async\" class=\"img-ks-lazyload\" align=\"absmiddle\" src=\"https:\/\/ae01.alicdn.com\/kf\/Sf36326dfd3f04e65b8a303054193b6c3V.jpg?width=790&amp;height=1476&amp;hash=2266\" style=\"text-align:absmiddle\" slate-data-type=\"image\" \/><\/p>\n<p><\/div>\n<\/div>","protected":false},"excerpt":{"rendered":"<p>Chimique Hign-concern\u00e9:&nbsp;Aucun Hauteur de l&#039;article:&nbsp;48-66cm Num\u00e9ro de Mod\u00e8le:&nbsp;retro model Largeur de lu0027article:&nbsp;20-24cm Poids de lu0027article:&nbsp;3-5kg or so Longueur de l&#039;article:&nbsp;33-38cm<\/p>","protected":false},"featured_media":13128,"comment_status":"open","ping_status":"closed","template":"","meta":[],"product_brand":[],"product_cat":[5000,4995],"product_tag":[],"class_list":{"0":"post-13127","1":"product","2":"type-product","3":"status-publish","4":"has-post-thumbnail","6":"product_cat-bags-luggages","7":"product_cat-fashion","9":"first","10":"instock","11":"shipping-taxable","12":"purchasable","13":"product-type-variable"},"jetpack_sharing_enabled":true,"_links":{"self":[{"href":"https:\/\/afrycom.com\/fr\/wp-json\/wp\/v2\/product\/13127","targetHints":{"allow":["GET"]}}],"collection":[{"href":"https:\/\/afrycom.com\/fr\/wp-json\/wp\/v2\/product"}],"about":[{"href":"https:\/\/afrycom.com\/fr\/wp-json\/wp\/v2\/types\/product"}],"replies":[{"embeddable":true,"href":"https:\/\/afrycom.com\/fr\/wp-json\/wp\/v2\/comments?post=13127"}],"wp:featuredmedia":[{"embeddable":true,"href":"https:\/\/afrycom.com\/fr\/wp-json\/wp\/v2\/media\/13128"}],"wp:attachment":[{"href":"https:\/\/afrycom.com\/fr\/wp-json\/wp\/v2\/media?parent=13127"}],"wp:term":[{"taxonomy":"product_brand","embeddable":true,"href":"https:\/\/afrycom.com\/fr\/wp-json\/wp\/v2\/product_brand?post=13127"},{"taxonomy":"product_cat","embeddable":true,"href":"https:\/\/afrycom.com\/fr\/wp-json\/wp\/v2\/product_cat?post=13127"},{"taxonomy":"product_tag","embeddable":true,"href":"https:\/\/afrycom.com\/fr\/wp-json\/wp\/v2\/product_tag?post=13127"}],"curies":[{"name":"wp","href":"https:\/\/api.w.org\/{rel}","templated":true}]}}