{"id":13096,"date":"2025-03-24T14:10:02","date_gmt":"2025-03-24T14:10:02","guid":{"rendered":"https:\/\/afrycom.com\/product\/chargeur-usb-3a-4-ports-usb-charge-rapide-3-0-prise-ue-us-chargeur-de-telephone-portable-adaptateur-mural-portable-charge-rapide-pour-iphone-16-pro\/"},"modified":"2025-03-24T14:10:11","modified_gmt":"2025-03-24T14:10:11","slug":"chargeur-usb-3a-4-ports-usb-charge-rapide-3-0-prise-ue-us-chargeur-de-telephone-portable-adaptateur-mural-portable-charge-rapide-pour-iphone-16-pro","status":"publish","type":"product","link":"https:\/\/afrycom.com\/fr\/produit\/chargeur-usb-3a-4-ports-usb-charge-rapide-3-0-prise-ue-us-chargeur-de-telephone-portable-adaptateur-mural-portable-charge-rapide-pour-iphone-16-pro\/","title":{"rendered":"Chargeur USB 3A 4 ports USB Charge rapide 3.0 prise ue US chargeur de t\u00e9l\u00e9phone Portable adaptateur mural Portable Charge rapide pour iPhone 16 Pro"},"content":{"rendered":"<div class=\"product-specs-list-container\">\n<ul class=\"product-specs-list util-clearfix\">\n<li class=\"product-prop line-limit-length\"><span class=\"property-title\">Chimique Hign-concern\u00e9 :\u00a0<\/span><span class=\"property-desc line-limit-length\">Aucun<\/span><\/li>\n<li class=\"product-prop line-limit-length\"><span class=\"property-title\">Charge Intelligente:\u00a0<\/span><span class=\"property-desc line-limit-length\">Pas de<\/span><\/li>\n<li class=\"product-prop line-limit-length\"><span class=\"property-title\">Ecran D&#8217;affichage:\u00a0<\/span><span class=\"property-desc line-limit-length\">Pas de<\/span><\/li>\n<li class=\"product-prop line-limit-length\"><span class=\"property-title\">Protocoles de charge rapide appliqu\u00e9s:\u00a0<\/span><span class=\"property-desc line-limit-length\">Charge rapide Qualcomm<\/span><\/li>\n<li class=\"product-prop line-limit-length\"><span class=\"property-title\">GaN:\u00a0<\/span><span class=\"property-desc line-limit-length\">non<\/span><\/li>\n<li class=\"product-prop line-limit-length\"><span class=\"property-title\">Puissance de Sortie Max.:\u00a0<\/span><span class=\"property-desc line-limit-length\">20w<\/span><\/li>\n<li class=\"product-prop line-limit-length\"><span class=\"property-title\">Type :\u00a0<\/span><span class=\"property-desc line-limit-length\">Voyage<\/span><\/li>\n<li class=\"product-prop line-limit-length\"><span class=\"property-title\">Num\u00e9ro de Mod\u00e8le :\u00a0<\/span><span class=\"property-desc line-limit-length\">For iPhone 16 Pro USB Charger<\/span><\/li>\n<li class=\"product-prop line-limit-length\"><span class=\"property-title\">Source d'\u00e9nergie :\u00a0<\/span><span class=\"property-desc line-limit-length\">Source de courant alternatif,USB<\/span><\/li>\n<li class=\"product-prop line-limit-length\"><span class=\"property-title\">Certification de Qualit\u00e9:\u00a0<\/span><span class=\"property-desc line-limit-length\">CCC,ce,ROHS<\/span><\/li>\n<li class=\"product-prop line-limit-length\"><span class=\"property-title\">Interface de Sortie:\u00a0<\/span><span class=\"property-desc line-limit-length\">4 Ports A<\/span><\/li>\n<li class=\"product-prop line-limit-length\"><span class=\"property-title\">Nom de marque :\u00a0<\/span><span class=\"property-desc line-limit-length\">EOENKK<\/span><\/li>\n<li class=\"product-prop line-limit-length\"><span class=\"property-title\">Origine :\u00a0<\/span><span class=\"property-desc line-limit-length\">CN (Origine)<\/span><\/li>\n<li class=\"product-prop line-limit-length\"><span class=\"property-title\">Certification :\u00a0<\/span><span class=\"property-desc line-limit-length\">CE<\/span><\/li>\n<li class=\"product-prop line-limit-length\"><span class=\"property-title\">Feature 0:\u00a0<\/span><span class=\"property-desc line-limit-length\">USB Charger For iPhone 16 Pro Max<\/span><\/li>\n<li class=\"product-prop line-limit-length\"><span class=\"property-title\">Caract\u00e9ristique 1 :\u00a0<\/span><span class=\"property-desc line-limit-length\">EU\/US Plug Charger,Power Adpater,Wall Charger<\/span><\/li>\n<li class=\"product-prop line-limit-length\"><span class=\"property-title\">Caract\u00e9ristique 2 :\u00a0<\/span><span class=\"property-desc line-limit-length\">Charger USB \/ Charger For Phone \/ Phone USB Charger<\/span><\/li>\n<li class=\"product-prop line-limit-length\"><span class=\"property-title\">Caract\u00e9ristique 3 :\u00a0<\/span><span class=\"property-desc line-limit-length\">Mobile Phone Charger \/ USB Adapter \/ USB Phone Charger<\/span><\/li>\n<li class=\"product-prop line-limit-length\"><span class=\"property-title\">Caract\u00e9ristique 4 :\u00a0<\/span><span class=\"property-desc line-limit-length\">Charger \/ Quick Charge 3.0 USB Charger<\/span><\/li>\n<li class=\"product-prop line-limit-length\"><span class=\"property-title\">Caract\u00e9ristique 5 :\u00a0<\/span><span class=\"property-desc line-limit-length\">USB charger\/Travel charger\/Wall charger<\/span><\/li>\n<li class=\"product-prop line-limit-length\"><span class=\"property-title\">Caract\u00e9ristique 6 :\u00a0<\/span><span class=\"property-desc line-limit-length\">USB Charger For Samsung S24 Ultra<\/span><\/li>\n<li class=\"product-prop line-limit-length\"><span class=\"property-title\">Article 7 :\u00a0<\/span><span class=\"property-desc line-limit-length\">USB Charger For Xiaomi Mi 14 Redmi Note 7 6 Pro<\/span><\/li>\n<li class=\"product-prop line-limit-length\"><span class=\"property-title\">Article 8 :\u00a0<\/span><span class=\"property-desc line-limit-length\">Fast Charging<\/span><\/li>\n<li class=\"product-prop line-limit-length\"><span class=\"property-title\">Caract\u00e9ristique 9 :\u00a0<\/span><span class=\"property-desc line-limit-length\">Wall Charger For iPhone 15 Pro Max X XS Max XR 8 7 6 6S Plus<\/span><\/li>\n<\/ul>\n<\/div>\n<div class=\"detailmodule_html\">\n<div class=\"detail-desc-decorate-richtext\">\n<div class=\"detailmodule_dynamic\">\u00a0<\/div>\n<div class=\"detailmodule_html\">\n<div class=\"detail-desc-decorate-richtext\">\n<p><span style=\"font-size: 20px; font-family: arial, helvetica, sans-serif;\"><span style=\"color: #000000; font-size: 20px; font-family: arial, helvetica, sans-serif;\">Caract\u00e9ristiques :<\/span><\/span><\/p>\n<p style=\"font-family: 'Open Sans', sans-serif; font-size: 14px; font-weight: 400; letter-spacing: normal; line-height: inherit; text-align: start; white-space: normal; color: #000000; background-color: #ffffff; margin: 0px; padding: 0px 0px 0px 0em; padding-bottom: 0px; padding-top: 0px; padding-right: 0px;\" align=\"start\"><span style=\"font-size: 20px; font-family: arial, helvetica, sans-serif;\"><span style=\"color: #000000; font-size: 20px; font-family: arial, helvetica, sans-serif;\">1.Chargeur portable pour la maison, le bureau, les voyages et autres utilisations int\u00e9rieures.<\/span><\/span><\/p>\n<p>\u00a0<\/p>\n<p style=\"font-family: 'Open Sans', sans-serif; font-size: 14px; font-weight: 400; letter-spacing: normal; line-height: inherit; text-align: start; white-space: normal; color: #000000; background-color: #ffffff; margin: 0px; padding: 0px 0px 0px 0em; padding-bottom: 0px; padding-top: 0px; padding-right: 0px;\" align=\"start\"><span style=\"font-size: 20px; font-family: arial, helvetica, sans-serif;\"><span style=\"color: #000000; font-size: 20px; font-family: arial, helvetica, sans-serif;\">2.4 ports USB (charge rapide 3.0 et 3 ports USB 5 V\/3 A Max), chargeant 4 appareils en m\u00eame temps.<\/span><\/span><\/p>\n<p>\u00a0<\/p>\n<p style=\"font-family: 'Open Sans', sans-serif; font-size: 14px; font-weight: 400; letter-spacing: normal; line-height: inherit; text-align: start; white-space: normal; color: #000000; background-color: #ffffff; margin: 0px; padding: 0px 0px 0px 0em; padding-bottom: 0px; padding-top: 0px; padding-right: 0px;\" align=\"start\"><span style=\"font-size: 20px; font-family: arial, helvetica, sans-serif;\"><span style=\"color: #000000; font-size: 20px; font-family: arial, helvetica, sans-serif;\">3.Les protections assurent votre s\u00e9curit\u00e9 et celle de vos appareils.<\/span><\/span><\/p>\n<p>\u00a0<\/p>\n<p style=\"font-family: 'Open Sans', sans-serif; font-size: 14px; font-weight: 400; letter-spacing: normal; line-height: inherit; text-align: start; white-space: normal; color: #000000; background-color: #ffffff; margin: 0px; padding: 0px 0px 0px 0em; padding-bottom: 0px; padding-top: 0px; padding-right: 0px;\" align=\"start\"><span style=\"font-size: 20px; font-family: arial, helvetica, sans-serif;\"><span style=\"color: #000000; font-size: 20px; font-family: arial, helvetica, sans-serif;\">4.Compatible avec tous les smartphones comme iPhone iPad Samsung Xiaomi OPPO OnePlus Sony Google et tablette PC Cam\u00e9ra Lecteur MP3 MP4 PSP avec port USB.<\/span><\/span><\/p>\n<p>\u00a0<\/p>\n<p style=\"font-family: 'Open Sans', sans-serif; font-size: 14px; font-weight: 400; letter-spacing: normal; line-height: inherit; text-align: start; white-space: normal; color: #000000; background-color: #ffffff; margin: 0px; padding: 0px 0px 0px 0em; padding-bottom: 0px; padding-top: 0px; padding-right: 0px;\" align=\"start\"><span style=\"font-size: 20px; font-family: arial, helvetica, sans-serif;\"><span style=\"color: #000000; font-size: 20px; font-family: arial, helvetica, sans-serif;\">5.Courant de correspondance intelligent.Puce intelligente int\u00e9gr\u00e9e, selon diff\u00e9rents appareils, correspondant \u00e0 la sortie requise, charge rapide et n&#8217;endommage pas la batterie.<\/span><\/span><\/p>\n<p>\u00a0<\/p>\n<p style=\"font-family: 'Open Sans', sans-serif; font-size: 14px; font-weight: 400; letter-spacing: normal; line-height: inherit; text-align: start; white-space: normal; color: #000000; background-color: #ffffff; margin: 0px; padding: 0px 0px 0px 0em; padding-bottom: 0px; padding-top: 0px; padding-right: 0px;\" align=\"start\"><span style=\"font-size: 20px; font-family: arial, helvetica, sans-serif;\"><span style=\"color: #000000; font-size: 20px; font-family: arial, helvetica, sans-serif;\">Tension d&#8217;entr\u00e9e : CA 100-240 V 50-60 Hz.<\/span><\/span><\/p>\n<p>\u00a0<\/p>\n<p style=\"font-family: 'Open Sans', sans-serif; font-size: 14px; font-weight: 400; letter-spacing: normal; line-height: inherit; text-align: start; white-space: normal; color: #000000; background-color: #ffffff; margin: 0px; padding: 0px 0px 0px 0em; padding-bottom: 0px; padding-top: 0px; padding-right: 0px;\" align=\"start\"><span style=\"font-size: 20px; font-family: arial, helvetica, sans-serif;\"><span style=\"color: #000000; font-size: 20px; font-family: arial, helvetica, sans-serif;\">Sortie totale : 20 W Sortie : 5 V\/3 A (Max)<\/span><\/span><\/p>\n<p>\u00a0<\/p>\n<p style=\"font-family: 'Open Sans', sans-serif; font-size: 14px; font-weight: 400; letter-spacing: normal; line-height: inherit; text-align: start; white-space: normal; color: #000000; background-color: #ffffff; margin: 0px; padding: 0px 0px 0px 0em; padding-bottom: 0px; padding-top: 0px; padding-right: 0px;\" align=\"start\"><span style=\"font-size: 20px; font-family: arial, helvetica, sans-serif;\"><span style=\"color: #000000; font-size: 20px; font-family: arial, helvetica, sans-serif;\">Autre sortie USB : 5 V\/2,4 A (maximum)<\/span><\/span><\/p>\n<p>\u00a0<\/p>\n<p style=\"font-family: 'Open Sans', sans-serif; font-size: 14px; font-weight: 400; letter-spacing: normal; line-height: inherit; text-align: start; white-space: normal; color: #000000; background-color: #ffffff; margin: 0px; padding: 0px 0px 0px 0em; padding-bottom: 0px; padding-top: 0px; padding-right: 0px;\" align=\"start\"><span style=\"font-size: 20px; font-family: arial, helvetica, sans-serif;\"><span style=\"color: #000000; font-size: 20px; font-family: arial, helvetica, sans-serif;\">Norme de prise : prise am\u00e9ricaine, prise europ\u00e9enne (en option)<\/span><\/span><\/p>\n<p>\u00a0<\/p>\n<p style=\"font-family: 'Open Sans', sans-serif; font-size: 14px; font-weight: 400; letter-spacing: normal; line-height: inherit; text-align: start; white-space: normal; color: #000000; background-color: #ffffff; margin: 0px; padding: 0px 0px 0px 0em; padding-bottom: 0px; padding-top: 0px; padding-right: 0px;\" align=\"start\"><span style=\"font-size: 20px; font-family: arial, helvetica, sans-serif;\"><span style=\"color: #000000; font-size: 20px; font-family: arial, helvetica, sans-serif;\">Couleur : noir complet, moiti\u00e9 noir, blanc, rouge, bleu, orange.<\/span><\/span><\/p>\n<p>\u00a0<\/p>\n<p style=\"font-family: 'Open Sans', sans-serif; font-size: 14px; font-weight: 400; letter-spacing: normal; line-height: inherit; text-align: start; white-space: normal; color: #000000; background-color: #ffffff; margin: 0px; padding: 0px 0px 0px 0em; padding-bottom: 0px; padding-top: 0px; padding-right: 0px;\" align=\"start\"><img decoding=\"async\" src=\"https:\/\/ae01.alicdn.com\/kf\/H5d00a57abc0f43f9adeeebb7e8955cc55.jpg\" \/><img decoding=\"async\" src=\"https:\/\/ae01.alicdn.com\/kf\/H6fa2781e772c4ad4859ceb7971cfb788s.jpg\" \/><\/p>\n<\/div>\n<\/div>\n<p>\u00a0<\/p>\n<\/div>\n<\/div>","protected":false},"excerpt":{"rendered":"<p>Chimique Hign-concern\u00e9:\u00a0Aucun Charge Intelligente:\u00a0Pas de Ecran D&#8217;affichage:\u00a0Pas de Protocoles de charge rapide appliqu\u00e9s:\u00a0Charge rapide Qualcomm GaN:\u00a0no Puissance de Sortie Max.:\u00a020w<\/p>","protected":false},"featured_media":13097,"comment_status":"open","ping_status":"closed","template":"","meta":[],"product_brand":[],"product_cat":[85],"product_tag":[],"class_list":{"0":"post-13096","1":"product","2":"type-product","3":"status-publish","4":"has-post-thumbnail","6":"product_cat-accessories","8":"first","9":"instock","10":"shipping-taxable","11":"purchasable","12":"product-type-variable"},"jetpack_sharing_enabled":true,"_links":{"self":[{"href":"https:\/\/afrycom.com\/fr\/wp-json\/wp\/v2\/product\/13096","targetHints":{"allow":["GET"]}}],"collection":[{"href":"https:\/\/afrycom.com\/fr\/wp-json\/wp\/v2\/product"}],"about":[{"href":"https:\/\/afrycom.com\/fr\/wp-json\/wp\/v2\/types\/product"}],"replies":[{"embeddable":true,"href":"https:\/\/afrycom.com\/fr\/wp-json\/wp\/v2\/comments?post=13096"}],"wp:featuredmedia":[{"embeddable":true,"href":"https:\/\/afrycom.com\/fr\/wp-json\/wp\/v2\/media\/13097"}],"wp:attachment":[{"href":"https:\/\/afrycom.com\/fr\/wp-json\/wp\/v2\/media?parent=13096"}],"wp:term":[{"taxonomy":"product_brand","embeddable":true,"href":"https:\/\/afrycom.com\/fr\/wp-json\/wp\/v2\/product_brand?post=13096"},{"taxonomy":"product_cat","embeddable":true,"href":"https:\/\/afrycom.com\/fr\/wp-json\/wp\/v2\/product_cat?post=13096"},{"taxonomy":"product_tag","embeddable":true,"href":"https:\/\/afrycom.com\/fr\/wp-json\/wp\/v2\/product_tag?post=13096"}],"curies":[{"name":"wp","href":"https:\/\/api.w.org\/{rel}","templated":true}]}}