{"id":13083,"date":"2025-03-24T11:19:39","date_gmt":"2025-03-24T11:19:39","guid":{"rendered":"https:\/\/afrycom.com\/product\/pour-ps5-controleur-de-jeu-sans-fil-rgb-lumiere-vibration-connexion-bluetooth-manette-pour-playstation-5-ps5-mince-console-de-jeu-video\/"},"modified":"2025-03-24T11:19:43","modified_gmt":"2025-03-24T11:19:43","slug":"pour-ps5-controleur-de-jeu-sans-fil-rgb-lumiere-vibration-connexion-bluetooth-manette-pour-playstation-5-ps5-mince-console-de-jeu-video","status":"publish","type":"product","link":"https:\/\/afrycom.com\/fr\/produit\/pour-ps5-controleur-de-jeu-sans-fil-rgb-lumiere-vibration-connexion-bluetooth-manette-pour-playstation-5-ps5-mince-console-de-jeu-video\/","title":{"rendered":"Pour PS5 contr\u00f4leur de jeu sans fil RGB lumi\u00e8re Vibration connexion Bluetooth manette pour PlayStation 5 PS5 mince Console de jeu vid\u00e9o"},"content":{"rendered":"<div class=\"product-specs-list-container\">\n<ul class=\"product-specs-list util-clearfix\">\n<li class=\"product-prop line-limit-length\"><span\n                                        class=\"property-title\">Chimique Hign-concern\u00e9 :&nbsp;<\/span><span\n                                        class=\"property-desc line-limit-length\">Aucun<\/span>\n                            <\/li>\n<li class=\"product-prop line-limit-length\"><span\n                                        class=\"property-title\">Type de bouton de d\u00e9clenchement :&nbsp;<\/span><span\n                                        class=\"property-desc line-limit-length\">Non lin\u00e9aire<\/span>\n                            <\/li>\n<li class=\"product-prop line-limit-length\"><span\n                                        class=\"property-title\">Compatible avec les plaques :&nbsp;<\/span><span\n                                        class=\"property-desc line-limit-length\">playstation<\/span>\n                            <\/li>\n<li class=\"product-prop line-limit-length\"><span\n                                        class=\"property-title\">Paquet :&nbsp;<\/span><span\n                                        class=\"property-desc line-limit-length\">Oui<\/span>\n                            <\/li>\n<li class=\"product-prop line-limit-length\"><span\n                                        class=\"property-title\">Type D'interface :&nbsp;<\/span><span\n                                        class=\"property-desc line-limit-length\">Bluetooth<\/span>\n                            <\/li>\n<li class=\"product-prop line-limit-length\"><span\n                                        class=\"property-title\">Num\u00e9ro de Mod\u00e8le :&nbsp;<\/span><span\n                                        class=\"property-desc line-limit-length\">Contr\u00f4leur PS5<\/span>\n                            <\/li>\n<li class=\"product-prop line-limit-length\"><span\n                                        class=\"property-title\">Compatible Mod\u00e8le SONY :&nbsp;<\/span><span\n                                        class=\"property-desc line-limit-length\">PS5 Slim,ps5<\/span>\n                            <\/li>\n<li class=\"product-prop line-limit-length\"><span\n                                        class=\"property-title\">Marque\/Mod\u00e8le Compatible :&nbsp;<\/span><span\n                                        class=\"property-desc line-limit-length\">Sony<\/span>\n                            <\/li>\n<li class=\"product-prop line-limit-length\"><span\n                                        class=\"property-title\">Nom de marque :&nbsp;<\/span><span\n                                        class=\"property-desc line-limit-length\">SPRINGCREAT<\/span>\n                            <\/li>\n<li class=\"product-prop line-limit-length\"><span\n                                        class=\"property-title\">Origine :&nbsp;<\/span><span\n                                        class=\"property-desc line-limit-length\">CN (Origine)<\/span>\n                            <\/li>\n<li class=\"product-prop line-limit-length\"><span\n                                        class=\"property-title\">Type :&nbsp;<\/span><span\n                                        class=\"property-desc line-limit-length\">Manettes de jeu<\/span>\n                            <\/li>\n<li class=\"product-prop line-limit-length\"><span\n                                        class=\"property-title\">Type de produit :&nbsp;<\/span><span\n                                        class=\"property-desc line-limit-length\">Nouveau<\/span>\n                            <\/li>\n<li class=\"product-prop line-limit-length\"><span\n                                        class=\"property-title\">Type d'interface :&nbsp;<\/span><span\n                                        class=\"property-desc line-limit-length\">TYPE-C<\/span>\n                            <\/li>\n<li class=\"product-prop line-limit-length\"><span\n                                        class=\"property-title\">Mode vibration :&nbsp;<\/span><span\n                                        class=\"property-desc line-limit-length\">Vibrations<\/span>\n                            <\/li>\n<li class=\"product-prop line-limit-length\"><span\n                                        class=\"property-title\">Taille du produit :&nbsp;<\/span><span\n                                        class=\"property-desc line-limit-length\">165*110*55mm<\/span>\n                            <\/li>\n<li class=\"product-prop line-limit-length\"><span\n                                        class=\"property-title\">Caract\u00e9ristiques suppl\u00e9mentaires :&nbsp;<\/span><span\n                                        class=\"property-desc line-limit-length\">Vibration\/d\u00e9tection\/toucher<\/span>\n                            <\/li>\n<li class=\"product-prop line-limit-length\"><span\n                                        class=\"property-title\">Nombre de personnes concern\u00e9 :&nbsp;<\/span><span\n                                        class=\"property-desc line-limit-length\">Multijoueurs<\/span>\n                            <\/li>\n<\/ul><\/div>\n<div class=\"detailmodule_html\">\n<div class=\"detail-desc-decorate-richtext\">\n<p><strong><span style=\"font-family:arial, helvetica, sans-serif\">Caract\u00e9ristiques du produit :<\/span><\/strong><\/p>\n<h2><\/h2>\n<p><span style=\"font-family:arial, helvetica, sans-serif\">1 Ce produit appartient \u00e0 la manette sans fil P5, qui est utilis\u00e9e pour contr\u00f4ler divers jeux sur les consoles\/PC P5, vous permettant de ressentir une sensation immersive pendant le jeu.<\/span><\/p>\n<p><\/p>\n<p><span style=\"font-family:arial, helvetica, sans-serif\">2.compatible avec tous les boutons, fonctions correspondantes au moteur, fonctions Tactile, haut-parleurs audio, prises casque st\u00e9r\u00e9o et fonctions de capteur du contr\u00f4leur P5 d'origine ;<\/span><\/p>\n<p><\/p>\n<p><span style=\"font-family:arial, helvetica, sans-serif\">3.Fournit 2 touches Mn pour d\u00e9finir la fonction Remap, avec 14 boutons (\u2191, \u2193, \u2190, \u2192,\u2573,\u25cb,\u25a1,\u25b3, L1, R1, L2, R2, L3, R3)<\/span><\/p>\n<h2><strong><span style=\"font-family:arial, helvetica, sans-serif\">Description de l'option :<\/span><\/strong><\/h2>\n<p><span style=\"font-family:arial, helvetica, sans-serif\">Nouvelle position du joystick Black RGB avec effets d'\u00e9clairage color\u00e9s.<\/span><\/p>\n<p><span style=\"font-family:arial, helvetica, sans-serif\">L'option noir\/gris est le produit de style normal.<\/span><\/p>\n<p><img decoding=\"async\" src=\"https:\/\/ae01.alicdn.com\/kf\/S36a1f430226e4beea3742866e5685596w.jpg\" slate-data-type=\"image\"><img decoding=\"async\" src=\"https:\/\/ae01.alicdn.com\/kf\/S18ac6a9310234294aaca1aaf714bf62bV.jpg\" slate-data-type=\"image\"><img decoding=\"async\" src=\"https:\/\/ae01.alicdn.com\/kf\/S360082bcb811425299e317789f25f894T.jpg\" slate-data-type=\"image\"><img decoding=\"async\" src=\"https:\/\/ae01.alicdn.com\/kf\/Sb4ca6ed06e874d6ebc9f7173db830d3cM.jpg\" slate-data-type=\"image\"><img decoding=\"async\" src=\"https:\/\/ae01.alicdn.com\/kf\/Sf9902ca898a141b5afed15f879ee929az.jpg\" slate-data-type=\"image\"><img decoding=\"async\" src=\"https:\/\/ae01.alicdn.com\/kf\/S90f406e821974c74a487e339a3d5f725n.jpg\" slate-data-type=\"image\"><img decoding=\"async\" src=\"https:\/\/ae01.alicdn.com\/kf\/S6c961b0d2f07429e9d7eab4c9a4f5c47b.jpg\" slate-data-type=\"image\"><img decoding=\"async\" src=\"https:\/\/ae01.alicdn.com\/kf\/S7fcafb28680d477cab1217fdced8785aY.jpg\" slate-data-type=\"image\"><span style=\"font-family:arial, helvetica, sans-serif\"><br \/><\/span><\/p>\n<p><\/p>\n<\/div>\n<\/div>","protected":false},"excerpt":{"rendered":"<p>Chimique Hign-concern\u00e9:&nbsp;Aucun Type de bouton de d\u00e9clenchement:&nbsp;Non lin\u00e9aire Plate-forme compatible:&nbsp;playstation Paquet:&nbsp;Oui Type D&#039;interface:&nbsp;bluetooth Num\u00e9ro de Mod\u00e8le:&nbsp;PS5 Controller Compatible Mod\u00e8le SONY:&nbsp;PS5<\/p>","protected":false},"featured_media":13084,"comment_status":"open","ping_status":"closed","template":"","meta":[],"product_brand":[],"product_cat":[41],"product_tag":[],"class_list":{"0":"post-13083","1":"product","2":"type-product","3":"status-publish","4":"has-post-thumbnail","6":"product_cat-gaming-electronics","8":"first","9":"instock","10":"shipping-taxable","11":"purchasable","12":"product-type-variable"},"jetpack_sharing_enabled":true,"_links":{"self":[{"href":"https:\/\/afrycom.com\/fr\/wp-json\/wp\/v2\/product\/13083","targetHints":{"allow":["GET"]}}],"collection":[{"href":"https:\/\/afrycom.com\/fr\/wp-json\/wp\/v2\/product"}],"about":[{"href":"https:\/\/afrycom.com\/fr\/wp-json\/wp\/v2\/types\/product"}],"replies":[{"embeddable":true,"href":"https:\/\/afrycom.com\/fr\/wp-json\/wp\/v2\/comments?post=13083"}],"wp:featuredmedia":[{"embeddable":true,"href":"https:\/\/afrycom.com\/fr\/wp-json\/wp\/v2\/media\/13084"}],"wp:attachment":[{"href":"https:\/\/afrycom.com\/fr\/wp-json\/wp\/v2\/media?parent=13083"}],"wp:term":[{"taxonomy":"product_brand","embeddable":true,"href":"https:\/\/afrycom.com\/fr\/wp-json\/wp\/v2\/product_brand?post=13083"},{"taxonomy":"product_cat","embeddable":true,"href":"https:\/\/afrycom.com\/fr\/wp-json\/wp\/v2\/product_cat?post=13083"},{"taxonomy":"product_tag","embeddable":true,"href":"https:\/\/afrycom.com\/fr\/wp-json\/wp\/v2\/product_tag?post=13083"}],"curies":[{"name":"wp","href":"https:\/\/api.w.org\/{rel}","templated":true}]}}