{"id":13079,"date":"2025-03-24T11:18:37","date_gmt":"2025-03-24T11:18:37","guid":{"rendered":"https:\/\/afrycom.com\/product\/tableau-decriture-double-face-tableau-blanc-portable-bureau-effacable-a-sec-grand-double-face-pour-petit-enfant\/"},"modified":"2025-03-24T11:18:42","modified_gmt":"2025-03-24T11:18:42","slug":"tableau-decriture-double-face-tableau-blanc-portable-bureau-effacable-a-sec-grand-double-face-pour-petit-enfant","status":"publish","type":"product","link":"https:\/\/afrycom.com\/fr\/produit\/tableau-decriture-double-face-tableau-blanc-portable-bureau-effacable-a-sec-grand-double-face-pour-petit-enfant\/","title":{"rendered":"Tableau d'\u00e9criture Double face, tableau blanc Portable, bureau effa\u00e7able \u00e0 sec, grand Double face pour petit enfant"},"content":{"rendered":"<div class=\"product-specs-list-container\">\n<ul class=\"product-specs-list util-clearfix\">\n<li class=\"product-prop line-limit-length\"><span\n                                        class=\"property-title\">Chimique Hign-concern\u00e9 :&nbsp;<\/span><span\n                                        class=\"property-desc line-limit-length\">Aucun<\/span>\n                            <\/li>\n<li class=\"product-prop line-limit-length\"><span\n                                        class=\"property-title\">Origine :&nbsp;<\/span><span\n                                        class=\"property-desc line-limit-length\">CN (Origine)<\/span>\n                            <\/li>\n<li class=\"product-prop line-limit-length\"><span\n                                        class=\"property-title\">caract\u00e9ristique10 :&nbsp;<\/span><span\n                                        class=\"property-desc line-limit-length\"> grand tableau blanc<\/span>\n                            <\/li>\n<li class=\"product-prop line-limit-length\"><span\n                                        class=\"property-title\">caract\u00e9ristique9 :&nbsp;<\/span><span\n                                        class=\"property-desc line-limit-length\"> tableau blanc portatif<\/span>\n                            <\/li>\n<li class=\"product-prop line-limit-length\"><span\n                                        class=\"property-title\">caract\u00e9ristique8 :&nbsp;<\/span><span\n                                        class=\"property-desc line-limit-length\"> tableau effa\u00e7able \u00e0 sec de bureau<\/span>\n                            <\/li>\n<li class=\"product-prop line-limit-length\"><span\n                                        class=\"property-title\">caract\u00e9ristique7 :&nbsp;<\/span><span\n                                        class=\"property-desc line-limit-length\"> bureau tableau blanc<\/span>\n                            <\/li>\n<li class=\"product-prop line-limit-length\"><span\n                                        class=\"property-title\">caract\u00e9ristique6 :&nbsp;<\/span><span\n                                        class=\"property-desc line-limit-length\"> conseil d'administration<\/span>\n                            <\/li>\n<li class=\"product-prop line-limit-length\"><span\n                                        class=\"property-title\">caract\u00e9ristique5 :&nbsp;<\/span><span\n                                        class=\"property-desc line-limit-length\"> tableau effa\u00e7able \u00e0 sec<\/span>\n                            <\/li>\n<li class=\"product-prop line-limit-length\"><span\n                                        class=\"property-title\">caract\u00e9ristique4 :&nbsp;<\/span><span\n                                        class=\"property-desc line-limit-length\"> tableau blanc de bureau<\/span>\n                            <\/li>\n<li class=\"product-prop line-limit-length\"><span\n                                        class=\"property-title\">caract\u00e9ristique3 :&nbsp;<\/span><span\n                                        class=\"property-desc line-limit-length\"> tableau effa\u00e7able \u00e0 sec pour le bureau<\/span>\n                            <\/li>\n<li class=\"product-prop line-limit-length\"><span\n                                        class=\"property-title\">caract\u00e9ristique2 :&nbsp;<\/span><span\n                                        class=\"property-desc line-limit-length\"> mini tableau blanc<\/span>\n                            <\/li>\n<li class=\"product-prop line-limit-length\"><span\n                                        class=\"property-title\">caract\u00e9ristique1 :&nbsp;<\/span><span\n                                        class=\"property-desc line-limit-length\">tableaux blancs pour l'\u00e9cole<\/span>\n                            <\/li>\n<\/ul><\/div>\n<p>            <strong>Description<\/strong><\/p>\n<p>Ce tableau d'\u00e9criture est fait de mat\u00e9riaux de haute qualit\u00e9<br \/>\nNon seulement peut \u00eatre utilis\u00e9 comme tableau blanc pour<br \/>\n\u00e9criture et gribouillage des enfants, mais aussi un tableau m\u00e9mo pour la maison<br \/>\nLa conception effa\u00e7able, avec une gomme pour tableau blanc, peut \u00eatre r\u00e9utilis\u00e9e,<br \/>\npratique et.<\/p>\n<p><strong>Caract\u00e9ristiques<\/strong><\/p>\n<p>- Couleur : blanc.<br \/>-Mat\u00e9riau : plastique, m\u00e9tal<br \/>-Taille (carte) : 35,00X25.00X1.00cm\/13,76X9.82X0,39 pouces<br \/>\n<span>-Remarque : couleur al\u00e9atoire de la gomme.<\/span><br \/>-Non seulement peut \u00eatre utilis\u00e9 comme planche \u00e0 dessin pour enfants, mais aussi comme tr\u00e8s bon tableau d'affichage pour la maison et le bureau.<br \/>-Les bords sont lisses et ronds, sans bavures et n'endommageront pas la peau.<span>Bord en plastique souple, confortable et vous pouvez \u00e9crire des deux c\u00f4t\u00e9s.<\/span><br \/>-Il peut \u00eatre facilement nettoy\u00e9 avec une gomme pour tableau blanc, ce qui est pratique pour \u00e9crire et utiliser.<br \/>-La surface de haute qualit\u00e9 s'essuie facilement et ne laisse aucune tache pour une r\u00e9utilisation rapide.<br \/>-Fabriqu\u00e9s \u00e0 partir de mat\u00e9riaux de premi\u00e8re qualit\u00e9, ils sont s\u00fbrs et difficiles \u00e0 d\u00e9former.<\/p>\n<p>1 x tableau \u00e0 \u00e9crire<br \/>\n 1<br \/>\n 3 x stylos<br \/>\n 1 x gomme<\/p>\n<p><img decoding=\"async\" src=\"https:\/\/ae01.alicdn.com\/kf\/S346a8174cdbd446695f746683d7149e9L.jpg\"><\/p>\n<p><img decoding=\"async\" src=\"https:\/\/ae01.alicdn.com\/kf\/S04561c62d7064375a56cc2023036e732x.jpg\"><\/p>\n<p><img decoding=\"async\" src=\"https:\/\/ae01.alicdn.com\/kf\/Scd19afa1ab0b43a6bb4f1ab739d66ccfV.jpg\"><\/p>\n<p><img decoding=\"async\" src=\"https:\/\/ae01.alicdn.com\/kf\/Saeab3fe36f0c439fa1b16b5622411c07M.jpg\"><\/p>\n<p><img decoding=\"async\" src=\"https:\/\/ae01.alicdn.com\/kf\/S92ca1a4527874152abcd057a3d360975O.jpg\"><\/p>\n<p><img decoding=\"async\" src=\"https:\/\/ae01.alicdn.com\/kf\/Sc6765b940a6e42e0a779a44dd5d2704bp.jpg\"><\/p>","protected":false},"excerpt":{"rendered":"<p>Chimique Hign-concern\u00e9:&nbsp;Aucun Origine:&nbsp;CN (Origine) feature10:&nbsp; large white board feature9:&nbsp; handheld whiteboard feature8:&nbsp; desktop dry erase board feature7:&nbsp; desk white board<\/p>","protected":false},"featured_media":13080,"comment_status":"open","ping_status":"closed","template":"","meta":[],"product_brand":[],"product_cat":[86],"product_tag":[],"class_list":{"0":"post-13079","1":"product","2":"type-product","3":"status-publish","4":"has-post-thumbnail","6":"product_cat-office-accessories","8":"first","9":"instock","10":"shipping-taxable","11":"purchasable","12":"product-type-variable"},"jetpack_sharing_enabled":true,"_links":{"self":[{"href":"https:\/\/afrycom.com\/fr\/wp-json\/wp\/v2\/product\/13079","targetHints":{"allow":["GET"]}}],"collection":[{"href":"https:\/\/afrycom.com\/fr\/wp-json\/wp\/v2\/product"}],"about":[{"href":"https:\/\/afrycom.com\/fr\/wp-json\/wp\/v2\/types\/product"}],"replies":[{"embeddable":true,"href":"https:\/\/afrycom.com\/fr\/wp-json\/wp\/v2\/comments?post=13079"}],"wp:featuredmedia":[{"embeddable":true,"href":"https:\/\/afrycom.com\/fr\/wp-json\/wp\/v2\/media\/13080"}],"wp:attachment":[{"href":"https:\/\/afrycom.com\/fr\/wp-json\/wp\/v2\/media?parent=13079"}],"wp:term":[{"taxonomy":"product_brand","embeddable":true,"href":"https:\/\/afrycom.com\/fr\/wp-json\/wp\/v2\/product_brand?post=13079"},{"taxonomy":"product_cat","embeddable":true,"href":"https:\/\/afrycom.com\/fr\/wp-json\/wp\/v2\/product_cat?post=13079"},{"taxonomy":"product_tag","embeddable":true,"href":"https:\/\/afrycom.com\/fr\/wp-json\/wp\/v2\/product_tag?post=13079"}],"curies":[{"name":"wp","href":"https:\/\/api.w.org\/{rel}","templated":true}]}}