{"id":13066,"date":"2025-03-24T11:18:07","date_gmt":"2025-03-24T11:18:07","guid":{"rendered":"https:\/\/afrycom.com\/product\/tableau-magnetique-effacable-a-sec-double-face-pour-enfants-blanc-pliable-marqueur-de-bureau-ecriture-dessin-apprentissage-16x12-po\/"},"modified":"2025-03-24T11:18:13","modified_gmt":"2025-03-24T11:18:13","slug":"tableau-magnetique-effacable-a-sec-double-face-pour-enfants-blanc-pliable-marqueur-de-bureau-ecriture-dessin-apprentissage-16x12-po","status":"publish","type":"product","link":"https:\/\/afrycom.com\/fr\/produit\/tableau-magnetique-effacable-a-sec-double-face-pour-enfants-blanc-pliable-marqueur-de-bureau-ecriture-dessin-apprentissage-16x12-po\/","title":{"rendered":"Tableau magn\u00e9tique effa\u00e7able \u00e0 sec double face pour enfants, blanc, pliable, marqueur de bureau, \u00e9criture, dessin, apprentissage, 16\u00d712 po"},"content":{"rendered":"<div class=\"product-specs-list-container\">\n<ul class=\"product-specs-list util-clearfix\">\n<li class=\"product-prop line-limit-length\"><span\n                                        class=\"property-title\">Chimique Hign-concern\u00e9 :&nbsp;<\/span><span\n                                        class=\"property-desc line-limit-length\">Aucun<\/span>\n                            <\/li>\n<li class=\"product-prop line-limit-length\"><span\n                                        class=\"property-title\">Origine :&nbsp;<\/span><span\n                                        class=\"property-desc line-limit-length\">CN (Origine)<\/span>\n                            <\/li>\n<\/ul><\/div>\n<div class=\"detailmodule_html\">\n<div class=\"detail-desc-decorate-richtext\">\n<div style=\"font-size:18px\" ;=\"\" id=\"tl_1\">\n Ce tableau effa&ccedil;able &agrave; sec en alliage d&#8217;aluminium est exactement ce dont vous avez besoin pour un brainstorming cr&eacute;atif en d&eacute;placement. Il est facile &agrave; transporter et colle le marqueur pour une utilisation rapide et facile. Parfait pour capturer des id&eacute;es &agrave; tout moment, n&#8217;importe o&ugrave;! <\/p>\n<p> <strong><span style=\"color: black;\">Sp\u00e9cification :<\/span><\/strong><br \/>\n <br \/>Nom: Tableau magn&eacute;tique blanc<br \/>\n <br \/>Mat&eacute;riau: alliage d&#8217;aluminium<br \/>\n <br \/>Taille du produit: 40 &times; 30 (cm)\/16&#215;12 pouces<br \/>\n <br \/>Poids: 1000g<br \/>\n <br \/>Couleur: gris, rose, noir <\/p>\n<p>Liste d'emballage<br \/>\n <br \/>1 * planche effa&ccedil;able &agrave; sec pliante<br \/>\n <br \/>1 * gomme<br \/>\n <br \/>2 * boucles magn&eacute;tiques<br \/>\n <br \/> <br \/>\n <img decoding=\"async\" src=\"https:\/\/ae01.alicdn.com\/kf\/S9941063a74c9471990016a9f4b6f21236.jpg\" \/><br \/>\n <img decoding=\"async\" src=\"https:\/\/ae01.alicdn.com\/kf\/S891fe101789848ca9245df3f6d173f59A.jpg\" \/><br \/>\n <img decoding=\"async\" src=\"https:\/\/ae01.alicdn.com\/kf\/Sea888565c0a24b5d8e9a3ce3f67573adl.jpg\" \/><br \/>\n <img decoding=\"async\" src=\"https:\/\/ae01.alicdn.com\/kf\/S4fbe09b6478a4f85ba658f3e3442f82fB.jpg\" \/><br \/>\n <img decoding=\"async\" src=\"https:\/\/ae01.alicdn.com\/kf\/S9fced32338af49e48ec1351fbb42bd55R.jpg\" \/><br \/>\n <img decoding=\"async\" src=\"https:\/\/ae01.alicdn.com\/kf\/Se6c728b003e243baac92d25d6233e7cfQ.jpg\" \/><br \/>\n <img decoding=\"async\" src=\"https:\/\/ae01.alicdn.com\/kf\/S15db09d7cdfd43bfb52a570c42e925365.jpg\" \/><br \/>\n <br \/>Voir plus de d&eacute;tails sur le produit <\/p>\n<p>1. Assurer une &eacute;criture &eacute;tendue: Fabriqu&eacute; avec un mat&eacute;riau en alliage d&#8217;aluminium solide et robuste, notre tableau effa&ccedil;able &agrave; sec pour enfants est suffisamment durable pour r&eacute;sister &agrave; de multiples utilisations avec n&#8217;importe quel instrument d&#8217;&eacute;criture pendant une p&eacute;riode prolong&eacute;e. <\/p>\n<p>2. Exp&eacute;rience engageante: Laissez vos enfants explorer leur imagination avec ce tableau effa&ccedil;able &agrave; sec double face parfait pour plus d&#8217;activit&eacute;s de dessin, d&#8217;&eacute;criture et de travail d&#8217;&eacute;quipe. Id&eacute;al pour un moment ludique et &eacute;ducatif. <\/p>\n<p>3. Facile &agrave; transporter: emportez cette planche effa&ccedil;able &agrave; sec pour les enfants partout avec vous gr&acirc;ce &agrave; sa taille de 40x30cm\/16&#215;12 pouces et &agrave; sa conception de poign&eacute;e pliable. Vos enfants peuvent maintenant lib&eacute;rer leur cr&eacute;ativit&eacute; &agrave; l&#8217;ext&eacute;rieur, que ce soit &agrave; la maison, &agrave; l&#8217;&eacute;cole ou en voyage avec cette planche facile &agrave; transporter. <\/p>\n<p>4. Marqueurs innovants: am&eacute;liorez l&#8217;exp&eacute;rience d&#8217;apprentissage de vos enfants avec notre tableau effa&ccedil;able &agrave; sec pour enfants qui est livr&eacute; avec des marqueurs magn&eacute;tiques. Avec des surfaces magn&eacute;tiques solides pr&eacute;sentes des deux c&ocirc;t&eacute;s de la planche, cette caract&eacute;ristique garantit que vos marqueurs ne seront plus jamais perdus. <\/p>\n<p>5. Conception multifonctionnelle: ce tableau effa&ccedil;able &agrave; sec pour enfants offre des surfaces pratiques et adaptables pour &eacute;crire, dessiner ou r&eacute;soudre des probl&egrave;mes. Il est polyvalent pour mener une formation de brainstorming, un enseignement cr&eacute;atif ou prendre des notes importantes.<br \/>\n \n<\/div>\n<\/div>\n<\/div>","protected":false},"excerpt":{"rendered":"<p>Chimique Hign-concern\u00e9:&nbsp;Aucun Origine:&nbsp;CN (Origine) Ce tableau effa&ccedil;able &agrave; sec en alliage d&#8217;aluminium est exactement ce dont vous avez besoin pour<\/p>","protected":false},"featured_media":13067,"comment_status":"open","ping_status":"closed","template":"","meta":[],"product_brand":[],"product_cat":[86],"product_tag":[],"class_list":{"0":"post-13066","1":"product","2":"type-product","3":"status-publish","4":"has-post-thumbnail","6":"product_cat-office-accessories","8":"first","9":"instock","10":"shipping-taxable","11":"purchasable","12":"product-type-variable"},"jetpack_sharing_enabled":true,"_links":{"self":[{"href":"https:\/\/afrycom.com\/fr\/wp-json\/wp\/v2\/product\/13066","targetHints":{"allow":["GET"]}}],"collection":[{"href":"https:\/\/afrycom.com\/fr\/wp-json\/wp\/v2\/product"}],"about":[{"href":"https:\/\/afrycom.com\/fr\/wp-json\/wp\/v2\/types\/product"}],"replies":[{"embeddable":true,"href":"https:\/\/afrycom.com\/fr\/wp-json\/wp\/v2\/comments?post=13066"}],"wp:featuredmedia":[{"embeddable":true,"href":"https:\/\/afrycom.com\/fr\/wp-json\/wp\/v2\/media\/13067"}],"wp:attachment":[{"href":"https:\/\/afrycom.com\/fr\/wp-json\/wp\/v2\/media?parent=13066"}],"wp:term":[{"taxonomy":"product_brand","embeddable":true,"href":"https:\/\/afrycom.com\/fr\/wp-json\/wp\/v2\/product_brand?post=13066"},{"taxonomy":"product_cat","embeddable":true,"href":"https:\/\/afrycom.com\/fr\/wp-json\/wp\/v2\/product_cat?post=13066"},{"taxonomy":"product_tag","embeddable":true,"href":"https:\/\/afrycom.com\/fr\/wp-json\/wp\/v2\/product_tag?post=13066"}],"curies":[{"name":"wp","href":"https:\/\/api.w.org\/{rel}","templated":true}]}}