{"id":13041,"date":"2025-03-24T11:17:39","date_gmt":"2025-03-24T11:17:39","guid":{"rendered":"https:\/\/afrycom.com\/product\/ensemble-de-stylos-gel-effacables-de-0-5mm-tige-de-recharge-dencre-noir-bleu-rouge-stylos-kawaii-poignee-lavable-fournitures-scolaires-et-de-bureau-papeterie-decriture\/"},"modified":"2025-03-24T11:17:47","modified_gmt":"2025-03-24T11:17:47","slug":"ensemble-de-stylos-gel-effacables-de-0-5mm-tige-de-recharge-dencre-noir-bleu-rouge-stylos-kawaii-poignee-lavable-fournitures-scolaires-et-de-bureau-papeterie-decriture","status":"publish","type":"product","link":"https:\/\/afrycom.com\/fr\/produit\/ensemble-de-stylos-gel-effacables-de-0-5mm-tige-de-recharge-dencre-noir-bleu-rouge-stylos-kawaii-poignee-lavable-fournitures-scolaires-et-de-bureau-papeterie-decriture\/","title":{"rendered":"Ensemble de stylos Gel effa\u00e7ables de 0.5mm, tige de recharge d'encre noir bleu rouge, stylos Kawaii, poign\u00e9e lavable, fournitures scolaires et de bureau, papeterie d'\u00e9criture"},"content":{"rendered":"<div class=\"product-specs-list-container\">\n<ul class=\"product-specs-list util-clearfix\">\n<li class=\"product-prop line-limit-length\"><span\n                                        class=\"property-title\">Chimique Hign-concern\u00e9 :&nbsp;<\/span><span\n                                        class=\"property-desc line-limit-length\">Aucun<\/span>\n                            <\/li>\n<li class=\"product-prop line-limit-length\"><span\n                                        class=\"property-title\">Caract\u00e9ristiques de l\u2019encre du stylo de gel:&nbsp;<\/span><span\n                                        class=\"property-desc line-limit-length\">Normal<\/span>\n                            <\/li>\n<li class=\"product-prop line-limit-length\"><span\n                                        class=\"property-title\">Type d\u2019encre du stylo de gel:&nbsp;<\/span><span\n                                        class=\"property-desc line-limit-length\">Gel-encre<\/span>\n                            <\/li>\n<li class=\"product-prop line-limit-length\"><span\n                                        class=\"property-title\">Mat\u00e9riau :&nbsp;<\/span><span\n                                        class=\"property-desc line-limit-length\">plastique<\/span>\n                            <\/li>\n<li class=\"product-prop line-limit-length\"><span\n                                        class=\"property-title\">Effa\u00e7able ou non:&nbsp;<\/span><span\n                                        class=\"property-desc line-limit-length\">Oui<\/span>\n                            <\/li>\n<li class=\"product-prop line-limit-length\"><span\n                                        class=\"property-title\">Pointe d\u2019\u00e9criture:&nbsp;<\/span><span\n                                        class=\"property-desc line-limit-length\">0.5mm<\/span>\n                            <\/li>\n<li class=\"product-prop line-limit-length\"><span\n                                        class=\"property-title\">Utiliser :&nbsp;<\/span><span\n                                        class=\"property-desc line-limit-length\">Stylo d&#039;\u00e9cole et de bureau<\/span>\n                            <\/li>\n<li class=\"product-prop line-limit-length\"><span\n                                        class=\"property-title\">Num\u00e9ro de Mod\u00e8le :&nbsp;<\/span><span\n                                        class=\"property-desc line-limit-length\">ZX1274<\/span>\n                            <\/li>\n<li class=\"product-prop line-limit-length\"><span\n                                        class=\"property-title\">Nom de marque :&nbsp;<\/span><span\n                                        class=\"property-desc line-limit-length\">AIWOSUOAI<\/span>\n                            <\/li>\n<li class=\"product-prop line-limit-length\"><span\n                                        class=\"property-title\">Origine :&nbsp;<\/span><span\n                                        class=\"property-desc line-limit-length\">CN (Origine)<\/span>\n                            <\/li>\n<li class=\"product-prop line-limit-length\"><span\n                                        class=\"property-title\">Type :&nbsp;<\/span><span\n                                        class=\"property-desc line-limit-length\">Stylo Gel<\/span>\n                            <\/li>\n<li class=\"product-prop line-limit-length\"><span\n                                        class=\"property-title\">Taille :&nbsp;<\/span><span\n                                        class=\"property-desc line-limit-length\">14.5cm length<\/span>\n                            <\/li>\n<li class=\"product-prop line-limit-length\"><span\n                                        class=\"property-title\">Suitable Age:&nbsp;<\/span><span\n                                        class=\"property-desc line-limit-length\">6+<\/span>\n                            <\/li>\n<li class=\"product-prop line-limit-length\"><span\n                                        class=\"property-title\">Packaging:&nbsp;<\/span><span\n                                        class=\"property-desc line-limit-length\">OPP<\/span>\n                            <\/li>\n<\/ul><\/div>\n<div class=\"detailmodule_html\">\n<div class=\"detail-desc-decorate-richtext\">\n<div class=\"detailmodule_html\">\n<div class=\"detail-desc-decorate-richtext\">\n<div id=\"offer-template-0\">\n<div>Ensemble de stylos Gel effa\u00e7ables de 0,5mm, tige de recharge d&#8217;encre noire, bleue et rouge, stylos kawaii, poign\u00e9e lavable, fournitures scolaires et de bureau, papeterie d&#8217;\u00e9criture<\/p>\n<\/div>\n<p class=\"tgt color_text_1 un-step-trans\"><span class=\"tgt color_text_1\" style=\"color:rgb(42, 43, 46);font-size:16px\">Encre de haute qualit\u00e9 pour une excellente exp\u00e9rience d&#8217;\u00e9criture<\/span><\/p>\n<div><\/div>\n<p class=\"tgt color_text_1 un-step-trans\"><span class=\"tgt color_text_1\" style=\"color:rgb(42, 43, 46);font-size:16px\">Mat\u00e9riau : plastique<\/span><\/p>\n<div><\/div>\n<p class=\"tgt color_text_1 un-step-trans\"><span class=\"tgt color_text_1\" style=\"color:rgb(42, 43, 46);font-size:16px\">Stylo : 0,5 mm<\/span><\/p>\n<div><\/div>\n<p class=\"tgt color_text_1 un-step-trans\"><span class=\"tgt color_text_1\" style=\"color:rgb(42, 43, 46);font-size:16px\">Taille: stylo 14,5 cm\/recharge 13 cm<\/span><\/p>\n<div><\/div>\n<p class=\"tgt color_text_1 un-step-trans\"><span class=\"tgt color_text_1\" style=\"color:rgb(42, 43, 46);font-size:16px\">Effacement : oui<\/span><\/p>\n<div><span>dica<\/span><\/div>\n<p style=\"font-family:&quot;Open Sans&quot;, Roboto, Arial, Helvetica, sans-serif, SimSun;font-size:14px;font-weight:400;letter-spacing:normal;line-height:inherit;text-align:start;white-space:normal;color:rgb(34, 34, 34);background-color:rgb(255, 255, 255);margin:0px;margin-bottom:0px;margin-top:0px;margin-left:0px;margin-right:0px;padding:0px;padding-bottom:0px;padding-top:0px;padding-left:0px;padding-right:0px;box-sizing:border-box\" align=\"start\">Le stylo effa\u00e7able est une recharge sp\u00e9ciale, diff\u00e9rente de la recharge ordinaire.<\/p>\n<p style=\"font-family:&quot;Open Sans&quot;, Roboto, Arial, Helvetica, sans-serif, SimSun;font-size:14px;font-weight:400;letter-spacing:normal;line-height:inherit;text-align:start;white-space:normal;color:rgb(34, 34, 34);background-color:rgb(255, 255, 255);margin:0px;margin-bottom:0px;margin-top:0px;margin-left:0px;margin-right:0px;padding:0px;padding-bottom:0px;padding-top:0px;padding-left:0px;padding-right:0px;box-sizing:border-box\" align=\"start\">Si les recharges du stylo effa\u00e7able subissent des temp\u00e9ratures \u00e9lev\u00e9es<\/p>\n<p style=\"font-family:&quot;Open Sans&quot;, Roboto, Arial, Helvetica, sans-serif, SimSun;font-size:14px;font-weight:400;letter-spacing:normal;line-height:inherit;text-align:start;white-space:normal;color:rgb(34, 34, 34);background-color:rgb(255, 255, 255);margin:0px;margin-bottom:0px;margin-top:0px;margin-left:0px;margin-right:0px;padding:0px;padding-bottom:0px;padding-top:0px;padding-left:0px;padding-right:0px;box-sizing:border-box\" align=\"start\">(cela peut \u00eatre pendant le transport).<\/p>\n<p style=\"font-family:&quot;Open Sans&quot;, Roboto, Arial, Helvetica, sans-serif, SimSun;font-size:14px;font-weight:400;letter-spacing:normal;line-height:inherit;text-align:start;white-space:normal;color:rgb(34, 34, 34);background-color:rgb(255, 255, 255);margin:0px;margin-bottom:0px;margin-top:0px;margin-left:0px;margin-right:0px;padding:0px;padding-bottom:0px;padding-top:0px;padding-left:0px;padding-right:0px;box-sizing:border-box\" align=\"start\">la couleur des recharges de stylo changera (sera du blanc laiteux),<\/p>\n<p style=\"font-family:&quot;Open Sans&quot;, Roboto, Arial, Helvetica, sans-serif, SimSun;font-size:14px;font-weight:400;letter-spacing:normal;line-height:inherit;text-align:start;white-space:normal;color:rgb(34, 34, 34);background-color:rgb(255, 255, 255);margin:0px;margin-bottom:0px;margin-top:0px;margin-left:0px;margin-right:0px;padding:0px;padding-bottom:0px;padding-top:0px;padding-left:0px;padding-right:0px;box-sizing:border-box\" align=\"start\">et m\u00eame les recharges ne peuvent pas \u00eatre \u00e9crites.<\/p>\n<p style=\"font-family:&quot;Open Sans&quot;, Roboto, Arial, Helvetica, sans-serif, SimSun;font-size:14px;font-weight:400;letter-spacing:normal;line-height:inherit;text-align:start;white-space:normal;color:rgb(34, 34, 34);background-color:rgb(255, 255, 255);margin:0px;margin-bottom:0px;margin-top:0px;margin-left:0px;margin-right:0px;padding:0px;padding-bottom:0px;padding-top:0px;padding-left:0px;padding-right:0px;box-sizing:border-box\" align=\"start\">Si vous rencontrez une telle situation, vous pouvez congeler les recharges du stylo<\/p>\n<p style=\"font-family:&quot;Open Sans&quot;, Roboto, Arial, Helvetica, sans-serif, SimSun;font-size:14px;font-weight:400;letter-spacing:normal;line-height:inherit;text-align:start;white-space:normal;color:rgb(34, 34, 34);background-color:rgb(255, 255, 255);margin:0px;margin-bottom:0px;margin-top:0px;margin-left:0px;margin-right:0px;padding:0px;padding-bottom:0px;padding-top:0px;padding-left:0px;padding-right:0px;box-sizing:border-box\" align=\"start\">dans le compartiment cong\u00e9lateur.<\/p>\n<p style=\"font-family:&quot;Open Sans&quot;, Roboto, Arial, Helvetica, sans-serif, SimSun;font-size:14px;font-weight:400;letter-spacing:normal;line-height:inherit;text-align:start;white-space:normal;color:rgb(34, 34, 34);background-color:rgb(255, 255, 255);margin:0px;margin-bottom:0px;margin-top:0px;margin-left:0px;margin-right:0px;padding:0px;padding-bottom:0px;padding-top:0px;padding-left:0px;padding-right:0px;box-sizing:border-box\" align=\"start\">Apr\u00e8s 12 heures, la couleur des recharges de stylo reviendra \u00e0 la normale.<\/p>\n<p style=\"font-family:&quot;Open Sans&quot;, Roboto, Arial, Helvetica, sans-serif, SimSun;font-size:14px;font-weight:400;letter-spacing:normal;line-height:inherit;text-align:start;white-space:normal;color:rgb(34, 34, 34);background-color:rgb(255, 255, 255);margin:0px;margin-bottom:0px;margin-top:0px;margin-left:0px;margin-right:0px;padding:0px;padding-bottom:0px;padding-top:0px;padding-left:0px;padding-right:0px;box-sizing:border-box\" align=\"start\">Retirez les recharges du r\u00e9frig\u00e9rateur ;<\/p>\n<p style=\"font-family:&quot;Open Sans&quot;, Roboto, Arial, Helvetica, sans-serif, SimSun;font-size:14px;font-weight:400;letter-spacing:normal;line-height:inherit;text-align:start;white-space:normal;color:rgb(34, 34, 34);background-color:rgb(255, 255, 255);margin:0px;margin-bottom:0px;margin-top:0px;margin-left:0px;margin-right:0px;padding:0px;padding-bottom:0px;padding-top:0px;padding-left:0px;padding-right:0px;box-sizing:border-box\" align=\"start\">vous devez attendre 1 \u00e0 2 heures, les recharges peuvent \u00eatre utilis\u00e9es normalement.<\/p>\n<p><img decoding=\"async\" src=\"https:\/\/ae01.alicdn.com\/kf\/S5d1b82c357c84eea83702e4b964ff181t.jpg?width=800&amp;height=800&amp;hash=1600\" slate-data-type=\"image\"><img decoding=\"async\" src=\"https:\/\/ae01.alicdn.com\/kf\/S254f7c26ee8c44798abced2add53013fQ.jpg?width=800&amp;height=800&amp;hash=1600\" slate-data-type=\"image\"><img decoding=\"async\" src=\"https:\/\/ae01.alicdn.com\/kf\/S777e2dfd4bc14dd4bee69689a36ec6dbL.jpg?width=800&amp;height=800&amp;hash=1600\" slate-data-type=\"image\"><img decoding=\"async\" src=\"https:\/\/ae01.alicdn.com\/kf\/Sff80c52368404878aef6d8a661e2a8cer.jpg?width=800&amp;height=800&amp;hash=1600\" slate-data-type=\"image\"><img decoding=\"async\" src=\"https:\/\/ae01.alicdn.com\/kf\/S78d6b0e7f14a448eac53b829f862eaf1b.jpg?width=800&amp;height=533&amp;hash=1333\" slate-data-type=\"image\"><img decoding=\"async\" src=\"https:\/\/ae01.alicdn.com\/kf\/S1aa0af12244146beb914bd5a1561880de.jpg?width=800&amp;height=450&amp;hash=1250\" slate-data-type=\"image\"><img decoding=\"async\" src=\"https:\/\/ae01.alicdn.com\/kf\/S64a794a31a444d9b90a592739463c33bc.jpg?width=800&amp;height=800&amp;hash=1600\" slate-data-type=\"image\"><img decoding=\"async\" src=\"https:\/\/ae01.alicdn.com\/kf\/S7ede51c88b61455c8356188b6bba4d2aw.jpg?width=800&amp;height=800&amp;hash=1600\" slate-data-type=\"image\"><img decoding=\"async\" src=\"https:\/\/ae01.alicdn.com\/kf\/S4f409008376c463a9124c210303ed6a5j.jpg?width=800&amp;height=800&amp;hash=1600\" slate-data-type=\"image\"><img decoding=\"async\" src=\"https:\/\/ae01.alicdn.com\/kf\/S7790184c5d9347919250dc637b168d454.jpg?width=800&amp;height=800&amp;hash=1600\" slate-data-type=\"image\"><img decoding=\"async\" src=\"https:\/\/ae01.alicdn.com\/kf\/S2303a64a5d294844aca595d534c7cd20s.jpg?width=800&amp;height=800&amp;hash=1600\" slate-data-type=\"image\"><img decoding=\"async\" src=\"https:\/\/ae01.alicdn.com\/kf\/S1f39afa2b52c43a2be579f42e8269464C.jpg?width=800&amp;height=800&amp;hash=1600\" slate-data-type=\"image\"><img decoding=\"async\" src=\"https:\/\/ae01.alicdn.com\/kf\/Se9df4f901f6a4d77937191759e2d9c79w.jpg?width=800&amp;height=800&amp;hash=1600\" slate-data-type=\"image\"><img decoding=\"async\" src=\"https:\/\/ae01.alicdn.com\/kf\/S3cec6eb317d64aa28d5cb7aa797a2d0cb.jpg?width=800&amp;height=800&amp;hash=1600\" slate-data-type=\"image\"><img decoding=\"async\" src=\"https:\/\/ae01.alicdn.com\/kf\/S07b300e8d84041da8dae4287665b32027.jpg?width=800&amp;height=800&amp;hash=1600\" slate-data-type=\"image\"><img decoding=\"async\" src=\"https:\/\/ae01.alicdn.com\/kf\/S1200716f074749c19f28a57e0a398822N.jpg?width=800&amp;height=800&amp;hash=1600\" slate-data-type=\"image\"><img decoding=\"async\" src=\"https:\/\/ae01.alicdn.com\/kf\/S9bb620a0e5d64bf1ba2957c510f0c5beq.jpg?width=800&amp;height=800&amp;hash=1600\" slate-data-type=\"image\"><img decoding=\"async\" src=\"https:\/\/ae01.alicdn.com\/kf\/Scec047a863cb43eb9ebe279a50958710v.jpg?width=800&amp;height=800&amp;hash=1600\" slate-data-type=\"image\"><\/p>\n<div><\/div>\n<\/div>\n<p><\/p>\n<\/div>\n<\/div>\n<p><\/div>\n<\/div>","protected":false},"excerpt":{"rendered":"<p>Chimique Hign-concern\u00e9:&nbsp;Aucun Caract\u00e9ristiques de l\u2019encre du stylo de gel:&nbsp;Normal Type d\u2019encre du stylo de gel:&nbsp;Gel-encre Mat\u00e9riau:&nbsp;plastique Effa\u00e7able ou non:&nbsp;Oui Pointe<\/p>","protected":false},"featured_media":13042,"comment_status":"open","ping_status":"closed","template":"","meta":[],"product_brand":[],"product_cat":[86],"product_tag":[],"class_list":{"0":"post-13041","1":"product","2":"type-product","3":"status-publish","4":"has-post-thumbnail","6":"product_cat-office-accessories","8":"first","9":"instock","10":"shipping-taxable","11":"purchasable","12":"product-type-variable"},"jetpack_sharing_enabled":true,"_links":{"self":[{"href":"https:\/\/afrycom.com\/fr\/wp-json\/wp\/v2\/product\/13041","targetHints":{"allow":["GET"]}}],"collection":[{"href":"https:\/\/afrycom.com\/fr\/wp-json\/wp\/v2\/product"}],"about":[{"href":"https:\/\/afrycom.com\/fr\/wp-json\/wp\/v2\/types\/product"}],"replies":[{"embeddable":true,"href":"https:\/\/afrycom.com\/fr\/wp-json\/wp\/v2\/comments?post=13041"}],"wp:featuredmedia":[{"embeddable":true,"href":"https:\/\/afrycom.com\/fr\/wp-json\/wp\/v2\/media\/13042"}],"wp:attachment":[{"href":"https:\/\/afrycom.com\/fr\/wp-json\/wp\/v2\/media?parent=13041"}],"wp:term":[{"taxonomy":"product_brand","embeddable":true,"href":"https:\/\/afrycom.com\/fr\/wp-json\/wp\/v2\/product_brand?post=13041"},{"taxonomy":"product_cat","embeddable":true,"href":"https:\/\/afrycom.com\/fr\/wp-json\/wp\/v2\/product_cat?post=13041"},{"taxonomy":"product_tag","embeddable":true,"href":"https:\/\/afrycom.com\/fr\/wp-json\/wp\/v2\/product_tag?post=13041"}],"curies":[{"name":"wp","href":"https:\/\/api.w.org\/{rel}","templated":true}]}}