{"id":13025,"date":"2025-03-24T11:17:17","date_gmt":"2025-03-24T11:17:17","guid":{"rendered":"https:\/\/afrycom.com\/product\/deli-12-pieces-stylo-a-bille-stylo-gel-ecriture-lisse-0-35mm-0-5mm-0-7mm-pointe-fine-noir-bleu-encre-recharge-fournitures-scolaires-papeterie\/"},"modified":"2025-03-24T11:17:23","modified_gmt":"2025-03-24T11:17:23","slug":"deli-12-pieces-stylo-a-bille-stylo-gel-ecriture-lisse-0-35mm-0-5mm-0-7mm-pointe-fine-noir-bleu-encre-recharge-fournitures-scolaires-papeterie","status":"publish","type":"product","link":"https:\/\/afrycom.com\/fr\/produit\/deli-12-pieces-stylo-a-bille-stylo-gel-ecriture-lisse-0-35mm-0-5mm-0-7mm-pointe-fine-noir-bleu-encre-recharge-fournitures-scolaires-papeterie\/","title":{"rendered":"Deli 12 pi\u00e8ces stylo \u00e0 bille stylo Gel \u00e9criture lisse 0.35mm 0.5mm 0.7mm pointe Fine noir bleu encre recharge fournitures scolaires papeterie"},"content":{"rendered":"<div class=\"product-specs-list-container\">\n<ul class=\"product-specs-list util-clearfix\">\n<li class=\"product-prop line-limit-length\"><span\n                                        class=\"property-title\">Chimique Hign-concern\u00e9 :&nbsp;<\/span><span\n                                        class=\"property-desc line-limit-length\">Aucun<\/span>\n                            <\/li>\n<li class=\"product-prop line-limit-length\"><span\n                                        class=\"property-title\">Nouveaut\u00e9:&nbsp;<\/span><span\n                                        class=\"property-desc line-limit-length\">Oui<\/span>\n                            <\/li>\n<li class=\"product-prop line-limit-length\"><span\n                                        class=\"property-title\">Mat\u00e9riau :&nbsp;<\/span><span\n                                        class=\"property-desc line-limit-length\">plastique<\/span>\n                            <\/li>\n<li class=\"product-prop line-limit-length\"><span\n                                        class=\"property-title\">Utiliser :&nbsp;<\/span><span\n                                        class=\"property-desc line-limit-length\">Stylo d&#039;\u00e9cole et de bureau<\/span>\n                            <\/li>\n<li class=\"product-prop line-limit-length\"><span\n                                        class=\"property-title\">Num\u00e9ro de Mod\u00e8le :&nbsp;<\/span><span\n                                        class=\"property-desc line-limit-length\">EQ10\/EQ11<\/span>\n                            <\/li>\n<li class=\"product-prop line-limit-length\"><span\n                                        class=\"property-title\">Pointe d\u2019\u00e9criture:&nbsp;<\/span><span\n                                        class=\"property-desc line-limit-length\">0.7mm\/0.5mm<\/span>\n                            <\/li>\n<li class=\"product-prop line-limit-length\"><span\n                                        class=\"property-title\">Effa\u00e7able ou non:&nbsp;<\/span><span\n                                        class=\"property-desc line-limit-length\">Pas de<\/span>\n                            <\/li>\n<li class=\"product-prop line-limit-length\"><span\n                                        class=\"property-title\">Nom de marque :&nbsp;<\/span><span\n                                        class=\"property-desc line-limit-length\">Deli<\/span>\n                            <\/li>\n<li class=\"product-prop line-limit-length\"><span\n                                        class=\"property-title\">Type :&nbsp;<\/span><span\n                                        class=\"property-desc line-limit-length\">Stylo<\/span>\n                            <\/li>\n<li class=\"product-prop line-limit-length\"><span\n                                        class=\"property-title\">Origine :&nbsp;<\/span><span\n                                        class=\"property-desc line-limit-length\">CN (Origine)<\/span>\n                            <\/li>\n<li class=\"product-prop line-limit-length\"><span\n                                        class=\"property-title\">Nom de marque :&nbsp;<\/span><span\n                                        class=\"property-desc line-limit-length\">Deli<\/span>\n                            <\/li>\n<li class=\"product-prop line-limit-length\"><span\n                                        class=\"property-title\">Pen type:&nbsp;<\/span><span\n                                        class=\"property-desc line-limit-length\">Retractable\/Cap pen<\/span>\n                            <\/li>\n<li class=\"product-prop line-limit-length\"><span\n                                        class=\"property-title\">Ink:&nbsp;<\/span><span\n                                        class=\"property-desc line-limit-length\">0.7mm<\/span>\n                            <\/li>\n<li class=\"product-prop line-limit-length\"><span\n                                        class=\"property-title\">Package:&nbsp;<\/span><span\n                                        class=\"property-desc line-limit-length\">12PCS\/BOX<\/span>\n                            <\/li>\n<\/ul><\/div>\n<div class=\"detailmodule_html\">\n<div class=\"detail-desc-decorate-richtext\">\n<div class=\"detailmodule_html\">\n<div class=\"detail-desc-decorate-richtext\">\n<div>\n<h1 style=\"font-family:&quot;Amazon Ember&quot;, Arial, sans-serif;font-size:16px;font-weight:700;letter-spacing:normal;line-height:24px;text-align:start;white-space:normal;color:rgb(15, 17, 17);background-color:rgb(255, 255, 255);margin:0px;margin-bottom:0px;margin-top:0px;margin-left:0px;margin-right:0px;padding:0px 0px 4px;padding-bottom:4px;padding-top:0px;padding-left:0px;padding-right:0px;box-sizing:border-box\" class=\"a-size-base-plus a-text-bold\" align=\"start\"><span style=\"font-size:18px\"><span style=\"font-family:Arial, Helvetica, sans-serif\">\u00c0 propos de cet article<\/span><\/span><\/h1>\n<ul style=\"font-family:&quot;Amazon Ember&quot;, Arial, sans-serif;font-size:14px;font-weight:400;letter-spacing:normal;text-align:start;white-space:normal;color:rgb(15, 17, 17);background-color:rgb(255, 255, 255);margin:0px 0px 0px 18px;margin-bottom:0px;margin-top:0px;margin-left:18px;margin-right:0px;padding:0px;padding-bottom:0px;padding-top:0px;padding-left:0px;padding-right:0px;box-sizing:border-box\" class=\"a-unordered-list a-vertical a-spacing-mini\" align=\"start\">\n<li style=\"margin:0px;margin-bottom:0px;margin-top:0px;margin-left:0px;margin-right:0px;list-style:disc;box-sizing:border-box\" class=\"a-spacing-mini\">\n<p><span style=\"font-family:Arial, Helvetica, sans-serif\"><span style=\"font-size:16px\"><span class=\"a-list-item\" style=\"color:rgb(15, 17, 17)\">1.\u00c9criture fluide : largeur de ligne de 0,35\/0,5\/0,7 mm, noyau r\u00e9tractable, stylo \u00e0 bille \u00e0 encre noire, offrant une exp\u00e9rience d&#8217;\u00e9criture fluide avec un seul stylo capable d&#8217;\u00e9crire jusqu&#8217;\u00e0 400 m\u00e8tres, durable et durable.<\/span><\/span><\/span><\/p>\n<\/li>\n<li style=\"margin:0px;margin-bottom:0px;margin-top:0px;margin-left:0px;margin-right:0px;list-style:disc;box-sizing:border-box\" class=\"a-spacing-mini\">\n<p><span style=\"font-family:Arial, Helvetica, sans-serif\"><span style=\"font-size:16px\"><span class=\"a-list-item\" style=\"color:rgb(15, 17, 17)\">2.Design \u00e9l\u00e9gant : dot\u00e9 de barils de stylo en mat\u00e9riau PC, compl\u00e9t\u00e9s par un manchon en caoutchouc souple et un clip de stylo portable soigneusement con\u00e7u, garantissant qu&#8217;il ne sera pas facilement perdu, vous permettant de mettre en valeur votre go\u00fbt et votre personnalit\u00e9 \u00e0 tout moment.<\/span><\/span><\/span><\/p>\n<\/li>\n<li style=\"margin:0px;margin-bottom:0px;margin-top:0px;margin-left:0px;margin-right:0px;list-style:disc;box-sizing:border-box\" class=\"a-spacing-mini\">\n<p><span style=\"font-family:Arial, Helvetica, sans-serif\"><span style=\"font-size:16px\"><span class=\"a-list-item\" style=\"color:rgb(15, 17, 17)\">3.D\u00e9bit d&#8217;encre sans effort : \u00e9quip\u00e9 d&#8217;une bille en carbure de tungst\u00e8ne, assurant un flux d&#8217;encre fluide et emp\u00eachant l&#8217;encre de se casser, permettant une \u00e9criture fluide et pr\u00e9cise.<\/span><\/span><\/span><\/p>\n<\/li>\n<li style=\"margin:0px;margin-bottom:0px;margin-top:0px;margin-left:0px;margin-right:0px;list-style:disc;box-sizing:border-box\" class=\"a-spacing-mini\">\n<p><span style=\"font-family:Arial, Helvetica, sans-serif\"><span style=\"font-size:16px\"><span class=\"a-list-item\" style=\"color:rgb(15, 17, 17)\">4.Durable et durable : chaque bo\u00eete contient 12 stylos, vous permettant de profiter d&#8217;une exp\u00e9rience d&#8217;\u00e9criture durable avec une encre de haute qualit\u00e9, \u00e9conomisant du temps et des efforts.<\/span><\/span><\/span><\/p>\n<\/li>\n<li style=\"margin:0px;margin-bottom:0px;margin-top:0px;margin-left:0px;margin-right:0px;list-style:disc;box-sizing:border-box\" class=\"a-spacing-mini\">\n<p><span style=\"font-family:Arial, Helvetica, sans-serif\"><span style=\"font-size:16px\"><span class=\"a-list-item\" style=\"color:rgb(15, 17, 17)\">5. Application polyvalente : ce stylo \u00e0 bille convient \u00e0 divers besoins d&#8217;\u00e9criture et constitue un choix id\u00e9al pour le bureau, les \u00e9tudes, le dessin et d&#8217;autres sc\u00e9narios, r\u00e9pondant \u00e0 vos diverses exigences.<\/span><\/span><\/span><\/p>\n<\/li>\n<\/ul>\n<div style=\"margin:0px;margin-bottom:0px;margin-top:0px;margin-left:0px;margin-right:0px;list-style:disc;box-sizing:border-box\">\n<p style=\"text-align:left;margin:0px;margin-bottom:0px;margin-top:0px;margin-left:0px;margin-right:0px\" align=\"left\"><img decoding=\"async\" src=\"https:\/\/ae01.alicdn.com\/kf\/S40d60087afeb415aa6407da2b34a0c73O.jpg?width=800&amp;height=800&amp;hash=1600\" slate-data-type=\"image\"><img decoding=\"async\" src=\"https:\/\/ae01.alicdn.com\/kf\/S4acfae2f0a6846f9acc14d3bf38e00dfE.jpg?width=800&amp;height=800&amp;hash=1600\" slate-data-type=\"image\"><img decoding=\"async\" src=\"https:\/\/ae01.alicdn.com\/kf\/Sc49ce79f1cd941f6a04cb2a7650597afJ.jpg?width=800&amp;height=800&amp;hash=1600\" slate-data-type=\"image\"><img decoding=\"async\" src=\"https:\/\/ae01.alicdn.com\/kf\/S7b2032b97e0449bcb3a35fa90d36d5abO.jpg?width=800&amp;height=800&amp;hash=1600\" slate-data-type=\"image\"><img decoding=\"async\" src=\"https:\/\/ae01.alicdn.com\/kf\/Sb74679751e3f4418ad7e54e94518db0cD.jpg?width=800&amp;height=800&amp;hash=1600\" slate-data-type=\"image\"><img decoding=\"async\" src=\"https:\/\/ae01.alicdn.com\/kf\/Sb6fb7d17d5bc4156aab62b190bcac5fdR.jpg?width=800&amp;height=800&amp;hash=1600\" slate-data-type=\"image\"><img decoding=\"async\" src=\"https:\/\/ae01.alicdn.com\/kf\/Sdd088d1cc94647979b59d70265f02ac0U.jpg?width=800&amp;height=800&amp;hash=1600\" slate-data-type=\"image\"><img decoding=\"async\" src=\"https:\/\/ae01.alicdn.com\/kf\/S9e53a619d2e444ee80e8dbc59e9f66cfl.jpg?width=800&amp;height=800&amp;hash=1600\" slate-data-type=\"image\"><img decoding=\"async\" src=\"https:\/\/ae01.alicdn.com\/kf\/S0bfcbeb4fad246a8b48f2abc96344b25J.jpg?width=1500&amp;height=1500&amp;hash=3000\" slate-data-type=\"image\"><img decoding=\"async\" src=\"https:\/\/ae01.alicdn.com\/kf\/S6081734bdf594c1195733b8166ed37bfj.jpg?width=1000&amp;height=1000&amp;hash=2000\" slate-data-type=\"image\"><img decoding=\"async\" src=\"https:\/\/ae01.alicdn.com\/kf\/S724feedf2b2c4643839f0f8aa45a1914a.jpg?width=800&amp;height=800&amp;hash=1600\" slate-data-type=\"image\"><img decoding=\"async\" src=\"https:\/\/ae01.alicdn.com\/kf\/S531d9b30256045b6836d18ab0e13ee426.jpg?width=800&amp;height=800&amp;hash=1600\" slate-data-type=\"image\"><img decoding=\"async\" src=\"https:\/\/ae01.alicdn.com\/kf\/Sd5e77143687d4794b319b3bf9fbcc6500.jpg?width=800&amp;height=800&amp;hash=1600\" slate-data-type=\"image\"><img decoding=\"async\" src=\"https:\/\/ae01.alicdn.com\/kf\/Se01bc42ac44b4339adb8c439a79bffd6q.jpg?width=800&amp;height=800&amp;hash=1600\" slate-data-type=\"image\"><img decoding=\"async\" src=\"https:\/\/ae01.alicdn.com\/kf\/Sb532cd6eb9294fef815e63d161c517dfJ.jpg?width=800&amp;height=800&amp;hash=1600\" slate-data-type=\"image\"><img decoding=\"async\" src=\"https:\/\/ae01.alicdn.com\/kf\/Sbb79aa2bd9dd4a5f9415e1db3d639ed3y.jpg?width=970&amp;height=600&amp;hash=1570\" slate-data-type=\"image\"><img decoding=\"async\" src=\"https:\/\/ae01.alicdn.com\/kf\/Sc3c6cd42d31842a5b30e8cb9256b9e2cU.jpg?width=970&amp;height=600&amp;hash=1570\" slate-data-type=\"image\"><img decoding=\"async\" src=\"https:\/\/ae01.alicdn.com\/kf\/S51efdfbdc2244e0b9beed76b8034c464s.jpg?width=970&amp;height=600&amp;hash=1570\" slate-data-type=\"image\"><img decoding=\"async\" src=\"https:\/\/ae01.alicdn.com\/kf\/S24c5e02571e04eef916bb0a2789d54286.jpg?width=970&amp;height=600&amp;hash=1570\" slate-data-type=\"image\"><img decoding=\"async\" src=\"https:\/\/ae01.alicdn.com\/kf\/S840442929261445abd329ab4f40f3d3dO.jpg?width=970&amp;height=600&amp;hash=1570\" slate-data-type=\"image\"><img decoding=\"async\" src=\"https:\/\/ae01.alicdn.com\/kf\/Sd0842e77e4594881a9667c9a20abe546d.jpg?width=970&amp;height=600&amp;hash=1570\" slate-data-type=\"image\"><img decoding=\"async\" src=\"https:\/\/ae01.alicdn.com\/kf\/Sb67294c7e1894513a0f3d63ad917d4ffM.jpg?width=970&amp;height=600&amp;hash=1570\" slate-data-type=\"image\"><kse:widget data-widget-type=\"customText\" id=\"1005000007039628\" type=\"custom\"><\/kse:widget><\/p>\n<\/div>\n<div><\/div>\n<\/div>\n<div>&nbsp;<\/div>\n<\/div>\n<\/div>\n<p><\/p>\n<\/div>\n<\/div>","protected":false},"excerpt":{"rendered":"<p>Chimique Hign-concern\u00e9:&nbsp;Aucun Nouveaut\u00e9:&nbsp;Oui Mat\u00e9riau:&nbsp;plastique Utiliser:&nbsp;Stylo d&#039;\u00e9cole et de bureau Num\u00e9ro de Mod\u00e8le:&nbsp;EQ10\/EQ11 Pointe d\u2019\u00e9criture:&nbsp;0.7mm\/0.5mm Effa\u00e7able ou non:&nbsp;Pas de Nom de<\/p>","protected":false},"featured_media":13026,"comment_status":"open","ping_status":"closed","template":"","meta":[],"product_brand":[],"product_cat":[86],"product_tag":[],"class_list":{"0":"post-13025","1":"product","2":"type-product","3":"status-publish","4":"has-post-thumbnail","6":"product_cat-office-accessories","8":"first","9":"instock","10":"shipping-taxable","11":"purchasable","12":"product-type-variable"},"jetpack_sharing_enabled":true,"_links":{"self":[{"href":"https:\/\/afrycom.com\/fr\/wp-json\/wp\/v2\/product\/13025","targetHints":{"allow":["GET"]}}],"collection":[{"href":"https:\/\/afrycom.com\/fr\/wp-json\/wp\/v2\/product"}],"about":[{"href":"https:\/\/afrycom.com\/fr\/wp-json\/wp\/v2\/types\/product"}],"replies":[{"embeddable":true,"href":"https:\/\/afrycom.com\/fr\/wp-json\/wp\/v2\/comments?post=13025"}],"wp:featuredmedia":[{"embeddable":true,"href":"https:\/\/afrycom.com\/fr\/wp-json\/wp\/v2\/media\/13026"}],"wp:attachment":[{"href":"https:\/\/afrycom.com\/fr\/wp-json\/wp\/v2\/media?parent=13025"}],"wp:term":[{"taxonomy":"product_brand","embeddable":true,"href":"https:\/\/afrycom.com\/fr\/wp-json\/wp\/v2\/product_brand?post=13025"},{"taxonomy":"product_cat","embeddable":true,"href":"https:\/\/afrycom.com\/fr\/wp-json\/wp\/v2\/product_cat?post=13025"},{"taxonomy":"product_tag","embeddable":true,"href":"https:\/\/afrycom.com\/fr\/wp-json\/wp\/v2\/product_tag?post=13025"}],"curies":[{"name":"wp","href":"https:\/\/api.w.org\/{rel}","templated":true}]}}