{"id":13004,"date":"2025-03-24T11:16:40","date_gmt":"2025-03-24T11:16:40","guid":{"rendered":"https:\/\/afrycom.com\/product\/deli-12-pieces-boite-stylo-a-bille-0-7mm-stylos-a-gel-de-bureau-lissage-ecriture-encre-a-faible-viscosite-stylos-decriture-bureau-ecole-papeterie\/"},"modified":"2025-03-24T11:16:46","modified_gmt":"2025-03-24T11:16:46","slug":"deli-12-pieces-boite-stylo-a-bille-0-7mm-stylos-a-gel-de-bureau-lissage-ecriture-encre-a-faible-viscosite-stylos-decriture-bureau-ecole-papeterie","status":"publish","type":"product","link":"https:\/\/afrycom.com\/fr\/produit\/deli-12-pieces-boite-stylo-a-bille-0-7mm-stylos-a-gel-de-bureau-lissage-ecriture-encre-a-faible-viscosite-stylos-decriture-bureau-ecole-papeterie\/","title":{"rendered":"Deli 12 pi\u00e8ces\/bo\u00eete stylo \u00e0 bille 0.7mm stylos \u00e0 Gel de bureau lissage \u00e9criture encre \u00e0 faible viscosit\u00e9 stylos d'\u00e9criture bureau \u00e9cole papeterie"},"content":{"rendered":"<div class=\"product-specs-list-container\">\n<ul class=\"product-specs-list util-clearfix\">\n<li class=\"product-prop line-limit-length\"><span class=\"property-title\">Chimique Hign-concern\u00e9 :\u00a0<\/span><span class=\"property-desc line-limit-length\">Aucun<\/span><\/li>\n<li class=\"product-prop line-limit-length\"><span class=\"property-title\">Nouveaut\u00e9:\u00a0<\/span><span class=\"property-desc line-limit-length\">Oui<\/span><\/li>\n<li class=\"product-prop line-limit-length\"><span class=\"property-title\">Mat\u00e9riau :\u00a0<\/span><span class=\"property-desc line-limit-length\">plastique<\/span><\/li>\n<li class=\"product-prop line-limit-length\"><span class=\"property-title\">Utiliser :\u00a0<\/span><span class=\"property-desc line-limit-length\">Stylo d&#8217;\u00e9cole et de bureau<\/span><\/li>\n<li class=\"product-prop line-limit-length\"><span class=\"property-title\">Num\u00e9ro de Mod\u00e8le :\u00a0<\/span><span class=\"property-desc line-limit-length\">Q021<\/span><\/li>\n<li class=\"product-prop line-limit-length\"><span class=\"property-title\">Pointe d\u2019\u00e9criture:\u00a0<\/span><span class=\"property-desc line-limit-length\">0.7mm<\/span><\/li>\n<li class=\"product-prop line-limit-length\"><span class=\"property-title\">Effa\u00e7able ou non:\u00a0<\/span><span class=\"property-desc line-limit-length\">Pas de<\/span><\/li>\n<li class=\"product-prop line-limit-length\"><span class=\"property-title\">Nom de marque :\u00a0<\/span><span class=\"property-desc line-limit-length\">Deli<\/span><\/li>\n<li class=\"product-prop line-limit-length\"><span class=\"property-title\">Type :\u00a0<\/span><span class=\"property-desc line-limit-length\">Stylo<\/span><\/li>\n<li class=\"product-prop line-limit-length\"><span class=\"property-title\">Origine :\u00a0<\/span><span class=\"property-desc line-limit-length\">CN (Origine)<\/span><\/li>\n<li class=\"product-prop line-limit-length\"><span class=\"property-title\">Nom de marque :\u00a0<\/span><span class=\"property-desc line-limit-length\">Deli<\/span><\/li>\n<li class=\"product-prop line-limit-length\"><span class=\"property-title\">Emballage :\u00a0<\/span><span class=\"property-desc line-limit-length\">12Pens\/Box<\/span><\/li>\n<\/ul>\n<\/div>\n<div class=\"detailmodule_html\">\n<div class=\"detail-desc-decorate-richtext\">\n<div>\n<p style=\"text-align: left; margin: 0px;\" align=\"left\"><img decoding=\"async\" src=\"https:\/\/ae01.alicdn.com\/kf\/S2d50b55e78854e0db775048999e18134Y.jpg?width=800&amp;height=800&amp;hash=1600\" \/><img decoding=\"async\" src=\"https:\/\/ae01.alicdn.com\/kf\/Sfbbe23d2d71444c6864e032a9610a9eai.jpg?width=800&amp;height=800&amp;hash=1600\" \/><img decoding=\"async\" src=\"https:\/\/ae01.alicdn.com\/kf\/See17ad3df1f54f6d99aa4092c045ade0q.jpg?width=800&amp;height=800&amp;hash=1600\" \/><img decoding=\"async\" src=\"https:\/\/ae01.alicdn.com\/kf\/S2970f44f8165454c8692779c4c3c23f40.jpg?width=800&amp;height=800&amp;hash=1600\" \/><img decoding=\"async\" src=\"https:\/\/ae01.alicdn.com\/kf\/Sf7a284c32d064b80bf94e0009f9fa839W.jpg?width=800&amp;height=800&amp;hash=1600\" \/><img decoding=\"async\" src=\"https:\/\/ae01.alicdn.com\/kf\/S95547f58da874855ae7c78e1166cc4e4b.jpg?width=800&amp;height=800&amp;hash=1600\" \/><img decoding=\"async\" src=\"https:\/\/ae01.alicdn.com\/kf\/Sf6eff3d6dd244a739652812b9450681f5.jpg?width=800&amp;height=800&amp;hash=1600\" \/><img decoding=\"async\" src=\"https:\/\/ae01.alicdn.com\/kf\/S65901a898ebe451da0e4a6540984eea5V.jpg?width=800&amp;height=800&amp;hash=1600\" \/><img decoding=\"async\" src=\"https:\/\/ae01.alicdn.com\/kf\/Sf3703ca20f774c48b7b3d62bd2415d06a.jpg?width=800&amp;height=800&amp;hash=1600\" \/><img decoding=\"async\" src=\"https:\/\/ae01.alicdn.com\/kf\/Sc2e564fd03c34019941aef5fcb2a0f25O.jpg?width=800&amp;height=800&amp;hash=1600\" \/><img decoding=\"async\" src=\"https:\/\/ae01.alicdn.com\/kf\/S9edfc75bb41d462296e09071ac83932eW.jpg?width=800&amp;height=800&amp;hash=1600\" \/><\/p>\n<\/div>\n<div>\u00a0<\/div>\n<div>\u00a0<\/div>\n<p>\u00a0<\/p>\n<\/div>\n<\/div>","protected":false},"excerpt":{"rendered":"<p>Chimique Hign-concern\u00e9:\u00a0Aucun Nouveaut\u00e9:\u00a0Oui Mat\u00e9riau:\u00a0plastique Utiliser:\u00a0Stylo d&#8217;\u00e9cole et de bureau Num\u00e9ro de Mod\u00e8le:\u00a0Q021 Pointe d\u2019\u00e9criture:\u00a00.7mm Effa\u00e7able ou non:\u00a0Pas de Nom de<\/p>","protected":false},"featured_media":13005,"comment_status":"open","ping_status":"closed","template":"","meta":[],"product_brand":[],"product_cat":[86],"product_tag":[],"class_list":{"0":"post-13004","1":"product","2":"type-product","3":"status-publish","4":"has-post-thumbnail","6":"product_cat-office-accessories","8":"first","9":"instock","10":"shipping-taxable","11":"purchasable","12":"product-type-variable"},"jetpack_sharing_enabled":true,"_links":{"self":[{"href":"https:\/\/afrycom.com\/fr\/wp-json\/wp\/v2\/product\/13004","targetHints":{"allow":["GET"]}}],"collection":[{"href":"https:\/\/afrycom.com\/fr\/wp-json\/wp\/v2\/product"}],"about":[{"href":"https:\/\/afrycom.com\/fr\/wp-json\/wp\/v2\/types\/product"}],"replies":[{"embeddable":true,"href":"https:\/\/afrycom.com\/fr\/wp-json\/wp\/v2\/comments?post=13004"}],"wp:featuredmedia":[{"embeddable":true,"href":"https:\/\/afrycom.com\/fr\/wp-json\/wp\/v2\/media\/13005"}],"wp:attachment":[{"href":"https:\/\/afrycom.com\/fr\/wp-json\/wp\/v2\/media?parent=13004"}],"wp:term":[{"taxonomy":"product_brand","embeddable":true,"href":"https:\/\/afrycom.com\/fr\/wp-json\/wp\/v2\/product_brand?post=13004"},{"taxonomy":"product_cat","embeddable":true,"href":"https:\/\/afrycom.com\/fr\/wp-json\/wp\/v2\/product_cat?post=13004"},{"taxonomy":"product_tag","embeddable":true,"href":"https:\/\/afrycom.com\/fr\/wp-json\/wp\/v2\/product_tag?post=13004"}],"curies":[{"name":"wp","href":"https:\/\/api.w.org\/{rel}","templated":true}]}}