{"id":12871,"date":"2025-03-23T03:22:06","date_gmt":"2025-03-23T03:22:06","guid":{"rendered":"https:\/\/afrycom.com\/product\/perche-a-selfie-avec-telecommande-bluetooth-sans-fil-trepied-de-telephone-portable-en-alliage-daluminium-de-72-pouces-pour-telephone-portable-ios-android\/"},"modified":"2025-08-07T15:55:22","modified_gmt":"2025-08-07T15:55:22","slug":"perche-a-selfie-avec-telecommande-bluetooth-sans-fil-trepied-de-telephone-portable-en-alliage-daluminium-de-72-pouces-pour-telephone-portable-ios-android","status":"publish","type":"product","link":"https:\/\/afrycom.com\/fr\/produit\/perche-a-selfie-avec-telecommande-bluetooth-sans-fil-trepied-de-telephone-portable-en-alliage-daluminium-de-72-pouces-pour-telephone-portable-ios-android\/","title":{"rendered":"Perche \u00e0 Selfie avec t\u00e9l\u00e9commande Bluetooth sans fil, tr\u00e9pied de t\u00e9l\u00e9phone Portable en alliage d'aluminium de 72 pouces pour t\u00e9l\u00e9phone Portable iOS Android"},"content":{"rendered":"<div class=\"product-specs-list-container\">\n<ul class=\"product-specs-list util-clearfix\">\n<li class=\"product-prop line-limit-length\"><span\n                                        class=\"property-title\">Chimique Hign-concern\u00e9 :&nbsp;<\/span><span\n                                        class=\"property-desc line-limit-length\">Aucun<\/span>\n                            <\/li>\n<li class=\"product-prop line-limit-length\"><span\n                                        class=\"property-title\">Poids (g):&nbsp;<\/span><span\n                                        class=\"property-desc line-limit-length\">380<\/span>\n                            <\/li>\n<li class=\"product-prop line-limit-length\"><span\n                                        class=\"property-title\">Longueur maximale \u00e9tendue (mm):&nbsp;<\/span><span\n                                        class=\"property-desc line-limit-length\">1830<\/span>\n                            <\/li>\n<li class=\"product-prop line-limit-length\"><span\n                                        class=\"property-title\">Paquet :&nbsp;<\/span><span\n                                        class=\"property-desc line-limit-length\">Oui<\/span>\n                            <\/li>\n<li class=\"product-prop line-limit-length\"><span\n                                        class=\"property-title\">Communication :&nbsp;<\/span><span\n                                        class=\"property-desc line-limit-length\">Bluetooth<\/span>\n                            <\/li>\n<li class=\"product-prop line-limit-length\"><span\n                                        class=\"property-title\">Supporte T\u00e9l\u00e9commande:&nbsp;<\/span><span\n                                        class=\"property-desc line-limit-length\">Oui<\/span>\n                            <\/li>\n<li class=\"product-prop line-limit-length\"><span\n                                        class=\"property-title\">Configur\u00e9 pour (Adaptation):&nbsp;<\/span><span\n                                        class=\"property-desc line-limit-length\">Les t\u00e9l\u00e9phones intelligents<\/span>\n                            <\/li>\n<li class=\"product-prop line-limit-length\"><span\n                                        class=\"property-title\">Num\u00e9ro de Mod\u00e8le :&nbsp;<\/span><span\n                                        class=\"property-desc line-limit-length\">C10<\/span>\n                            <\/li>\n<li class=\"product-prop line-limit-length\"><span\n                                        class=\"property-title\">Longueur Pli\u00e9e  (mm):&nbsp;<\/span><span\n                                        class=\"property-desc line-limit-length\">365<\/span>\n                            <\/li>\n<li class=\"product-prop line-limit-length\"><span\n                                        class=\"property-title\">Mat\u00e9riau :&nbsp;<\/span><span\n                                        class=\"property-desc line-limit-length\">Aluminium<\/span>\n                            <\/li>\n<li class=\"product-prop line-limit-length\"><span\n                                        class=\"property-title\">Nom de marque :&nbsp;<\/span><span\n                                        class=\"property-desc line-limit-length\">TOKQI<\/span>\n                            <\/li>\n<li class=\"product-prop line-limit-length\"><span\n                                        class=\"property-title\">Origine :&nbsp;<\/span><span\n                                        class=\"property-desc line-limit-length\">CN (Origine)<\/span>\n                            <\/li>\n<li class=\"product-prop line-limit-length\"><span\n                                        class=\"property-title\">use:&nbsp;<\/span><span\n                                        class=\"property-desc line-limit-length\">selfie<\/span>\n                            <\/li>\n<li class=\"product-prop line-limit-length\"><span\n                                        class=\"property-title\">type :&nbsp;<\/span><span\n                                        class=\"property-desc line-limit-length\">tripod selfie stick,stick,wireless selfie stick,selfi stick for phone,selfie stick,selfie stick tripod,selfie tripod,bluetooth selfi sticks<\/span>\n                            <\/li>\n<\/ul><\/div>\n<div class=\"detailmodule_html\">\n<div class=\"detail-desc-decorate-richtext\">\n<div class=\"detailmodule_image\"><\/div>\n<div class=\"detailmodule_text\">\n<h1 style=\"text-align:center;display:block;width:100%\" align=\"center\"><span style=\"font-family:arial, helvetica, sans-serif\">B\u00e2ton de selfie \u00e0 tr\u00e9pied stable multifonctionnel de conception cach\u00e9e C10<\/span><\/h1>\n<\/div>\n<div class=\"detailmodule_text\">\n<p style=\"font-family:OpenSans;font-size:20px;font-weight:900;line-height:28px;white-space:pre-wrap;color:rgb(0, 0, 0);margin-bottom:12px\" class=\"detail-desc-decorate-title\">\u00c0 propos de ce produit<\/p>\n<p style=\"font-family:OpenSans;font-size:14px;font-weight:300;line-height:20px;white-space:pre-wrap;color:rgb(0, 0, 0);margin-bottom:12px\" class=\"detail-desc-decorate-content\">\u3010Conception multifonction\u3011 \u2013 Ce tr\u00e9pied selfie stick Bluetooth est livr\u00e9 avec une t\u00e9l\u00e9commande sans fil, vous permettant d&#8217;enregistrer des vid\u00e9os ou de prendre des photos plus facilement.Il est dot\u00e9 d&#8217;une poign\u00e9e pour perche \u00e0 selfie portable enti\u00e8rement extensible avec des pieds pliables int\u00e9gr\u00e9s qui lui permettent de servir de tr\u00e9pied autonome une fois ouvert.<br \/>Base de tr\u00e9pied super stable : le tr\u00e9pied pour perche \u00e0 selfie adopte une conception renforc\u00e9e avec 3 supports int\u00e9gr\u00e9s et trois pieds en silicone antid\u00e9rapants, qui sont plus stables apr\u00e8s d\u00e9pli\u00e9 et ne sont pas faciles \u00e0 secouer.<br \/>\u3010Angle r\u00e9glable et support de t\u00e9l\u00e9phone rotatif\u3011 \u2013 Le support de t\u00e9l\u00e9phone portable peut prendre en charge les t\u00e9l\u00e9phones d&#8217;une largeur de 2,3 pouces \u00e0 3,14 pouces (5,9 \u00e0 8,0 cm), il s&#8217;adapte \u00e0 la plupart des t\u00e9l\u00e9phones iOS\/Android.<br \/>Large compatibilit\u00e9 : la perche \u00e0 selfie Bluetooth TOKQI est largement compatible avec Andoid 4.4 ou plus r\u00e9cent et iPhone iOS 5.1 ou plus r\u00e9cent tel que l&#8217;iPhone 15\/14\/13\/12\/11 Pro Max\/X\/XR\/8 Plus\/8\/7 Plus\/7, Samsung, Google, Sony, LG, HuaWei Smartphones, etc.<br \/>\u3010Obturateur \u00e0 distance\u3011 &#8211; Le tr\u00e9pied pour t\u00e9l\u00e9phone dispose d&#8217;une t\u00e9l\u00e9commande sans fil int\u00e9gr\u00e9e, prend en charge la prise de vue dans un rayon de 10 m, est compatible avec IOS\/Android, r\u00e9alise rapidement l&#8217;appairage et l&#8217;op\u00e9ration est tr\u00e8s simple.La t\u00e9l\u00e9commande est de conception amovible int\u00e9gr\u00e9e, simple \u00e0 retirer, elle peut \u00e9galement \u00eatre mont\u00e9e sur un pied de tr\u00e9pied lorsqu&#8217;elle n&#8217;est pas n\u00e9cessaire pour \u00e9viter toute perte.<br \/>\u3010Port d&#8217;extension de chaussure froide\u3011 &#8211; Avec chaussure froide, support de t\u00e9l\u00e9phone, s&#8217;adapte \u00e0 la lumi\u00e8re d&#8217;appoint, au microphone (les lumi\u00e8res et le microphone doivent \u00eatre achet\u00e9s en plus)<\/p>\n<\/div>\n<div class=\"detailmodule_text\">\n<p style=\"font-family:OpenSans;font-size:20px;font-weight:900;line-height:28px;white-space:pre-wrap;color:rgb(0, 0, 0);margin-bottom:12px\" class=\"detail-desc-decorate-title\">B\u00e2ton \u00e0 selfie quotidien<\/p>\n<p style=\"font-family:OpenSans;font-size:14px;font-weight:300;line-height:20px;white-space:pre-wrap;color:rgb(0, 0, 0);margin-bottom:12px\" class=\"detail-desc-decorate-content\">Mat\u00e9riaux : ABS + alliage d&#8217;aluminium.<br \/>Taille du t\u00e9l\u00e9phone pris en charge : 59-80 mm<br \/>Tr\u00e9pied ouvert \u00e0 hauteur maximale : 1830 mm (72 pouces)<\/p>\n<\/div>\n<div class=\"detailmodule_text\">\n<p style=\"font-family:OpenSans;font-size:20px;font-weight:900;line-height:28px;white-space:pre-wrap;color:rgb(0, 0, 0);margin-bottom:12px\" class=\"detail-desc-decorate-title\">T\u00e9l\u00e9commande Bluetooth pour b\u00e2ton de selfie<\/p>\n<p style=\"font-family:OpenSans;font-size:14px;font-weight:300;line-height:20px;white-space:pre-wrap;color:rgb(0, 0, 0);margin-bottom:12px\" class=\"detail-desc-decorate-content\">Version Bluetooth : Bluetooth 5.0<br \/>Distance Bluetooth: 10M<br \/>Batterie : CR2032<br \/>Prise en charge du syst\u00e8me Android : Android 4.4 et sup\u00e9rieur<br \/>Prise en charge du syst\u00e8me iOS : iOS 5.1 et sup\u00e9rieur<\/p>\n<\/div>\n<div class=\"detailmodule_text\">\n<p style=\"font-family:OpenSans;font-size:20px;font-weight:900;line-height:28px;white-space:pre-wrap;color:rgb(0, 0, 0);margin-bottom:12px\" class=\"detail-desc-decorate-title\">Lumi\u00e8re (facultatif)<\/p>\n<p style=\"font-family:OpenSans;font-size:14px;font-weight:300;line-height:20px;white-space:pre-wrap;color:rgb(0, 0, 0);margin-bottom:12px\" class=\"detail-desc-decorate-content\">Batterie RX : 400 mAh<br \/>Nombre de lumi\u00e8re blanche : 24 pi\u00e8ces.<br \/>Nombre de lumi\u00e8re chaude : 24 pi\u00e8ces.<br \/>temps d&#8217;utilisation : 1 heure<br \/>Le motif de lumi\u00e8re : lumi\u00e8re chaude\/lumi\u00e8re froide\/lumi\u00e8re naturelle, 9 vitesses pour r\u00e9gler la luminosit\u00e9.<\/p>\n<\/div>\n<div class=\"detailmodule_text\">\n<p style=\"font-family:OpenSans;font-size:20px;font-weight:900;line-height:28px;white-space:pre-wrap;color:rgb(0, 0, 0);margin-bottom:12px\" class=\"detail-desc-decorate-title\">Le forfait comprend<\/p>\n<p style=\"font-family:OpenSans;font-size:14px;font-weight:300;line-height:20px;white-space:pre-wrap;color:rgb(0, 0, 0);margin-bottom:12px\" class=\"detail-desc-decorate-content\">option 1 : tr\u00e9pied pour perche \u00e0 selfie*1<br \/>option 2 : tr\u00e9pied pour perche \u00e0 selfie*1, anneau lumineux*1<br \/>option 3 : tr\u00e9pied pour perche \u00e0 selfie*1, anneau lumineux*1, microphone sans fil pour Type-C*1<br \/>option 4 : tr\u00e9pied pour perche \u00e0 selfie*1, anneau lumineux*1, microphone sans fil pour iPhone*1<\/p>\n<\/div>\n<h1 style=\"text-align:center\" class=\"detailmodule_image\" align=\"center\">Design cach\u00e9 minimaliste pour satisfaire votre vie dans le<img decoding=\"async\" class=\"detail-desc-decorate-image\" src=\"https:\/\/ae01.alicdn.com\/kf\/S6e0be178b7a74d3daeaea34632c6b9426.jpg\" slate-data-type=\"image\">La combinaison parfaite de design minimaliste et de fonctionnalit\u00e9s pratiques.<img decoding=\"async\" class=\"detail-desc-decorate-image\" src=\"https:\/\/ae01.alicdn.com\/kf\/S24c61380c50349b893fc9fe74a578216y.jpg\" slate-data-type=\"image\">Vue explos\u00e9e du produit<img decoding=\"async\" class=\"detail-desc-decorate-image\" src=\"https:\/\/ae01.alicdn.com\/kf\/S85ecac3f00f44d56967ffb35b7f071d6b.jpg\" slate-data-type=\"image\">L&#8217;\u00e9tirement est \u00e9tonnamment \u00e9lev\u00e9 \u00e0 1,83 m!<img decoding=\"async\" class=\"detail-desc-decorate-image\" src=\"https:\/\/ae01.alicdn.com\/kf\/S8e59278efa6b4c16ad7eee7dadb2bb458.jpg\" slate-data-type=\"image\">La vue a\u00e9rienne peut \u00eatre prise<img decoding=\"async\" class=\"detail-desc-decorate-image\" src=\"https:\/\/ae01.alicdn.com\/kf\/S2ba3e56ad6684b12b7a2f0c2e373758ck.jpg\" slate-data-type=\"image\">Les bottes froides sont con\u00e7ues pour vous offrir plus de vari\u00e9t\u00e9 dans votre ensemble.<img decoding=\"async\" class=\"detail-desc-decorate-image\" src=\"https:\/\/ae01.alicdn.com\/kf\/S55e932967b58438dae19b07704123b4bl.jpg\" slate-data-type=\"image\">Lampe de remplissage portable, fonctionne avec une perche \u00e0 selfie et est livr\u00e9e avec trois couleurs de remplissage<img decoding=\"async\" class=\"detail-desc-decorate-image\" src=\"https:\/\/ae01.alicdn.com\/kf\/Sc34c47b9c25b47228304745a55b3864ak.jpg\" slate-data-type=\"image\"><span style=\"font-size:20px\">En termes de mat\u00e9riau, nous utilisons un mat\u00e9riau ABS haut de gamme, qui sera tr\u00e8s r\u00e9sistant lors de l&#8217;utilisation.<\/span><img decoding=\"async\" class=\"detail-desc-decorate-image\" src=\"https:\/\/ae01.alicdn.com\/kf\/Saeb67f5de99d431aa2000141891c2b78w.jpg\" slate-data-type=\"image\">Stabilisateur surdimensionn\u00e9 \u00e0 trois pieds<img decoding=\"async\" class=\"detail-desc-decorate-image\" src=\"https:\/\/ae01.alicdn.com\/kf\/Sd813644143aa4a2a999cb0bc14204320o.jpg\" slate-data-type=\"image\"><span style=\"font-size:18px\">Utilisez la t\u00e9l\u00e9commande Bluetooth pour prendre des photos \u00e0 distance sans cliquer sur votre t\u00e9l\u00e9phone.<\/span><img decoding=\"async\" class=\"detail-desc-decorate-image\" src=\"https:\/\/ae01.alicdn.com\/kf\/Se521865be2014d9897e5e16ca0e1f9d4t.jpg\" slate-data-type=\"image\">Rangement facile<img decoding=\"async\" class=\"detail-desc-decorate-image\" src=\"https:\/\/ae01.alicdn.com\/kf\/S03a607e34c7e44b89b3730d6f00ee8467.jpg\" slate-data-type=\"image\"><span style=\"font-size:20px\">Des dessins d\u00e9taill\u00e9s du produit, afin que vous puissiez comprendre les caract\u00e9ristiques du produit<\/span><img decoding=\"async\" class=\"detail-desc-decorate-image\" src=\"https:\/\/ae01.alicdn.com\/kf\/S63e95294861840a8ac3f52409991c2ecz.jpg\" slate-data-type=\"image\"><img decoding=\"async\" class=\"detail-desc-decorate-image\" src=\"https:\/\/ae01.alicdn.com\/kf\/S1591ae545cbc42629a6343f527dcb89br.jpg\" slate-data-type=\"image\">Sc\u00e9narios d&#8217;utilisationIntroduction<img decoding=\"async\" class=\"detail-desc-decorate-image\" src=\"https:\/\/ae01.alicdn.com\/kf\/Sf86ac031301849fbb11fe82de19956ea9.jpg\" slate-data-type=\"image\"><img decoding=\"async\" class=\"detail-desc-decorate-image\" src=\"https:\/\/ae01.alicdn.com\/kf\/S9e74085de4bd40c9a5035a2f6aa53d03h.jpg\" slate-data-type=\"image\">Propri\u00e9t\u00e9s du produit<img decoding=\"async\" class=\"detail-desc-decorate-image\" src=\"https:\/\/ae01.alicdn.com\/kf\/Sda2a18de03a548d99ffcc0e54e65beb5y.jpg\" slate-data-type=\"image\"><img decoding=\"async\" class=\"detail-desc-decorate-image\" src=\"https:\/\/ae01.alicdn.com\/kf\/S20b5e4fb41704330975bfea04c3978b6K.jpg\" slate-data-type=\"image\"><\/h1>\n<p><\/p>\n<\/div>\n<\/div>","protected":false},"excerpt":{"rendered":"<p>Chimique Hign-concern\u00e9:&nbsp;Aucun Poids (g):&nbsp;380 Longueur maximale \u00e9tendue (mm):&nbsp;1830 Paquet:&nbsp;Oui Communication:&nbsp;bluetooth Supporte T\u00e9l\u00e9commande:&nbsp;Oui Configur\u00e9 pour (Adaptation):&nbsp;Les t\u00e9l\u00e9phones intelligents Num\u00e9ro de Mod\u00e8le:&nbsp;C10<\/p>","protected":false},"featured_media":12872,"comment_status":"open","ping_status":"closed","template":"","meta":[],"product_brand":[],"product_cat":[5773,5771],"product_tag":[],"class_list":{"0":"post-12871","1":"product","2":"type-product","3":"status-publish","4":"has-post-thumbnail","6":"product_cat-rgb-lights","7":"product_cat-studio-lights-photograhy-accessories","9":"first","10":"instock","11":"shipping-taxable","12":"purchasable","13":"product-type-variable"},"jetpack_sharing_enabled":true,"_links":{"self":[{"href":"https:\/\/afrycom.com\/fr\/wp-json\/wp\/v2\/product\/12871","targetHints":{"allow":["GET"]}}],"collection":[{"href":"https:\/\/afrycom.com\/fr\/wp-json\/wp\/v2\/product"}],"about":[{"href":"https:\/\/afrycom.com\/fr\/wp-json\/wp\/v2\/types\/product"}],"replies":[{"embeddable":true,"href":"https:\/\/afrycom.com\/fr\/wp-json\/wp\/v2\/comments?post=12871"}],"wp:featuredmedia":[{"embeddable":true,"href":"https:\/\/afrycom.com\/fr\/wp-json\/wp\/v2\/media\/12872"}],"wp:attachment":[{"href":"https:\/\/afrycom.com\/fr\/wp-json\/wp\/v2\/media?parent=12871"}],"wp:term":[{"taxonomy":"product_brand","embeddable":true,"href":"https:\/\/afrycom.com\/fr\/wp-json\/wp\/v2\/product_brand?post=12871"},{"taxonomy":"product_cat","embeddable":true,"href":"https:\/\/afrycom.com\/fr\/wp-json\/wp\/v2\/product_cat?post=12871"},{"taxonomy":"product_tag","embeddable":true,"href":"https:\/\/afrycom.com\/fr\/wp-json\/wp\/v2\/product_tag?post=12871"}],"curies":[{"name":"wp","href":"https:\/\/api.w.org\/{rel}","templated":true}]}}