{"id":12776,"date":"2025-03-23T03:21:52","date_gmt":"2025-03-23T03:21:52","guid":{"rendered":"https:\/\/afrycom.com\/product\/mocassins-en-cuir-a-enfiler-pour-hommes-chaussures-provoque-mocassins-de-luxe-chaussures-de-fete-et-de-mariage-mode\/"},"modified":"2025-10-07T10:04:15","modified_gmt":"2025-10-07T10:04:15","slug":"mocassins-en-cuir-a-enfiler-pour-hommes-chaussures-provoque-mocassins-de-luxe-chaussures-de-fete-et-de-mariage-mode","status":"publish","type":"product","link":"https:\/\/afrycom.com\/fr\/produit\/mocassins-en-cuir-a-enfiler-pour-hommes-chaussures-provoque-mocassins-de-luxe-chaussures-de-fete-et-de-mariage-mode\/","title":{"rendered":"Mocassins en cuir \u00e0 enfiler pour hommes, chaussures provoqu\u00e9, mocassins de luxe, chaussures de f\u00eate et de mariage, mode"},"content":{"rendered":"<div class=\"product-specs-list-container\">\n<ul class=\"product-specs-list util-clearfix\">\n<li class=\"product-prop line-limit-length\"><span\n                                        class=\"property-title\">Chimique Hign-concern\u00e9 :&nbsp;<\/span><span\n                                        class=\"property-desc line-limit-length\">Aucun<\/span>\n                            <\/li>\n<li class=\"product-prop line-limit-length\"><span\n                                        class=\"property-title\">Occasion :&nbsp;<\/span><span\n                                        class=\"property-desc line-limit-length\">Bureau et carri\u00e8re<\/span>\n                            <\/li>\n<li class=\"product-prop line-limit-length\"><span\n                                        class=\"property-title\">\u00c9l\u00e9ment mode :&nbsp;<\/span><span\n                                        class=\"property-desc line-limit-length\">Crois\u00e9<\/span>\n                            <\/li>\n<li class=\"product-prop line-limit-length\"><span\n                                        class=\"property-title\">Ajustement :&nbsp;<\/span><span\n                                        class=\"property-desc line-limit-length\">S&#039;adapte \u00e0 la taille, prenez votre taille normale<\/span>\n                            <\/li>\n<li class=\"product-prop line-limit-length\"><span\n                                        class=\"property-title\">Type de Motif :&nbsp;<\/span><span\n                                        class=\"property-desc line-limit-length\">Solide<\/span>\n                            <\/li>\n<li class=\"product-prop line-limit-length\"><span\n                                        class=\"property-title\">Saison :&nbsp;<\/span><span\n                                        class=\"property-desc line-limit-length\">Printemps \/ Automne<\/span>\n                            <\/li>\n<li class=\"product-prop line-limit-length\"><span\n                                        class=\"property-title\">Num\u00e9ro de Mod\u00e8le :&nbsp;<\/span><span\n                                        class=\"property-desc line-limit-length\">3322<\/span>\n                            <\/li>\n<li class=\"product-prop line-limit-length\"><span\n                                        class=\"property-title\">Type de Fermeture :&nbsp;<\/span><span\n                                        class=\"property-desc line-limit-length\">SLIP-ON<\/span>\n                            <\/li>\n<li class=\"product-prop line-limit-length\"><span\n                                        class=\"property-title\">Caract\u00e9ristique :&nbsp;<\/span><span\n                                        class=\"property-desc line-limit-length\">respirant<\/span>\n                            <\/li>\n<li class=\"product-prop line-limit-length\"><span\n                                        class=\"property-title\">Type de chaussures :&nbsp;<\/span><span\n                                        class=\"property-desc line-limit-length\">Mocassins<\/span>\n                            <\/li>\n<li class=\"product-prop line-limit-length\"><span\n                                        class=\"property-title\">Mat\u00e9riel Doublure :&nbsp;<\/span><span\n                                        class=\"property-desc line-limit-length\">PU<\/span>\n                            <\/li>\n<li class=\"product-prop line-limit-length\"><span\n                                        class=\"property-title\">Mat\u00e9riel de semelle :&nbsp;<\/span><span\n                                        class=\"property-desc line-limit-length\">EVA<\/span>\n                            <\/li>\n<li class=\"product-prop line-limit-length\"><span\n                                        class=\"property-title\">Mat\u00e9riau de Semelle Ext\u00e9rieure :&nbsp;<\/span><span\n                                        class=\"property-desc line-limit-length\">CAOUTCHOUC<\/span>\n                            <\/li>\n<li class=\"product-prop line-limit-length\"><span\n                                        class=\"property-title\">Mat\u00e9riau Sup\u00e9rieur :&nbsp;<\/span><span\n                                        class=\"property-desc line-limit-length\">su\u00e8de de vache<\/span>\n                            <\/li>\n<li class=\"product-prop line-limit-length\"><span\n                                        class=\"property-title\">Nom de marque :&nbsp;<\/span><span\n                                        class=\"property-desc line-limit-length\">DXKZMCM<\/span>\n                            <\/li>\n<li class=\"product-prop line-limit-length\"><span\n                                        class=\"property-title\">Origine :&nbsp;<\/span><span\n                                        class=\"property-desc line-limit-length\">CN (Origine)<\/span>\n                            <\/li>\n<li class=\"product-prop line-limit-length\"><span\n                                        class=\"property-title\">Type d'article :&nbsp;<\/span><span\n                                        class=\"property-desc line-limit-length\">Chaussures d\u00e9contract\u00e9es<\/span>\n                            <\/li>\n<li class=\"product-prop line-limit-length\"><span\n                                        class=\"property-title\">Nom de D\u00e9partement :&nbsp;<\/span><span\n                                        class=\"property-desc line-limit-length\">Adulte<\/span>\n                            <\/li>\n<li class=\"product-prop line-limit-length\"><span\n                                        class=\"property-title\">Taille :&nbsp;<\/span><span\n                                        class=\"property-desc line-limit-length\">big size 37,38,39,40,41,42,43,44,45,46,47<\/span>\n                            <\/li>\n<\/ul><\/div>\n<div class=\"detailmodule_html\">\n<div class=\"detail-desc-decorate-richtext\">\n<div>\n <img decoding=\"async\" class=\"detail-desc-decorate-image\" src=\"https:\/\/ae01.alicdn.com\/kf\/H39a53df4cad14d6898cdb63ae58a84ddV.jpg\" slate-data-type=\"image\" \/><br \/>\n <img decoding=\"async\" class=\"detail-desc-decorate-image\" src=\"https:\/\/ae01.alicdn.com\/kf\/H93aa347e3f814b969bcaf72948a093316.jpg\" slate-data-type=\"image\" \/><br \/>\n <img decoding=\"async\" class=\"detail-desc-decorate-image\" src=\"https:\/\/ae01.alicdn.com\/kf\/H3f8cf8055c874c72b7d877fc52fc2d5el.jpg\" slate-data-type=\"image\" \/><br \/>\n <img decoding=\"async\" class=\"detail-desc-decorate-image\" src=\"https:\/\/ae01.alicdn.com\/kf\/H2e55d14961ed4ca9a527229d0508c206M.jpg\" slate-data-type=\"image\" \/><br \/>\n <img decoding=\"async\" class=\"detail-desc-decorate-image\" src=\"https:\/\/ae01.alicdn.com\/kf\/Hd15d32d6c7da40418edcfb447e2c9ac1l.jpg\" slate-data-type=\"image\" \/><br \/>\n <img decoding=\"async\" class=\"detail-desc-decorate-image\" src=\"https:\/\/ae01.alicdn.com\/kf\/H9fcd21a88c5e49b99dc506b4249dc9caU.jpg\" slate-data-type=\"image\" \/><br \/>\n <img decoding=\"async\" class=\"detail-desc-decorate-image\" src=\"https:\/\/ae01.alicdn.com\/kf\/Hfa1b98569721486790341a4b858120c9K.jpg\" slate-data-type=\"image\" \/><br \/>\n <img decoding=\"async\" class=\"detail-desc-decorate-image\" src=\"https:\/\/ae01.alicdn.com\/kf\/Hb41413479cd64ec4b422a064928ab4e5z.jpg\" slate-data-type=\"image\" \/><br \/>\n <img decoding=\"async\" class=\"detail-desc-decorate-image\" src=\"https:\/\/ae01.alicdn.com\/kf\/H9c09f12bb31f44b58d43c54478e5a887Z.jpg\" slate-data-type=\"image\" \/><br \/>\n <img decoding=\"async\" class=\"detail-desc-decorate-image\" src=\"https:\/\/ae01.alicdn.com\/kf\/H2303e8547f2049e8a491d75a425bc5e8S.jpg\" slate-data-type=\"image\" \/><br \/>\n <img decoding=\"async\" class=\"detail-desc-decorate-image\" src=\"https:\/\/ae01.alicdn.com\/kf\/H1827b95a3dbe4a8a974c7193e52e665ds.jpg\" slate-data-type=\"image\" \/><br \/>\n <img decoding=\"async\" src=\"https:\/\/ae01.alicdn.com\/kf\/S43813b6a06204988874491b38aed370bm.jpg?width=800&amp;height=800&amp;hash=1600\" slate-data-type=\"image\" \/><br \/>\n <img decoding=\"async\" src=\"https:\/\/ae01.alicdn.com\/kf\/S626187b6512544409a89fd6ca88868faC.jpg?width=800&amp;height=800&amp;hash=1600\" slate-data-type=\"image\" \/><br \/>\n <img decoding=\"async\" src=\"https:\/\/ae01.alicdn.com\/kf\/S2ee7c164e8434fcfa2179bfe335ea6bdL.jpg?width=790&amp;height=964&amp;hash=1754\" slate-data-type=\"image\" \/>\n<\/div>\n<div>\n <img decoding=\"async\" class=\"detail-desc-decorate-image\" src=\"https:\/\/ae01.alicdn.com\/kf\/H90c762cb49024df194650ab9a8da1561n.jpg\" slate-data-type=\"image\" \/><br \/>\n <img decoding=\"async\" class=\"detail-desc-decorate-image\" src=\"https:\/\/ae01.alicdn.com\/kf\/H68a9b3837e874bf09bf747f82e507dc8P.jpg\" slate-data-type=\"image\" \/><br \/>\n <img decoding=\"async\" class=\"detail-desc-decorate-image\" src=\"https:\/\/ae01.alicdn.com\/kf\/Hb143d6666a984e15946ad316b9822b0fR.jpg\" slate-data-type=\"image\" \/><br \/>\n <img decoding=\"async\" class=\"detail-desc-decorate-image\" src=\"https:\/\/ae01.alicdn.com\/kf\/Hb55cd9effa184bdf94aeb6043bb4b36d3.jpg\" slate-data-type=\"image\" \/><br \/>\n <img decoding=\"async\" class=\"detail-desc-decorate-image\" src=\"https:\/\/ae01.alicdn.com\/kf\/Hd32098bea4774274baddca66ce2120d5M.jpg\" slate-data-type=\"image\" \/><br \/>\n <img decoding=\"async\" class=\"detail-desc-decorate-image\" src=\"https:\/\/ae01.alicdn.com\/kf\/H6f4d9ae710ee41a295c3225eaaed2101s.jpg\" slate-data-type=\"image\" \/><br \/>\n <img decoding=\"async\" class=\"detail-desc-decorate-image\" src=\"https:\/\/ae01.alicdn.com\/kf\/H8778d288175d44feabeb6656727f9539z.jpg\" slate-data-type=\"image\" \/><br \/>\n <img decoding=\"async\" class=\"detail-desc-decorate-image\" src=\"https:\/\/ae01.alicdn.com\/kf\/H5611ca8675cc4c7a86b8d76728f3b9a6t.jpg\" slate-data-type=\"image\" \/><br \/>\n <img decoding=\"async\" class=\"detail-desc-decorate-image\" src=\"https:\/\/ae01.alicdn.com\/kf\/H661c35ce4dbe470eb4df24126735eadfB.jpg\" slate-data-type=\"image\" \/><br \/>\n <img decoding=\"async\" src=\"https:\/\/ae01.alicdn.com\/kf\/Sc9372de16ea643adb566ae69994ea6c2l.jpg?width=800&amp;height=800&amp;hash=1600\" slate-data-type=\"image\" \/><br \/>\n <img decoding=\"async\" src=\"https:\/\/ae01.alicdn.com\/kf\/Se10645457dd74ea997c80b1a23beda579.jpg?width=800&amp;height=800&amp;hash=1600\" slate-data-type=\"image\" \/><br \/>\n <img decoding=\"async\" src=\"https:\/\/ae01.alicdn.com\/kf\/S18949a4d03db4534900c799a7661993bL.jpg?width=800&amp;height=800&amp;hash=1600\" slate-data-type=\"image\" \/><br \/>\n <img decoding=\"async\" src=\"https:\/\/ae01.alicdn.com\/kf\/S78bf3b3378f144c98469306789654d698.jpg?width=800&amp;height=800&amp;hash=1600\" slate-data-type=\"image\" \/><br \/>\n <img decoding=\"async\" src=\"https:\/\/ae01.alicdn.com\/kf\/S17dbceb50c974b84b40f66744187946fD.jpg?width=800&amp;height=800&amp;hash=1600\" slate-data-type=\"image\" \/><br \/>\n <img decoding=\"async\" src=\"https:\/\/ae01.alicdn.com\/kf\/Hff5e36af308b4790af941328f6f580b4q.jpg?width=800&amp;height=800&amp;hash=1600\" slate-data-type=\"image\" \/><br \/>\n <img decoding=\"async\" src=\"https:\/\/ae01.alicdn.com\/kf\/Hd4b97d2bae494d1cabb47ae0cf4a6d5ar.jpg?width=800&amp;height=800&amp;hash=1600\" slate-data-type=\"image\" \/><br \/>\n <img decoding=\"async\" src=\"https:\/\/ae01.alicdn.com\/kf\/Hf85614e0a783424bb488cd8eba19bd6a3.jpg?width=800&amp;height=800&amp;hash=1600\" slate-data-type=\"image\" \/><br \/>\n <img decoding=\"async\" src=\"https:\/\/ae01.alicdn.com\/kf\/Hd7be123c6306491f8ee29c9bd0ee4539l.jpg?width=800&amp;height=800&amp;hash=1600\" slate-data-type=\"image\" \/><br \/>\n <img decoding=\"async\" src=\"https:\/\/ae01.alicdn.com\/kf\/H26a4b1ec9d664856a6196a49a5419e3d7.jpg?width=800&amp;height=800&amp;hash=1600\" slate-data-type=\"image\" \/><br \/>\n <img decoding=\"async\" src=\"https:\/\/ae01.alicdn.com\/kf\/H1707ff5e641b4262bcbd43771df997acJ.jpg?width=800&amp;height=800&amp;hash=1600\" slate-data-type=\"image\" \/><br \/>\n <img decoding=\"async\" src=\"https:\/\/ae01.alicdn.com\/kf\/H0cb8f034448e4ce5a8db9932e3791e24m.jpg?width=800&amp;height=800&amp;hash=1600\" slate-data-type=\"image\" \/><br \/>\n <img decoding=\"async\" src=\"https:\/\/ae01.alicdn.com\/kf\/S9a224febe3e04a978b7f62238efc925ab.jpg?width=800&amp;height=800&amp;hash=1600\" slate-data-type=\"image\" \/><br \/>\n <img decoding=\"async\" src=\"https:\/\/ae01.alicdn.com\/kf\/S65cbb3e04e754715b28bea953eebe268i.jpg?width=800&amp;height=800&amp;hash=1600\" slate-data-type=\"image\" \/><br \/>\n <img decoding=\"async\" src=\"https:\/\/ae01.alicdn.com\/kf\/S48f67035803341c6af786ecf9c3930a4j.jpg?width=800&amp;height=800&amp;hash=1600\" slate-data-type=\"image\" \/><br \/>\n <img decoding=\"async\" src=\"https:\/\/ae01.alicdn.com\/kf\/S3ab6f6a84a094f9d9d946b1f93982419k.jpg?width=800&amp;height=800&amp;hash=1600\" slate-data-type=\"image\" \/><br \/>\n <img decoding=\"async\" src=\"https:\/\/ae01.alicdn.com\/kf\/Sb761d256837c4021b2092df3fd4f12c4s.jpg?width=800&amp;height=800&amp;hash=1600\" slate-data-type=\"image\" \/><br \/>\n <img decoding=\"async\" src=\"https:\/\/ae01.alicdn.com\/kf\/Sb2f07618b712492dae8dfe6b8cb918c8d.jpg?width=800&amp;height=800&amp;hash=1600\" slate-data-type=\"image\" \/><br \/>\n <img decoding=\"async\" src=\"https:\/\/ae01.alicdn.com\/kf\/Sc62bd27e02224becaa9d55c0411f1709U.jpg?width=800&amp;height=800&amp;hash=1600\" slate-data-type=\"image\" \/><br \/>\n <img decoding=\"async\" src=\"https:\/\/ae01.alicdn.com\/kf\/S1a4a1875a40448a5a61190667f002e3cR.jpg?width=800&amp;height=800&amp;hash=1600\" slate-data-type=\"image\" \/>\n<\/div>\n<p><\/div>\n<\/div>","protected":false},"excerpt":{"rendered":"<p>Chimique Hign-concern\u00e9:&nbsp;Aucun Occasion:&nbsp;Bureau et carri\u00e8re \u00c9l\u00e9ment mode:&nbsp;Crois\u00e9 Ajustement:&nbsp;S&#039;adapte \u00e0 la taille, prenez votre taille normale Type de Motif:&nbsp;Solide Saison:&nbsp;Printemps \/<\/p>","protected":false},"featured_media":12777,"comment_status":"open","ping_status":"closed","template":"","meta":[],"product_brand":[],"product_cat":[4983,1450],"product_tag":[],"class_list":{"0":"post-12776","1":"product","2":"type-product","3":"status-publish","4":"has-post-thumbnail","6":"product_cat-dress-shoes","7":"product_cat-mens-section","9":"first","10":"instock","11":"shipping-taxable","12":"purchasable","13":"product-type-variable"},"jetpack_sharing_enabled":true,"_links":{"self":[{"href":"https:\/\/afrycom.com\/fr\/wp-json\/wp\/v2\/product\/12776","targetHints":{"allow":["GET"]}}],"collection":[{"href":"https:\/\/afrycom.com\/fr\/wp-json\/wp\/v2\/product"}],"about":[{"href":"https:\/\/afrycom.com\/fr\/wp-json\/wp\/v2\/types\/product"}],"replies":[{"embeddable":true,"href":"https:\/\/afrycom.com\/fr\/wp-json\/wp\/v2\/comments?post=12776"}],"wp:featuredmedia":[{"embeddable":true,"href":"https:\/\/afrycom.com\/fr\/wp-json\/wp\/v2\/media\/12777"}],"wp:attachment":[{"href":"https:\/\/afrycom.com\/fr\/wp-json\/wp\/v2\/media?parent=12776"}],"wp:term":[{"taxonomy":"product_brand","embeddable":true,"href":"https:\/\/afrycom.com\/fr\/wp-json\/wp\/v2\/product_brand?post=12776"},{"taxonomy":"product_cat","embeddable":true,"href":"https:\/\/afrycom.com\/fr\/wp-json\/wp\/v2\/product_cat?post=12776"},{"taxonomy":"product_tag","embeddable":true,"href":"https:\/\/afrycom.com\/fr\/wp-json\/wp\/v2\/product_tag?post=12776"}],"curies":[{"name":"wp","href":"https:\/\/api.w.org\/{rel}","templated":true}]}}