{"id":12751,"date":"2025-03-23T03:21:45","date_gmt":"2025-03-23T03:21:45","guid":{"rendered":"https:\/\/afrycom.com\/product\/hommes-a-la-mode-nouveau-pied-sur-chaussures-decontractees-a-la-mode-homme-baskets-populaire-en-plein-air-polyvalent-confortable-a-semelles-epaisses-hommes-chaussures\/"},"modified":"2025-10-07T10:04:32","modified_gmt":"2025-10-07T10:04:32","slug":"hommes-a-la-mode-nouveau-pied-sur-chaussures-decontractees-a-la-mode-homme-baskets-populaire-en-plein-air-polyvalent-confortable-a-semelles-epaisses-hommes-chaussures","status":"publish","type":"product","link":"https:\/\/afrycom.com\/fr\/produit\/hommes-a-la-mode-nouveau-pied-sur-chaussures-decontractees-a-la-mode-homme-baskets-populaire-en-plein-air-polyvalent-confortable-a-semelles-epaisses-hommes-chaussures\/","title":{"rendered":"Hommes \u00e0 la mode nouveau pied sur chaussures d\u00e9contract\u00e9es \u00e0 la mode homme baskets populaire en plein air polyvalent confortable \u00e0 semelles \u00e9paisses hommes chaussures"},"content":{"rendered":"<div class=\"product-specs-list-container\">\n<ul class=\"product-specs-list util-clearfix\">\n<li class=\"product-prop line-limit-length\"><span\n                                        class=\"property-title\">Avec ou installer des accessoires professionnels :&nbsp;<\/span><span\n                                        class=\"property-desc line-limit-length\">Aucun<\/span>\n                            <\/li>\n<li class=\"product-prop line-limit-length\"><span\n                                        class=\"property-title\">Que ce soit avec embout en m\u00e9tal :&nbsp;<\/span><span\n                                        class=\"property-desc line-limit-length\">Non<\/span>\n                            <\/li>\n<li class=\"product-prop line-limit-length\"><span\n                                        class=\"property-title\">Que ce soit \u00e9tanche :&nbsp;<\/span><span\n                                        class=\"property-desc line-limit-length\">Non<\/span>\n                            <\/li>\n<li class=\"product-prop line-limit-length\"><span\n                                        class=\"property-title\">M\u00e9thode de fixation sup\u00e9rieure :&nbsp;<\/span><span\n                                        class=\"property-desc line-limit-length\">Moulage par injection<\/span>\n                            <\/li>\n<li class=\"product-prop line-limit-length\"><span\n                                        class=\"property-title\">Couverture sup\u00e9rieure :&nbsp;<\/span><span\n                                        class=\"property-desc line-limit-length\">Pas au-dessus de la cheville<\/span>\n                            <\/li>\n<li class=\"product-prop line-limit-length\"><span\n                                        class=\"property-title\">Sexe :&nbsp;<\/span><span\n                                        class=\"property-desc line-limit-length\">Hommes<\/span>\n                            <\/li>\n<li class=\"product-prop line-limit-length\"><span\n                                        class=\"property-title\">Forme des pieds:&nbsp;<\/span><span\n                                        class=\"property-desc line-limit-length\">round toe<\/span>\n                            <\/li>\n<li class=\"product-prop line-limit-length\"><span\n                                        class=\"property-title\">Chimique Hign-concern\u00e9 :&nbsp;<\/span><span\n                                        class=\"property-desc line-limit-length\">Aucun<\/span>\n                            <\/li>\n<li class=\"product-prop line-limit-length\"><span\n                                        class=\"property-title\">Type de chaussures :&nbsp;<\/span><span\n                                        class=\"property-desc line-limit-length\">Base<\/span>\n                            <\/li>\n<li class=\"product-prop line-limit-length\"><span\n                                        class=\"property-title\">Mat\u00e9riel de semelle :&nbsp;<\/span><span\n                                        class=\"property-desc line-limit-length\">EVA<\/span>\n                            <\/li>\n<li class=\"product-prop line-limit-length\"><span\n                                        class=\"property-title\">Saison :&nbsp;<\/span><span\n                                        class=\"property-desc line-limit-length\">Printemps \/ Automne<\/span>\n                            <\/li>\n<li class=\"product-prop line-limit-length\"><span\n                                        class=\"property-title\">Mat\u00e9riel Doublure :&nbsp;<\/span><span\n                                        class=\"property-desc line-limit-length\">Tissu de coton<\/span>\n                            <\/li>\n<li class=\"product-prop line-limit-length\"><span\n                                        class=\"property-title\">Mat\u00e9riau de Semelle Ext\u00e9rieure :&nbsp;<\/span><span\n                                        class=\"property-desc line-limit-length\">CAOUTCHOUC<\/span>\n                            <\/li>\n<li class=\"product-prop line-limit-length\"><span\n                                        class=\"property-title\">Type de Fermeture :&nbsp;<\/span><span\n                                        class=\"property-desc line-limit-length\">Lacets<\/span>\n                            <\/li>\n<li class=\"product-prop line-limit-length\"><span\n                                        class=\"property-title\">Mat\u00e9riau Sup\u00e9rieur :&nbsp;<\/span><span\n                                        class=\"property-desc line-limit-length\">Microfibre<\/span>\n                            <\/li>\n<li class=\"product-prop line-limit-length\"><span\n                                        class=\"property-title\">Nom de marque :&nbsp;<\/span><span\n                                        class=\"property-desc line-limit-length\">HUISONG<\/span>\n                            <\/li>\n<li class=\"product-prop line-limit-length\"><span\n                                        class=\"property-title\">Nom de D\u00e9partement :&nbsp;<\/span><span\n                                        class=\"property-desc line-limit-length\">Adulte<\/span>\n                            <\/li>\n<li class=\"product-prop line-limit-length\"><span\n                                        class=\"property-title\">Origine :&nbsp;<\/span><span\n                                        class=\"property-desc line-limit-length\">CN (Origine)<\/span>\n                            <\/li>\n<li class=\"product-prop line-limit-length\"><span\n                                        class=\"property-title\">Type d'article :&nbsp;<\/span><span\n                                        class=\"property-desc line-limit-length\">Chaussures d\u00e9contract\u00e9es<\/span>\n                            <\/li>\n<\/ul><\/div>\n<div class=\"detailmodule_html\">\n<div class=\"detail-desc-decorate-richtext\">\n<div id=\"offer-template-0\"><img decoding=\"async\" slate-data-type=\"image\" src=\"https:\/\/ae01.alicdn.com\/kf\/S5e84e398218b4376b1004a3c1ca34da8s.jpg?width=790&#038;height=693&#038;hash=1483\" style=\"box-sizing: border-box; -webkit-tap-highlight-color: transparent; outline: 0px; border: 0px; margin: 0px; padding: 0px; max-width: 100%; vertical-align: middle; color: rgb(34, 34, 34); font-family: &quot;TT Norms Pro&quot;, &quot;Open Sans&quot;, Roboto, Arial, Helvetica, sans-serif, SimSun; font-size: 14px; font-style: normal; font-variant-ligatures: normal; font-variant-caps: normal; font-weight: 400; letter-spacing: normal; orphans: 2; text-align: start; text-indent: 0px; text-transform: none; widows: 2; word-spacing: 0px; -webkit-text-stroke-width: 0px; white-space: normal; text-decoration-thickness: initial; text-decoration-style: initial; text-decoration-color: initial; width: 790px;\" width=\"790px\"><\/div>\n<p><img decoding=\"async\" alt=\"\" referrerpolicy=\"no-referrer\" src=\"https:\/\/ae01.alicdn.com\/kf\/Sce1556906d154c7695a75b9301ee2512b.jpg?width=750&#038;height=1120&#038;hash=1870\"><img decoding=\"async\" alt=\"\" referrerpolicy=\"no-referrer\" src=\"https:\/\/ae01.alicdn.com\/kf\/S04528026643f4f8ca7dad64512fb932e6.jpg?width=750&#038;height=1369&#038;hash=2119\"><img decoding=\"async\" alt=\"\" referrerpolicy=\"no-referrer\" src=\"https:\/\/ae01.alicdn.com\/kf\/S95fc1368dbd749a4b5e4d0c60bf35f45k.jpg?width=750&#038;height=830&#038;hash=1580\"><img decoding=\"async\" alt=\"\" referrerpolicy=\"no-referrer\" src=\"https:\/\/ae01.alicdn.com\/kf\/Sd74f99e1d4fe4b698343652c3f925fd6D.jpg?width=750&#038;height=806&#038;hash=1556\"><img decoding=\"async\" alt=\"\" referrerpolicy=\"no-referrer\" src=\"https:\/\/ae01.alicdn.com\/kf\/S3fef959888bd4f568ba5439ae6981b73i.jpg?width=750&#038;height=269&#038;hash=1019\"><img decoding=\"async\" alt=\"\" referrerpolicy=\"no-referrer\" src=\"https:\/\/ae01.alicdn.com\/kf\/Sa7ae34c10a164fd5aabbb43990a48c2fl.jpg?width=750&#038;height=1139&#038;hash=1889\"><img decoding=\"async\" alt=\"\" referrerpolicy=\"no-referrer\" src=\"https:\/\/ae01.alicdn.com\/kf\/S5d9d6838f4d54b8f9741cc2a2c504eefa.jpg?width=750&#038;height=1378&#038;hash=2128\"><img decoding=\"async\" alt=\"\" referrerpolicy=\"no-referrer\" src=\"https:\/\/ae01.alicdn.com\/kf\/S0a5e104f8e41442b8e5b186efbc9d7348.jpg?width=750&#038;height=1212&#038;hash=1962\"><img decoding=\"async\" alt=\"\" referrerpolicy=\"no-referrer\" src=\"https:\/\/ae01.alicdn.com\/kf\/S7ef6c23e6992456c86b84720d15880e3r.jpg?width=750&#038;height=1012&#038;hash=1762\"><img decoding=\"async\" alt=\"\" referrerpolicy=\"no-referrer\" src=\"https:\/\/ae01.alicdn.com\/kf\/S7bd0a42ec29b4e5bb7fb49ea67c2f7f3A.jpg?width=750&#038;height=1467&#038;hash=2217\"><img decoding=\"async\" alt=\"\" referrerpolicy=\"no-referrer\" src=\"https:\/\/ae01.alicdn.com\/kf\/S4f6368c9f7464b46b22f6f87697fdaf1G.jpg?width=750&#038;height=1056&#038;hash=1806\"><img decoding=\"async\" alt=\"\" referrerpolicy=\"no-referrer\" src=\"https:\/\/ae01.alicdn.com\/kf\/S38f037e08bae490e996cd64fabc50478o.jpg?width=750&#038;height=1122&#038;hash=1872\"><img decoding=\"async\" alt=\"\" referrerpolicy=\"no-referrer\" src=\"https:\/\/ae01.alicdn.com\/kf\/S43364c6a62474702a8e90e67e3dec2a47.jpg?width=750&#038;height=1083&#038;hash=1833\"><img decoding=\"async\" alt=\"\" referrerpolicy=\"no-referrer\" src=\"https:\/\/ae01.alicdn.com\/kf\/Sa15824c9049d463c8580337189c9f7d9O.jpg?width=750&#038;height=1223&#038;hash=1973\"><img decoding=\"async\" alt=\"\" referrerpolicy=\"no-referrer\" src=\"https:\/\/ae01.alicdn.com\/kf\/Scdd88e2d786d45a383623db9e1f392f9L.jpg?width=750&#038;height=1128&#038;hash=1878\"><img decoding=\"async\" alt=\"\" referrerpolicy=\"no-referrer\" src=\"https:\/\/ae01.alicdn.com\/kf\/S3cb2f19dda7342dd92bd833c7f0fe30eq.jpg?width=750&#038;height=773&#038;hash=1523\"><img decoding=\"async\" alt=\"\" referrerpolicy=\"no-referrer\" src=\"https:\/\/ae01.alicdn.com\/kf\/S77cf5807b0064bdba14d36a796a25157L.jpg?width=750&#038;height=758&#038;hash=1508\"><img decoding=\"async\" alt=\"\" referrerpolicy=\"no-referrer\" src=\"https:\/\/ae01.alicdn.com\/kf\/Sa2f169122da14bb796011e756289f9efO.jpg?width=750&#038;height=783&#038;hash=1533\"><img decoding=\"async\" alt=\"\" referrerpolicy=\"no-referrer\" src=\"https:\/\/ae01.alicdn.com\/kf\/S4ca64b67102a411c81e13a8cecc8f9bbB.jpg?width=750&#038;height=777&#038;hash=1527\"><img decoding=\"async\" alt=\"\" referrerpolicy=\"no-referrer\" src=\"https:\/\/ae01.alicdn.com\/kf\/S4093aaeedaf2490cb4bf7c150faa8c3cQ.jpg?width=750&#038;height=776&#038;hash=1526\"><img decoding=\"async\" alt=\"\" referrerpolicy=\"no-referrer\" src=\"https:\/\/ae01.alicdn.com\/kf\/S3059d58c906b4badaa022ec6e13817349.jpg?width=750&#038;height=767&#038;hash=1517\"><img decoding=\"async\" alt=\"\" referrerpolicy=\"no-referrer\" src=\"https:\/\/ae01.alicdn.com\/kf\/Sb702d6a163ad45f1a627ae1f8b147d0e0.jpg?width=750&#038;height=695&#038;hash=1445\"><img decoding=\"async\" alt=\"\" referrerpolicy=\"no-referrer\" src=\"https:\/\/ae01.alicdn.com\/kf\/Sf9cedd71b95d4036b2d25e844fd3d9c5F.jpg?width=750&#038;height=630&#038;hash=1380\"><img decoding=\"async\" alt=\"\" referrerpolicy=\"no-referrer\" src=\"https:\/\/ae01.alicdn.com\/kf\/S2f0f7725398e4f24b9bf19c2be06b72eA.jpg?width=750&#038;height=620&#038;hash=1370\"><\/p>\n<div id=\"offer-template-1450686394303\">&nbsp;<\/div>\n<p><br class=\"img-brk\"><br \/>\n&nbsp;<\/p>\n<\/div>\n<\/div>","protected":false},"excerpt":{"rendered":"<p>Avec ou installer des accessoires professionnels:&nbsp;Aucun Que ce soit avec embout en m\u00e9tal:&nbsp;Non Que ce soit \u00e9tanche:&nbsp;Non M\u00e9thode de fixation<\/p>","protected":false},"featured_media":12752,"comment_status":"open","ping_status":"closed","template":"","meta":[],"product_brand":[],"product_cat":[4983,1450],"product_tag":[],"class_list":{"0":"post-12751","1":"product","2":"type-product","3":"status-publish","4":"has-post-thumbnail","6":"product_cat-dress-shoes","7":"product_cat-mens-section","9":"first","10":"instock","11":"shipping-taxable","12":"purchasable","13":"product-type-variable"},"jetpack_sharing_enabled":true,"_links":{"self":[{"href":"https:\/\/afrycom.com\/fr\/wp-json\/wp\/v2\/product\/12751","targetHints":{"allow":["GET"]}}],"collection":[{"href":"https:\/\/afrycom.com\/fr\/wp-json\/wp\/v2\/product"}],"about":[{"href":"https:\/\/afrycom.com\/fr\/wp-json\/wp\/v2\/types\/product"}],"replies":[{"embeddable":true,"href":"https:\/\/afrycom.com\/fr\/wp-json\/wp\/v2\/comments?post=12751"}],"wp:featuredmedia":[{"embeddable":true,"href":"https:\/\/afrycom.com\/fr\/wp-json\/wp\/v2\/media\/12752"}],"wp:attachment":[{"href":"https:\/\/afrycom.com\/fr\/wp-json\/wp\/v2\/media?parent=12751"}],"wp:term":[{"taxonomy":"product_brand","embeddable":true,"href":"https:\/\/afrycom.com\/fr\/wp-json\/wp\/v2\/product_brand?post=12751"},{"taxonomy":"product_cat","embeddable":true,"href":"https:\/\/afrycom.com\/fr\/wp-json\/wp\/v2\/product_cat?post=12751"},{"taxonomy":"product_tag","embeddable":true,"href":"https:\/\/afrycom.com\/fr\/wp-json\/wp\/v2\/product_tag?post=12751"}],"curies":[{"name":"wp","href":"https:\/\/api.w.org\/{rel}","templated":true}]}}