{"id":12744,"date":"2025-03-23T03:21:29","date_gmt":"2025-03-23T03:21:29","guid":{"rendered":"https:\/\/afrycom.com\/product\/congelateur-horizontal-a-temperature-unique-mode-de-refroidissement-direct-refrigerateur-de-supermarche-avec-compresseur-porte-unique\/"},"modified":"2025-07-14T03:33:56","modified_gmt":"2025-07-14T03:33:56","slug":"congelateur-horizontal-a-temperature-unique-mode-de-refroidissement-direct-refrigerateur-de-supermarche-avec-compresseur-porte-unique","status":"publish","type":"product","link":"https:\/\/afrycom.com\/fr\/produit\/congelateur-horizontal-a-temperature-unique-mode-de-refroidissement-direct-refrigerateur-de-supermarche-avec-compresseur-porte-unique\/","title":{"rendered":"Cong\u00e9lateur horizontal \u00e0 temp\u00e9rature unique, Mode de refroidissement Direct, r\u00e9frig\u00e9rateur de supermarch\u00e9 avec compresseur, porte unique"},"content":{"rendered":"<p>&nbsp;<\/p>\n<div class=\"product-specs-list-container\">\n<ul class=\"product-specs-list util-clearfix\">\n<li class=\"product-prop line-limit-length\"><span class=\"property-title\">Chimique Hign-concern\u00e9 :\u00a0<\/span><span class=\"property-desc line-limit-length\">Aucun<\/span><\/li>\n<li class=\"product-prop line-limit-length\"><span class=\"property-title\">Source d'\u00e9nergie :\u00a0<\/span><span class=\"property-desc line-limit-length\">AC<\/span><\/li>\n<li class=\"product-prop line-limit-length\"><span class=\"property-title\">Capacit\u00e9 de r\u00e9frig\u00e9ration :\u00a0<\/span><span class=\"property-desc line-limit-length\">\u226536kg\/24h<\/span><\/li>\n<li class=\"product-prop line-limit-length\"><span class=\"property-title\">Consommation d'\u00e9nergie (Kwh\/24h) :\u00a0<\/span><span class=\"property-desc line-limit-length\">&gt; 2,5<\/span><\/li>\n<li class=\"product-prop line-limit-length\"><span class=\"property-title\">Fonction :\u00a0<\/span><span class=\"property-desc line-limit-length\">Frigorification et cong\u00e9lation<\/span><\/li>\n<li class=\"product-prop line-limit-length\"><span class=\"property-title\">Certification :\u00a0<\/span><span class=\"property-desc line-limit-length\">Cb,ce,CSA,EMC,EMF,GS,LFGB,ROHS,SASO,UR,CE<\/span><\/li>\n<li class=\"product-prop line-limit-length\"><span class=\"property-title\">Type :\u00a0<\/span><span class=\"property-desc line-limit-length\">Debout<\/span><\/li>\n<li class=\"product-prop line-limit-length\"><span class=\"property-title\">Cote D'efficacit\u00e9 Energ\u00e9tique :\u00a0<\/span><span class=\"property-desc line-limit-length\">Niveau 1<\/span><\/li>\n<li class=\"product-prop line-limit-length\"><span class=\"property-title\">Capacit\u00e9 :\u00a0<\/span><span class=\"property-desc line-limit-length\">201-250L<\/span><\/li>\n<li class=\"product-prop line-limit-length\"><span class=\"property-title\">Tension (V) :\u00a0<\/span><span class=\"property-desc line-limit-length\">220V<\/span><\/li>\n<li class=\"product-prop line-limit-length\"><span class=\"property-title\">Puissance (W) :\u00a0<\/span><span class=\"property-desc line-limit-length\">200w<\/span><\/li>\n<li class=\"product-prop line-limit-length\"><span class=\"property-title\">Type de Temp\u00e9rature :\u00a0<\/span><span class=\"property-desc line-limit-length\">Double-temp\u00e9rature<\/span><\/li>\n<li class=\"product-prop line-limit-length\"><span class=\"property-title\">Type de D\u00e9givrage :\u00a0<\/span><span class=\"property-desc line-limit-length\">Autod\u00e9givrage<\/span><\/li>\n<li class=\"product-prop line-limit-length\"><span class=\"property-title\">Nom de marque :\u00a0<\/span><span class=\"property-desc line-limit-length\">XMSJ<\/span><\/li>\n<li class=\"product-prop line-limit-length\"><span class=\"property-title\">Origine :\u00a0<\/span><span class=\"property-desc line-limit-length\">CN (Origine)<\/span><\/li>\n<li class=\"product-prop line-limit-length\"><span class=\"property-title\">le lieu d'origine :\u00a0<\/span><span class=\"property-desc line-limit-length\">Shandong, Chine<\/span><\/li>\n<li class=\"product-prop line-limit-length\"><span class=\"property-title\">nom de marque :\u00a0<\/span><span class=\"property-desc line-limit-length\">X-MING<\/span><\/li>\n<li class=\"product-prop line-limit-length\"><span class=\"property-title\">num\u00e9ro de mod\u00e8le :\u00a0<\/span><span class=\"property-desc line-limit-length\">380#<\/span><\/li>\n<li class=\"product-prop line-limit-length\"><span class=\"property-title\">type :\u00a0<\/span><span class=\"property-desc line-limit-length\">Cong\u00e9lateurs<\/span><\/li>\n<li class=\"product-prop line-limit-length\"><span class=\"property-title\">le style :\u00a0<\/span><span class=\"property-desc line-limit-length\">Temp\u00e9rature unique<\/span><\/li>\n<li class=\"product-prop line-limit-length\"><span class=\"property-title\">r\u00e9frig\u00e9rant :\u00a0<\/span><span class=\"property-desc line-limit-length\">65g<\/span><\/li>\n<li class=\"product-prop line-limit-length\"><span class=\"property-title\">Contr\u00f4le de la temp\u00e9rature :\u00a0<\/span><span class=\"property-desc line-limit-length\">contr\u00f4leur \u00e9lectronique<\/span><\/li>\n<li class=\"product-prop line-limit-length\"><span class=\"property-title\">D\u00e9givrage :\u00a0<\/span><span class=\"property-desc line-limit-length\">D\u00e9givrage manuel<\/span><\/li>\n<li class=\"product-prop line-limit-length\"><span class=\"property-title\">Mode de refroidissement :\u00a0<\/span><span class=\"property-desc line-limit-length\">Refroidissement direct, refroidissement statique<\/span><\/li>\n<li class=\"product-prop line-limit-length\"><span class=\"property-title\">Tension :\u00a0<\/span><span class=\"property-desc line-limit-length\">220V, Autre, 220V\/50Hz<\/span><\/li>\n<li class=\"product-prop line-limit-length\"><span class=\"property-title\">Syst\u00e8me de refroidissement :\u00a0<\/span><span class=\"property-desc line-limit-length\">Refroidissement direct<\/span><\/li>\n<li class=\"product-prop line-limit-length\"><span class=\"property-title\">Puissance (W) :\u00a0<\/span><span class=\"property-desc line-limit-length\">150W<\/span><\/li>\n<li class=\"product-prop line-limit-length\"><span class=\"property-title\">Taille :\u00a0<\/span><span class=\"property-desc line-limit-length\">1200*762*850mm<\/span><\/li>\n<li class=\"product-prop line-limit-length\"><span class=\"property-title\">Poids :\u00a0<\/span><span class=\"property-desc line-limit-length\">38KG<\/span><\/li>\n<li class=\"product-prop line-limit-length\"><span class=\"property-title\">Mod\u00e8le :\u00a0<\/span><span class=\"property-desc line-limit-length\">600a<\/span><\/li>\n<li class=\"product-prop line-limit-length\"><span class=\"property-title\">Courant \u00e9lectrique :\u00a0<\/span><span class=\"property-desc line-limit-length\">2.4A<\/span><\/li>\n<li class=\"product-prop line-limit-length\"><span class=\"property-title\">Nombre de cadres plats :\u00a0<\/span><span class=\"property-desc line-limit-length\">5<\/span><\/li>\n<li class=\"product-prop line-limit-length\"><span class=\"property-title\">Nombre de trames profondes :\u00a0<\/span><span class=\"property-desc line-limit-length\">5<\/span><\/li>\n<li class=\"product-prop line-limit-length\"><span class=\"property-title\">Nombre de portes vitr\u00e9es :\u00a0<\/span><span class=\"property-desc line-limit-length\">2<\/span><\/li>\n<\/ul>\n<\/div>\n<div class=\"detailmodule_html\">\n<div class=\"detail-desc-decorate-richtext\">\n<div class=\"detailmodule_html\">\n<div class=\"detail-desc-decorate-richtext\">\n<div id=\"detail_decorate_root\" data-magic-global=\"%7B%22bizId%22%3A2218712520771%2C%22pageId%22%3A21557933529%2C%22siteId%22%3A10101836017%7D\">\n<style>#detail_decorate_root .magic-0{vertical-align:top}#detail_decorate_root .magic-1{padding:0;margin:0;color:#333;font-size:14px;padding-left:4px;font-weight:bold;white-space:pre-wrap}#detail_decorate_root .magic-2{text-align:center}#detail_decorate_root .magic-3{font-size:22px}#detail_decorate_root .magic-4{vertical-align:top;display:block;padding-right:4px;box-sizing:border-box;padding-left:4px}#detail_decorate_root .magic-5{vertical-align:top;padding-bottom:4px;box-sizing:border-box;padding-top:4px}#detail_decorate_root .magic-6{padding:0;margin:0;white-space:pre-wrap;font-size:14px}#detail_decorate_root .magic-7{width:750px;border-collapse:collapse}#detail_decorate_root .magic-8{min-height:28px;padding:5px 10px;width:126px;box-sizing:content-box}#detail_decorate_root .magic-9{min-height:28px;padding:5px 10px;width:127px;box-sizing:content-box}#detail_decorate_root .magic-10{width:750px}#detail_decorate_root .magic-11{overflow:hidden;width:750px;height:1052px;margin-top:0;margin-bottom:0;margin-left:0;margin-right:0}#detail_decorate_root .magic-12{margin-top:0;margin-left:0;width:750px;height:1052px}#detail_decorate_root .magic-13{overflow:hidden;width:750px;height:1656px;margin-top:0;margin-bottom:0;margin-left:0;margin-right:0}#detail_decorate_root .magic-14{margin-top:0;margin-left:0;width:750px;height:1656px}#detail_decorate_root .magic-15{overflow:hidden;width:750px;height:2326px;margin-top:0;margin-bottom:0;margin-left:0;margin-right:0}#detail_decorate_root .magic-16{margin-top:0;margin-left:0;width:750px;height:2326px}#detail_decorate_root .magic-17{margin-bottom:10px;line-height:0}#detail_decorate_root .magic-18{margin-bottom:0}#detail_decorate_root .magic-19{position:relative;width:100%}<\/style>\n<div class=\"J_module\">\n<div class=\"detail-decorate-json-renderer-container\">\n<div class=\"magic-0\">\n<div class=\"magic-2\"><span id=\"tl_1\" class=\"magic-3\">Caract\u00e9ristiques du produit<\/span><\/div>\n<p>&nbsp;<\/p>\n<div class=\"magic-2\"><\/div>\n<p>&nbsp;<\/p>\n<div class=\"magic-4\">\n<div class=\"magic-5\">\n<div class=\"magic-6\">\n<div>\n<div><span id=\"tl_2\">Il est utilis\u00e9 dans les grandes cr\u00eapes, les supermarch\u00e9s, les cuisines centrales, les usines de transformation des aliments, les grandes cantines pour l'\u00e9cole et<br \/>\nEntreprises, entreprises de restauration, etc.Il est \u00e9galement tr\u00e8s populaire parmi les h\u00f4tels, restaurants, mines, troupes, universit\u00e9s et autres unit\u00e9s.<br \/>\n1l'armoire contr\u00f4le avec pr\u00e9cision la temp\u00e9rature et affiche la temp\u00e9rature en temps r\u00e9el.<br \/>\n2armoire avec un nouveau design de largeur et une r\u00e9sistance en douceur.<br \/>\n3piste de couche r\u00e9sistante aux oreilles, ajoute une couche r\u00e9sistante \u00e0 l'usure sur la piste d'origine, pas facile \u00e0 porter, push-pull est lisse.<br \/>\n4verre tremp\u00e9 \u00e9paissi \u00e0 rev\u00eatement, verre r\u00e9fl\u00e9chissant thermique tremp\u00e9, anti-usure, anti-rayures, verrouillage de refroidissement efficace.<\/span><\/div>\n<\/div>\n<\/div>\n<\/div>\n<\/div>\n<\/div>\n<\/div>\n<\/div>\n<div class=\"J_module\">\n<div class=\"ife-detail-decorate-table\">\n<table class=\"has-title hight-light-first-column all magic-7\">\n<tbody>\n<tr>\n<td colspan=\"1\" rowspan=\"1\">\n<div id=\"tl_3\" class=\"magic-8\">mod\u00e8le<\/div>\n<\/td>\n<td colspan=\"1\" rowspan=\"1\">\n<div id=\"tl_4\" class=\"magic-9\">taille externe<\/div>\n<\/td>\n<td colspan=\"1\" rowspan=\"1\">\n<div id=\"tl_5\" class=\"magic-9\">consommation d'\u00e9nergie<\/div>\n<\/td>\n<td colspan=\"1\" rowspan=\"1\">\n<div id=\"tl_6\" class=\"magic-9\">compresseur<\/div>\n<\/td>\n<td colspan=\"1\" rowspan=\"1\">\n<div id=\"tl_7\" class=\"magic-8\">KG<\/div>\n<\/td>\n<\/tr>\n<tr>\n<td colspan=\"1\" rowspan=\"1\">\n<div class=\"magic-8\">1500#<\/div>\n<\/td>\n<td colspan=\"1\" rowspan=\"1\">\n<div class=\"magic-9\">1500*760*860<\/div>\n<\/td>\n<td colspan=\"1\" rowspan=\"1\">\n<div id=\"tl_8\" class=\"magic-9\">3,24 kW - h\/24 h<\/div>\n<\/td>\n<td colspan=\"1\" rowspan=\"1\">\n<div id=\"tl_9\" class=\"magic-9\">DONNE<\/div>\n<\/td>\n<td colspan=\"1\" rowspan=\"1\">\n<div id=\"tl_10\" class=\"magic-8\">72KG<\/div>\n<\/td>\n<\/tr>\n<tr>\n<td colspan=\"1\" rowspan=\"1\">\n<div class=\"magic-8\">1800#<\/div>\n<\/td>\n<td colspan=\"1\" rowspan=\"1\">\n<div class=\"magic-9\">1800*760*860<\/div>\n<\/td>\n<td colspan=\"1\" rowspan=\"1\">\n<div id=\"tl_11\" class=\"magic-9\">3,24 kW - h\/24 h<\/div>\n<\/td>\n<td colspan=\"1\" rowspan=\"1\">\n<div id=\"tl_12\" class=\"magic-9\">DONNE<\/div>\n<\/td>\n<td colspan=\"1\" rowspan=\"1\">\n<div id=\"tl_13\" class=\"magic-8\">82KG<\/div>\n<\/td>\n<\/tr>\n<tr>\n<td colspan=\"1\" rowspan=\"1\">\n<div class=\"magic-8\">2000#<\/div>\n<\/td>\n<td colspan=\"1\" rowspan=\"1\">\n<div class=\"magic-9\">2000*760*860<\/div>\n<\/td>\n<td colspan=\"1\" rowspan=\"1\">\n<div id=\"tl_14\" class=\"magic-9\">3,41 kW - h\/24 h<\/div>\n<\/td>\n<td colspan=\"1\" rowspan=\"1\">\n<div id=\"tl_15\" class=\"magic-9\">DONNE<\/div>\n<\/td>\n<td colspan=\"1\" rowspan=\"1\">\n<div id=\"tl_16\" class=\"magic-8\">92 kg<\/div>\n<\/td>\n<\/tr>\n<\/tbody>\n<\/table>\n<\/div>\n<\/div>\n<div class=\"J_module\">\n<div class=\"icbu-pc-images magic-10\">\n<div>\n<div class=\"flex-layout-v\">\n<div class=\"flex-layout-h magic-10\">\n<div class=\"magic-11\"><img decoding=\"async\" class=\"magic-12\" src=\"https:\/\/ae01.alicdn.com\/kf\/Sd77dedf1dc1d43abbeb30da5dc50a6eeH.jpg?width=750&amp;height=1052&amp;hash=1802\" \/><\/div>\n<\/div>\n<\/div>\n<\/div>\n<\/div>\n<\/div>\n<div class=\"J_module\">\n<div class=\"icbu-pc-images magic-10\">\n<div>\n<div class=\"flex-layout-v\">\n<div class=\"flex-layout-h magic-10\">\n<div class=\"magic-13\"><img decoding=\"async\" class=\"magic-14\" src=\"https:\/\/ae01.alicdn.com\/kf\/S09e38338651c480e895582bdb5a5d3ddU.jpg?width=750&amp;height=1656&amp;hash=2406\" \/><\/div>\n<\/div>\n<\/div>\n<\/div>\n<\/div>\n<\/div>\n<div class=\"J_module\">\n<div class=\"icbu-pc-images magic-10\">\n<div>\n<div class=\"flex-layout-v\">\n<div class=\"flex-layout-h magic-10\">\n<div class=\"magic-15\"><img decoding=\"async\" class=\"magic-16\" src=\"https:\/\/ae01.alicdn.com\/kf\/S6c23a27d90fe4a4d9213eb1b1ac96631e.jpg?width=750&amp;height=2326&amp;hash=3076\" \/><\/div>\n<\/div>\n<\/div>\n<\/div>\n<\/div>\n<\/div>\n<div class=\"J_module\">\n<div class=\"icbu-pc-detailManyImage magic-17\">\n<div class=\"magic-18\"><img decoding=\"async\" class=\"magic-19\" src=\"https:\/\/ae01.alicdn.com\/kf\/S78c829dd48534ab2ab08f4c8b3cc605eh.jpg?width=750&amp;height=1664&amp;hash=2414\" \/><\/div>\n<div class=\"magic-18\"><img decoding=\"async\" class=\"magic-19\" src=\"https:\/\/ae01.alicdn.com\/kf\/S786650dded18481096d41d3620bfaf993.jpg?width=750&amp;height=1195&amp;hash=1945\" \/><\/div>\n<div class=\"magic-18\"><img decoding=\"async\" class=\"magic-19\" src=\"https:\/\/ae01.alicdn.com\/kf\/S6b08a0857a11472a8c22646125ad4af1t.jpg?width=750&amp;height=1469&amp;hash=2219\" \/><\/div>\n<div class=\"magic-18\"><img decoding=\"async\" class=\"magic-19\" src=\"https:\/\/ae01.alicdn.com\/kf\/Sec2ba641db67478bb065f907cd5e036aD.jpg?width=750&amp;height=890&amp;hash=1640\" \/><\/div>\n<div class=\"magic-18\"><img decoding=\"async\" class=\"magic-19\" src=\"https:\/\/ae01.alicdn.com\/kf\/Sb389646d70ca4f1ca721bf9316eef834x.jpg?width=750&amp;height=1140&amp;hash=1890\" \/><\/div>\n<div class=\"magic-18\"><img decoding=\"async\" class=\"magic-19\" src=\"https:\/\/ae01.alicdn.com\/kf\/Sc4268c1c924a46e6a8b064f5ceda917cg.jpg?width=750&amp;height=1919&amp;hash=2669\" \/><\/div>\n<div class=\"magic-18\"><img decoding=\"async\" class=\"magic-19\" src=\"https:\/\/ae01.alicdn.com\/kf\/Sa19a83b3300c4767b4acb50c9c291d6aE.jpg?width=750&amp;height=1365&amp;hash=2115\" \/><\/div>\n<div class=\"magic-18\"><img decoding=\"async\" class=\"magic-19\" src=\"https:\/\/ae01.alicdn.com\/kf\/S63a033e59dc6497e8ca7d87da5a54dd3d.jpg?width=750&amp;height=157&amp;hash=907\" \/><\/div>\n<\/div>\n<\/div>\n<div class=\"J_module\">\n<div class=\"detail-decorate-json-renderer-container\">\n<div class=\"magic-0\">\n<div class=\"magic-4\">\n<div class=\"magic-5\">\n<div class=\"magic-6\"><b id=\"tl_17\">Q : \u00cates-vous une usine ou une soci\u00e9t\u00e9 commerciale ?<\/b><\/p>\n<div><span id=\"tl_18\">R : Nous sommes une usine situ\u00e9e dans la ville de Guangzhou, province du Guangdong.<\/span><\/p>\n<div><\/div>\n<div><b>Q : Combien de temps est votre d\u00e9lai de livraison ?<\/b><br \/>\nR : Pour une commande d'\u00e9chantillon, 7 \u00e0 10 jours. Pour une commande de masse, 25 \u00e0 35 jours.&nbsp;<\/p>\n<\/div>\n<div><b id=\"tl_20\">Q : Quel est votre produit majeur ?<\/b><\/div>\n<div>R : Notre produit majeur est la hotte et la cuisini\u00e8re \u00e0 gaz.&nbsp;<\/p>\n<\/div>\n<div><b id=\"tl_22\">Q : Comment puis-je obtenir des \u00e9chantillons ?<\/b><\/div>\n<div>R : Vous pouvez contacter notre \u00e9quipe commerciale et fournir les donn\u00e9es des produits dont vous avez besoin.L'\u00e9quipe commerciale proposera un devis en fonction du produit.Vous pouvez obtenir l'\u00e9chantillon si vous payez selon les exigences.&nbsp;<\/p>\n<\/div>\n<div><b>Q : Comment votre usine se comporte-t-elle en mati\u00e8re de contr\u00f4le qualit\u00e9 ?<\/b><br \/>\nR : \" La qualit\u00e9 est la priorit\u00e9. \" Notre inspecteur QC v\u00e9rifiera les marchandises dans chaque proc\u00e9dure et les modifiera une fois qu'elles rencontrent des probl\u00e8mes.Pour notre vendeur, v\u00e9rifiera \u00e9galement nos produits et prendra des photos pour chaque proc\u00e9dure que notre client confirmera.&nbsp;<\/p>\n<\/div>\n<div><span id=\"tl_25\"><b>Q : Si j'ai une question, comment puis-je entrer en contact avec vos c\u00f4t\u00e9s ?<\/b><br \/>\nR : Vous pouvez nous laisser un message ou une demande, puis nous vous contacterons.Oryou peut nous appeler directement ou nous envoyer un courrier direct ou un fax \u00e0<br \/>\nconsultez-nous !<\/span><\/div>\n<\/div>\n<\/div>\n<\/div>\n<\/div>\n<\/div>\n<\/div>\n<\/div>\n<\/div>\n<\/div>\n<\/div>\n<\/div>\n<\/div>","protected":false},"excerpt":{"rendered":"<p>&nbsp; Chimique Hign-concern\u00e9:\u00a0Aucun Source d&#8217;\u00e9nergie:\u00a0AC Capacit\u00e9 de r\u00e9frig\u00e9ration:\u00a0\u226536kg\/24h Consommation d\u2019\u00e9nergie (Kwh\/24h):\u00a0&gt; 2,5 Fonction:\u00a0Frigorification &amp; Cong\u00e9lation Certification:\u00a0Cb,ce,CSA,EMC,EMF,GS,LFGB,ROHS,SASO,UR,CE Type:\u00a0Upright Cote D&#8217;efficacit\u00e9 Energ\u00e9tique:\u00a0Niveau<\/p>","protected":false},"featured_media":12745,"comment_status":"open","ping_status":"closed","template":"","meta":[],"product_brand":[],"product_cat":[29,28],"product_tag":[],"class_list":{"0":"post-12744","1":"product","2":"type-product","3":"status-publish","4":"has-post-thumbnail","6":"product_cat-fridges-refrigeration-appliances","7":"product_cat-refrigeration-appliances","9":"first","10":"instock","11":"shipping-taxable","12":"purchasable","13":"product-type-simple"},"jetpack_sharing_enabled":true,"_links":{"self":[{"href":"https:\/\/afrycom.com\/fr\/wp-json\/wp\/v2\/product\/12744","targetHints":{"allow":["GET"]}}],"collection":[{"href":"https:\/\/afrycom.com\/fr\/wp-json\/wp\/v2\/product"}],"about":[{"href":"https:\/\/afrycom.com\/fr\/wp-json\/wp\/v2\/types\/product"}],"replies":[{"embeddable":true,"href":"https:\/\/afrycom.com\/fr\/wp-json\/wp\/v2\/comments?post=12744"}],"wp:featuredmedia":[{"embeddable":true,"href":"https:\/\/afrycom.com\/fr\/wp-json\/wp\/v2\/media\/12745"}],"wp:attachment":[{"href":"https:\/\/afrycom.com\/fr\/wp-json\/wp\/v2\/media?parent=12744"}],"wp:term":[{"taxonomy":"product_brand","embeddable":true,"href":"https:\/\/afrycom.com\/fr\/wp-json\/wp\/v2\/product_brand?post=12744"},{"taxonomy":"product_cat","embeddable":true,"href":"https:\/\/afrycom.com\/fr\/wp-json\/wp\/v2\/product_cat?post=12744"},{"taxonomy":"product_tag","embeddable":true,"href":"https:\/\/afrycom.com\/fr\/wp-json\/wp\/v2\/product_tag?post=12744"}],"curies":[{"name":"wp","href":"https:\/\/api.w.org\/{rel}","templated":true}]}}