{"id":12729,"date":"2025-03-23T03:21:12","date_gmt":"2025-03-23T03:21:12","guid":{"rendered":"https:\/\/afrycom.com\/product\/support-universel-reglable-pour-ordinateur-portable-base-de-refroidissement-pliable-non-ald-support-pour-macbook-support-pour-ordinateur-portable-tablette-telephone\/"},"modified":"2025-03-23T03:21:15","modified_gmt":"2025-03-23T03:21:15","slug":"support-universel-reglable-pour-ordinateur-portable-base-de-refroidissement-pliable-non-ald-support-pour-macbook-support-pour-ordinateur-portable-tablette-telephone","status":"publish","type":"product","link":"https:\/\/afrycom.com\/fr\/produit\/support-universel-reglable-pour-ordinateur-portable-base-de-refroidissement-pliable-non-ald-support-pour-macbook-support-pour-ordinateur-portable-tablette-telephone\/","title":{"rendered":"Support universel r\u00e9glable pour ordinateur portable, base de refroidissement pliable non ald, support pour Macbook, support pour ordinateur portable, tablette, t\u00e9l\u00e9phone"},"content":{"rendered":"<div class=\"product-specs-list-container\">\n<ul class=\"product-specs-list util-clearfix\">\n<li class=\"product-prop line-limit-length\"><span\n                                        class=\"property-title\">Chimique Hign-concern\u00e9 :&nbsp;<\/span><span\n                                        class=\"property-desc line-limit-length\">Aucun<\/span>\n                            <\/li>\n<li class=\"product-prop line-limit-length\"><span\n                                        class=\"property-title\">Mat\u00e9riau :&nbsp;<\/span><span\n                                        class=\"property-desc line-limit-length\">plastique<\/span>\n                            <\/li>\n<li class=\"product-prop line-limit-length\"><span\n                                        class=\"property-title\">Nom de marque :&nbsp;<\/span><span\n                                        class=\"property-desc line-limit-length\">KOQZM<\/span>\n                            <\/li>\n<li class=\"product-prop line-limit-length\"><span\n                                        class=\"property-title\">Origine :&nbsp;<\/span><span\n                                        class=\"property-desc line-limit-length\">CN (Origine)<\/span>\n                            <\/li>\n<\/ul><\/div>\n<div class=\"detailmodule_html\">\n<div class=\"detail-desc-decorate-richtext\">\n<div class=\"detailmodule_html\">\n<div class=\"detail-desc-decorate-richtext\">\n<p><span style=\"font-size: 16px; font-family: Verdana;\">Description<\/span><\/p>\n<p><span style=\"font-size: 16px; font-family: Verdana;\">Description du produit<\/span><\/p>\n<p><span style=\"font-size: 16px; font-family: Verdana;\">Remarque : 1.En raison des diff\u00e9rents angles de prise de vue et de la lumi\u00e8re, la couleur r\u00e9elle peut \u00eatre d\u00e9vi\u00e9e ; 2. Mesure manuelle, veuillez permettre une erreur de 1 \u00e0 3 mm, merci.<\/span><\/p>\n<p><span style=\"font-size: 16px; font-family: Verdana;\">1.[Paquet] : 1 * support pour ordinateur portable ;<\/span><\/p>\n<p><span style=\"font-size: 16px; font-family: Verdana;\">2.[Taille] : 100 % neuf, offre sp\u00e9ciale ;<\/span><\/p>\n<p><span style=\"font-size: 16px; font-family: Verdana;\">3.[Couleur] : couleur comme indiqu\u00e9 ;<\/span><\/p>\n<p><span style=\"font-size: 16px; font-family: Verdana;\">4.[Mat\u00e9riau] : plastique.Il peut prendre en charge les t\u00e9l\u00e9phones mobiles, les tablettes et les ordinateurs portables fins.Impossible de prendre en charge un ordinateur portable trop lourd.<\/span><\/p>\n<p><span style=\"font-size: 16px; font-family: Verdana;\">5.[Objets applicables] : convient \u00e0 toutes les marques de tables et d&#8217;ordinateurs portables de 9 \u00e0 15 pouces, m\u00eame aux ordinateurs portables \u00e9pais ;<\/span><\/p>\n<p><span style=\"font-size: 16px; font-family: Verdana;\">6.[Argument de vente] : r\u00e9glage de la hauteur \u00e0 1,6 vitesses Lapto ; 2. Portable et pliable, peut \u00eatre transport\u00e9 avec vous ; 3. Fond en silicone antid\u00e9rapant ; 4. Dissipation thermique \u00e0 fond creux<\/span><\/p>\n<p><span style=\"font-size: 16px; font-family: Verdana;\">Le forfait comprend: 1 pi\u00e8ces<\/span><\/p>\n<p><span style=\"font-size: 16px; font-family: Verdana;\">Remarque : 1. Veuillez noter que la photo ne montre pas la taille r\u00e9elle, veuillez vous r\u00e9f\u00e9rer \u00e0 la description pour plus de d\u00e9tails sur la taille. 2. Veuillez permettre des diff\u00e9rences dues \u00e0 la mesure manuelle, merci. 3. En raison de la diff\u00e9rence entre les diff\u00e9rents moniteurs, l&#8217;image peut ne pas refl\u00e9ter la couleur r\u00e9elle de l&#8217;article.<\/span><\/p>\n<\/div>\n<\/div>\n<div class=\"detailmodule_image\"><img decoding=\"async\" src=\"https:\/\/ae01.alicdn.com\/kf\/Sce4616fd3c794fca861dcd759199679fP.jpg\" class=\"detail-desc-decorate-image\"><img decoding=\"async\" src=\"https:\/\/ae01.alicdn.com\/kf\/S0935718a6236400c90e6c4f4cda7914e3.jpg\" class=\"detail-desc-decorate-image\"><img decoding=\"async\" src=\"https:\/\/ae01.alicdn.com\/kf\/S4324bc0a967f4b4bbe6da42087e33d97l.jpg\" class=\"detail-desc-decorate-image\"><img decoding=\"async\" src=\"https:\/\/ae01.alicdn.com\/kf\/S2c0db05c622040a6a32a896123a40309C.jpg\" class=\"detail-desc-decorate-image\"><img decoding=\"async\" src=\"https:\/\/ae01.alicdn.com\/kf\/S69149fb7b6f94adca24d4f0c9f826c0dE.jpg\" class=\"detail-desc-decorate-image\"><img decoding=\"async\" src=\"https:\/\/ae01.alicdn.com\/kf\/S86bddf547de345ef92212c3b99232c3cx.jpg\" class=\"detail-desc-decorate-image\"><img decoding=\"async\" src=\"https:\/\/ae01.alicdn.com\/kf\/Sa4ea2defdd48457cbb6af16fb7a09d41f.jpg\" class=\"detail-desc-decorate-image\"><img decoding=\"async\" src=\"https:\/\/ae01.alicdn.com\/kf\/S5467c62beecb44cc932d5a3e966221dbF.jpg\" class=\"detail-desc-decorate-image\"><img decoding=\"async\" src=\"https:\/\/ae01.alicdn.com\/kf\/Sbe62c92e86da4f059b598241a2872428k.jpg\" class=\"detail-desc-decorate-image\"><img decoding=\"async\" src=\"https:\/\/ae01.alicdn.com\/kf\/Sbddc247cfb524b9082c50f6492495e39K.jpg\" class=\"detail-desc-decorate-image\"><img decoding=\"async\" src=\"https:\/\/ae01.alicdn.com\/kf\/S19f87d6bbedf4297ba487eab37d03067d.jpg\" class=\"detail-desc-decorate-image\"><\/div>\n<\/div>\n<\/div>\n<div class=\"detailmodule_image\"><img decoding=\"async\" src=\"https:\/\/ae01.alicdn.com\/kf\/Sce4616fd3c794fca861dcd759199679fP.jpg\"  class=\"detail-desc-decorate-image\" ><img decoding=\"async\" src=\"https:\/\/ae01.alicdn.com\/kf\/S0935718a6236400c90e6c4f4cda7914e3.jpg\"  class=\"detail-desc-decorate-image\" ><img decoding=\"async\" src=\"https:\/\/ae01.alicdn.com\/kf\/S4324bc0a967f4b4bbe6da42087e33d97l.jpg\"  class=\"detail-desc-decorate-image\" ><img decoding=\"async\" src=\"https:\/\/ae01.alicdn.com\/kf\/S2c0db05c622040a6a32a896123a40309C.jpg\"  class=\"detail-desc-decorate-image\" ><img decoding=\"async\" src=\"https:\/\/ae01.alicdn.com\/kf\/S69149fb7b6f94adca24d4f0c9f826c0dE.jpg\"  class=\"detail-desc-decorate-image\" ><img decoding=\"async\" src=\"https:\/\/ae01.alicdn.com\/kf\/S86bddf547de345ef92212c3b99232c3cx.jpg\"  class=\"detail-desc-decorate-image\" ><img decoding=\"async\" src=\"https:\/\/ae01.alicdn.com\/kf\/Sa4ea2defdd48457cbb6af16fb7a09d41f.jpg\"  class=\"detail-desc-decorate-image\" ><img decoding=\"async\" src=\"https:\/\/ae01.alicdn.com\/kf\/S5467c62beecb44cc932d5a3e966221dbF.jpg\"  class=\"detail-desc-decorate-image\" ><img decoding=\"async\" src=\"https:\/\/ae01.alicdn.com\/kf\/Sbe62c92e86da4f059b598241a2872428k.jpg\"  class=\"detail-desc-decorate-image\" ><img decoding=\"async\" src=\"https:\/\/ae01.alicdn.com\/kf\/Sbddc247cfb524b9082c50f6492495e39K.jpg\"  class=\"detail-desc-decorate-image\" ><img decoding=\"async\" src=\"https:\/\/ae01.alicdn.com\/kf\/S19f87d6bbedf4297ba487eab37d03067d.jpg\"  class=\"detail-desc-decorate-image\" ><\/div>","protected":false},"excerpt":{"rendered":"<p>Chimique Hign-concern\u00e9:&nbsp;Aucun Mat\u00e9riau:&nbsp;plastique Nom de marque:&nbsp;KOQZM Origine:&nbsp;CN (Origine) Description Description du produit Remarque : 1.En raison des diff\u00e9rents angles de<\/p>","protected":false},"featured_media":12730,"comment_status":"open","ping_status":"closed","template":"","meta":[],"product_brand":[],"product_cat":[15],"product_tag":[],"class_list":{"0":"post-12729","1":"product","2":"type-product","3":"status-publish","4":"has-post-thumbnail","6":"product_cat-uncategorized","8":"first","9":"instock","10":"shipping-taxable","11":"purchasable","12":"product-type-variable"},"jetpack_sharing_enabled":true,"_links":{"self":[{"href":"https:\/\/afrycom.com\/fr\/wp-json\/wp\/v2\/product\/12729","targetHints":{"allow":["GET"]}}],"collection":[{"href":"https:\/\/afrycom.com\/fr\/wp-json\/wp\/v2\/product"}],"about":[{"href":"https:\/\/afrycom.com\/fr\/wp-json\/wp\/v2\/types\/product"}],"replies":[{"embeddable":true,"href":"https:\/\/afrycom.com\/fr\/wp-json\/wp\/v2\/comments?post=12729"}],"wp:featuredmedia":[{"embeddable":true,"href":"https:\/\/afrycom.com\/fr\/wp-json\/wp\/v2\/media\/12730"}],"wp:attachment":[{"href":"https:\/\/afrycom.com\/fr\/wp-json\/wp\/v2\/media?parent=12729"}],"wp:term":[{"taxonomy":"product_brand","embeddable":true,"href":"https:\/\/afrycom.com\/fr\/wp-json\/wp\/v2\/product_brand?post=12729"},{"taxonomy":"product_cat","embeddable":true,"href":"https:\/\/afrycom.com\/fr\/wp-json\/wp\/v2\/product_cat?post=12729"},{"taxonomy":"product_tag","embeddable":true,"href":"https:\/\/afrycom.com\/fr\/wp-json\/wp\/v2\/product_tag?post=12729"}],"curies":[{"name":"wp","href":"https:\/\/api.w.org\/{rel}","templated":true}]}}