{"id":12687,"date":"2025-03-23T03:20:35","date_gmt":"2025-03-23T03:20:35","guid":{"rendered":"https:\/\/afrycom.com\/product\/support-de-refroidissement-rapide-pour-ordinateur-portable-radiateur-a-semi-conducteur-base-de-refrigeration-lz-d13\/"},"modified":"2025-10-07T10:06:01","modified_gmt":"2025-10-07T10:06:01","slug":"support-de-refroidissement-rapide-pour-ordinateur-portable-radiateur-a-semi-conducteur-base-de-refrigeration-lz-d13","status":"publish","type":"product","link":"https:\/\/afrycom.com\/fr\/produit\/support-de-refroidissement-rapide-pour-ordinateur-portable-radiateur-a-semi-conducteur-base-de-refrigeration-lz-d13\/","title":{"rendered":"Support de refroidissement rapide pour ordinateur portable, radiateur \u00e0 semi-conducteur, Base de r\u00e9frig\u00e9ration, LZ-D13"},"content":{"rendered":"<div class=\"product-specs-list-container\">\n<ul class=\"product-specs-list util-clearfix\">\n<li class=\"product-prop line-limit-length\"><span\n                                        class=\"property-title\">Chimique Hign-concern\u00e9 :&nbsp;<\/span><span\n                                        class=\"property-desc line-limit-length\">Aucun<\/span>\n                            <\/li>\n<li class=\"product-prop line-limit-length\"><span\n                                        class=\"property-title\">Mat\u00e9riau :&nbsp;<\/span><span\n                                        class=\"property-desc line-limit-length\">plastique<\/span>\n                            <\/li>\n<li class=\"product-prop line-limit-length\"><span\n                                        class=\"property-title\">Application :&nbsp;<\/span><span\n                                        class=\"property-desc line-limit-length\">Portatif<\/span>\n                            <\/li>\n<li class=\"product-prop line-limit-length\"><span\n                                        class=\"property-title\">Nom de marque :&nbsp;<\/span><span\n                                        class=\"property-desc line-limit-length\">TruTra<\/span>\n                            <\/li>\n<li class=\"product-prop line-limit-length\"><span\n                                        class=\"property-title\">Origine :&nbsp;<\/span><span\n                                        class=\"property-desc line-limit-length\">CN (Origine)<\/span>\n                            <\/li>\n<\/ul><\/div>\n<div class=\"detailmodule_html\">\n<div class=\"detail-desc-decorate-richtext\">\n<p>Base de refroidissement \u00e0 semi-conducteur, refroidissement rapide<\/p>\n<p><\/p>\n<p>Compatible avec les ordinateurs portables de 12 \u00e0 21 pouces<\/p>\n<p><\/p>\n<p>Lumi\u00e8re RVB fra\u00eeche et color\u00e9e<\/p>\n<p><\/p>\n<p>Refroidissement et dissipation thermique sur une grande surface, am\u00e9liorant l&#8217;effet de dissipation thermique<\/p>\n<p><\/p>\n<p>Noyau de r\u00e9frig\u00e9ration \u00e0 semi-conducteur + 6 ventilateurs de refroidissement<\/p>\n<p><\/p>\n<p><img decoding=\"async\" src=\"https:\/\/ae01.alicdn.com\/kf\/S8e8ed175dfb741818cc485cbaed78cb93.jpg\" slate-data-type=\"image\"><img decoding=\"async\" src=\"https:\/\/ae01.alicdn.com\/kf\/Sec7e6cd9c60646b3aeef9cb873e65d2fM.jpg\" slate-data-type=\"image\"><img decoding=\"async\" src=\"https:\/\/ae01.alicdn.com\/kf\/Sdc51d3b98f1043f0bb52bbce36b5027bo.jpg\" slate-data-type=\"image\"><img decoding=\"async\" src=\"https:\/\/ae01.alicdn.com\/kf\/Scdfc09c2767f4a6383be52a5059a112dI.jpg\" slate-data-type=\"image\"><img decoding=\"async\" src=\"https:\/\/ae01.alicdn.com\/kf\/S1f740fc719854052ad042a5b0c789753H.jpg\" slate-data-type=\"image\"><img decoding=\"async\" src=\"https:\/\/ae01.alicdn.com\/kf\/S53a97926d7dd4da39f1853de170e9a730.jpg\" slate-data-type=\"image\"><img decoding=\"async\" src=\"https:\/\/ae01.alicdn.com\/kf\/S7e793ffb0c2849d6b2e6cee7432ef516v.jpg\" slate-data-type=\"image\"><img decoding=\"async\" src=\"https:\/\/ae01.alicdn.com\/kf\/Sce3d80e694cd45788464650ee24378d9z.jpg\" slate-data-type=\"image\"><img decoding=\"async\" src=\"https:\/\/ae01.alicdn.com\/kf\/Sbb383ad9d6f64cf9875fc1f9a0bf1b84P.jpg\" slate-data-type=\"image\"><img decoding=\"async\" src=\"https:\/\/ae01.alicdn.com\/kf\/S4c2896cc2a63489d86d3234dfd604120D.jpg\" slate-data-type=\"image\"><img decoding=\"async\" src=\"https:\/\/ae01.alicdn.com\/kf\/S8c372b0f93d2467ea6f084f138e1da86K.jpg\" slate-data-type=\"image\"><img decoding=\"async\" src=\"https:\/\/ae01.alicdn.com\/kf\/Sae953590e12c431c85316b3bdc44a968N.jpg\" slate-data-type=\"image\"><img decoding=\"async\" src=\"https:\/\/ae01.alicdn.com\/kf\/Sf1d1641107ec41e3bbb2705dbbd3ff5bb.jpg\" slate-data-type=\"image\"><img decoding=\"async\" src=\"https:\/\/ae01.alicdn.com\/kf\/Se392754dfda6467d855acb5f6e5e7feb5.jpg\" slate-data-type=\"image\"><img decoding=\"async\" src=\"https:\/\/ae01.alicdn.com\/kf\/Sb69827ccd93944108874193a380995b4G.jpg\" slate-data-type=\"image\"><\/p>\n<\/div>\n<\/div>","protected":false},"excerpt":{"rendered":"<p>Chimique Hign-concern\u00e9:&nbsp;Aucun Mat\u00e9riau:&nbsp;plastique Application:&nbsp;Portatif Nom de marque:&nbsp;TruTra Origine:&nbsp;CN (Origine) Base de refroidissement \u00e0 semi-conducteur, refroidissement rapide Compatible avec les ordinateurs<\/p>","protected":false},"featured_media":12688,"comment_status":"open","ping_status":"closed","template":"","meta":[],"product_brand":[],"product_cat":[4688],"product_tag":[],"class_list":{"0":"post-12687","1":"product","2":"type-product","3":"status-publish","4":"has-post-thumbnail","6":"product_cat-computer-components","8":"first","9":"instock","10":"shipping-taxable","11":"purchasable","12":"product-type-variable"},"jetpack_sharing_enabled":true,"_links":{"self":[{"href":"https:\/\/afrycom.com\/fr\/wp-json\/wp\/v2\/product\/12687","targetHints":{"allow":["GET"]}}],"collection":[{"href":"https:\/\/afrycom.com\/fr\/wp-json\/wp\/v2\/product"}],"about":[{"href":"https:\/\/afrycom.com\/fr\/wp-json\/wp\/v2\/types\/product"}],"replies":[{"embeddable":true,"href":"https:\/\/afrycom.com\/fr\/wp-json\/wp\/v2\/comments?post=12687"}],"wp:featuredmedia":[{"embeddable":true,"href":"https:\/\/afrycom.com\/fr\/wp-json\/wp\/v2\/media\/12688"}],"wp:attachment":[{"href":"https:\/\/afrycom.com\/fr\/wp-json\/wp\/v2\/media?parent=12687"}],"wp:term":[{"taxonomy":"product_brand","embeddable":true,"href":"https:\/\/afrycom.com\/fr\/wp-json\/wp\/v2\/product_brand?post=12687"},{"taxonomy":"product_cat","embeddable":true,"href":"https:\/\/afrycom.com\/fr\/wp-json\/wp\/v2\/product_cat?post=12687"},{"taxonomy":"product_tag","embeddable":true,"href":"https:\/\/afrycom.com\/fr\/wp-json\/wp\/v2\/product_tag?post=12687"}],"curies":[{"name":"wp","href":"https:\/\/api.w.org\/{rel}","templated":true}]}}