{"id":12674,"date":"2025-03-23T03:20:29","date_gmt":"2025-03-23T03:20:29","guid":{"rendered":"https:\/\/afrycom.com\/product\/support-de-tablette-de-telephone-reglable-en-alliage-daluminium-pour-ordinateur-portable-jusqua-17-pouces-support-pliable-support-de-refroidissement\/"},"modified":"2025-10-07T10:06:22","modified_gmt":"2025-10-07T10:06:22","slug":"support-de-tablette-de-telephone-reglable-en-alliage-daluminium-pour-ordinateur-portable-jusqua-17-pouces-support-pliable-support-de-refroidissement","status":"publish","type":"product","link":"https:\/\/afrycom.com\/fr\/produit\/support-de-tablette-de-telephone-reglable-en-alliage-daluminium-pour-ordinateur-portable-jusqua-17-pouces-support-pliable-support-de-refroidissement\/","title":{"rendered":"Support de tablette de t\u00e9l\u00e9phone r\u00e9glable en alliage d'aluminium, pour ordinateur Portable jusqu'\u00e0 17 pouces, support pliable, support de refroidissement"},"content":{"rendered":"<div class=\"product-specs-list-container\">\n<ul class=\"product-specs-list util-clearfix\">\n<li class=\"product-prop line-limit-length\"><span\n                                        class=\"property-title\">Mat\u00e9riau :&nbsp;<\/span><span\n                                        class=\"property-desc line-limit-length\">alliage d'aluminium<\/span>\n                            <\/li>\n<li class=\"product-prop line-limit-length\"><span\n                                        class=\"property-title\">Application :&nbsp;<\/span><span\n                                        class=\"property-desc line-limit-length\">Portatif<\/span>\n                            <\/li>\n<li class=\"product-prop line-limit-length\"><span\n                                        class=\"property-title\">Nom de marque :&nbsp;<\/span><span\n                                        class=\"property-desc line-limit-length\">YYLMONE<\/span>\n                            <\/li>\n<li class=\"product-prop line-limit-length\"><span\n                                        class=\"property-title\">Origine :&nbsp;<\/span><span\n                                        class=\"property-desc line-limit-length\">CN (Origine)<\/span>\n                            <\/li>\n<li class=\"product-prop line-limit-length\"><span\n                                        class=\"property-title\">Caract\u00e9ristique 1: :&nbsp;<\/span><span\n                                        class=\"property-desc line-limit-length\">Support ajustable antid\u00e9rapant<\/span>\n                            <\/li>\n<li class=\"product-prop line-limit-length\"><span\n                                        class=\"property-title\">Caract\u00e9ristique 2: :&nbsp;<\/span><span\n                                        class=\"property-desc line-limit-length\">Protection multiple en silicone<\/span>\n                            <\/li>\n<li class=\"product-prop line-limit-length\"><span\n                                        class=\"property-title\">Multi-sc\u00e8ne: :&nbsp;<\/span><span\n                                        class=\"property-desc line-limit-length\">Livre, tablette, ordinateur portable, planche \u00e0 d\u00e9couper, t\u00e9l\u00e9phone<\/span>\n                            <\/li>\n<\/ul><\/div>\n<div class=\"detailmodule_html\">\n<div class=\"detail-desc-decorate-richtext\">\n<div class=\"detailmodule_html\">\n<div class=\"detail-desc-decorate-richtext\">\n<div style=\"margin:10px auto 0px;margin-bottom:0px;margin-top:10px;margin-left:auto;margin-right:auto;display:inline-block;max-width:100%\">\n<div><img decoding=\"async\" style=\"width:932px\" width=\"932px\" src=\"https:\/\/ae03.alicdn.com\/kf\/Sda24aa76a0324eb8a3a306f65d244eedp.jpg\" slate-data-type=\"image\"><\/div>\n<div style=\"margin-top:-74.46%\">\n<div style=\"margin-top:0%;margin-left:0%;width:25%\"><a href=\"http:\/\/www.aliexpress.com\/item\/detail\/1005005167127992.html\" target=\"_blank\" class=\"\" rel=\"noopener\"><img decoding=\"async\" style=\"width:233px;height:347px\" width=\"233px\" height=\"347px\" src=\"https:\/\/ae01.alicdn.com\/kf\/S4d0211698ef247ad87dc98be79b019ffV.png?width=233&amp;height=347&amp;hash=580\" slate-data-type=\"image\"><\/a><\/div>\n<div style=\"margin-top:-37.23%;margin-left:25%;width:25%\"><a href=\"http:\/\/www.aliexpress.com\/item\/detail\/1005005269461636.html\" target=\"_blank\" class=\"\" rel=\"noopener\"><img decoding=\"async\" style=\"width:233px;height:347px\" width=\"233px\" height=\"347px\" src=\"https:\/\/ae01.alicdn.com\/kf\/S4d0211698ef247ad87dc98be79b019ffV.png?width=233&amp;height=347&amp;hash=580\" slate-data-type=\"image\"><\/a><\/div>\n<div style=\"margin-top:-37.23%;margin-left:50%;width:25%\"><a href=\"http:\/\/www.aliexpress.com\/item\/detail\/1005005269441577.html\" target=\"_blank\" class=\"\" rel=\"noopener\"><img decoding=\"async\" style=\"width:233px;height:347px\" width=\"233px\" height=\"347px\" src=\"https:\/\/ae01.alicdn.com\/kf\/S4d0211698ef247ad87dc98be79b019ffV.png?width=233&amp;height=347&amp;hash=580\" slate-data-type=\"image\"><\/a><\/div>\n<div style=\"margin-top:-37.23%;margin-left:75%;width:25%\"><a href=\"http:\/\/www.aliexpress.com\/item\/detail\/1005005209633606.html\" target=\"_blank\" class=\"\" rel=\"noopener\"><img decoding=\"async\" style=\"width:233px;height:347px\" width=\"233px\" height=\"347px\" src=\"https:\/\/ae01.alicdn.com\/kf\/S4d0211698ef247ad87dc98be79b019ffV.png?width=233&amp;height=347&amp;hash=580\" slate-data-type=\"image\"><\/a><\/div>\n<div style=\"margin-top:0%;margin-left:0%;width:25%\"><a href=\"http:\/\/www.aliexpress.com\/item\/detail\/1005005626666146.html\" target=\"_blank\" class=\"\" rel=\"noopener\"><img decoding=\"async\" style=\"width:233px;height:347px\" width=\"233px\" height=\"347px\" src=\"https:\/\/ae01.alicdn.com\/kf\/S4d0211698ef247ad87dc98be79b019ffV.png?width=233&amp;height=347&amp;hash=580\" slate-data-type=\"image\"><\/a><\/div>\n<div style=\"margin-top:-37.23%;margin-left:25%;width:25%\"><a href=\"http:\/\/www.aliexpress.com\/item\/detail\/1005005626439357.html\" target=\"_blank\" class=\"\" rel=\"noopener\"><img decoding=\"async\" style=\"width:233px;height:347px\" width=\"233px\" height=\"347px\" src=\"https:\/\/ae01.alicdn.com\/kf\/S4d0211698ef247ad87dc98be79b019ffV.png?width=233&amp;height=347&amp;hash=580\" slate-data-type=\"image\"><\/a><\/div>\n<div style=\"margin-top:-37.23%;margin-left:50%;width:25%\"><a href=\"http:\/\/www.aliexpress.com\/item\/detail\/1005005570694519.html\" target=\"_blank\" class=\"\" rel=\"noopener\"><img decoding=\"async\" style=\"width:233px;height:347px\" width=\"233px\" height=\"347px\" src=\"https:\/\/ae01.alicdn.com\/kf\/S4d0211698ef247ad87dc98be79b019ffV.png?width=233&amp;height=347&amp;hash=580\" slate-data-type=\"image\"><\/a><\/div>\n<div style=\"margin-top:-37.23%;margin-left:75%;width:25%\"><a href=\"http:\/\/www.aliexpress.com\/item\/detail\/1005005539456435.html\" target=\"_blank\" class=\"\" rel=\"noopener\"><img decoding=\"async\" style=\"width:233px;height:347px\" width=\"233px\" height=\"347px\" src=\"https:\/\/ae01.alicdn.com\/kf\/S4d0211698ef247ad87dc98be79b019ffV.png?width=233&amp;height=347&amp;hash=580\" slate-data-type=\"image\"><\/a><\/div>\n<\/div>\n<\/div>\n<ul style=\"font-family:-apple-system, BlinkMacSystemFont, &quot;Segoe UI&quot;, Roboto, &quot;Helvetica Neue&quot;, Arial, &quot;Noto Sans&quot;, sans-serif, &quot;Apple Color Emoji&quot;, &quot;Segoe UI Emoji&quot;, &quot;Segoe UI Symbol&quot;, &quot;Noto Color Emoji&quot;;font-size:14px;font-weight:400;letter-spacing:normal;text-align:start;white-space:normal;color:rgb(84, 84, 84);background-color:rgb(255, 255, 255);margin:0px;margin-bottom:0px;margin-top:0px;margin-left:0px;margin-right:0px;padding:0px 0px 0px 4px;padding-bottom:0px;padding-top:0px;padding-left:4px;padding-right:0px;list-style:auto;box-sizing:border-box\" align=\"start\">\n<li style=\"margin:0px;margin-bottom:0px;margin-top:0px;margin-left:0px;margin-right:0px;padding:0px;padding-bottom:0px;padding-top:0px;padding-left:0px;padding-right:0px;list-style:inside;box-sizing:border-box\">\n<p style=\"font-size:14px;font-weight:400;line-height:inherit;margin:0px;margin-bottom:0px;margin-top:0px;margin-left:0px;margin-right:0px;padding:0px;padding-bottom:0px;padding-top:0px;padding-left:0px;padding-right:0px;box-sizing:border-box\">Fabriqu\u00e9 \u00e0 partir d'un alliage d'aluminium de haute qualit\u00e9 pour plus de durabilit\u00e9 et de r\u00e9sistance<\/p>\n<\/li>\n<li style=\"margin:0px;margin-bottom:0px;margin-top:0px;margin-left:0px;margin-right:0px;padding:0px;padding-bottom:0px;padding-top:0px;padding-left:0px;padding-right:0px;list-style:inside;box-sizing:border-box\">\n<p style=\"font-size:14px;font-weight:400;line-height:inherit;margin:0px;margin-bottom:0px;margin-top:0px;margin-left:0px;margin-right:0px;padding:0px;padding-bottom:0px;padding-top:0px;padding-left:0px;padding-right:0px;box-sizing:border-box\">La conception r\u00e9glable permet des angles de vision confortables pour votre ordinateur portable<\/p>\n<\/li>\n<li style=\"margin:0px;margin-bottom:0px;margin-top:0px;margin-left:0px;margin-right:0px;padding:0px;padding-bottom:0px;padding-top:0px;padding-left:0px;padding-right:0px;list-style:inside;box-sizing:border-box\">\n<p style=\"font-size:14px;font-weight:400;line-height:inherit;margin:0px;margin-bottom:0px;margin-top:0px;margin-left:0px;margin-right:0px;padding:0px;padding-bottom:0px;padding-top:0px;padding-left:0px;padding-right:0px;box-sizing:border-box\">Soulevez ou abaissez facilement le support \u00e0 votre hauteur pr\u00e9f\u00e9r\u00e9e<\/p>\n<\/li>\n<li style=\"margin:0px;margin-bottom:0px;margin-top:0px;margin-left:0px;margin-right:0px;padding:0px;padding-bottom:0px;padding-top:0px;padding-left:0px;padding-right:0px;list-style:inside;box-sizing:border-box\">\n<p style=\"font-size:14px;font-weight:400;line-height:inherit;margin:0px;margin-bottom:0px;margin-top:0px;margin-left:0px;margin-right:0px;padding:0px;padding-bottom:0px;padding-top:0px;padding-left:0px;padding-right:0px;box-sizing:border-box\">Compartiment de rangement inf\u00e9rieur pratique pour votre clavier lorsqu'il n'est pas utilis\u00e9<\/p>\n<\/li>\n<li style=\"margin:0px;margin-bottom:0px;margin-top:0px;margin-left:0px;margin-right:0px;padding:0px;padding-bottom:0px;padding-top:0px;padding-left:0px;padding-right:0px;list-style:inside;box-sizing:border-box\">\n<p style=\"font-size:14px;font-weight:400;line-height:inherit;margin:0px;margin-bottom:0px;margin-top:0px;margin-left:0px;margin-right:0px;padding:0px;padding-bottom:0px;padding-top:0px;padding-left:0px;padding-right:0px;box-sizing:border-box\">Les coussinets en silicone antid\u00e9rapants emp\u00eachent les rayures et le glissement<\/p>\n<\/li>\n<li style=\"margin:0px;margin-bottom:0px;margin-top:0px;margin-left:0px;margin-right:0px;padding:0px;padding-bottom:0px;padding-top:0px;padding-left:0px;padding-right:0px;list-style:inside;box-sizing:border-box\">\n<p style=\"font-size:14px;font-weight:400;line-height:inherit;margin:0px;margin-bottom:0px;margin-top:0px;margin-left:0px;margin-right:0px;padding:0px;padding-bottom:0px;padding-top:0px;padding-left:0px;padding-right:0px;box-sizing:border-box\">Compatible avec les ordinateurs portables et notebook de 11 \u00e0 167,5 pouces<\/p>\n<\/li>\n<\/ul>\n<p style=\"font-family:-apple-system, BlinkMacSystemFont, &quot;Segoe UI&quot;, Roboto, &quot;Helvetica Neue&quot;, Arial, &quot;Noto Sans&quot;, sans-serif, &quot;Apple Color Emoji&quot;, &quot;Segoe UI Emoji&quot;, &quot;Segoe UI Symbol&quot;, &quot;Noto Color Emoji&quot;;font-size:14px;font-weight:400;letter-spacing:normal;line-height:1.725;text-align:start;white-space:pre-wrap;color:rgb(84, 84, 84);background-color:rgb(255, 255, 255);margin:0px;margin-bottom:0px;margin-top:0px;margin-left:0px;margin-right:0px;padding:0px;padding-bottom:0px;padding-top:0px;padding-left:0px;padding-right:0px;box-sizing:border-box\" align=\"start\">Description du produit :<\/p>\n<p style=\"font-family:-apple-system, BlinkMacSystemFont, &quot;Segoe UI&quot;, Roboto, &quot;Helvetica Neue&quot;, Arial, &quot;Noto Sans&quot;, sans-serif, &quot;Apple Color Emoji&quot;, &quot;Segoe UI Emoji&quot;, &quot;Segoe UI Symbol&quot;, &quot;Noto Color Emoji&quot;;font-size:14px;font-weight:400;letter-spacing:normal;line-height:1.725;text-align:start;white-space:pre-wrap;color:rgb(84, 84, 84);background-color:rgb(255, 255, 255);margin:0px;margin-bottom:0px;margin-top:0px;margin-left:0px;margin-right:0px;padding:0px;padding-bottom:0px;padding-top:0px;padding-left:0px;padding-right:0px;box-sizing:border-box\" align=\"start\">Am\u00e9liorez votre espace de travail avec le support pour ordinateur portable en aluminium. Fabriqu\u00e9 \u00e0 partir d'un mat\u00e9riau en alliage d'aluminium de haute qualit\u00e9, ce support pour ordinateur portable est durable, stable et offre un look \u00e9l\u00e9gant et moderne qui compl\u00e8te parfaitement votre ordinateur portable. La conception r\u00e9glable vous permet de choisir l'angle de vision parfait pour r\u00e9duire la fatigue oculaire et am\u00e9liorer la posture. Vous pouvez facilement basculer entre les positions assise et debout en soulevant ou en abaissant le support \u00e0 votre hauteur pr\u00e9f\u00e9r\u00e9e.<\/p>\n<div>\n<div>\n<div><img decoding=\"async\" class=\"detail-desc-decorate-image\" src=\"https:\/\/ae01.alicdn.com\/kf\/S00dcb2eea5984771a24a3bfd5740b74bP.jpg?width=950&amp;height=6319&amp;hash=7269\" slate-data-type=\"image\"> <img decoding=\"async\" class=\"detail-desc-decorate-image\" src=\"https:\/\/ae01.alicdn.com\/kf\/Sa12c6f03bea644af89bd7ca75e9ffae6c.jpg?width=950&amp;height=2866&amp;hash=3816\" slate-data-type=\"image\"> <img decoding=\"async\" class=\"detail-desc-decorate-image\" src=\"https:\/\/ae01.alicdn.com\/kf\/Sa9d949c101c2491bbee9d496fc5a0f9dD.jpg?width=950&amp;height=3505&amp;hash=4455\" slate-data-type=\"image\"> <img decoding=\"async\" class=\"detail-desc-decorate-image\" src=\"https:\/\/ae01.alicdn.com\/kf\/S5b3d485093a64a40992266be4e374c97x.jpg?width=950&amp;height=5306&amp;hash=6256\" slate-data-type=\"image\"><\/div>\n<div>&nbsp;<\/div>\n<\/div>\n<\/div>\n<div><\/div>\n<\/div>\n<\/div>\n<p><\/p>\n<\/div>\n<\/div>","protected":false},"excerpt":{"rendered":"<p>Mat\u00e9riau:&nbsp;alliage d\u2019aluminium Application:&nbsp;Portatif Nom de marque:&nbsp;YYLMONE Origine:&nbsp;CN (Origine) Feature 1::&nbsp;Anti-Slip Adjustable holde Feature 2::&nbsp;Multiple silicone protection Multi-Scene::&nbsp;Book,Tablet,Laptop,Kitchen Chopping Board,Phone Fabriqu\u00e9<\/p>","protected":false},"featured_media":12675,"comment_status":"open","ping_status":"closed","template":"","meta":[],"product_brand":[],"product_cat":[4688],"product_tag":[],"class_list":{"0":"post-12674","1":"product","2":"type-product","3":"status-publish","4":"has-post-thumbnail","6":"product_cat-computer-components","8":"first","9":"instock","10":"shipping-taxable","11":"purchasable","12":"product-type-variable"},"jetpack_sharing_enabled":true,"_links":{"self":[{"href":"https:\/\/afrycom.com\/fr\/wp-json\/wp\/v2\/product\/12674","targetHints":{"allow":["GET"]}}],"collection":[{"href":"https:\/\/afrycom.com\/fr\/wp-json\/wp\/v2\/product"}],"about":[{"href":"https:\/\/afrycom.com\/fr\/wp-json\/wp\/v2\/types\/product"}],"replies":[{"embeddable":true,"href":"https:\/\/afrycom.com\/fr\/wp-json\/wp\/v2\/comments?post=12674"}],"wp:featuredmedia":[{"embeddable":true,"href":"https:\/\/afrycom.com\/fr\/wp-json\/wp\/v2\/media\/12675"}],"wp:attachment":[{"href":"https:\/\/afrycom.com\/fr\/wp-json\/wp\/v2\/media?parent=12674"}],"wp:term":[{"taxonomy":"product_brand","embeddable":true,"href":"https:\/\/afrycom.com\/fr\/wp-json\/wp\/v2\/product_brand?post=12674"},{"taxonomy":"product_cat","embeddable":true,"href":"https:\/\/afrycom.com\/fr\/wp-json\/wp\/v2\/product_cat?post=12674"},{"taxonomy":"product_tag","embeddable":true,"href":"https:\/\/afrycom.com\/fr\/wp-json\/wp\/v2\/product_tag?post=12674"}],"curies":[{"name":"wp","href":"https:\/\/api.w.org\/{rel}","templated":true}]}}