{"id":12667,"date":"2025-03-23T03:20:26","date_gmt":"2025-03-23T03:20:26","guid":{"rendered":"https:\/\/afrycom.com\/product\/congelateur-commercial-a-porte-en-verre-pour-touristes-etagere-de-refroidissement-de-la-temperature-affichage-de-refrigerateur-boisson-indispensable-refrigerateur-pour-jus\/"},"modified":"2025-07-31T07:43:25","modified_gmt":"2025-07-31T07:43:25","slug":"congelateur-commercial-a-porte-en-verre-pour-touristes-etagere-de-refroidissement-de-la-temperature-affichage-de-refrigerateur-boisson-indispensable-refrigerateur-pour-jus","status":"publish","type":"product","link":"https:\/\/afrycom.com\/fr\/produit\/congelateur-commercial-a-porte-en-verre-pour-touristes-etagere-de-refroidissement-de-la-temperature-affichage-de-refrigerateur-boisson-indispensable-refrigerateur-pour-jus\/","title":{"rendered":"Cong\u00e9lateur commercial \u00e0 porte en verre pour touristes, \u00e9tag\u00e8re de refroidissement de la temp\u00e9rature, affichage de r\u00e9frig\u00e9rateur, boisson indispensable, r\u00e9frig\u00e9rateur pour jus"},"content":{"rendered":"<p>&nbsp;<\/p>\n<div class=\"product-specs-list-container\">\n<ul class=\"product-specs-list util-clearfix\">\n<li class=\"product-prop line-limit-length\"><span class=\"property-title\">Chimique Hign-concern\u00e9 :\u00a0<\/span><span class=\"property-desc line-limit-length\">Aucun<\/span><\/li>\n<li class=\"product-prop line-limit-length\"><span class=\"property-title\">Source d'\u00e9nergie :\u00a0<\/span><span class=\"property-desc line-limit-length\">AC<\/span><\/li>\n<li class=\"product-prop line-limit-length\"><span class=\"property-title\">Hauteur :\u00a0<\/span><span class=\"property-desc line-limit-length\">160-179 cm<\/span><\/li>\n<li class=\"product-prop line-limit-length\"><span class=\"property-title\">Largeur :\u00a0<\/span><span class=\"property-desc line-limit-length\">61-70 cm<\/span><\/li>\n<li class=\"product-prop line-limit-length\"><span class=\"property-title\">Nombre De Portes :\u00a0<\/span><span class=\"property-desc line-limit-length\">2 Portes<\/span><\/li>\n<li class=\"product-prop line-limit-length\"><span class=\"property-title\">Certification :\u00a0<\/span><span class=\"property-desc line-limit-length\">ce<\/span><\/li>\n<li class=\"product-prop line-limit-length\"><span class=\"property-title\">Classement de Consommation D'\u00e9nergie :\u00a0<\/span><span class=\"property-desc line-limit-length\">Niveau 1<\/span><\/li>\n<li class=\"product-prop line-limit-length\"><span class=\"property-title\">Style :\u00a0<\/span><span class=\"property-desc line-limit-length\">R\u00e9frig\u00e9rateur d'entreposage frigorifique<\/span><\/li>\n<li class=\"product-prop line-limit-length\"><span class=\"property-title\">Capacit\u00e9 :\u00a0<\/span><span class=\"property-desc line-limit-length\">121-200L<\/span><\/li>\n<li class=\"product-prop line-limit-length\"><span class=\"property-title\">Tension (V) :\u00a0<\/span><span class=\"property-desc line-limit-length\">220V<\/span><\/li>\n<li class=\"product-prop line-limit-length\"><span class=\"property-title\">Puissance (W) :\u00a0<\/span><span class=\"property-desc line-limit-length\">100W<\/span><\/li>\n<li class=\"product-prop line-limit-length\"><span class=\"property-title\">Capacit\u00e9 de Cong\u00e9lateur :\u00a0<\/span><span class=\"property-desc line-limit-length\">&gt; 100L<\/span><\/li>\n<li class=\"product-prop line-limit-length\"><span class=\"property-title\">Nom de marque :\u00a0<\/span><span class=\"property-desc line-limit-length\">XMSJ<\/span><\/li>\n<li class=\"product-prop line-limit-length\"><span class=\"property-title\">Origine :\u00a0<\/span><span class=\"property-desc line-limit-length\">CN (Origine)<\/span><\/li>\n<li class=\"product-prop line-limit-length\"><span class=\"property-title\">le lieu d'origine :\u00a0<\/span><span class=\"property-desc line-limit-length\">Shandong, Chine<\/span><\/li>\n<li class=\"product-prop line-limit-length\"><span class=\"property-title\">nom de marque :\u00a0<\/span><span class=\"property-desc line-limit-length\">TUNE<\/span><\/li>\n<li class=\"product-prop line-limit-length\"><span class=\"property-title\">num\u00e9ro de mod\u00e8le :\u00a0<\/span><span class=\"property-desc line-limit-length\">Armoire \u00e0 boissons \u00e0 refroidissement direct<\/span><\/li>\n<li class=\"product-prop line-limit-length\"><span class=\"property-title\">type :\u00a0<\/span><span class=\"property-desc line-limit-length\">Refroidisseur d'\u00e9cran<\/span><\/li>\n<li class=\"product-prop line-limit-length\"><span class=\"property-title\">le style :\u00a0<\/span><span class=\"property-desc line-limit-length\">Double temp\u00e9rature<\/span><\/li>\n<li class=\"product-prop line-limit-length\"><span class=\"property-title\">le type de climat :\u00a0<\/span><span class=\"property-desc line-limit-length\">SN\/N\/ST\/T<\/span><\/li>\n<li class=\"product-prop line-limit-length\"><span class=\"property-title\">r\u00e9frig\u00e9rant :\u00a0<\/span><span class=\"property-desc line-limit-length\">R600a,R290,R404a<\/span><\/li>\n<li class=\"product-prop line-limit-length\"><span class=\"property-title\">Contr\u00f4le de la temp\u00e9rature :\u00a0<\/span><span class=\"property-desc line-limit-length\">Thermostat r\u00e9glable, r\u00e9gulateur \u00e9lectronique<\/span><\/li>\n<li class=\"product-prop line-limit-length\"><span class=\"property-title\">D\u00e9givrage :\u00a0<\/span><span class=\"property-desc line-limit-length\">D\u00e9givrage automatique<\/span><\/li>\n<li class=\"product-prop line-limit-length\"><span class=\"property-title\">Mode de refroidissement :\u00a0<\/span><span class=\"property-desc line-limit-length\">Refroidissement de l'air<\/span><\/li>\n<li class=\"product-prop line-limit-length\"><span class=\"property-title\">Tension :\u00a0<\/span><span class=\"property-desc line-limit-length\">220V<\/span><\/li>\n<li class=\"product-prop line-limit-length\"><span class=\"property-title\">Syst\u00e8me de refroidissement :\u00a0<\/span><span class=\"property-desc line-limit-length\">refroidissement par ventilateur, refroidissement ventil\u00e9<\/span><\/li>\n<li class=\"product-prop line-limit-length\"><span class=\"property-title\">Nom du produit :\u00a0<\/span><span class=\"property-desc line-limit-length\">R\u00e9frig\u00e9rateur \u00e0 \u00e9cran vertical<\/span><\/li>\n<li class=\"product-prop line-limit-length\"><span class=\"property-title\">Tension (V) :\u00a0<\/span><span class=\"property-desc line-limit-length\">220V\/50HZ 110V\/60HZ<\/span><\/li>\n<li class=\"product-prop line-limit-length\"><span class=\"property-title\">Puissance (W) :\u00a0<\/span><span class=\"property-desc line-limit-length\">220V-240V\/50HZ(60HZ) 110V\/60HZ<\/span><\/li>\n<li class=\"product-prop line-limit-length\"><span class=\"property-title\">L\u00e9ger :\u00a0<\/span><span class=\"property-desc line-limit-length\">LED<\/span><\/li>\n<li class=\"product-prop line-limit-length\"><span class=\"property-title\">Couleur :\u00a0<\/span><span class=\"property-desc line-limit-length\">comme montrer ou client\u00e9liser<\/span><\/li>\n<li class=\"product-prop line-limit-length\"><span class=\"property-title\">Garantie :\u00a0<\/span><span class=\"property-desc line-limit-length\">1 an<\/span><\/li>\n<li class=\"product-prop line-limit-length\"><span class=\"property-title\">Certification :\u00a0<\/span><span class=\"property-desc line-limit-length\">CE<\/span><\/li>\n<li class=\"product-prop line-limit-length\"><span class=\"property-title\">Type de porte :\u00a0<\/span><span class=\"property-desc line-limit-length\">Porte tripple<\/span><\/li>\n<\/ul>\n<\/div>\n<div class=\"detailmodule_html\">\n<div class=\"detail-desc-decorate-richtext\">\n<div><\/div>\n<div><\/div>\n<div id=\"detail_decorate_root\" data-magic-global=\"%7B%22bizId%22%3A2218012051029%2C%22pageId%22%3A21452903421%2C%22siteId%22%3A10101401216%7D\">\n<style>#detail_decorate_root .magic-0{width:750px}#detail_decorate_root .magic-1{overflow:hidden;width:750px;height:516px;margin-top:0;margin-bottom:0;margin-left:0;margin-right:0}#detail_decorate_root .magic-2{margin-top:0;margin-left:0;width:750px;height:516px}#detail_decorate_root .magic-3{overflow:hidden;width:750px;height:579px;margin-top:0;margin-bottom:0;margin-left:0;margin-right:0}#detail_decorate_root .magic-4{margin-top:0;margin-left:0;width:750px;height:579px}#detail_decorate_root .magic-5{width:750px;border-collapse:collapse}#detail_decorate_root .magic-6{min-height:18px;padding:5px 10px;width:155px;min-height:18px;box-sizing:content-box}#detail_decorate_root .magic-7{text-align:center}#detail_decorate_root .magic-8{font-size:18px}#detail_decorate_root .magic-9{min-height:18px;padding:5px 10px;width:159px;min-height:18px;box-sizing:content-box}#detail_decorate_root .magic-11{min-height:18px;padding:5px 10px;width:206px;min-height:18px;box-sizing:content-box}#detail_decorate_root .magic-12{min-height:18px;padding:5px 10px;width:144px;min-height:18px;box-sizing:content-box}#detail_decorate_root .magic-13{min-height:18px;padding:5px 10px;width:154px;min-height:18px;box-sizing:content-box}#detail_decorate_root .magic-14{margin-bottom:10px;line-height:0}#detail_decorate_root .magic-15{margin-bottom:0}#detail_decorate_root .magic-16{position:relative;width:100%}#detail_decorate_root .magic-17{vertical-align:top}#detail_decorate_root .magic-18{vertical-align:top;display:block;padding-right:4px;box-sizing:border-box;padding-left:4px}#detail_decorate_root .magic-19{vertical-align:top;padding-bottom:4px;box-sizing:border-box;padding-top:4px}#detail_decorate_root .magic-20{padding:0;margin:0;white-space:pre-wrap;font-size:14px}#detail_decorate_root .magic-21{overflow:hidden;width:750px;height:375px;margin-top:0;margin-bottom:0;margin-left:0;margin-right:0}#detail_decorate_root .magic-22{margin-top:0;margin-left:0;width:750px;height:375px}#detail_decorate_root .magic-23{overflow:hidden;width:750px;height:497px;margin-top:0;margin-bottom:0;margin-left:0;margin-right:0}#detail_decorate_root .magic-24{margin-top:0;margin-left:0;width:750px;height:497px}#detail_decorate_root .magic-25{overflow:hidden;width:750px;height:601px;margin-top:0;margin-bottom:0;margin-left:0;margin-right:0}#detail_decorate_root .magic-26{margin-top:0;margin-left:0;width:750px;height:601px}#detail_decorate_root .magic-27{border-bottom-style:solid;border-bottom-color:#53647a;font-family:Roboto;font-size:24px;color:#53647a;font-style:normal;border-bottom-width:2px;padding-top:8px;padding-bottom:4px}<\/style>\n<div class=\"J_module\">\n<div class=\"icbu-pc-images magic-0\">\n<div>\n<div class=\"flex-layout-v\">\n<div class=\"flex-layout-h magic-0\">\n<div class=\"magic-1\"><img decoding=\"async\" class=\"magic-2\" src=\"https:\/\/ae01.alicdn.com\/kf\/S8c9587ccc49043c1821d8a1046554384q.jpg?width=750&amp;height=516&amp;hash=1266\" \/><\/div>\n<\/div>\n<\/div>\n<\/div>\n<\/div>\n<\/div>\n<div class=\"J_module\">\n<div class=\"icbu-pc-images magic-0\">\n<div>\n<div class=\"flex-layout-v\">\n<div class=\"flex-layout-h magic-0\">\n<div class=\"magic-3\"><img decoding=\"async\" class=\"magic-4\" src=\"https:\/\/ae01.alicdn.com\/kf\/S1d58beb3257549d9ae90c35d1a1eacadn.jpg?width=750&amp;height=579&amp;hash=1329\" \/><\/div>\n<\/div>\n<\/div>\n<\/div>\n<\/div>\n<\/div>\n<div class=\"J_module\">\n<div class=\"ife-detail-decorate-table\">\n<table class=\"has-title hight-light-first-column all magic-5\">\n<tbody>\n<tr>\n<td colspan=\"1\" rowspan=\"1\">\n<div class=\"magic-6\">\n<div class=\"magic-7\" data-spm-anchor-id=\"a2700.pc-decorate.0.i258.7b243333kn9Bms\"><span class=\"magic-8\">Mod\u00e8le<\/span><\/div>\n<\/div>\n<\/td>\n<td colspan=\"1\" rowspan=\"1\">\n<div class=\"magic-9\">\n<div class=\"magic-7\" data-spm-anchor-id=\"0.0.0.i12.728a4f05Xh7tVM\"><span class=\"magic-10\" data-spm-anchor-id=\"0.0.0.i11.728a4f05Xh7tVM\"><span class=\"magic-8\">LC-F1368<\/span><\/span><\/div>\n<\/div>\n<\/td>\n<td colspan=\"1\" rowspan=\"1\">\n<div class=\"magic-11\">\n<div class=\"magic-7\" data-spm-anchor-id=\"0.0.0.i5.728a4f05Xh7tVM\"><span class=\"magic-8\">LC-F2052<\/span><\/div>\n<\/div>\n<\/td>\n<td colspan=\"1\" rowspan=\"1\">\n<div class=\"magic-12\">\n<div class=\"magic-7\"><span class=\"magic-8\">LC-F2736<\/span><\/div>\n<\/div>\n<\/td>\n<\/tr>\n<tr>\n<td colspan=\"1\" rowspan=\"1\">\n<div class=\"magic-6\">\n<div class=\"magic-7\" data-spm-anchor-id=\"a2700.pc-decorate.0.i23.59a23333U13Lu5\"><span class=\"magic-10\" data-spm-anchor-id=\"a2700.pc-decorate.0.i20.59a23333U13Lu5\"><span class=\"magic-8\">Temp\u00e9rature (C)<\/span><\/span><\/div>\n<\/div>\n<\/td>\n<td colspan=\"1\" rowspan=\"1\">\n<div class=\"magic-9\">\n<div class=\"magic-7\" data-spm-anchor-id=\"a2700.pc-decorate.0.i1.7a9933333JMZtk\"><span class=\"magic-10\" data-spm-anchor-id=\"a2700.pc-decorate.0.i26.7a9933333JMZtk\"><span class=\"magic-8\">2-8<\/span><\/span><\/div>\n<\/div>\n<\/td>\n<td colspan=\"1\" rowspan=\"1\">\n<div class=\"magic-11\">\n<div class=\"magic-7\" data-spm-anchor-id=\"a2700.pc-decorate.0.i27.7a9933333JMZtk\"><span class=\"magic-10\" data-spm-anchor-id=\"a2700.pc-decorate.0.i28.7a9933333JMZtk\"><span class=\"magic-8\">2-8<\/span><\/span><\/div>\n<\/div>\n<\/td>\n<td colspan=\"1\" rowspan=\"1\">\n<div class=\"magic-12\">\n<div class=\"magic-7\" data-spm-anchor-id=\"0.0.0.i19.728a4f05Xh7tVM\"><span class=\"magic-8\">2-8<\/span><\/div>\n<\/div>\n<\/td>\n<\/tr>\n<tr>\n<td colspan=\"1\" rowspan=\"1\">\n<div class=\"magic-13\">\n<div class=\"magic-7\" data-spm-anchor-id=\"a2700.pc-decorate.0.i199.7b243333kn9Bms\"><span class=\"magic-8\">Volume (L)<\/span><\/p>\n<\/div>\n<\/div>\n<\/td>\n<td colspan=\"1\" rowspan=\"1\">\n<div class=\"magic-9\">\n<div class=\"magic-7\" data-spm-anchor-id=\"a2700.pc-decorate.0.i288.7b243333kn9Bms\"><span class=\"magic-10\" data-spm-anchor-id=\"0.0.0.i0.728a4f05ysj7gY\"><span class=\"magic-8\">1070<\/span><\/span><\/div>\n<\/div>\n<\/td>\n<td colspan=\"1\" rowspan=\"1\">\n<div class=\"magic-11\">\n<div class=\"magic-7\" data-spm-anchor-id=\"a2700.pc-decorate.0.i42.7a9933333JMZtk\"><span class=\"magic-10\" data-spm-anchor-id=\"a2700.pc-decorate.0.i41.7a9933333JMZtk\"><span class=\"magic-8\">1655<\/span><\/span><\/div>\n<\/div>\n<\/td>\n<td colspan=\"1\" rowspan=\"1\">\n<div class=\"magic-12\">\n<div class=\"magic-7\"><span class=\"magic-8\">2361<\/span><\/div>\n<\/div>\n<\/td>\n<\/tr>\n<tr>\n<td colspan=\"1\" rowspan=\"1\">\n<div class=\"magic-6\">\n<div class=\"magic-7\"><span class=\"magic-8\">Puissance (W)<\/span><\/div>\n<\/div>\n<\/td>\n<td colspan=\"1\" rowspan=\"1\">\n<div class=\"magic-9\">\n<div class=\"magic-7\" data-spm-anchor-id=\"a2700.pc-decorate.0.i53.7a9933333JMZtk\"><span class=\"magic-8\">201<\/span><\/div>\n<\/div>\n<\/td>\n<td colspan=\"1\" rowspan=\"1\">\n<div class=\"magic-11\">\n<div class=\"magic-7\" data-spm-anchor-id=\"a2700.pc-decorate.0.i54.7a9933333JMZtk\"><span class=\"magic-10\" data-spm-anchor-id=\"0.0.0.i23.728a4f05Xh7tVM\"><span class=\"magic-8\">278<\/span><\/span><\/div>\n<\/div>\n<\/td>\n<td colspan=\"1\" rowspan=\"1\">\n<div class=\"magic-12\">\n<div class=\"magic-7\" data-spm-anchor-id=\"0.0.0.i24.728a4f05Xh7tVM\"><span class=\"magic-8\">379<\/span><\/div>\n<\/div>\n<\/td>\n<\/tr>\n<tr>\n<td colspan=\"1\" rowspan=\"1\">\n<div class=\"magic-13\">\n<div class=\"magic-7\"><span class=\"magic-8\">Poids (Kg)<\/span><\/div>\n<\/div>\n<\/td>\n<td colspan=\"1\" rowspan=\"1\">\n<div class=\"magic-9\">\n<div class=\"magic-7\" data-spm-anchor-id=\"0.0.0.i25.728a4f05Xh7tVM\"><span class=\"magic-8\">165<\/span><\/div>\n<\/div>\n<\/td>\n<td colspan=\"1\" rowspan=\"1\">\n<div class=\"magic-11\">\n<div class=\"magic-7\" data-spm-anchor-id=\"a2700.pc-decorate.0.i66.7a9933333JMZtk\"><span class=\"magic-8\">260<\/span><\/div>\n<\/div>\n<\/td>\n<td colspan=\"1\" rowspan=\"1\">\n<div class=\"magic-12\">\n<div class=\"magic-7\" data-spm-anchor-id=\"0.0.0.i28.728a4f05Xh7tVM\"><span class=\"magic-8\">355<\/span><\/div>\n<\/div>\n<\/td>\n<\/tr>\n<tr>\n<td colspan=\"1\" rowspan=\"1\">\n<div class=\"magic-6\">\n<div class=\"magic-7\"><span class=\"magic-8\">R\u00e9frig\u00e9rant<\/span><\/div>\n<\/div>\n<\/td>\n<td colspan=\"1\" rowspan=\"1\">\n<div class=\"magic-9\">\n<div class=\"magic-7\" data-spm-anchor-id=\"0.0.0.i30.728a4f05Xh7tVM\"><span class=\"magic-10\" data-spm-anchor-id=\"0.0.0.i29.728a4f05Xh7tVM\"><span class=\"magic-8\">R404a<\/span><\/span><\/div>\n<\/div>\n<\/td>\n<td colspan=\"1\" rowspan=\"1\">\n<div class=\"magic-11\">\n<div class=\"magic-7\" data-spm-anchor-id=\"0.0.0.i31.728a4f05Xh7tVM\"><span class=\"magic-10\" data-spm-anchor-id=\"0.0.0.i14.728a4f05Xh7tVM\"><span class=\"magic-8\">R404a<\/span><\/span><\/div>\n<\/div>\n<\/td>\n<td colspan=\"1\" rowspan=\"1\">\n<div class=\"magic-12\">\n<div class=\"magic-7\"><span class=\"magic-8\">R404a<\/span><\/p>\n<\/div>\n<\/div>\n<\/td>\n<\/tr>\n<tr>\n<td colspan=\"1\" rowspan=\"1\">\n<div class=\"magic-13\">\n<div class=\"magic-7\"><span class=\"magic-10\" data-spm-anchor-id=\"0.0.0.i33.728a4f05Xh7tVM\"><span class=\"magic-8\">1Taille (MM)<\/span><\/span><\/div>\n<\/div>\n<\/td>\n<td colspan=\"1\" rowspan=\"1\">\n<div class=\"magic-9\">\n<div class=\"magic-7\" data-spm-anchor-id=\"a2700.pc-decorate.0.i75.7a9933333JMZtk\"><span class=\"magic-8\">1368*723*1997<\/span><\/div>\n<\/div>\n<\/td>\n<td colspan=\"1\" rowspan=\"1\">\n<div class=\"magic-11\">\n<div class=\"magic-7\" data-spm-anchor-id=\"0.0.0.i34.728a4f05Xh7tVM\"><span class=\"magic-8\">2052*723*1997<\/span><\/div>\n<\/div>\n<\/td>\n<td colspan=\"1\" rowspan=\"1\">\n<div class=\"magic-12\">\n<div class=\"magic-7\"><span class=\"magic-8\">2736*723*1997<\/span><\/div>\n<\/div>\n<\/td>\n<\/tr>\n<\/tbody>\n<\/table>\n<\/div>\n<\/div>\n<div class=\"J_module\">\n<div class=\"icbu-pc-detailManyImage magic-14\">\n<div class=\"magic-15\"><img decoding=\"async\" class=\"magic-16\" src=\"https:\/\/ae01.alicdn.com\/kf\/S45a1295e7d6b43bb92fe48610d083610R.jpg?width=750&amp;height=571&amp;hash=1321\" \/><\/div>\n<div class=\"magic-15\"><img decoding=\"async\" class=\"magic-16\" src=\"https:\/\/ae01.alicdn.com\/kf\/Se8a0f264ddfb4912be770a2458c983b4v.jpg?width=750&amp;height=570&amp;hash=1320\" \/><\/div>\n<div class=\"magic-15\"><img decoding=\"async\" class=\"magic-16\" src=\"https:\/\/ae01.alicdn.com\/kf\/Scbbfc445c07f4241b4101cb7ea9bc0c6J.jpg?width=750&amp;height=854&amp;hash=1604\" \/><\/div>\n<div class=\"magic-15\"><img decoding=\"async\" class=\"magic-16\" src=\"https:\/\/ae01.alicdn.com\/kf\/S9079e36bad484061a19e470aba5efe22J.jpg?width=750&amp;height=901&amp;hash=1651\" \/><\/div>\n<div class=\"magic-15\"><img decoding=\"async\" class=\"magic-16\" src=\"https:\/\/ae01.alicdn.com\/kf\/See313d90bd5143e280e98509f3765757X.jpg?width=750&amp;height=1018&amp;hash=1768\" \/><\/div>\n<div class=\"magic-15\"><img decoding=\"async\" class=\"magic-16\" src=\"https:\/\/ae01.alicdn.com\/kf\/S63fddcc73e1544d38543cd63f6b80b01b.jpg?width=750&amp;height=1012&amp;hash=1762\" \/><\/div>\n<div class=\"magic-15\"><img decoding=\"async\" class=\"magic-16\" src=\"https:\/\/ae01.alicdn.com\/kf\/S2a43456febbc4a64b702e1acfcfb936aj.jpg?width=750&amp;height=417&amp;hash=1167\" \/><\/div>\n<div class=\"magic-15\"><img decoding=\"async\" class=\"magic-16\" src=\"https:\/\/ae01.alicdn.com\/kf\/S80216840a0624ad1b716825f7626909as.jpg?width=750&amp;height=555&amp;hash=1305\" \/><\/div>\n<\/div>\n<\/div>\n<div class=\"J_module\">\n<div class=\"detail-decorate-json-renderer-container\">\n<div class=\"magic-17\">\n<div class=\"magic-18\">\n<div class=\"magic-19\">\n<div class=\"magic-20\"><span class=\"magic-8\">QINGDAO TUNE a \u00e9t\u00e9 fond\u00e9e en 2009 et se concentre sur la fabrication de produits commerciaux haut de gamme.<br \/>\nde r\u00e9frig\u00e9rateurs, int\u00e9grant la recherche et le d\u00e9veloppement, la production et la vente. L'entreprise s'est engag\u00e9e \u00e0 construire une gamme de r\u00e9frig\u00e9rateurs commerciaux haut de gamme.<br \/>\nla marque de r\u00e9frig\u00e9rateurs. \u00c0 l'heure actuelle, elle a coop\u00e9r\u00e9 avec de nombreuses marques de boissons, de caf\u00e9s et de cha\u00eenes de restauration parmi les 500 premi\u00e8res au monde.<br \/>\nentreprises nationales et \u00e9trang\u00e8res, a acquis une bonne r\u00e9putation sur le march\u00e9 et dans l'industrie, et est profond\u00e9ment enracin\u00e9e dans la soci\u00e9t\u00e9.<br \/>\nreconnu et approuv\u00e9 par les utilisateurs.<\/p>\n<p>L'entreprise adh\u00e8re au concept de \"qualit\u00e9 d'abord, r\u00e9putation d'abord\", fait de l'innovation technologique son cheval de bataille et dispose d'un syst\u00e8me de gestion de la qualit\u00e9 de premier ordre.<br \/>\n\u00e9quipe professionnelle de recherche et d\u00e9veloppement, production OEM et soutien \u00e0 diverses entreprises, conception d'\u00e9quipements de r\u00e9frig\u00e9ration<br \/>\nLes compresseurs import\u00e9s et les accessoires r\u00e9put\u00e9s sont s\u00e9lectionn\u00e9s en fonction de leurs caract\u00e9ristiques de marque, selon les besoins des clients, et de leur qualit\u00e9.<br \/>\nLa conception et le processus de fabrication sont parfaits, et les tests et inspections sont rigoureux. Par cons\u00e9quent, le produit poss\u00e8de les caract\u00e9ristiques suivantes<br \/>\navantages d'une r\u00e9frig\u00e9ration rapide, d'une grande efficacit\u00e9 de r\u00e9frig\u00e9ration, d'une faible consommation d'\u00e9nergie, d'un faible niveau de bruit, d'une grande fiabilit\u00e9, d'un aspect luxueux...<br \/>\nLe march\u00e9 dispose de cat\u00e9gories de r\u00e9frig\u00e9rateurs diversifi\u00e9es pour r\u00e9pondre aux diff\u00e9rents besoins des consommateurs.<br \/>\nmarch\u00e9.<\/span><\/div>\n<\/div>\n<\/div>\n<\/div>\n<\/div>\n<\/div>\n<div class=\"J_module\">\n<div class=\"icbu-pc-images magic-0\">\n<div>\n<div class=\"flex-layout-v\">\n<div class=\"flex-layout-h magic-0\">\n<div class=\"magic-21\"><img decoding=\"async\" class=\"magic-22\" src=\"https:\/\/ae01.alicdn.com\/kf\/S19d113b11ad048cb9c565ee16a04322ej.jpg?width=750&amp;height=375&amp;hash=1125\" \/><\/div>\n<\/div>\n<\/div>\n<\/div>\n<\/div>\n<\/div>\n<div class=\"J_module\">\n<div class=\"icbu-pc-images magic-0\">\n<div>\n<div class=\"flex-layout-v\">\n<div class=\"flex-layout-h magic-0\">\n<div class=\"magic-23\"><img decoding=\"async\" class=\"magic-24\" src=\"https:\/\/ae01.alicdn.com\/kf\/Se8eee4242d2a4806a7881691dc306c0ep.jpg?width=750&amp;height=497&amp;hash=1247\" \/><\/div>\n<\/div>\n<\/div>\n<\/div>\n<\/div>\n<\/div>\n<div class=\"J_module\">\n<div class=\"icbu-pc-images magic-0\">\n<div>\n<div class=\"flex-layout-v\">\n<div class=\"flex-layout-h magic-0\">\n<div class=\"magic-25\"><img decoding=\"async\" class=\"magic-26\" src=\"https:\/\/ae01.alicdn.com\/kf\/S2679d5a53cc14a5ca73d4810ecbbd4dcy.jpg?width=750&amp;height=601&amp;hash=1351\" \/><\/div>\n<\/div>\n<\/div>\n<\/div>\n<\/div>\n<\/div>\n<div class=\"J_module\">\n<div id=\"ali-anchor-AliMagic-1ort7k\" class=\"magic-27\" data-section=\"AliMagic-1ort7k\" data-section-title=\"FAQ\">FAQ<\/div>\n<\/div>\n<div class=\"J_module\">\n<div class=\"detail-decorate-json-renderer-container\">\n<div class=\"magic-17\">\n<div class=\"magic-18\">\n<div class=\"magic-19\">\n<div class=\"magic-20\"><span class=\"magic-8\">1. \u00cates-vous une usine de fabrication ou une soci\u00e9t\u00e9 commerciale ? Nous sommes un fabricant avec plus de 15 ans d'exp\u00e9rience professionnelle dans la production d'\u00e9quipements de r\u00e9frig\u00e9ration. Nous disposons d'un service de vente national et d'un service de vente international. 2. Quels sont les d\u00e9lais de livraison et les modalit\u00e9s d'exp\u00e9dition ? 20 jours ouvrables pour le transport maritime. 3. Quels sont les frais de transport et les tarifs en Chine ? Nous sommes responsables du d\u00e9douanement et des surtaxes portuaires au port de Qingdao. Vous \u00eates responsable du fret de Qingdao \u00e0 Malte et du d\u00e9douanement \u00e0 Malte. 4. Comment puis-je vous payer ? Nous inscrirons nos coordonn\u00e9es bancaires sur la facture, et vous n'aurez qu'\u00e0 apporter la facture \u00e0 la banque pour effectuer le paiement. 5. Puis-je payer apr\u00e8s l'arriv\u00e9e des marchandises ? Vous devez payer 50% d'acompte, et les 50% restants avant l'exp\u00e9dition. 6. Pouvez-vous apposer notre marque sur vos produits ? Oui. Nous pouvons imprimer votre logo sur les produits et les emballages si vous pouvez respecter notre QMOS. 7. Comment garantir la qualit\u00e9 de vos produits ? 1) D\u00e9tection stricte pendant la production. 2) Inspection stricte par \u00e9chantillonnage des produits avant l'exp\u00e9dition et garantie d'un emballage intact.<\/span><\/div>\n<\/div>\n<\/div>\n<\/div>\n<\/div>\n<\/div>\n<\/div>\n<p>&nbsp;<\/p>\n<div><\/div>\n<\/div>\n<\/div>","protected":false},"excerpt":{"rendered":"<p>&nbsp; Chimique Hign-concern\u00e9:\u00a0Aucun Source d&#8217;\u00e9nergie:\u00a0AC Hauteur:\u00a0160-179 cm Largeur:\u00a061-70 cm Nombre De Portes:\u00a02 Doors Certification:\u00a0ce Classement de Consommation D&#8217;\u00e9nergie:\u00a0Niveau 1 Style:\u00a0R\u00e9frig\u00e9rateur<\/p>","protected":false},"featured_media":12668,"comment_status":"open","ping_status":"closed","template":"","meta":[],"product_brand":[],"product_cat":[29,28],"product_tag":[],"class_list":{"0":"post-12667","1":"product","2":"type-product","3":"status-publish","4":"has-post-thumbnail","6":"product_cat-fridges-refrigeration-appliances","7":"product_cat-refrigeration-appliances","9":"first","10":"instock","11":"shipping-taxable","12":"purchasable","13":"product-type-simple"},"jetpack_sharing_enabled":true,"_links":{"self":[{"href":"https:\/\/afrycom.com\/fr\/wp-json\/wp\/v2\/product\/12667","targetHints":{"allow":["GET"]}}],"collection":[{"href":"https:\/\/afrycom.com\/fr\/wp-json\/wp\/v2\/product"}],"about":[{"href":"https:\/\/afrycom.com\/fr\/wp-json\/wp\/v2\/types\/product"}],"replies":[{"embeddable":true,"href":"https:\/\/afrycom.com\/fr\/wp-json\/wp\/v2\/comments?post=12667"}],"wp:featuredmedia":[{"embeddable":true,"href":"https:\/\/afrycom.com\/fr\/wp-json\/wp\/v2\/media\/12668"}],"wp:attachment":[{"href":"https:\/\/afrycom.com\/fr\/wp-json\/wp\/v2\/media?parent=12667"}],"wp:term":[{"taxonomy":"product_brand","embeddable":true,"href":"https:\/\/afrycom.com\/fr\/wp-json\/wp\/v2\/product_brand?post=12667"},{"taxonomy":"product_cat","embeddable":true,"href":"https:\/\/afrycom.com\/fr\/wp-json\/wp\/v2\/product_cat?post=12667"},{"taxonomy":"product_tag","embeddable":true,"href":"https:\/\/afrycom.com\/fr\/wp-json\/wp\/v2\/product_tag?post=12667"}],"curies":[{"name":"wp","href":"https:\/\/api.w.org\/{rel}","templated":true}]}}