{"id":12650,"date":"2025-03-23T03:20:05","date_gmt":"2025-03-23T03:20:05","guid":{"rendered":"https:\/\/afrycom.com\/product\/incubateur-existent-de-36-emoufs-couveuse-reapprovisionnement-en-eau-oiseau-caille-poulet-volaille-outil-de-ferme-ura\/"},"modified":"2025-03-23T03:20:13","modified_gmt":"2025-03-23T03:20:13","slug":"incubateur-existent-de-36-emoufs-couveuse-reapprovisionnement-en-eau-oiseau-caille-poulet-volaille-outil-de-ferme-ura","status":"publish","type":"product","link":"https:\/\/afrycom.com\/fr\/produit\/incubateur-existent-de-36-emoufs-couveuse-reapprovisionnement-en-eau-oiseau-caille-poulet-volaille-outil-de-ferme-ura\/","title":{"rendered":"Incubateur existent de 36 emoufs, Couveuse, R\u00e9approvisionnement en Eau, Oiseau, Caille, Poulet, Volaille, Outil de Ferme URA"},"content":{"rendered":"<div class=\"product-specs-list-container\">\n<ul class=\"product-specs-list util-clearfix\">\n<li class=\"product-prop line-limit-length\"><span\n                                        class=\"property-title\">Chimique Hign-concern\u00e9 :&nbsp;<\/span><span\n                                        class=\"property-desc line-limit-length\">Aucun<\/span>\n                            <\/li>\n<li class=\"product-prop line-limit-length\"><span\n                                        class=\"property-title\">Num\u00e9ro de Mod\u00e8le :&nbsp;<\/span><span\n                                        class=\"property-desc line-limit-length\">Incubator<\/span>\n                            <\/li>\n<li class=\"product-prop line-limit-length\"><span\n                                        class=\"property-title\">Type d'animaux de ferme :&nbsp;<\/span><span\n                                        class=\"property-desc line-limit-length\">Poulet<\/span>\n                            <\/li>\n<li class=\"product-prop line-limit-length\"><span\n                                        class=\"property-title\">Mat\u00e9riau :&nbsp;<\/span><span\n                                        class=\"property-desc line-limit-length\">plastique<\/span>\n                            <\/li>\n<li class=\"product-prop line-limit-length\"><span\n                                        class=\"property-title\">Nom de marque :&nbsp;<\/span><span\n                                        class=\"property-desc line-limit-length\">Dreamburgh<\/span>\n                            <\/li>\n<li class=\"product-prop line-limit-length\"><span\n                                        class=\"property-title\">Origine :&nbsp;<\/span><span\n                                        class=\"property-desc line-limit-length\">CN (Origine)<\/span>\n                            <\/li>\n<li class=\"product-prop line-limit-length\"><span\n                                        class=\"property-title\">Type :&nbsp;<\/span><span\n                                        class=\"property-desc line-limit-length\">Animaux de ferme<\/span>\n                            <\/li>\n<li class=\"product-prop line-limit-length\"><span\n                                        class=\"property-title\">incubation of poultry eggs:&nbsp;<\/span><span\n                                        class=\"property-desc line-limit-length\">egg incubator goose<\/span>\n                            <\/li>\n<li class=\"product-prop line-limit-length\"><span\n                                        class=\"property-title\">incubation chicken:&nbsp;<\/span><span\n                                        class=\"property-desc line-limit-length\">quail egg incubation<\/span>\n                            <\/li>\n<li class=\"product-prop line-limit-length\"><span\n                                        class=\"property-title\">quail eggs incubator:&nbsp;<\/span><span\n                                        class=\"property-desc line-limit-length\">chicken egg incubators<\/span>\n                            <\/li>\n<li class=\"product-prop line-limit-length\"><span\n                                        class=\"property-title\">chicken hatching incubator:&nbsp;<\/span><span\n                                        class=\"property-desc line-limit-length\">incubator goose eggs<\/span>\n                            <\/li>\n<li class=\"product-prop line-limit-length\"><span\n                                        class=\"property-title\">egg incubator hatcher goose:&nbsp;<\/span><span\n                                        class=\"property-desc line-limit-length\">chicken 24 egg incubator<\/span>\n                            <\/li>\n<li class=\"product-prop line-limit-length\"><span\n                                        class=\"property-title\">quail incubator eggs automatic:&nbsp;<\/span><span\n                                        class=\"property-desc line-limit-length\">chicken hatching incubator<\/span>\n                            <\/li>\n<li class=\"product-prop line-limit-length\"><span\n                                        class=\"property-title\">egg incubator chicken quail:&nbsp;<\/span><span\n                                        class=\"property-desc line-limit-length\">automatic incubator quail<\/span>\n                            <\/li>\n<li class=\"product-prop line-limit-length\"><span\n                                        class=\"property-title\">egg turner incubators:&nbsp;<\/span><span\n                                        class=\"property-desc line-limit-length\">small egg incubator<\/span>\n                            <\/li>\n<\/ul><\/div>\n<div class=\"detailmodule_html\">\n<div class=\"detail-desc-decorate-richtext\">\n<p><strong><span style=\"background-color:rgb(255, 255, 255);color:rgb(239, 12, 12);font-size:28px;font-family:&quot;Open Sans&quot;, Roboto, Arial, Helvetica, sans-serif, SimSun\"><span style=\"background-color:rgb(241, 196, 15);color:rgb(239, 12, 12);font-size:28px;font-family:&quot;Open Sans&quot;, Roboto, Arial, Helvetica, sans-serif, SimSun\"><\/span><\/span><\/strong><br \/>\n <kse:widget data-widget-type=\"customText\" id=\"1005000020175605\" type=\"relation\"><\/kse:widget><strong><span style=\"background-color:rgb(255, 255, 255);color:rgb(239, 12, 12);font-size:28px;font-family:&quot;Open Sans&quot;, Roboto, Arial, Helvetica, sans-serif, SimSun\"><span style=\"background-color:rgb(241, 196, 15);color:rgb(239, 12, 12);font-size:28px;font-family:&quot;Open Sans&quot;, Roboto, Arial, Helvetica, sans-serif, SimSun\"><\/span><\/span><\/strong><\/p>\n<p><strong><span style=\"background-color:rgb(255, 255, 255);color:rgb(239, 12, 12);font-size:28px;font-family:&quot;Open Sans&quot;, Roboto, Arial, Helvetica, sans-serif, SimSun\"><span style=\"background-color:rgb(241, 196, 15);color:rgb(239, 12, 12);font-size:28px;font-family:&quot;Open Sans&quot;, Roboto, Arial, Helvetica, sans-serif, SimSun\" id=\"tl_1\">Rappel chaud:<\/span><\/span><\/strong><\/p>\n<div>\n <br \/> \n<\/div>\n<p><span style=\"color:rgb(244, 78, 59);font-size:22px\" id=\"tl_2\">La vid&eacute;o montre les informations de fonctionnement de l&#8217;incubateur.<\/span><\/p>\n<div>\n <br \/> \n<\/div>\n<p><span style=\"color:rgb(244, 78, 59);font-size:22px;font-family:arial, helvetica, sans-serif\" id=\"tl_3\">S&#8217;il y a des informations incertaines avant de passer une commande, veuillez nous envoyer un message en temps opportun pour nous contacter.<\/span><\/p>\n<div>\n<\/div>\n<p style=\"text-align:start\" class=\"MsoNormal\" align=\"start\"><span style=\"color:rgb(0, 0, 0);font-family:arial, helvetica, sans-serif\"><strong><span style=\"font-size:14pt;font-family:arial, helvetica, sans-serif\" id=\"tl_4\">Caract\u00e9ristiques :<\/span><\/strong><\/span><\/p>\n<p style=\"text-align:start\" class=\"MsoNormal\" align=\"start\"><span style=\"color:rgb(0, 0, 0);font-family:arial, helvetica, sans-serif\"><span style=\"font-size:14pt;font-family:arial, helvetica, sans-serif\" id=\"tl_5\">* Tournage automatique des \u0153ufs : tournez les \u0153ufs automatiquement toutes les 2 heures, chauffez uniform\u00e9ment et \u00e9vitez de les retourner manuellement.<\/span><\/span><\/p>\n<p style=\"text-align:start\" class=\"MsoNormal\" align=\"start\"><span style=\"color:rgb(0, 0, 0);font-family:arial, helvetica, sans-serif\"><span style=\"font-size:14pt;font-family:arial, helvetica, sans-serif\" id=\"tl_6\">* Affichage d'\u00e9cran de couleur : am\u00e9liorez et agrandissez l'affichage d'\u00e9cran de couleur, vous pouvez voir plus clairement, la machine est contr\u00f4le de temp\u00e9rature enti\u00e8rement automatique, et peut \u00e9clore sans op\u00e9ration fr\u00e9quente.<\/span><\/span><\/p>\n<p style=\"text-align:start\" class=\"MsoNormal\" align=\"start\"><span style=\"color:rgb(0, 0, 0);font-family:arial, helvetica, sans-serif\"><span style=\"font-size:14pt;font-family:arial, helvetica, sans-serif\" id=\"tl_7\">* R\u00e9approvisionnement automatique en eau : en utilisant le principe de l'additionneur d'eau automatique, tant qu'il y a de l'eau dans la bouteille, il n'y a pas besoin de s'inqui\u00e9ter de la p\u00e9nurie d'eau de la machine, et les conditions de changement d'humidit\u00e9 de diff\u00e9rents cycles d'incubation peuvent \u00eatre r\u00e9alis\u00e9es en ajustant le nombre de bouteilles d'eau.<\/span><\/span><\/p>\n<p style=\"text-align:start\" class=\"MsoNormal\" align=\"start\"><span style=\"color:rgb(0, 0, 0);font-family:arial, helvetica, sans-serif\"><span style=\"font-size:14pt;font-family:arial, helvetica, sans-serif\" id=\"tl_8\">* Espacement r\u00e9glable : Le plateau \u00e0 \u0153ufs peut \u00eatre am\u00e9lior\u00e9 et ajust\u00e9, et l'espacement peut \u00eatre ajust\u00e9 en fonction de la taille des \u0153ufs, afin qu'il n'y ait pas de fuite ou de sandwich d'\u0153ufs en raison d'un espacement excessif.<\/span><\/span><\/p>\n<p style=\"text-align:start\" class=\"MsoNormal\" align=\"start\"><span style=\"color:rgb(0, 0, 0);font-family:arial, helvetica, sans-serif\"><span style=\"font-size:14pt;font-family:arial, helvetica, sans-serif\" id=\"tl_9\">* Conception de double alimentation: utilisez g&eacute;n&eacute;ralement des appareils m&eacute;nagers de 220V et connectez-vous &agrave; des batteries de 12V en cas de panne de courant. (Au-dessus de 50AH doit apporter sa propre batterie)<\/span><\/span><\/p>\n<p style=\"text-align:start\" class=\"MsoNormal\" align=\"start\"><span style=\"color:rgb(0, 0, 0);font-family:arial, helvetica, sans-serif\"><span style=\"font-size:14pt;font-family:arial, helvetica, sans-serif\" id=\"tl_10\">* Lumi\u00e8re d'inspection des \u0153ufs autonome : vous pouvez comprendre clairement l'\u00e9tat d'\u00e9closion des \u0153ufs et \u00e9liminer les \u0153ufs morts et les mauvais \u0153ufs \u00e0 temps.<\/span><\/span><\/p>\n<p style=\"text-align:start\" class=\"MsoNormal\" align=\"start\"><span style=\"color:rgb(0, 0, 0);font-family:arial, helvetica, sans-serif\"><span style=\"font-size:14pt;font-family:arial, helvetica, sans-serif\" id=\"tl_11\">* Ch\u00e2ssis d\u00e9tachable : apr\u00e8s un cycle d'incubation complet, il y aura des eaux us\u00e9es, des fragments de coquille d'oeuf et m\u00eame des excr\u00e9ments \u00e0 l'int\u00e9rieur de la machine, le ch\u00e2ssis est d\u00e9tachable pour un nettoyage facile.<\/span><\/span><\/p>\n<div>\n<\/div>\n<p style=\"text-align:start;margin:0px 0px 10px;margin-bottom:10px;margin-top:0px;margin-left:0px;margin-right:0px\" align=\"start\"><span style=\"color:rgb(0, 0, 0);font-family:arial, helvetica, sans-serif\"><strong><span style=\"font-size:14pt;font-family:arial, helvetica, sans-serif\" id=\"tl_12\">Sp\u00e9cification :<\/span><\/strong><\/span><\/p>\n<p style=\"text-align:start\" class=\"MsoNormal\" align=\"start\"><span style=\"color:rgb(0, 0, 0);font-family:arial, helvetica, sans-serif\"><span style=\"font-size:14pt;font-family:arial, helvetica, sans-serif\" id=\"tl_13\">Nom : Double incubateur \u00e9lectrique intelligent compl\u00e8tement automatique<\/span><\/span><\/p>\n<p style=\"text-align:start\" class=\"MsoNormal\" align=\"start\"><span style=\"color:rgb(0, 0, 0);font-family:arial, helvetica, sans-serif\"><span style=\"font-size:14pt;font-family:arial, helvetica, sans-serif\" id=\"tl_14\">Mat\u00e9riau : ABS<\/span><\/span><\/p>\n<p style=\"text-align:start\" class=\"MsoNormal\" align=\"start\"><span style=\"color:rgb(0, 0, 0);font-family:arial, helvetica, sans-serif\"><span style=\"font-size:14pt;font-family:arial, helvetica, sans-serif\" id=\"tl_15\">Tension: 220V 110V<\/span><\/span><\/p>\n<p style=\"text-align:start\" class=\"MsoNormal\" align=\"start\"><span style=\"color:rgb(0, 0, 0);font-family:arial, helvetica, sans-serif\"><span style=\"font-size:14pt;font-family:arial, helvetica, sans-serif\" id=\"tl_16\">Fr&eacute;quence: 50Hz 60H<\/span><\/span><\/p>\n<p style=\"text-align:start\" class=\"MsoNormal\" align=\"start\"><span style=\"color:rgb(0, 0, 0);font-family:arial, helvetica, sans-serif\"><span style=\"font-size:14pt;font-family:arial, helvetica, sans-serif\" id=\"tl_17\">Capacit&eacute; de 15 \u0153ufs: peut stocker 15 \u0153ufs, 10 \u0153ufs de canard, 7 \u0153ufs d&#8217;oie, 22 \u0153ufs de pigeon, 37 \u0153ufs de caille<\/span><\/span><\/p>\n<div>\n<div>\n<p style=\"text-align:start\" class=\"MsoNormal\" align=\"start\"><span style=\"font-family:arial, helvetica, sans-serif\"><span style=\"font-size:14pt;font-family:arial, helvetica, sans-serif\"><span style=\"color:rgb(0, 0, 0);font-family:arial, helvetica, sans-serif\" id=\"tl_18\">Capacit&eacute; de 24 \u0153ufs: peut stocker 24 \u0153ufs, 16 \u0153ufs de canard, 12 \u0153ufs d&#8217;oie, 36 \u0153ufs de pigeon, 60 \u0153ufs de caille<\/span><\/span><\/span><\/p>\n<div>\n<div>\n<p style=\"text-align:start\" class=\"MsoNormal\" align=\"start\"><span style=\"color:rgb(0, 0, 0);font-family:arial, helvetica, sans-serif\"><span style=\"font-size:14pt;font-family:arial, helvetica, sans-serif\" id=\"tl_19\">Capacit&eacute; de 36 oeufs: peut stocker 36 oeufs, 24 oeufs de canard, 18 oeufs d&#8217;oie, 54 oeufs de pigeon, 90 oeufs de caille<\/span><\/span><\/p>\n<div>\n     <br \/> \n    <\/div>\n<p style=\"text-align:start\" class=\"MsoNormal\" align=\"start\"><span style=\"color:rgb(0, 0, 0);font-family:arial, helvetica, sans-serif\"><span style=\"font-size:14pt;font-family:arial, helvetica, sans-serif\" id=\"tl_20\">Taille: comme le montre<\/span><\/span><\/p>\n<p style=\"text-align:start\" class=\"MsoNormal\" align=\"start\"><span style=\"color:rgb(0, 0, 0);font-family:arial, helvetica, sans-serif\"><span style=\"font-size:14pt;font-family:arial, helvetica, sans-serif\" id=\"tl_21\">Couleur: bleu<\/span><\/span><\/p>\n<div>\n     <br \/> \n    <\/div><\/div><\/div><\/div>\n<\/div>\n<div>\n<\/div>\n<p style=\"text-align:start;margin:0px 0px 10px;margin-bottom:10px;margin-top:0px;margin-left:0px;margin-right:0px\" align=\"start\"><span style=\"font-size:14pt;font-family:arial, helvetica, sans-serif\"><strong><span style=\"color:rgb(0, 0, 0);font-family:arial, helvetica, sans-serif\" id=\"tl_22\">Emballage inclus:<\/span><\/strong><\/span><\/p>\n<p style=\"text-align:start\" class=\"MsoNormal\" align=\"start\"><span style=\"font-size:14pt;font-family:arial, helvetica, sans-serif\"><span style=\"color:rgb(0, 0, 0);font-family:arial, helvetica, sans-serif\" id=\"tl_23\">1 * Double incubateur \u00e9lectrique intelligent enti\u00e8rement automatique<\/span><\/span><\/p>\n<div>\n <br \/> \n<\/div>\n<p style=\"text-align:start\" class=\"MsoNormal\" align=\"start\"><span style=\"font-size:14pt;font-family:arial, helvetica, sans-serif\"><span style=\"color:rgb(0, 0, 0);font-family:arial, helvetica, sans-serif\" id=\"tl_24\">2 * Distributeur d&#8217;eau (bouteille d&#8217;eau non incluse)<\/span><\/span><\/p>\n<p style=\"text-align:start\" class=\"MsoNormal\" align=\"start\"><span style=\"font-size:14pt;font-family:arial, helvetica, sans-serif\"><span style=\"color:rgb(0, 0, 0);font-family:arial, helvetica, sans-serif\" id=\"tl_25\">1 * Manuel en anglais<\/span><\/span><\/p>\n<div>\n <br \/> \n<\/div>\n<p style=\"text-align:start\" class=\"MsoNormal\" align=\"start\"><span style=\"font-size:14pt;font-family:arial, helvetica, sans-serif\"><strong><span style=\"color:rgb(0, 0, 0);font-family:arial, helvetica, sans-serif\" id=\"tl_26\">Remarque :<\/span><\/strong><\/span><\/p>\n<p style=\"text-align:start\" class=\"MsoNormal\" align=\"start\"><span style=\"font-size:14pt;font-family:arial, helvetica, sans-serif\"><span style=\"color:rgb(0, 0, 0);font-family:arial, helvetica, sans-serif\" id=\"tl_27\">1. En raison des mesures manuelles et des l&eacute;g&egrave;res variations de couleur, veuillez pr&eacute;voir une diff&eacute;rence de 1 &agrave; 3 cm (0.4 &agrave; 1.18 pouces) pour s&#8217;adapter aux diff&eacute;rents param&egrave;tres d&#8217;affichage.<\/span><\/span><\/p>\n<p style=\"text-align:start\" class=\"MsoNormal\" align=\"start\"><span style=\"color:rgb(0, 0, 0);font-size:14pt;font-family:arial, helvetica, sans-serif\" id=\"tl_28\">2. En raison de la diff&eacute;rence de lumi&egrave;re et d&#8217;&eacute;cran, la couleur de l&#8217;article peut &ecirc;tre l&eacute;g&egrave;rement diff&eacute;rente de celle des photos. Veuillez comprendre.<\/span><\/p>\n<p style=\"text-align:start\" class=\"MsoNormal\" align=\"start\">\n<p><img decoding=\"async\" src=\"https:\/\/ae01.alicdn.com\/kf\/S27840a55301b4b28aee21c6f618f613bp.jpg\" slate-data-type=\"image\" \/><\/p>\n<p><img decoding=\"async\" style=\"width:800px\" width=\"800px\" src=\"https:\/\/ae01.alicdn.com\/kf\/Scf73a3bc0b1540a6a3e5b5e5b647cc59W.jpg?width=800&amp;height=800&amp;hash=1600\" slate-data-type=\"image\" \/><\/p>\n<div>\n <br \/> \n<\/div>\n<p style=\"text-align:start\" class=\"MsoNormal\" align=\"start\"><img decoding=\"async\" src=\"https:\/\/ae01.alicdn.com\/kf\/S55b579283fc74703b382fddbed328b8bm.jpg\" slate-data-type=\"image\" \/><img decoding=\"async\" src=\"https:\/\/ae01.alicdn.com\/kf\/S0bb859c19e79427ca0e27a1d2873366eP.jpg\" slate-data-type=\"image\" \/><img decoding=\"async\" src=\"https:\/\/ae01.alicdn.com\/kf\/Se2fcc3911d1945f39a665f2766593e87x.jpg\" slate-data-type=\"image\" \/><img decoding=\"async\" src=\"https:\/\/ae01.alicdn.com\/kf\/S73fa63b049954de6af93bb488dc470f8C.jpg\" slate-data-type=\"image\" \/><img decoding=\"async\" src=\"https:\/\/ae01.alicdn.com\/kf\/S8ddcbd767e034cbbb98b9c45440bd281P.jpg\" slate-data-type=\"image\" \/><img decoding=\"async\" src=\"https:\/\/ae01.alicdn.com\/kf\/S9926b391d10045bb8a1d397592fce1aaA.jpg\" slate-data-type=\"image\" \/><img decoding=\"async\" src=\"https:\/\/ae01.alicdn.com\/kf\/S377665b4cddf44109dd58a75a481e2c7L.jpg\" slate-data-type=\"image\" \/><img decoding=\"async\" src=\"https:\/\/ae01.alicdn.com\/kf\/Sa37b2ff66f2244b6b58a3f4e4c2aa071Q.jpg\" slate-data-type=\"image\" \/><\/p>\n<div>\n <br \/> \n<\/div>\n<div>\n <img decoding=\"async\" src=\"https:\/\/ae01.alicdn.com\/kf\/S2f9e3b8787c840829735807248cfc5212.jpg\" slate-data-type=\"image\" \/><br \/>\n <img decoding=\"async\" style=\"display:initial;width:800px;height:800px\" width=\"800px\" height=\"800px\" src=\"https:\/\/ae01.alicdn.com\/kf\/S2e0ffde70bd64d4f91134023ce7755f0b.jpg\" slate-data-type=\"image\" \/>\n<\/div>\n<p style=\"text-align:start\" class=\"MsoNormal\" align=\"start\"><img decoding=\"async\" style=\"width:800px\" width=\"800px\" src=\"https:\/\/ae01.alicdn.com\/kf\/Sf9f3c8ca71024145a4faa9076c03eba7R.jpg?width=800&amp;height=800&amp;hash=1600\" slate-data-type=\"image\" \/><\/p>\n<p style=\"text-align:start\" class=\"MsoNormal\" align=\"start\"><img loading=\"lazy\" decoding=\"async\" width=\"800\" height=\"800\" src=\"https:\/\/ae01.alicdn.com\/kf\/S37c2db174a004a92a4e1cf092fd63c73E.jpg\" slate-data-type=\"image\" \/><\/p>\n<div>\n <br \/> \n<\/div>\n<div>\n<\/div>\n<div>\n <br \/> \n<\/div>\n<p style=\"text-align:start;margin:0px 0px 10px;margin-bottom:10px;margin-top:0px;margin-left:0px;margin-right:0px\" align=\"start\"><img loading=\"lazy\" decoding=\"async\" width=\"800\" height=\"800\" src=\"https:\/\/ae01.alicdn.com\/kf\/S76190d0676f241f98be2761e180dd97cb.jpg\" slate-data-type=\"image\" \/><\/p>\n<p><img decoding=\"async\" style=\"width:800px\" width=\"800px\" src=\"https:\/\/ae01.alicdn.com\/kf\/Saee2b4bfa9bc498fa9175d9d8ed81b80W.jpg?width=800&amp;height=800&amp;hash=1600\" slate-data-type=\"image\" \/><\/p>\n<p style=\"text-align:start;margin:0px 0px 10px;margin-bottom:10px;margin-top:0px;margin-left:0px;margin-right:0px\" align=\"start\"><img loading=\"lazy\" decoding=\"async\" width=\"800\" height=\"800\" src=\"https:\/\/ae01.alicdn.com\/kf\/S9527800faca54ee7957ba2e4ac7634bfj.jpg\" slate-data-type=\"image\" \/><\/p>\n<p><img decoding=\"async\" style=\"width:800px\" width=\"800px\" src=\"https:\/\/ae01.alicdn.com\/kf\/H4b620d6a6bb84bfe8f950418e2ed4b9b6.jpg?width=800&amp;height=1534&amp;hash=2334\" slate-data-type=\"image\" \/><\/p>\n<div>\n <br \/> \n<\/div>\n<p><\/p>\n<\/div>\n<\/div>","protected":false},"excerpt":{"rendered":"<p>Chimique Hign-concern\u00e9:&nbsp;Aucun Num\u00e9ro de Mod\u00e8le:&nbsp;Incubator Type d\u2019animaux de ferme:&nbsp;Poulet Mat\u00e9riau:&nbsp;plastique Nom de marque:&nbsp;Dreamburgh Origine:&nbsp;CN (Origine) Type:&nbsp;Animaux de ferme incubation of<\/p>","protected":false},"featured_media":12652,"comment_status":"open","ping_status":"closed","template":"","meta":[],"product_brand":[],"product_cat":[15],"product_tag":[],"class_list":{"0":"post-12650","1":"product","2":"type-product","3":"status-publish","4":"has-post-thumbnail","6":"product_cat-uncategorized","8":"first","9":"instock","10":"shipping-taxable","11":"purchasable","12":"product-type-variable"},"jetpack_sharing_enabled":true,"_links":{"self":[{"href":"https:\/\/afrycom.com\/fr\/wp-json\/wp\/v2\/product\/12650","targetHints":{"allow":["GET"]}}],"collection":[{"href":"https:\/\/afrycom.com\/fr\/wp-json\/wp\/v2\/product"}],"about":[{"href":"https:\/\/afrycom.com\/fr\/wp-json\/wp\/v2\/types\/product"}],"replies":[{"embeddable":true,"href":"https:\/\/afrycom.com\/fr\/wp-json\/wp\/v2\/comments?post=12650"}],"wp:featuredmedia":[{"embeddable":true,"href":"https:\/\/afrycom.com\/fr\/wp-json\/wp\/v2\/media\/12652"}],"wp:attachment":[{"href":"https:\/\/afrycom.com\/fr\/wp-json\/wp\/v2\/media?parent=12650"}],"wp:term":[{"taxonomy":"product_brand","embeddable":true,"href":"https:\/\/afrycom.com\/fr\/wp-json\/wp\/v2\/product_brand?post=12650"},{"taxonomy":"product_cat","embeddable":true,"href":"https:\/\/afrycom.com\/fr\/wp-json\/wp\/v2\/product_cat?post=12650"},{"taxonomy":"product_tag","embeddable":true,"href":"https:\/\/afrycom.com\/fr\/wp-json\/wp\/v2\/product_tag?post=12650"}],"curies":[{"name":"wp","href":"https:\/\/api.w.org\/{rel}","templated":true}]}}