{"id":12623,"date":"2025-03-23T03:19:54","date_gmt":"2025-03-23T03:19:54","guid":{"rendered":"https:\/\/afrycom.com\/product\/petit-incubateur-domestique-jetable-incubateur-intelligent-controle-automatique-de-la-temperature-oeufs-de-canard-de-tortue-et-doiseau-7-oeufs\/"},"modified":"2025-03-23T03:19:58","modified_gmt":"2025-03-23T03:19:58","slug":"petit-incubateur-domestique-jetable-incubateur-intelligent-controle-automatique-de-la-temperature-oeufs-de-canard-de-tortue-et-doiseau-7-oeufs","status":"publish","type":"product","link":"https:\/\/afrycom.com\/fr\/produit\/petit-incubateur-domestique-jetable-incubateur-intelligent-controle-automatique-de-la-temperature-oeufs-de-canard-de-tortue-et-doiseau-7-oeufs\/","title":{"rendered":"Petit incubateur domestique jetable, incubateur intelligent, contr\u00f4le automatique de la temp\u00e9rature, \u0153ufs de canard, de tortue et d'oiseau, 7 \u0153ufs"},"content":{"rendered":"<div class=\"product-specs-list-container\">\n<ul class=\"product-specs-list util-clearfix\">\n<li class=\"product-prop line-limit-length\"><span\n                                        class=\"property-title\">Type d'animaux de ferme :&nbsp;<\/span><span\n                                        class=\"property-desc line-limit-length\">Poulet<\/span>\n                            <\/li>\n<li class=\"product-prop line-limit-length\"><span\n                                        class=\"property-title\">Mat\u00e9riau :&nbsp;<\/span><span\n                                        class=\"property-desc line-limit-length\">plastique<\/span>\n                            <\/li>\n<li class=\"product-prop line-limit-length\"><span\n                                        class=\"property-title\">Origine :&nbsp;<\/span><span\n                                        class=\"property-desc line-limit-length\">CN (Origine)<\/span>\n                            <\/li>\n<li class=\"product-prop line-limit-length\"><span\n                                        class=\"property-title\">Type :&nbsp;<\/span><span\n                                        class=\"property-desc line-limit-length\">Animaux de ferme<\/span>\n                            <\/li>\n<\/ul><\/div>\n<div class=\"detailmodule_html\">\n<div class=\"detail-desc-decorate-richtext\">\n<p><img decoding=\"async\" src=\"https:\/\/ae01.alicdn.com\/kf\/S5debadedeba44489bcff765351537874f.jpg?width=800&amp;height=800&amp;hash=1600\" slate-data-type=\"image\" \/><img decoding=\"async\" src=\"https:\/\/ae01.alicdn.com\/kf\/S005b2429f1c247eabe2d613bbd28bc9cq.jpg?width=750&amp;height=657&amp;hash=1407\" slate-data-type=\"image\" \/><img decoding=\"async\" src=\"https:\/\/ae01.alicdn.com\/kf\/Sd36091e2865a487b9a106614cc0a0d35Z.jpg?width=750&amp;height=790&amp;hash=1540\" slate-data-type=\"image\" \/><img decoding=\"async\" src=\"https:\/\/ae01.alicdn.com\/kf\/Sa08fc34fea3e4e98b7ab2748a9998a2bf.jpg?width=750&amp;height=683&amp;hash=1433\" slate-data-type=\"image\" \/><img decoding=\"async\" src=\"https:\/\/ae01.alicdn.com\/kf\/Sea2f7062c1444bb3be2a585c55e10426J.jpg?width=750&amp;height=620&amp;hash=1370\" slate-data-type=\"image\" \/><img decoding=\"async\" src=\"https:\/\/ae01.alicdn.com\/kf\/S3736a24e543e46fbad66d61676f9293fF.jpg?width=750&amp;height=717&amp;hash=1467\" slate-data-type=\"image\" \/><img decoding=\"async\" src=\"https:\/\/ae01.alicdn.com\/kf\/Sf5cd904d7f8544d28b4d6d5ebaccd365Z.jpg?width=750&amp;height=526&amp;hash=1276\" slate-data-type=\"image\" \/><img decoding=\"async\" src=\"https:\/\/ae01.alicdn.com\/kf\/S623f1d1f48dc4e3c9cb285870bcf1b78k.jpg?width=750&amp;height=446&amp;hash=1196\" slate-data-type=\"image\" \/><img decoding=\"async\" src=\"https:\/\/ae01.alicdn.com\/kf\/Saac273ad534a46b9b2df4bb7db46d0ddR.jpg?width=750&amp;height=570&amp;hash=1320\" slate-data-type=\"image\" \/><img decoding=\"async\" src=\"https:\/\/ae01.alicdn.com\/kf\/S45ede6721a614b6fa456af0e86e283f2u.jpg?width=800&amp;height=800&amp;hash=1600\" slate-data-type=\"image\" \/><img decoding=\"async\" src=\"https:\/\/ae01.alicdn.com\/kf\/S766de46373ae434189c532a98d948cb38.jpg?width=600&amp;height=600&amp;hash=1200\" slate-data-type=\"image\" \/><img decoding=\"async\" src=\"https:\/\/ae01.alicdn.com\/kf\/S15699d8944bb4959b74eafca01cb9917P.jpg?width=750&amp;height=629&amp;hash=1379\" slate-data-type=\"image\" \/><img decoding=\"async\" src=\"https:\/\/ae01.alicdn.com\/kf\/S1dd98341d45949beb62d2d69d6460a87E.jpg?width=1200&amp;height=650&amp;hash=1850\" slate-data-type=\"image\" \/><\/p>\n<p><\/p>\n<\/div>\n<\/div>","protected":false},"excerpt":{"rendered":"<p>Type d\u2019animaux de ferme:&nbsp;Poulet Mat\u00e9riau:&nbsp;plastique Origine:&nbsp;CN (Origine) Type:&nbsp;Animaux de ferme<\/p>","protected":false},"featured_media":12624,"comment_status":"open","ping_status":"closed","template":"","meta":[],"product_brand":[],"product_cat":[15],"product_tag":[],"class_list":{"0":"post-12623","1":"product","2":"type-product","3":"status-publish","4":"has-post-thumbnail","6":"product_cat-uncategorized","8":"first","9":"instock","10":"shipping-taxable","11":"purchasable","12":"product-type-variable"},"jetpack_sharing_enabled":true,"_links":{"self":[{"href":"https:\/\/afrycom.com\/fr\/wp-json\/wp\/v2\/product\/12623","targetHints":{"allow":["GET"]}}],"collection":[{"href":"https:\/\/afrycom.com\/fr\/wp-json\/wp\/v2\/product"}],"about":[{"href":"https:\/\/afrycom.com\/fr\/wp-json\/wp\/v2\/types\/product"}],"replies":[{"embeddable":true,"href":"https:\/\/afrycom.com\/fr\/wp-json\/wp\/v2\/comments?post=12623"}],"wp:featuredmedia":[{"embeddable":true,"href":"https:\/\/afrycom.com\/fr\/wp-json\/wp\/v2\/media\/12624"}],"wp:attachment":[{"href":"https:\/\/afrycom.com\/fr\/wp-json\/wp\/v2\/media?parent=12623"}],"wp:term":[{"taxonomy":"product_brand","embeddable":true,"href":"https:\/\/afrycom.com\/fr\/wp-json\/wp\/v2\/product_brand?post=12623"},{"taxonomy":"product_cat","embeddable":true,"href":"https:\/\/afrycom.com\/fr\/wp-json\/wp\/v2\/product_cat?post=12623"},{"taxonomy":"product_tag","embeddable":true,"href":"https:\/\/afrycom.com\/fr\/wp-json\/wp\/v2\/product_tag?post=12623"}],"curies":[{"name":"wp","href":"https:\/\/api.w.org\/{rel}","templated":true}]}}