{"id":12583,"date":"2025-03-20T16:13:10","date_gmt":"2025-03-20T16:13:10","guid":{"rendered":"https:\/\/afrycom.com\/product\/congelateur-poitrine-diverses-specifications-vente-directe-dusine-equipement-indispensable\/"},"modified":"2025-03-20T16:13:13","modified_gmt":"2025-03-20T16:13:13","slug":"congelateur-poitrine-diverses-specifications-vente-directe-dusine-equipement-indispensable","status":"publish","type":"product","link":"https:\/\/afrycom.com\/fr\/produit\/congelateur-poitrine-diverses-specifications-vente-directe-dusine-equipement-indispensable\/","title":{"rendered":"Cong\u00e9lateur Poitrine, Diverses Sp\u00e9cifications, Vente Directe d'Usine, \u00c9quipement Indispensable"},"content":{"rendered":"<div class=\"product-specs-list-container\">\n<ul class=\"product-specs-list util-clearfix\">\n<li class=\"product-prop line-limit-length\"><span\n                                        class=\"property-title\">Chimique Hign-concern\u00e9 :&nbsp;<\/span><span\n                                        class=\"property-desc line-limit-length\">Aucun<\/span>\n                            <\/li>\n<li class=\"product-prop line-limit-length\"><span\n                                        class=\"property-title\">Source d'\u00e9nergie :&nbsp;<\/span><span\n                                        class=\"property-desc line-limit-length\">AC<\/span>\n                            <\/li>\n<li class=\"product-prop line-limit-length\"><span\n                                        class=\"property-title\">Hauteur :&nbsp;<\/span><span\n                                        class=\"property-desc line-limit-length\">90-160 cm<\/span>\n                            <\/li>\n<li class=\"product-prop line-limit-length\"><span\n                                        class=\"property-title\">Largeur :&nbsp;<\/span><span\n                                        class=\"property-desc line-limit-length\">61-70 cm<\/span>\n                            <\/li>\n<li class=\"product-prop line-limit-length\"><span\n                                        class=\"property-title\">Nombre De Portes :&nbsp;<\/span><span\n                                        class=\"property-desc line-limit-length\">2 Portes<\/span>\n                            <\/li>\n<li class=\"product-prop line-limit-length\"><span\n                                        class=\"property-title\">Classement de Consommation D'\u00e9nergie :&nbsp;<\/span><span\n                                        class=\"property-desc line-limit-length\">Niveau 1<\/span>\n                            <\/li>\n<li class=\"product-prop line-limit-length\"><span\n                                        class=\"property-title\">Style :&nbsp;<\/span><span\n                                        class=\"property-desc line-limit-length\">R\u00e9frig\u00e9rateur de Frigorification &amp; Cong\u00e9lation<\/span>\n                            <\/li>\n<li class=\"product-prop line-limit-length\"><span\n                                        class=\"property-title\">Capacit\u00e9 :&nbsp;<\/span><span\n                                        class=\"property-desc line-limit-length\">121-200L<\/span>\n                            <\/li>\n<li class=\"product-prop line-limit-length\"><span\n                                        class=\"property-title\">Tension (V) :&nbsp;<\/span><span\n                                        class=\"property-desc line-limit-length\">220V<\/span>\n                            <\/li>\n<li class=\"product-prop line-limit-length\"><span\n                                        class=\"property-title\">Puissance (W) :&nbsp;<\/span><span\n                                        class=\"property-desc line-limit-length\">110w<\/span>\n                            <\/li>\n<li class=\"product-prop line-limit-length\"><span\n                                        class=\"property-title\">Capacit\u00e9 de Cong\u00e9lateur :&nbsp;<\/span><span\n                                        class=\"property-desc line-limit-length\">&gt; 100L<\/span>\n                            <\/li>\n<li class=\"product-prop line-limit-length\"><span\n                                        class=\"property-title\">Nom de marque :&nbsp;<\/span><span\n                                        class=\"property-desc line-limit-length\">XMSJ<\/span>\n                            <\/li>\n<li class=\"product-prop line-limit-length\"><span\n                                        class=\"property-title\">Origine :&nbsp;<\/span><span\n                                        class=\"property-desc line-limit-length\">CN (Origine)<\/span>\n                            <\/li>\n<li class=\"product-prop line-limit-length\"><span\n                                        class=\"property-title\">le lieu d'origine :&nbsp;<\/span><span\n                                        class=\"property-desc line-limit-length\">Shandong, Chine<\/span>\n                            <\/li>\n<li class=\"product-prop line-limit-length\"><span\n                                        class=\"property-title\">nom de marque :&nbsp;<\/span><span\n                                        class=\"property-desc line-limit-length\">BX<\/span>\n                            <\/li>\n<li class=\"product-prop line-limit-length\"><span\n                                        class=\"property-title\">num\u00e9ro de mod\u00e8le :&nbsp;<\/span><span\n                                        class=\"property-desc line-limit-length\">Bx-688<\/span>\n                            <\/li>\n<li class=\"product-prop line-limit-length\"><span\n                                        class=\"property-title\">type :&nbsp;<\/span><span\n                                        class=\"property-desc line-limit-length\">Cong\u00e9lateurs<\/span>\n                            <\/li>\n<li class=\"product-prop line-limit-length\"><span\n                                        class=\"property-title\">le style :&nbsp;<\/span><span\n                                        class=\"property-desc line-limit-length\">Double temp\u00e9rature<\/span>\n                            <\/li>\n<li class=\"product-prop line-limit-length\"><span\n                                        class=\"property-title\">capacit\u00e9 :&nbsp;<\/span><span\n                                        class=\"property-desc line-limit-length\">688L<\/span>\n                            <\/li>\n<li class=\"product-prop line-limit-length\"><span\n                                        class=\"property-title\">temp\u00e9rature :&nbsp;<\/span><span\n                                        class=\"property-desc line-limit-length\">-20\u2103<\/span>\n                            <\/li>\n<li class=\"product-prop line-limit-length\"><span\n                                        class=\"property-title\">le type de climat :&nbsp;<\/span><span\n                                        class=\"property-desc line-limit-length\">tropiques<\/span>\n                            <\/li>\n<li class=\"product-prop line-limit-length\"><span\n                                        class=\"property-title\">r\u00e9frig\u00e9rant :&nbsp;<\/span><span\n                                        class=\"property-desc line-limit-length\">R290<\/span>\n                            <\/li>\n<\/ul><\/div>\n<div class=\"detailmodule_html\">\n<div class=\"detail-desc-decorate-richtext\">\n<div data-magic-global=\"%7B%22bizId%22%3A2218471746439%2C%22pageId%22%3A21510709219%2C%22siteId%22%3A10101302002%7D\" id=\"detail_decorate_root\">\n<style>#detail_decorate_root .magic-0{margin-bottom:10px;overflow:hidden}#detail_decorate_root .magic-1{border-bottom-style:solid;border-bottom-color:#53647a;font-family:Roboto;font-size:24px;color:#53647a;font-style:normal;border-bottom-width:2px;padding-top:8px;padding-bottom:4px}#detail_decorate_root .magic-2{width:750px}#detail_decorate_root .magic-3{overflow:hidden;width:373px;height:371.8064px;margin-top:0;margin-bottom:0;margin-left:0;margin-right:0}#detail_decorate_root .magic-4{margin-top:0;margin-left:0;width:373px;height:371.8064px}#detail_decorate_root .magic-5{overflow:hidden;width:373px;height:371px;margin-top:0;margin-bottom:0;margin-left:4px;margin-right:0}#detail_decorate_root .magic-6{margin-top:0;margin-left:0;width:373px;height:373px}#detail_decorate_root .magic-7{margin-bottom:10px;line-height:0}#detail_decorate_root .magic-8{width:750px;height:562.5px;overflow:hidden;margin-bottom:0}#detail_decorate_root .magic-9{position:relative;left:0;top:0;width:750px;height:562.5px}#detail_decorate_root .magic-10{width:750px;height:1144.0677966101696px;overflow:hidden;margin-bottom:0}#detail_decorate_root .magic-11{position:relative;left:0;top:0;width:750px;height:1144.0677966101696px}#detail_decorate_root .magic-12{width:750px;border-collapse:collapse}#detail_decorate_root .magic-13{min-height:28px;padding:5px 10px;width:259px;min-height:28px;box-sizing:content-box}#detail_decorate_root .magic-14{min-height:28px;padding:5px 10px;width:442px;min-height:28px;box-sizing:content-box}#detail_decorate_root .magic-15{vertical-align:top}#detail_decorate_root .magic-16{vertical-align:top;display:block;padding-right:4px;box-sizing:border-box;padding-left:4px}#detail_decorate_root .magic-17{vertical-align:top;padding-bottom:4px;box-sizing:border-box;padding-top:4px}#detail_decorate_root .magic-18{padding:0;margin:0;white-space:pre-wrap;font-size:14px}<\/style>\n<div module-id=\"42430542302\" module-title=\"detailSellerRecommend\" render=\"true\" class=\"J_module\">\n<div data-magic=\"{&quot;mds&quot;:{&quot;assetsVersion&quot;:&quot;0.0.14&quot;,&quot;assetsPackageName&quot;:&quot;icbumod&quot;,&quot;moduleNameAlias&quot;:&quot;icbu-pc-detailSellerRecommend&quot;,&quot;moduleData&quot;:{&quot;config&quot;:{&quot;columnCount&quot;:4,&quot;titleKey&quot;:6,&quot;products&quot;:[1601270447155,1601323834581,1601322858235,1601331817502,1601322778814,1601323948069,1601322801646,1601293115394]}}},&quot;version&quot;:1}\" class=\"icbu-pc-detailSellerRecommend magic-0\"><\/div><\/div>\n<div module-id=\"41527326307\" module-title=\"detailProductNavigation\" render=\"true\" class=\"J_module\">\n<div id=\"tl_1\" data-section=\"AliMagic-rcehml\" data-section-title=\"Product Description\" class=\"magic-1\">\n    Description du produit\n  <\/div><\/div>\n<div module-id=\"41527326309\" module-title=\"detailTwoImages\" render=\"true\" class=\"J_module\">\n<div class=\"icbu-pc-images magic-2\">\n<div>\n<div class=\"flex-layout-v\">\n<div class=\"flex-layout-h magic-2\">\n<div class=\"magic-3\">\n       <img decoding=\"async\" src=\"https:\/\/ae01.alicdn.com\/kf\/S076fa81c09f34b59b981a7a80fd76f740.jpg?width=625&amp;height=623&amp;hash=1248\" class=\"magic-4\" \/>\n      <\/div>\n<div class=\"magic-5\">\n       <img decoding=\"async\" src=\"https:\/\/ae01.alicdn.com\/kf\/S99d061336d67485caf78ee2316065c8bb.jpg?width=1034&amp;height=1034&amp;hash=2068\" class=\"magic-6\" \/>\n      <\/div><\/div><\/div><\/div><\/div><\/div>\n<div module-id=\"41527326308\" module-title=\"detailManyImage\" render=\"true\" class=\"J_module\">\n<div class=\"icbu-pc-detailManyImage magic-7\">\n<div class=\"magic-8\">\n    <img decoding=\"async\" src=\"https:\/\/ae01.alicdn.com\/kf\/Seb967982924c4450acd2cdd55ad8813fm.jpg?width=1440&amp;height=1080&amp;hash=2520\" class=\"magic-9\" \/>\n   <\/div>\n<div class=\"magic-10\">\n    <img decoding=\"async\" src=\"https:\/\/ae01.alicdn.com\/kf\/S3514b5cecfff48c7b9c283b597d21467q.jpg?width=472&amp;height=720&amp;hash=1192\" class=\"magic-11\" \/>\n   <\/div><\/div><\/div>\n<div module-id=\"41527326310\" module-title=\"detailProductNavigation\" render=\"true\" class=\"J_module\">\n<div id=\"tl_2\" data-section=\"AliMagic-vo68nd\" data-section-title=\"Specification\" class=\"magic-1\">\n    Sp\u00e9cification\n  <\/div><\/div>\n<div module-id=\"41527326311\" module-title=\"detailVideoShow\" render=\"true\" class=\"J_module\">\n<div data-magic=\"{&quot;mds&quot;:{&quot;assetsVersion&quot;:&quot;0.0.6&quot;,&quot;assetsPackageName&quot;:&quot;icbumod&quot;,&quot;moduleNameAlias&quot;:&quot;icbu-pc-detailVideoShow&quot;,&quot;moduleData&quot;:{&quot;videoInfo&quot;:{&quot;coverUrl&quot;:&quot;https:\/\/sc01.alicdn.com\/kf\/Hbe336f14b3234ff59b64e57aef975324p.jpg&quot;,&quot;duration&quot;:13,&quot;fileSize&quot;:&quot;2555788&quot;,&quot;videoName&quot;:&quot;\u51b0\u67dc\u89c6\u98915.mp4&quot;,&quot;videoId&quot;:6000280288286},&quot;hideBottom&quot;:false}},&quot;version&quot;:1}\" class=\"icbu-pc-detailVideoShow magic-0\"><\/div><\/div>\n<div module-id=\"41527326312\" module-title=\"detailTableHorizontal\" render=\"true\" class=\"J_module\">\n<div class=\"ife-detail-decorate-table\">\n<table class=\"has-title all magic-12\">\n<tbody>\n<tr>\n<td colspan=\"1\" rowspan=\"1\">\n<div class=\"magic-13\" id=\"tl_3\">\n         Article\n       <\/div>\n<\/td>\n<td colspan=\"1\" rowspan=\"1\">\n<div class=\"magic-14\" id=\"tl_4\">\n         Valeur\n       <\/div>\n<\/td>\n<\/tr>\n<tr>\n<td colspan=\"1\" rowspan=\"1\">\n<div class=\"magic-13\" id=\"tl_5\">\n         Lieu d'origine\n       <\/div>\n<\/td>\n<td colspan=\"1\" rowspan=\"1\">\n<div class=\"magic-14\" id=\"tl_6\">\n         Chine\n       <\/div>\n<\/td>\n<\/tr>\n<tr>\n<td colspan=\"1\" rowspan=\"1\">\n<div class=\"magic-13\"><\/div>\n<\/td>\n<td colspan=\"1\" rowspan=\"1\">\n<div class=\"magic-14\" id=\"tl_7\">\n         Le Shandong\n       <\/div>\n<\/td>\n<\/tr>\n<tr>\n<td colspan=\"1\" rowspan=\"1\">\n<div class=\"magic-13\" id=\"tl_8\">\n         Style\n       <\/div>\n<\/td>\n<td colspan=\"1\" rowspan=\"1\">\n<div class=\"magic-14\" id=\"tl_9\">\n         Double temp\u00e9rature\n       <\/div>\n<\/td>\n<\/tr>\n<tr>\n<td colspan=\"1\" rowspan=\"1\">\n<div class=\"magic-13\" id=\"tl_10\">\n         Capacit\u00e9\n       <\/div>\n<\/td>\n<td colspan=\"1\" rowspan=\"1\">\n<div class=\"magic-14\" id=\"tl_11\">\n         388L 488L 588L 688L 788L 880L 988L\n       <\/div>\n<\/td>\n<\/tr>\n<tr>\n<td colspan=\"1\" rowspan=\"1\">\n<div class=\"magic-13\" id=\"tl_12\">\n         Nom de marque\n       <\/div>\n<\/td>\n<td colspan=\"1\" rowspan=\"1\">\n<div class=\"magic-14\" id=\"tl_13\">\n         BX\n       <\/div>\n<\/td>\n<\/tr>\n<tr>\n<td colspan=\"1\" rowspan=\"1\">\n<div class=\"magic-13\" id=\"tl_14\">\n         Temp\u00e9rature\n       <\/div>\n<\/td>\n<td colspan=\"1\" rowspan=\"1\">\n<div class=\"magic-14\">\n         -20\u2103\n       <\/div>\n<\/td>\n<\/tr>\n<tr>\n<td colspan=\"1\" rowspan=\"1\">\n<div class=\"magic-13\" id=\"tl_15\">\n         Type climatique\n       <\/div>\n<\/td>\n<td colspan=\"1\" rowspan=\"1\">\n<div class=\"magic-14\" id=\"tl_16\">\n         Tropiques\n       <\/div>\n<\/td>\n<\/tr>\n<tr>\n<td colspan=\"1\" rowspan=\"1\">\n<div class=\"magic-13\" id=\"tl_17\">\n         R\u00e9frig\u00e9rant\n       <\/div>\n<\/td>\n<td colspan=\"1\" rowspan=\"1\">\n<div class=\"magic-14\" id=\"tl_18\">\n         R290 et R134a\n       <\/div>\n<\/td>\n<\/tr>\n<\/tbody>\n<\/table><\/div><\/div>\n<div module-id=\"41527326313\" module-title=\"detailProductNavigation\" render=\"true\" class=\"J_module\">\n<div id=\"tl_19\" data-section=\"AliMagic-r1dzau\" data-section-title=\"Company Profile\" class=\"magic-1\">\n    Profil de l'entreprise\n  <\/div><\/div>\n<div module-id=\"41527326314\" module-title=\"detailProductNavigation\" render=\"true\" class=\"J_module\">\n<div id=\"tl_20\" data-section=\"AliMagic-rpeb52\" data-section-title=\"FAQ\" class=\"magic-1\">\n    FAQ\n  <\/div><\/div>\n<div module-id=\"41527326315\" module-title=\"detailTextContent\" render=\"true\" class=\"J_module\">\n<div class=\"detail-decorate-json-renderer-container\">\n<div class=\"magic-15\">\n<div class=\"magic-16\">\n<div class=\"magic-17\">\n<div class=\"magic-18\" id=\"tl_21\">\n       <b>1. Qui sommes-nous ?<\/b><br \/>\n       <br \/>Nous sommes bas\u00e9s \u00e0 Shandong, en Chine, \u00e0 partir de 2024, vendre en Am\u00e9rique du Nord (50.00%). Il y a environ 5-10 personnes dans notre bureau. <\/p>\n<p>       <b>2. Comment pouvons-nous garantir la qualit\u00e9 ?<\/b><br \/>\n       <br \/>Toujours un \u00e9chantillon de pr\u00e9-production avant la production de masse ;<br \/>\n       <br \/>Toujours l'inspection finale avant exp\u00e9dition ; <\/p>\n<p>       <b>3. Que pouvez-vous acheter chez nous ?<\/b><br \/>\n       <br \/>Hydrocarbure, cong\u00e9lateur, cong\u00e9lateur d'affichage, r\u00e9frig\u00e9rateur froid <\/p>\n<p>       <b>4. Pourquoi devriez-vous acheter chez nous et non chez d'autres fournisseurs ?<\/b><br \/>\n       <br \/>Nul <\/p>\n<p>       <b>5. quels services pouvons-nous fournir ?<\/b><br \/>\n       <br \/>Conditions de livraison accept\u00e9es : FOB, EXW, DDP ;<br \/>\n       <br \/>Devise de paiement accept\u00e9e : USD,EUR,CAD,AUD,GBP,CNY ;<br \/>\n       <br \/>Type de paiement accept\u00e9 : T\/T,L\/C ;<br \/>\n       <br \/>Langue parl\u00e9e : Anglais\n      <\/div><\/div><\/div><\/div><\/div><\/div>\n<\/div>\n<\/div>\n<\/div>","protected":false},"excerpt":{"rendered":"<p>Chimique Hign-concern\u00e9:&nbsp;Aucun Source d&#039;\u00e9nergie:&nbsp;AC Hauteur:&nbsp;90-160 cm Largeur:&nbsp;61-70 cm Nombre De Portes:&nbsp;2 Doors Classement de Consommation D&#039;\u00e9nergie:&nbsp;Niveau 1 Style:&nbsp;R\u00e9frig\u00e9rateur de Frigorification<\/p>","protected":false},"featured_media":12584,"comment_status":"open","ping_status":"closed","template":"","meta":[],"product_brand":[],"product_cat":[15],"product_tag":[],"class_list":{"0":"post-12583","1":"product","2":"type-product","3":"status-publish","4":"has-post-thumbnail","6":"product_cat-uncategorized","8":"first","9":"instock","10":"shipping-taxable","11":"purchasable","12":"product-type-simple"},"jetpack_sharing_enabled":true,"_links":{"self":[{"href":"https:\/\/afrycom.com\/fr\/wp-json\/wp\/v2\/product\/12583","targetHints":{"allow":["GET"]}}],"collection":[{"href":"https:\/\/afrycom.com\/fr\/wp-json\/wp\/v2\/product"}],"about":[{"href":"https:\/\/afrycom.com\/fr\/wp-json\/wp\/v2\/types\/product"}],"replies":[{"embeddable":true,"href":"https:\/\/afrycom.com\/fr\/wp-json\/wp\/v2\/comments?post=12583"}],"wp:featuredmedia":[{"embeddable":true,"href":"https:\/\/afrycom.com\/fr\/wp-json\/wp\/v2\/media\/12584"}],"wp:attachment":[{"href":"https:\/\/afrycom.com\/fr\/wp-json\/wp\/v2\/media?parent=12583"}],"wp:term":[{"taxonomy":"product_brand","embeddable":true,"href":"https:\/\/afrycom.com\/fr\/wp-json\/wp\/v2\/product_brand?post=12583"},{"taxonomy":"product_cat","embeddable":true,"href":"https:\/\/afrycom.com\/fr\/wp-json\/wp\/v2\/product_cat?post=12583"},{"taxonomy":"product_tag","embeddable":true,"href":"https:\/\/afrycom.com\/fr\/wp-json\/wp\/v2\/product_tag?post=12583"}],"curies":[{"name":"wp","href":"https:\/\/api.w.org\/{rel}","templated":true}]}}