{"id":12556,"date":"2025-03-20T16:12:55","date_gmt":"2025-03-20T16:12:55","guid":{"rendered":"https:\/\/afrycom.com\/product\/refrigerateur-electrique-portable-a-energie-solaire-refrigerateur-de-camping-glaciere-de-voiture-utilisation-pour-les-touristes-ac-dc-12v\/"},"modified":"2025-03-20T16:13:06","modified_gmt":"2025-03-20T16:13:06","slug":"refrigerateur-electrique-portable-a-energie-solaire-refrigerateur-de-camping-glaciere-de-voiture-utilisation-pour-les-touristes-ac-dc-12v","status":"publish","type":"product","link":"https:\/\/afrycom.com\/fr\/produit\/refrigerateur-electrique-portable-a-energie-solaire-refrigerateur-de-camping-glaciere-de-voiture-utilisation-pour-les-touristes-ac-dc-12v\/","title":{"rendered":"R\u00e9frig\u00e9rateur \u00e9lectrique portable \u00e0 \u00e9nergie solaire, r\u00e9frig\u00e9rateur de camping, glaci\u00e8re de voiture, utilisation pour les touristes, AC DC, 12V"},"content":{"rendered":"<div class=\"product-specs-list-container\">\n<ul class=\"product-specs-list util-clearfix\">\n<li class=\"product-prop line-limit-length\"><span\n                                        class=\"property-title\">Chimique Hign-concern\u00e9 :&nbsp;<\/span><span\n                                        class=\"property-desc line-limit-length\">Aucun<\/span>\n                            <\/li>\n<li class=\"product-prop line-limit-length\"><span\n                                        class=\"property-title\">\u00c9valuation de la temp\u00e9rature:&nbsp;<\/span><span\n                                        class=\"property-desc line-limit-length\">-20 &#8211; 20<\/span>\n                            <\/li>\n<li class=\"product-prop line-limit-length\"><span\n                                        class=\"property-title\">Caract\u00e9ristiques sp\u00e9ciales :&nbsp;<\/span><span\n                                        class=\"property-desc line-limit-length\">Freezing\/ Refrigeration<\/span>\n                            <\/li>\n<li class=\"product-prop line-limit-length\"><span\n                                        class=\"property-title\">Num\u00e9ro de la s\u00e9rie Mfg :&nbsp;<\/span><span\n                                        class=\"property-desc line-limit-length\">RECHARGEABLE, Dual-Zone<\/span>\n                            <\/li>\n<li class=\"product-prop line-limit-length\"><span\n                                        class=\"property-title\">Volume D&#039;article:&nbsp;<\/span><span\n                                        class=\"property-desc line-limit-length\">38.4L 47.7L 55.3L<\/span>\n                            <\/li>\n<li class=\"product-prop line-limit-length\"><span\n                                        class=\"property-title\">Poids de l&#039;article:&nbsp;<\/span><span\n                                        class=\"property-desc line-limit-length\">25kg<\/span>\n                            <\/li>\n<li class=\"product-prop line-limit-length\"><span\n                                        class=\"property-title\">Hauteur de l\u2019article:&nbsp;<\/span><span\n                                        class=\"property-desc line-limit-length\">50cm<\/span>\n                            <\/li>\n<li class=\"product-prop line-limit-length\"><span\n                                        class=\"property-title\">Largeur de l\u2019article:&nbsp;<\/span><span\n                                        class=\"property-desc line-limit-length\">46cm<\/span>\n                            <\/li>\n<li class=\"product-prop line-limit-length\"><span\n                                        class=\"property-title\">Longueur de l'article :&nbsp;<\/span><span\n                                        class=\"property-desc line-limit-length\">71cm<\/span>\n                            <\/li>\n<li class=\"product-prop line-limit-length\"><span\n                                        class=\"property-title\">Nom du mod\u00e8le :&nbsp;<\/span><span\n                                        class=\"property-desc line-limit-length\">TAW45<\/span>\n                            <\/li>\n<li class=\"product-prop line-limit-length\"><span\n                                        class=\"property-title\">Volume:&nbsp;<\/span><span\n                                        class=\"property-desc line-limit-length\">&gt; 20L<\/span>\n                            <\/li>\n<li class=\"product-prop line-limit-length\"><span\n                                        class=\"property-title\">La tension :&nbsp;<\/span><span\n                                        class=\"property-desc line-limit-length\">12v<\/span>\n                            <\/li>\n<li class=\"product-prop line-limit-length\"><span\n                                        class=\"property-title\">Nom de marque :&nbsp;<\/span><span\n                                        class=\"property-desc line-limit-length\">XMSJ<\/span>\n                            <\/li>\n<li class=\"product-prop line-limit-length\"><span\n                                        class=\"property-title\">Origine :&nbsp;<\/span><span\n                                        class=\"property-desc line-limit-length\">CN (Origine)<\/span>\n                            <\/li>\n<li class=\"product-prop line-limit-length\"><span\n                                        class=\"property-title\">Mat\u00e9riau :&nbsp;<\/span><span\n                                        class=\"property-desc line-limit-length\">ABS, Plastic, PP<\/span>\n                            <\/li>\n<li class=\"product-prop line-limit-length\"><span\n                                        class=\"property-title\">Type d'article :&nbsp;<\/span><span\n                                        class=\"property-desc line-limit-length\">R\u00e9frig\u00e9rateurs<\/span>\n                            <\/li>\n<li class=\"product-prop line-limit-length\"><span\n                                        class=\"property-title\">Type :&nbsp;<\/span><span\n                                        class=\"property-desc line-limit-length\">RECHARGEABLE, Dual-Zone<\/span>\n                            <\/li>\n<li class=\"product-prop line-limit-length\"><span\n                                        class=\"property-title\">Mod\u00e8le :&nbsp;<\/span><span\n                                        class=\"property-desc line-limit-length\">X7 (G07), X7 SUV (G07)<\/span>\n                            <\/li>\n<li class=\"product-prop line-limit-length\"><span\n                                        class=\"property-title\">Year:&nbsp;<\/span><span\n                                        class=\"property-desc line-limit-length\">2019-<\/span>\n                            <\/li>\n<li class=\"product-prop line-limit-length\"><span\n                                        class=\"property-title\">Refrigeration Type:&nbsp;<\/span><span\n                                        class=\"property-desc line-limit-length\">Compressor<\/span>\n                            <\/li>\n<li class=\"product-prop line-limit-length\"><span\n                                        class=\"property-title\">Car Fitment:&nbsp;<\/span><span\n                                        class=\"property-desc line-limit-length\">bmw<\/span>\n                            <\/li>\n<li class=\"product-prop line-limit-length\"><span\n                                        class=\"property-title\">Mode de refroidissement :&nbsp;<\/span><span\n                                        class=\"property-desc line-limit-length\">Freezer, Refrigerator, Portable compressor refrigerator<\/span>\n                            <\/li>\n<li class=\"product-prop line-limit-length\"><span\n                                        class=\"property-title\">Mat\u00e9riau :&nbsp;<\/span><span\n                                        class=\"property-desc line-limit-length\">ABS, Plastic, PP<\/span>\n                            <\/li>\n<li class=\"product-prop line-limit-length\"><span\n                                        class=\"property-title\">Temperature Range:&nbsp;<\/span><span\n                                        class=\"property-desc line-limit-length\">-20 &#8211; 20 \u2103<\/span>\n                            <\/li>\n<li class=\"product-prop line-limit-length\"><span\n                                        class=\"property-title\">Tension :&nbsp;<\/span><span\n                                        class=\"property-desc line-limit-length\">AC 100V~240V, DC12V\/24V<\/span>\n                            <\/li>\n<li class=\"product-prop line-limit-length\"><span\n                                        class=\"property-title\">Puissance :&nbsp;<\/span><span\n                                        class=\"property-desc line-limit-length\">60W<\/span>\n                            <\/li>\n<li class=\"product-prop line-limit-length\"><span\n                                        class=\"property-title\">Taille :&nbsp;<\/span><span\n                                        class=\"property-desc line-limit-length\">711*460*506mm<\/span>\n                            <\/li>\n<li class=\"product-prop line-limit-length\"><span\n                                        class=\"property-title\">Garantie :&nbsp;<\/span><span\n                                        class=\"property-desc line-limit-length\">1 an<\/span>\n                            <\/li>\n<li class=\"product-prop line-limit-length\"><span\n                                        class=\"property-title\">Couleur :&nbsp;<\/span><span\n                                        class=\"property-desc line-limit-length\">Brown, Brown or custom color<\/span>\n                            <\/li>\n<li class=\"product-prop line-limit-length\"><span\n                                        class=\"property-title\">Lieu d'origine :&nbsp;<\/span><span\n                                        class=\"property-desc line-limit-length\">Guangdong,China<\/span>\n                            <\/li>\n<li class=\"product-prop line-limit-length\"><span\n                                        class=\"property-title\">Num\u00e9ro de mod\u00e8le :&nbsp;<\/span><span\n                                        class=\"property-desc line-limit-length\">TAW45<\/span>\n                            <\/li>\n<li class=\"product-prop line-limit-length\"><span\n                                        class=\"property-title\">MOQ :&nbsp;<\/span><span\n                                        class=\"property-desc line-limit-length\">LOW MOQ for First Order<\/span>\n                            <\/li>\n<li class=\"product-prop line-limit-length\"><span\n                                        class=\"property-title\">Fonction :&nbsp;<\/span><span\n                                        class=\"property-desc line-limit-length\">Freezing\/ Refrigeration<\/span>\n                            <\/li>\n<li class=\"product-prop line-limit-length\"><span\n                                        class=\"property-title\">Control Method:&nbsp;<\/span><span\n                                        class=\"property-desc line-limit-length\">Mobile app control\/LED control panel<\/span>\n                            <\/li>\n<li class=\"product-prop line-limit-length\"><span\n                                        class=\"property-title\">Door design:&nbsp;<\/span><span\n                                        class=\"property-desc line-limit-length\">Reverse fridge door with individual lids<\/span>\n                            <\/li>\n<li class=\"product-prop line-limit-length\"><span\n                                        class=\"property-title\">Application :&nbsp;<\/span><span\n                                        class=\"property-desc line-limit-length\">Car\/Boat\/RV\/Truck\/Home\/Outdoor\/ Camping\/Picnic\/Road trip\/Food storage<\/span>\n                            <\/li>\n<li class=\"product-prop line-limit-length\"><span\n                                        class=\"property-title\">Caract\u00e9ristique1 :&nbsp;<\/span><span\n                                        class=\"property-desc line-limit-length\">oversized wheels\/heavy-duty telescoping handle\/built in bottle opener<\/span>\n                            <\/li>\n<li class=\"product-prop line-limit-length\"><span\n                                        class=\"property-title\">Caract\u00e9ristique2 :&nbsp;<\/span><span\n                                        class=\"property-desc line-limit-length\">detachable battery\/solar charging<\/span>\n                            <\/li>\n<li class=\"product-prop line-limit-length\"><span\n                                        class=\"property-title\">Caract\u00e9ristique3 :&nbsp;<\/span><span\n                                        class=\"property-desc line-limit-length\">Portable\/energy saving<\/span>\n                            <\/li>\n<\/ul><\/div>\n<div class=\"detailmodule_html\">\n<div class=\"detail-desc-decorate-richtext\">\n<h2 id=\"tl_1\">R&eacute;frig&eacute;rateur de voiture 12V &agrave; double usage cong&eacute;lateur &eacute;lectrique AC DC refroidisseur d&#8217;&eacute;nergie solaire r&eacute;frig&eacute;rateur de camping portable<\/h2>\n<div data-section=\"AliPostDhMb-xdltm\" data-section-title=\"Product Description\" id=\"ali-anchor-AliPostDhMb-xdltm\" style=\"padding-top: 8px;\">\n<div id=\"ali-title-AliPostDhMb-xdltm\" style=\"padding: 8px 0; border-bottom: 1px solid #ddd;\">\n  <span style=\"background-color: #ddd; color: #333; font-weight: bold; padding: 8px 10px; line-height: 12px;\" id=\"tl_2\">Description du produit<\/span>\n <\/div>\n<div style=\"padding: 10px 0;\">\n<p>&nbsp;<img decoding=\"async\" data-alt=\"Alpicool TAW45 12V Dual Use Car Fridge AC DC Electric Freezer Solar Power Cooler Portable Camping Refrigerator Outdoor Fridge\" ori-height=\"1349\" ori-width=\"790\" referrerpolicy=\"no-referrer\" src=\"https:\/\/ae01.alicdn.com\/kf\/S2696d31e45cb4eabadce37185cbef813s.jpg?width=790&amp;height=1349&amp;hash=2139\" \/><img decoding=\"async\" data-alt=\"Alpicool TAW45 12V Dual Use Car Fridge AC DC Electric Freezer Solar Power Cooler Portable Camping Refrigerator Outdoor Fridge\" ori-height=\"1132\" ori-width=\"790\" referrerpolicy=\"no-referrer\" src=\"https:\/\/ae01.alicdn.com\/kf\/S07a44ae11c8a4b1ab0dce280e7d35a38z.jpg?width=790&amp;height=1132&amp;hash=1922\" \/><img decoding=\"async\" data-alt=\"Alpicool TAW45 12V Dual Use Car Fridge AC DC Electric Freezer Solar Power Cooler Portable Camping Refrigerator Outdoor Fridge\" ori-height=\"1324\" ori-width=\"790\" referrerpolicy=\"no-referrer\" src=\"https:\/\/ae01.alicdn.com\/kf\/S11ab1d9006f64188ac5ccc20746264d8s.jpg?width=790&amp;height=1324&amp;hash=2114\" \/><img decoding=\"async\" data-alt=\"Alpicool TAW45 12V Dual Use Car Fridge AC DC Electric Freezer Solar Power Cooler Portable Camping Refrigerator Outdoor Fridge\" ori-height=\"1229\" ori-width=\"790\" referrerpolicy=\"no-referrer\" src=\"https:\/\/ae01.alicdn.com\/kf\/Sbf7d7dfc960f4581b8d0d6cef99b4136k.jpg?width=790&amp;height=1229&amp;hash=2019\" \/><img decoding=\"async\" data-alt=\"Alpicool TAW45 12V Dual Use Car Fridge AC DC Electric Freezer Solar Power Cooler Portable Camping Refrigerator Outdoor Fridge\" ori-height=\"1275\" ori-width=\"790\" referrerpolicy=\"no-referrer\" src=\"https:\/\/ae01.alicdn.com\/kf\/S86010021582b490baec9da218908f4ces.jpg?width=790&amp;height=1275&amp;hash=2065\" \/><img decoding=\"async\" data-alt=\"Alpicool TAW45 12V Dual Use Car Fridge AC DC Electric Freezer Solar Power Cooler Portable Camping Refrigerator Outdoor Fridge\" ori-height=\"1552\" ori-width=\"790\" referrerpolicy=\"no-referrer\" src=\"https:\/\/ae01.alicdn.com\/kf\/Sf2b5647f4da7401f8620f745d8842e6fD.jpg?width=790&amp;height=1552&amp;hash=2342\" \/><img decoding=\"async\" data-alt=\"Alpicool TAW45 12V Dual Use Car Fridge AC DC Electric Freezer Solar Power Cooler Portable Camping Refrigerator Outdoor Fridge\" ori-height=\"1124\" ori-width=\"790\" referrerpolicy=\"no-referrer\" src=\"https:\/\/ae01.alicdn.com\/kf\/S1a1f751989534c86897da106abb01f2dY.jpg?width=790&amp;height=1124&amp;hash=1914\" \/><img decoding=\"async\" data-alt=\"Alpicool TAW45 12V Dual Use Car Fridge AC DC Electric Freezer Solar Power Cooler Portable Camping Refrigerator Outdoor Fridge\" ori-height=\"1323\" ori-width=\"790\" referrerpolicy=\"no-referrer\" src=\"https:\/\/ae01.alicdn.com\/kf\/S6aad72d208664d5dad7676b0067e0092L.jpg?width=790&amp;height=1323&amp;hash=2113\" \/><img decoding=\"async\" data-alt=\"Alpicool TAW45 12V Dual Use Car Fridge AC DC Electric Freezer Solar Power Cooler Portable Camping Refrigerator Outdoor Fridge\" ori-height=\"1072\" ori-width=\"790\" referrerpolicy=\"no-referrer\" src=\"https:\/\/ae01.alicdn.com\/kf\/S7c096b5773734a7688bf48e2cf218379K.jpg?width=790&amp;height=1072&amp;hash=1862\" \/><img decoding=\"async\" data-alt=\"Alpicool TAW45 12V Dual Use Car Fridge AC DC Electric Freezer Solar Power Cooler Portable Camping Refrigerator Outdoor Fridge\" ori-height=\"1056\" ori-width=\"790\" referrerpolicy=\"no-referrer\" src=\"https:\/\/ae01.alicdn.com\/kf\/S0ac46366525f4c3d9317e161dcd4fb9bd.jpg?width=790&amp;height=1056&amp;hash=1846\" \/><img decoding=\"async\" data-alt=\"Alpicool TAW45 12V Dual Use Car Fridge AC DC Electric Freezer Solar Power Cooler Portable Camping Refrigerator Outdoor Fridge\" ori-height=\"1152\" ori-width=\"790\" referrerpolicy=\"no-referrer\" src=\"https:\/\/ae01.alicdn.com\/kf\/S37ebae8d0aef43fb98b35bca4f22d5c4f.jpg?width=790&amp;height=1152&amp;hash=1942\" \/><img decoding=\"async\" data-alt=\"Alpicool TAW45 12V Dual Use Car Fridge AC DC Electric Freezer Solar Power Cooler Portable Camping Refrigerator Outdoor Fridge\" ori-height=\"1283\" ori-width=\"790\" referrerpolicy=\"no-referrer\" src=\"https:\/\/ae01.alicdn.com\/kf\/S8945256756574e12b160c657941489c8q.jpg?width=790&amp;height=1283&amp;hash=2073\" \/><img decoding=\"async\" data-alt=\"Alpicool TAW45 12V Dual Use Car Fridge AC DC Electric Freezer Solar Power Cooler Portable Camping Refrigerator Outdoor Fridge\" ori-height=\"1179\" ori-width=\"790\" referrerpolicy=\"no-referrer\" src=\"https:\/\/ae01.alicdn.com\/kf\/S385e3b7b6dc54d4fbc25143343181ad7y.jpg?width=790&amp;height=1179&amp;hash=1969\" \/><img decoding=\"async\" data-alt=\"Alpicool TAW45 12V Dual Use Car Fridge AC DC Electric Freezer Solar Power Cooler Portable Camping Refrigerator Outdoor Fridge\" ori-height=\"1201\" ori-width=\"790\" referrerpolicy=\"no-referrer\" src=\"https:\/\/ae01.alicdn.com\/kf\/S71c78e0496fd4a5d9d6e6350cae85a38r.jpg?width=790&amp;height=1201&amp;hash=1991\" \/><\/p>\n<\/p><\/div>\n<\/div>\n<div data-section=\"AliPostDhMb-c5doj\" data-section-title=\"Product parameters\" id=\"ali-anchor-AliPostDhMb-c5doj\" style=\"padding-top: 8px;\">\n<div id=\"ali-title-AliPostDhMb-c5doj\" style=\"padding: 8px 0; border-bottom: 1px solid #ddd;\">\n  <span style=\"background-color: #ddd; color: #333; font-weight: bold; padding: 8px 10px; line-height: 12px;\" id=\"tl_3\">Param&egrave;tres du produit<\/span>\n <\/div>\n<div style=\"padding: 10px 0;\">\n<p>&nbsp;<\/p>\n<table border=\"1\" style=\"border-collapse: collapse; border-style: solid; background-color: #ffffff; width: 80%;\">\n<tbody>\n<tr>\n<td id=\"tl_4\">Mod&egrave;le<\/td>\n<td id=\"tl_5\">TAW35<\/td>\n<td id=\"tl_6\">TAW45<\/td>\n<td id=\"tl_7\">TAW55<\/td>\n<\/tr>\n<tr>\n<td id=\"tl_8\">Dimension du r&eacute;frig&eacute;rateur<\/td>\n<td id=\"tl_9\">711*460*441mm<\/td>\n<td id=\"tl_10\">711*460*506mm<\/td>\n<td id=\"tl_11\">711*460*571mm<\/td>\n<\/tr>\n<tr>\n<td id=\"tl_12\">Capacit&eacute; totale<\/td>\n<td id=\"tl_13\">38.4L<\/td>\n<td id=\"tl_14\">47,7L<\/td>\n<td id=\"tl_15\">55,3 L<\/td>\n<\/tr>\n<tr>\n<td id=\"tl_16\">Alimentation &eacute;lectrique<\/td>\n<td colspan=\"3\" id=\"tl_17\">12\/24V DC100-240V AC<\/td>\n<\/tr>\n<tr>\n<td id=\"tl_18\">Poids net\/brut<\/td>\n<td id=\"tl_19\">17.6kg\/19.6kg<\/td>\n<td id=\"tl_20\">18.4kg\/20.7kg<\/td>\n<td id=\"tl_21\">19.1kg\/21.4kg<\/td>\n<\/tr>\n<\/tbody>\n<\/table><\/div>\n<\/div>\n<div data-section=\"AliPostDhMb-rmm1r\" data-section-title=\"Company Information\" id=\"ali-anchor-AliPostDhMb-rmm1r\" style=\"padding-top: 8px;\">\n<div id=\"ali-title-AliPostDhMb-rmm1r\" style=\"padding: 8px 0; border-bottom: 1px solid #ddd;\">\n  <span style=\"background-color: #ddd; color: #333; font-weight: bold; padding: 8px 10px; line-height: 12px;\" id=\"tl_22\">Informations sur l&#8217;entreprise<\/span>\n <\/div>\n<div style=\"padding: 10px 0;\">\n<p>&nbsp;<img decoding=\"async\" data-alt=\"Alpicool TAW45 12V Dual Use Car Fridge AC DC Electric Freezer Solar Power Cooler Portable Camping Refrigerator Outdoor Fridge\" ori-height=\"2040\" ori-width=\"790\" referrerpolicy=\"no-referrer\" src=\"https:\/\/ae01.alicdn.com\/kf\/Se51b6dc6090e418aba877d7822c6ccb8h.jpg?width=790&amp;height=2040&amp;hash=2830\" \/><img decoding=\"async\" data-alt=\"Alpicool TAW45 12V Dual Use Car Fridge AC DC Electric Freezer Solar Power Cooler Portable Camping Refrigerator Outdoor Fridge\" ori-height=\"1066\" ori-width=\"790\" referrerpolicy=\"no-referrer\" src=\"https:\/\/ae01.alicdn.com\/kf\/Sa11ab7d860f54fb6a9e6054317787a1do.jpg?width=790&amp;height=1066&amp;hash=1856\" \/><img decoding=\"async\" data-alt=\"Alpicool TAW45 12V Dual Use Car Fridge AC DC Electric Freezer Solar Power Cooler Portable Camping Refrigerator Outdoor Fridge\" ori-height=\"719\" ori-width=\"790\" referrerpolicy=\"no-referrer\" src=\"https:\/\/ae01.alicdn.com\/kf\/Sd32a421320044c7ab8dcb95c5936fe2eg.jpg?width=790&amp;height=719&amp;hash=1509\" \/><\/p>\n<\/p><\/div>\n<\/div>\n<\/div>\n<\/div>","protected":false},"excerpt":{"rendered":"<p>Chimique Hign-concern\u00e9:&nbsp;Aucun \u00c9valuation de la temp\u00e9rature:&nbsp;-20 &#8211; 20 Caract\u00e9ristiques sp\u00e9ciales:&nbsp;Freezing\/ Refrigeration Num\u00e9ro de la s\u00e9rie Mfg:&nbsp;RECHARGEABLE, Dual-Zone Volume D&#039;article:&nbsp;38.4L 47.7L<\/p>","protected":false},"featured_media":12557,"comment_status":"open","ping_status":"closed","template":"","meta":[],"product_brand":[],"product_cat":[15],"product_tag":[],"class_list":{"0":"post-12556","1":"product","2":"type-product","3":"status-publish","4":"has-post-thumbnail","6":"product_cat-uncategorized","8":"first","9":"instock","10":"shipping-taxable","11":"purchasable","12":"product-type-variable"},"jetpack_sharing_enabled":true,"_links":{"self":[{"href":"https:\/\/afrycom.com\/fr\/wp-json\/wp\/v2\/product\/12556","targetHints":{"allow":["GET"]}}],"collection":[{"href":"https:\/\/afrycom.com\/fr\/wp-json\/wp\/v2\/product"}],"about":[{"href":"https:\/\/afrycom.com\/fr\/wp-json\/wp\/v2\/types\/product"}],"replies":[{"embeddable":true,"href":"https:\/\/afrycom.com\/fr\/wp-json\/wp\/v2\/comments?post=12556"}],"wp:featuredmedia":[{"embeddable":true,"href":"https:\/\/afrycom.com\/fr\/wp-json\/wp\/v2\/media\/12557"}],"wp:attachment":[{"href":"https:\/\/afrycom.com\/fr\/wp-json\/wp\/v2\/media?parent=12556"}],"wp:term":[{"taxonomy":"product_brand","embeddable":true,"href":"https:\/\/afrycom.com\/fr\/wp-json\/wp\/v2\/product_brand?post=12556"},{"taxonomy":"product_cat","embeddable":true,"href":"https:\/\/afrycom.com\/fr\/wp-json\/wp\/v2\/product_cat?post=12556"},{"taxonomy":"product_tag","embeddable":true,"href":"https:\/\/afrycom.com\/fr\/wp-json\/wp\/v2\/product_tag?post=12556"}],"curies":[{"name":"wp","href":"https:\/\/api.w.org\/{rel}","templated":true}]}}