{"id":12548,"date":"2025-03-20T16:12:48","date_gmt":"2025-03-20T16:12:48","guid":{"rendered":"https:\/\/afrycom.com\/product\/refrigerateur-et-congelateur-electriques-a-4-portes-628l-a-faible-bruit-accessoires-indispensables-pour-la-maison\/"},"modified":"2025-10-07T10:07:20","modified_gmt":"2025-10-07T10:07:20","slug":"refrigerateur-et-congelateur-electriques-a-4-portes-628l-a-faible-bruit-accessoires-indispensables-pour-la-maison","status":"publish","type":"product","link":"https:\/\/afrycom.com\/fr\/produit\/refrigerateur-et-congelateur-electriques-a-4-portes-628l-a-faible-bruit-accessoires-indispensables-pour-la-maison\/","title":{"rendered":"R\u00e9frig\u00e9rateur et cong\u00e9lateur \u00e9lectriques \u00e0 4 portes, 628L, \u00e0 faible bruit, accessoires indispensables pour la maison"},"content":{"rendered":"<div class=\"product-specs-list-container\">\n<ul class=\"product-specs-list util-clearfix\">\n<li class=\"product-prop line-limit-length\"><span\n                                        class=\"property-title\">Chimique Hign-concern\u00e9 :&nbsp;<\/span><span\n                                        class=\"property-desc line-limit-length\">Aucun<\/span>\n                            <\/li>\n<li class=\"product-prop line-limit-length\"><span\n                                        class=\"property-title\">Source d'\u00e9nergie :&nbsp;<\/span><span\n                                        class=\"property-desc line-limit-length\">AC<\/span>\n                            <\/li>\n<li class=\"product-prop line-limit-length\"><span\n                                        class=\"property-title\">Hauteur :&nbsp;<\/span><span\n                                        class=\"property-desc line-limit-length\">\u2264 89 cm<\/span>\n                            <\/li>\n<li class=\"product-prop line-limit-length\"><span\n                                        class=\"property-title\">Largeur :&nbsp;<\/span><span\n                                        class=\"property-desc line-limit-length\">\u2264 60 cm<\/span>\n                            <\/li>\n<li class=\"product-prop line-limit-length\"><span\n                                        class=\"property-title\">Nombre De Portes :&nbsp;<\/span><span\n                                        class=\"property-desc line-limit-length\">Porte simple<\/span>\n                            <\/li>\n<li class=\"product-prop line-limit-length\"><span\n                                        class=\"property-title\">Classement de Consommation D'\u00e9nergie :&nbsp;<\/span><span\n                                        class=\"property-desc line-limit-length\">Aucun<\/span>\n                            <\/li>\n<li class=\"product-prop line-limit-length\"><span\n                                        class=\"property-title\">Style :&nbsp;<\/span><span\n                                        class=\"property-desc line-limit-length\">R\u00e9frig\u00e9rateur de Frigorification &amp; Cong\u00e9lation<\/span>\n                            <\/li>\n<li class=\"product-prop line-limit-length\"><span\n                                        class=\"property-title\">Capacit\u00e9 :&nbsp;<\/span><span\n                                        class=\"property-desc line-limit-length\">&lt;60L<\/span>\n                            <\/li>\n<li class=\"product-prop line-limit-length\"><span\n                                        class=\"property-title\">Tension (V) :&nbsp;<\/span><span\n                                        class=\"property-desc line-limit-length\">6V<\/span>\n                            <\/li>\n<li class=\"product-prop line-limit-length\"><span\n                                        class=\"property-title\">Puissance (W) :&nbsp;<\/span><span\n                                        class=\"property-desc line-limit-length\">45W<\/span>\n                            <\/li>\n<li class=\"product-prop line-limit-length\"><span\n                                        class=\"property-title\">Capacit\u00e9 de Cong\u00e9lateur :&nbsp;<\/span><span\n                                        class=\"property-desc line-limit-length\">&lt;60L<\/span>\n                            <\/li>\n<li class=\"product-prop line-limit-length\"><span\n                                        class=\"property-title\">Nom de marque :&nbsp;<\/span><span\n                                        class=\"property-desc line-limit-length\">DUTRIEUX<\/span>\n                            <\/li>\n<li class=\"product-prop line-limit-length\"><span\n                                        class=\"property-title\">Origine :&nbsp;<\/span><span\n                                        class=\"property-desc line-limit-length\">CN (Origine)<\/span>\n                            <\/li>\n<li class=\"product-prop line-limit-length\"><span\n                                        class=\"property-title\">Garantie :&nbsp;<\/span><span\n                                        class=\"property-desc line-limit-length\">1 an<\/span>\n                            <\/li>\n<li class=\"product-prop line-limit-length\"><span\n                                        class=\"property-title\">Energy Efficiency Rating:&nbsp;<\/span><span\n                                        class=\"property-desc line-limit-length\">Grade 1<\/span>\n                            <\/li>\n<li class=\"product-prop line-limit-length\"><span\n                                        class=\"property-title\">Application :&nbsp;<\/span><span\n                                        class=\"property-desc line-limit-length\">Hotel, Household<\/span>\n                            <\/li>\n<li class=\"product-prop line-limit-length\"><span\n                                        class=\"property-title\">Source d'alimentation :&nbsp;<\/span><span\n                                        class=\"property-desc line-limit-length\">\u00c9lectrique<\/span>\n                            <\/li>\n<li class=\"product-prop line-limit-length\"><span\n                                        class=\"property-title\">Refrigeration Type:&nbsp;<\/span><span\n                                        class=\"property-desc line-limit-length\">Refroidissement de l'air<\/span>\n                            <\/li>\n<li class=\"product-prop line-limit-length\"><span\n                                        class=\"property-title\">Contr\u00f4l\u00e9 par application :&nbsp;<\/span><span\n                                        class=\"property-desc line-limit-length\">NON<\/span>\n                            <\/li>\n<li class=\"product-prop line-limit-length\"><span\n                                        class=\"property-title\">Moule priv\u00e9 :&nbsp;<\/span><span\n                                        class=\"property-desc line-limit-length\">NON<\/span>\n                            <\/li>\n<li class=\"product-prop line-limit-length\"><span\n                                        class=\"property-title\">logo\/pattern:&nbsp;<\/span><span\n                                        class=\"property-desc line-limit-length\">Silk screen printing<\/span>\n                            <\/li>\n<li class=\"product-prop line-limit-length\"><span\n                                        class=\"property-title\">\u00c9tat :&nbsp;<\/span><span\n                                        class=\"property-desc line-limit-length\">Nouveau<\/span>\n                            <\/li>\n<li class=\"product-prop line-limit-length\"><span\n                                        class=\"property-title\">Lieu d'origine :&nbsp;<\/span><span\n                                        class=\"property-desc line-limit-length\">Guangdong, China<\/span>\n                            <\/li>\n<li class=\"product-prop line-limit-length\"><span\n                                        class=\"property-title\">Type :&nbsp;<\/span><span\n                                        class=\"property-desc line-limit-length\">French Door<\/span>\n                            <\/li>\n<li class=\"product-prop line-limit-length\"><span\n                                        class=\"property-title\">Fonctionnalit\u00e9 :&nbsp;<\/span><span\n                                        class=\"property-desc line-limit-length\">THERMOELECTRIC<\/span>\n                            <\/li>\n<li class=\"product-prop line-limit-length\"><span\n                                        class=\"property-title\">Defrost Type:&nbsp;<\/span><span\n                                        class=\"property-desc line-limit-length\">Frost-Free<\/span>\n                            <\/li>\n<li class=\"product-prop line-limit-length\"><span\n                                        class=\"property-title\">Installation:&nbsp;<\/span><span\n                                        class=\"property-desc line-limit-length\">PORTABLE<\/span>\n                            <\/li>\n<li class=\"product-prop line-limit-length\"><span\n                                        class=\"property-title\">Mat\u00e9riau :&nbsp;<\/span><span\n                                        class=\"property-desc line-limit-length\">Acier inoxydable<\/span>\n                            <\/li>\n<li class=\"product-prop line-limit-length\"><span\n                                        class=\"property-title\">Fridge Capacity:&nbsp;<\/span><span\n                                        class=\"property-desc line-limit-length\">80-100<\/span>\n                            <\/li>\n<li class=\"product-prop line-limit-length\"><span\n                                        class=\"property-title\">Freezer Capacity:&nbsp;<\/span><span\n                                        class=\"property-desc line-limit-length\">80-100<\/span>\n                            <\/li>\n<li class=\"product-prop line-limit-length\"><span\n                                        class=\"property-title\">Tension (V) :&nbsp;<\/span><span\n                                        class=\"property-desc line-limit-length\">220<\/span>\n                            <\/li>\n<li class=\"product-prop line-limit-length\"><span\n                                        class=\"property-title\">Dimensions (L x W x H (Inches):&nbsp;<\/span><span\n                                        class=\"property-desc line-limit-length\">840*100*1830<\/span>\n                            <\/li>\n<li class=\"product-prop line-limit-length\"><span\n                                        class=\"property-title\">Door structure:&nbsp;<\/span><span\n                                        class=\"property-desc line-limit-length\">Split double door type<\/span>\n                            <\/li>\n<li class=\"product-prop line-limit-length\"><span\n                                        class=\"property-title\">Product weight (kg):&nbsp;<\/span><span\n                                        class=\"property-desc line-limit-length\">90<\/span>\n                            <\/li>\n<li class=\"product-prop line-limit-length\"><span\n                                        class=\"property-title\">Voltage\/frequency:&nbsp;<\/span><span\n                                        class=\"property-desc line-limit-length\">50<\/span>\n                            <\/li>\n<li class=\"product-prop line-limit-length\"><span\n                                        class=\"property-title\">Panel type:&nbsp;<\/span><span\n                                        class=\"property-desc line-limit-length\">VCM laminating board<\/span>\n                            <\/li>\n<li class=\"product-prop line-limit-length\"><span\n                                        class=\"property-title\">Altitude:&nbsp;<\/span><span\n                                        class=\"property-desc line-limit-length\">1.8-1.9 meters<\/span>\n                            <\/li>\n<li class=\"product-prop line-limit-length\"><span\n                                        class=\"property-title\">Gross weight:&nbsp;<\/span><span\n                                        class=\"property-desc line-limit-length\">90kg<\/span>\n                            <\/li>\n<li class=\"product-prop line-limit-length\"><span\n                                        class=\"property-title\">Taille du produit :&nbsp;<\/span><span\n                                        class=\"property-desc line-limit-length\">W840*D700*H1830mm<\/span>\n                            <\/li>\n<li class=\"product-prop line-limit-length\"><span\n                                        class=\"property-title\">Package size:&nbsp;<\/span><span\n                                        class=\"property-desc line-limit-length\">870 * 750 * 1925<\/span>\n                            <\/li>\n<\/ul><\/div>\n<div class=\"detailmodule_html\">\n<div class=\"detail-desc-decorate-richtext\">\n<div data-magic-global=\"%7B%22bizId%22%3A2216052228211%2C%22pageId%22%3A21397832157%2C%22siteId%22%3A10100985072%7D\" id=\"detail_decorate_root\">\n<style type=\"text\/css\">#detail_decorate_root .magic-0{margin-bottom:10px;overflow:hidden}#detail_decorate_root .magic-1{border-bottom-style:solid;border-bottom-color:#53647a;font-family:Roboto;font-size:24px;color:#53647a;font-style:normal;border-bottom-width:2px;padding-top:8px;padding-bottom:4px}#detail_decorate_root .magic-2{width:750px;border-collapse:collapse}#detail_decorate_root .magic-3{min-height:28px;padding:5px 10px;width:259px;min-height:18px;box-sizing:content-box}#detail_decorate_root .magic-4{min-height:28px;padding:5px 10px;width:442px;min-height:18px;box-sizing:content-box}#detail_decorate_root .magic-5{width:750px}#detail_decorate_root .magic-6{overflow:hidden;width:750px;height:500.36656891495596px;margin-top:0;margin-bottom:0;margin-left:0;margin-right:0}#detail_decorate_root .magic-7{margin-top:0;margin-left:0;width:750px;height:500.36656891495596px}#detail_decorate_root .magic-8{overflow:hidden;width:247.33333333333334px;height:139.24866666666668px;margin-top:0;margin-bottom:0;margin-left:0;margin-right:0}#detail_decorate_root .magic-9{margin-top:0;margin-left:0;width:247px;height:139px}#detail_decorate_root .magic-10{overflow:hidden;width:247.33333333333334px;height:139.1875843454791px;margin-top:0;margin-bottom:0;margin-left:4px;margin-right:0}#detail_decorate_root .magic-11{margin-top:0;margin-left:0;width:247px;height:185px}#detail_decorate_root .magic-12{margin-top:0;margin-left:0;width:247px;height:298px}#detail_decorate_root .magic-13{vertical-align:top}#detail_decorate_root .magic-14{vertical-align:top;display:block;padding-right:4px;box-sizing:border-box;padding-left:4px}#detail_decorate_root .magic-15{vertical-align:top;padding-bottom:4px;box-sizing:border-box;padding-top:4px}#detail_decorate_root .magic-16{padding:0;margin:0;white-space:pre-wrap;font-size:14px}#detail_decorate_root .magic-17{margin-bottom:10px;line-height:0}#detail_decorate_root .magic-18{width:750px;height:750px;overflow:hidden;margin-bottom:0}#detail_decorate_root .magic-19{position:relative;left:0;top:0;width:750px;height:750px}#detail_decorate_root .magic-20{width:750px;height:1000.1953125px;overflow:hidden;margin-bottom:0}#detail_decorate_root .magic-21{position:relative;left:0;top:0;width:750px;height:1000.1953125px}#detail_decorate_root .magic-22{width:750px;height:1000px;overflow:hidden;margin-bottom:0}#detail_decorate_root .magic-23{position:relative;left:0;top:0;width:750px;height:1000px}#detail_decorate_root .magic-24{overflow:hidden;width:373px;height:298.40000000000003px;margin-top:0;margin-bottom:0;margin-left:0;margin-right:0}#detail_decorate_root .magic-25{margin-top:0;margin-left:0;width:373.00000000000006px;height:298.40000000000003px}#detail_decorate_root .magic-26{overflow:hidden;width:373px;height:298px;margin-top:0;margin-bottom:0;margin-left:4px;margin-right:0}#detail_decorate_root .magic-27{margin-top:0;margin-left:0;width:373px;height:298.40000000000003px}\n<\/style>\n<div module-id=\"38646757246\" module-title=\"detailSellerRecommend\" render=\"true\">\n<div data-magic=\"{&quot;mds&quot;:{&quot;assetsVersion&quot;:&quot;0.0.14&quot;,&quot;assetsPackageName&quot;:&quot;icbumod&quot;,&quot;moduleNameAlias&quot;:&quot;icbu-pc-detailSellerRecommend&quot;,&quot;moduleData&quot;:{&quot;config&quot;:{&quot;columnCount&quot;:4,&quot;titleKey&quot;:6,&quot;products&quot;:[1600976721206,1600957671608,1601028556286,1601027500964,1601021531951,1601003053310,1601018349407,1600993516735,1600992119394,1600981759232,1600957631999,1601054382579]}}},&quot;version&quot;:1}\">\n    &nbsp;\n  <\/div><\/div>\n<div module-id=\"38646757247\" module-title=\"detailProductNavigation\" render=\"true\">\n<div data-section=\"AliMagic-2vso9k\" data-section-title=\"Specification\" id=\"tl_1\">\n   Sp\u00e9cification\n  <\/div><\/div>\n<div module-id=\"38646757248\" module-title=\"detailTableHorizontal\" render=\"true\">\n<div>\n<table class=\"has-title all magic-2\">\n<tbody>\n<tr>\n<td colspan=\"1\" rowspan=\"1\">\n<div id=\"tl_2\">\n        Article\n       <\/div>\n<\/td>\n<td colspan=\"1\" rowspan=\"1\">\n<div id=\"tl_3\">\n        Valeur\n       <\/div>\n<\/td>\n<\/tr>\n<tr>\n<td colspan=\"1\" rowspan=\"1\">\n<div id=\"tl_4\">\n        Service apr&egrave;s-vente fourni\n       <\/div>\n<\/td>\n<td colspan=\"1\" rowspan=\"1\">\n<div id=\"tl_5\">\n        Pi&egrave;ces de rechange gratuites, retour et remplacement\n       <\/div>\n<\/td>\n<\/tr>\n<tr>\n<td colspan=\"1\" rowspan=\"1\">\n<div id=\"tl_6\">\n        Garantie\n       <\/div>\n<\/td>\n<td colspan=\"1\" rowspan=\"1\">\n<div id=\"tl_7\">\n        1 ann&eacute;e\n       <\/div>\n<\/td>\n<\/tr>\n<tr>\n<td colspan=\"1\" rowspan=\"1\">\n<div id=\"tl_8\">\n        Cote d&#8217;efficacit&eacute; &eacute;nerg&eacute;tique\n       <\/div>\n<\/td>\n<td colspan=\"1\" rowspan=\"1\">\n<div id=\"tl_9\">\n        Grade 1\n       <\/div>\n<\/td>\n<\/tr>\n<tr>\n<td colspan=\"1\" rowspan=\"1\">\n<div id=\"tl_10\">\n        Application\n       <\/div>\n<\/td>\n<td colspan=\"1\" rowspan=\"1\">\n<div id=\"tl_11\">\n        H&ocirc;tel, m&eacute;nage\n       <\/div>\n<\/td>\n<\/tr>\n<tr>\n<td colspan=\"1\" rowspan=\"1\">\n<div id=\"tl_12\">\n        Source d'alimentation\n       <\/div>\n<\/td>\n<td colspan=\"1\" rowspan=\"1\">\n<div id=\"tl_13\">\n        &Eacute;lectrique\n       <\/div>\n<\/td>\n<\/tr>\n<tr>\n<td colspan=\"1\" rowspan=\"1\">\n<div id=\"tl_14\">\n        Type de r&eacute;frig&eacute;ration\n       <\/div>\n<\/td>\n<td colspan=\"1\" rowspan=\"1\">\n<div id=\"tl_15\">\n        Refroidissement par air\n       <\/div>\n<\/td>\n<\/tr>\n<tr>\n<td colspan=\"1\" rowspan=\"1\">\n<div id=\"tl_16\">\n        App-contr&ocirc;l&eacute;e\n       <\/div>\n<\/td>\n<td colspan=\"1\" rowspan=\"1\">\n<div id=\"tl_17\">\n        NON\n       <\/div>\n<\/td>\n<\/tr>\n<tr>\n<td colspan=\"1\" rowspan=\"1\">\n<div id=\"tl_18\">\n        Moule priv&eacute;\n       <\/div>\n<\/td>\n<td colspan=\"1\" rowspan=\"1\">\n<div id=\"tl_19\">\n        NON\n       <\/div>\n<\/td>\n<\/tr>\n<tr>\n<td colspan=\"1\" rowspan=\"1\">\n<div id=\"tl_20\">\n        Condition\n       <\/div>\n<\/td>\n<td colspan=\"1\" rowspan=\"1\">\n<div id=\"tl_21\">\n        Nouveau\n       <\/div>\n<\/td>\n<\/tr>\n<tr>\n<td colspan=\"1\" rowspan=\"1\">\n<div id=\"tl_22\">\n        Nom de marque\n       <\/div>\n<\/td>\n<td colspan=\"1\" rowspan=\"1\">\n<div id=\"tl_23\">\n        ODM\/OEM\n       <\/div>\n<\/td>\n<\/tr>\n<tr>\n<td colspan=\"1\" rowspan=\"1\">\n<div id=\"tl_24\">\n        Lieu d'origine\n       <\/div>\n<\/td>\n<td colspan=\"1\" rowspan=\"1\">\n<div id=\"tl_25\">\n        Chine\n       <\/div>\n<\/td>\n<\/tr>\n<tr>\n<td colspan=\"1\" rowspan=\"1\">\n<div>\n         &nbsp;\n       <\/div>\n<\/td>\n<td colspan=\"1\" rowspan=\"1\">\n<div id=\"tl_26\">\n        Guangdong\n       <\/div>\n<\/td>\n<\/tr>\n<tr>\n<td colspan=\"1\" rowspan=\"1\">\n<div id=\"tl_27\">\n        Type\n       <\/div>\n<\/td>\n<td colspan=\"1\" rowspan=\"1\">\n<div id=\"tl_28\">\n        Porte fran&ccedil;aise\n       <\/div>\n<\/td>\n<\/tr>\n<tr>\n<td colspan=\"1\" rowspan=\"1\">\n<div id=\"tl_29\">\n        Caract&eacute;ristique\n       <\/div>\n<\/td>\n<td colspan=\"1\" rowspan=\"1\">\n<div id=\"tl_30\">\n        THERMO&Eacute;LECTRIQUE\n       <\/div>\n<\/td>\n<\/tr>\n<tr>\n<td colspan=\"1\" rowspan=\"1\">\n<div id=\"tl_31\">\n        Type de d&eacute;givrage\n       <\/div>\n<\/td>\n<td colspan=\"1\" rowspan=\"1\">\n<div id=\"tl_32\">\n        Sans gel\n       <\/div>\n<\/td>\n<\/tr>\n<tr>\n<td colspan=\"1\" rowspan=\"1\">\n<div id=\"tl_33\">\n        Installation\n       <\/div>\n<\/td>\n<td colspan=\"1\" rowspan=\"1\">\n<div id=\"tl_34\">\n        PORTABLE\n       <\/div>\n<\/td>\n<\/tr>\n<tr>\n<td colspan=\"1\" rowspan=\"1\">\n<div id=\"tl_35\">\n        Mat\u00e9riel\n       <\/div>\n<\/td>\n<td colspan=\"1\" rowspan=\"1\">\n<div id=\"tl_36\">\n        Acier inoxydable\n       <\/div>\n<\/td>\n<\/tr>\n<tr>\n<td colspan=\"1\" rowspan=\"1\">\n<div id=\"tl_37\">\n        Capacit&eacute; du r&eacute;frig&eacute;rateur\n       <\/div>\n<\/td>\n<td colspan=\"1\" rowspan=\"1\">\n<div>\n         80-100\n       <\/div>\n<\/td>\n<\/tr>\n<tr>\n<td colspan=\"1\" rowspan=\"1\">\n<div id=\"tl_38\">\n        Capacit&eacute; du cong&eacute;lateur\n       <\/div>\n<\/td>\n<td colspan=\"1\" rowspan=\"1\">\n<div>\n         80-100\n       <\/div>\n<\/td>\n<\/tr>\n<tr>\n<td colspan=\"1\" rowspan=\"1\">\n<div id=\"tl_39\">\n        Tension (V)\n       <\/div>\n<\/td>\n<td colspan=\"1\" rowspan=\"1\">\n<div>\n         220\n       <\/div>\n<\/td>\n<\/tr>\n<tr>\n<td colspan=\"1\" rowspan=\"1\">\n<div id=\"tl_40\">\n        Dimensions (L x l x H (pouces)\n       <\/div>\n<\/td>\n<td colspan=\"1\" rowspan=\"1\">\n<div>\n         840*100*1830\n       <\/div>\n<\/td>\n<\/tr>\n<tr>\n<td colspan=\"1\" rowspan=\"1\">\n<div id=\"tl_41\">\n        Structure de porte\n       <\/div>\n<\/td>\n<td colspan=\"1\" rowspan=\"1\">\n<div id=\"tl_42\">\n        Type double porte fendue\n       <\/div>\n<\/td>\n<\/tr>\n<tr>\n<td colspan=\"1\" rowspan=\"1\">\n<div id=\"tl_43\">\n        Mode d&#8217;affichage\n       <\/div>\n<\/td>\n<td colspan=\"1\" rowspan=\"1\">\n<div id=\"tl_44\">\n        Affichage LED\n       <\/div>\n<\/td>\n<\/tr>\n<tr>\n<td colspan=\"1\" rowspan=\"1\">\n<div id=\"tl_45\">\n        Volume maximum\n       <\/div>\n<\/td>\n<td colspan=\"1\" rowspan=\"1\">\n<div id=\"tl_46\">\n        301L(inclus)-500L(inclus)\n       <\/div>\n<\/td>\n<\/tr>\n<tr>\n<td colspan=\"1\" rowspan=\"1\">\n<div id=\"tl_47\">\n        Taille d'emballage\n       <\/div>\n<\/td>\n<td colspan=\"1\" rowspan=\"1\">\n<div>\n         870 * 750 * 1925\n       <\/div>\n<\/td>\n<\/tr>\n<tr>\n<td colspan=\"1\" rowspan=\"1\">\n<div id=\"tl_48\">\n        Poids du produit (kg)\n       <\/div>\n<\/td>\n<td colspan=\"1\" rowspan=\"1\">\n<div>\n         90\n       <\/div>\n<\/td>\n<\/tr>\n<tr>\n<td colspan=\"1\" rowspan=\"1\">\n<div id=\"tl_49\">\n        Tension\/fr&eacute;quence\n       <\/div>\n<\/td>\n<td colspan=\"1\" rowspan=\"1\">\n<div>\n         50\n       <\/div>\n<\/td>\n<\/tr>\n<tr>\n<td colspan=\"1\" rowspan=\"1\">\n<div id=\"tl_50\">\n        Type de panneau\n       <\/div>\n<\/td>\n<td colspan=\"1\" rowspan=\"1\">\n<div id=\"tl_51\">\n        Panneau de stratification VCM\n       <\/div>\n<\/td>\n<\/tr>\n<tr>\n<td colspan=\"1\" rowspan=\"1\">\n<div id=\"tl_52\">\n        Altitude\n       <\/div>\n<\/td>\n<td colspan=\"1\" rowspan=\"1\">\n<div id=\"tl_53\">\n        1.8-1.9 m&egrave;tres\n       <\/div>\n<\/td>\n<\/tr>\n<\/tbody>\n<\/table><\/div><\/div>\n<div module-id=\"38646757253\" module-title=\"detailProductNavigation\" render=\"true\">\n<div data-section=\"AliMagic-vxx66f\" data-section-title=\"Product Description\" id=\"tl_54\">\n   Description du produit\n  <\/div><\/div>\n<div module-id=\"38646757254\" module-title=\"detailManyImage\" render=\"true\">\n<div>\n<div>\n    <img decoding=\"async\" class=\"magic-19\" referrerpolicy=\"no-referrer\" src=\"https:\/\/ae01.alicdn.com\/kf\/Sa113736e37c24a1490708ce82a4957ebT.jpg?width=1920&amp;height=1920&amp;hash=3840\" \/>\n   <\/div>\n<div>\n    <img decoding=\"async\" class=\"magic-21\" referrerpolicy=\"no-referrer\" src=\"https:\/\/ae01.alicdn.com\/kf\/S092f8debf9e84bf7b0efef81abb782fcJ.jpg?width=1280&amp;height=1707&amp;hash=2987\" \/>\n   <\/div>\n<div>\n    <img decoding=\"async\" class=\"magic-23\" referrerpolicy=\"no-referrer\" src=\"https:\/\/ae01.alicdn.com\/kf\/Sfeadbaa29c28408ca6ee198f1ad485e7m.jpg?width=1080&amp;height=1440&amp;hash=2520\" \/>\n   <\/div>\n<div>\n    <img decoding=\"async\" class=\"magic-19\" referrerpolicy=\"no-referrer\" src=\"https:\/\/ae01.alicdn.com\/kf\/Sa2766764850e42658f2744b517ae33c5B.jpg?width=1276&amp;height=1276&amp;hash=2552\" \/>\n   <\/div>\n<div>\n    <img decoding=\"async\" class=\"magic-19\" referrerpolicy=\"no-referrer\" src=\"https:\/\/ae01.alicdn.com\/kf\/S4c6fc9d6450d406d9054e72050a42a3br.jpg?width=1920&amp;height=1920&amp;hash=3840\" \/>\n   <\/div>\n<div>\n    <img decoding=\"async\" class=\"magic-19\" referrerpolicy=\"no-referrer\" src=\"https:\/\/ae01.alicdn.com\/kf\/S62caa3fc22d542d8a2d2f1854561560e9.jpg?width=1276&amp;height=1276&amp;hash=2552\" \/>\n   <\/div><\/div><\/div>\n<\/div>\n<\/div>\n<\/div>","protected":false},"excerpt":{"rendered":"<p>Chimique Hign-concern\u00e9:&nbsp;Aucun Source d&#039;\u00e9nergie:&nbsp;AC Hauteur:&nbsp;\u2264 89 cm Largeur:&nbsp;\u2264 60 cm Nombre De Portes:&nbsp;Porte simple Classement de Consommation D&#039;\u00e9nergie:&nbsp;Aucun Style:&nbsp;R\u00e9frig\u00e9rateur de<\/p>","protected":false},"featured_media":12549,"comment_status":"open","ping_status":"closed","template":"","meta":[],"product_brand":[],"product_cat":[20,29,28],"product_tag":[],"class_list":{"0":"post-12548","1":"product","2":"type-product","3":"status-publish","4":"has-post-thumbnail","6":"product_cat-appliances","7":"product_cat-fridges-refrigeration-appliances","8":"product_cat-refrigeration-appliances","10":"first","11":"instock","12":"shipping-taxable","13":"purchasable","14":"product-type-variable"},"jetpack_sharing_enabled":true,"_links":{"self":[{"href":"https:\/\/afrycom.com\/fr\/wp-json\/wp\/v2\/product\/12548","targetHints":{"allow":["GET"]}}],"collection":[{"href":"https:\/\/afrycom.com\/fr\/wp-json\/wp\/v2\/product"}],"about":[{"href":"https:\/\/afrycom.com\/fr\/wp-json\/wp\/v2\/types\/product"}],"replies":[{"embeddable":true,"href":"https:\/\/afrycom.com\/fr\/wp-json\/wp\/v2\/comments?post=12548"}],"wp:featuredmedia":[{"embeddable":true,"href":"https:\/\/afrycom.com\/fr\/wp-json\/wp\/v2\/media\/12549"}],"wp:attachment":[{"href":"https:\/\/afrycom.com\/fr\/wp-json\/wp\/v2\/media?parent=12548"}],"wp:term":[{"taxonomy":"product_brand","embeddable":true,"href":"https:\/\/afrycom.com\/fr\/wp-json\/wp\/v2\/product_brand?post=12548"},{"taxonomy":"product_cat","embeddable":true,"href":"https:\/\/afrycom.com\/fr\/wp-json\/wp\/v2\/product_cat?post=12548"},{"taxonomy":"product_tag","embeddable":true,"href":"https:\/\/afrycom.com\/fr\/wp-json\/wp\/v2\/product_tag?post=12548"}],"curies":[{"name":"wp","href":"https:\/\/api.w.org\/{rel}","templated":true}]}}