{"id":12539,"date":"2025-03-20T16:12:41","date_gmt":"2025-03-20T16:12:41","guid":{"rendered":"https:\/\/afrycom.com\/product\/incubateur-de-rutin-domestique-incubateur-doeufs-petit-type-domestique-colombe-entierement-automatique-diverses-oeufs-encubadora-huevos\/"},"modified":"2025-03-20T16:12:45","modified_gmt":"2025-03-20T16:12:45","slug":"incubateur-de-rutin-domestique-incubateur-doeufs-petit-type-domestique-colombe-entierement-automatique-diverses-oeufs-encubadora-huevos","status":"publish","type":"product","link":"https:\/\/afrycom.com\/fr\/produit\/incubateur-de-rutin-domestique-incubateur-doeufs-petit-type-domestique-colombe-entierement-automatique-diverses-oeufs-encubadora-huevos\/","title":{"rendered":"Incubateur de Rutin domestique, incubateur d'\u0153ufs, petit Type domestique, colombe enti\u00e8rement automatique, divers \u0153ufs, Encubadora Huevos"},"content":{"rendered":"<div class=\"product-specs-list-container\">\n<ul class=\"product-specs-list util-clearfix\">\n<li class=\"product-prop line-limit-length\"><span\n                                        class=\"property-title\">Chimique Hign-concern\u00e9 :&nbsp;<\/span><span\n                                        class=\"property-desc line-limit-length\">Aucun<\/span>\n                            <\/li>\n<li class=\"product-prop line-limit-length\"><span\n                                        class=\"property-title\">Num\u00e9ro de Mod\u00e8le :&nbsp;<\/span><span\n                                        class=\"property-desc line-limit-length\">YB00<\/span>\n                            <\/li>\n<li class=\"product-prop line-limit-length\"><span\n                                        class=\"property-title\">Type d'animaux de ferme :&nbsp;<\/span><span\n                                        class=\"property-desc line-limit-length\">Poulet<\/span>\n                            <\/li>\n<li class=\"product-prop line-limit-length\"><span\n                                        class=\"property-title\">Mat\u00e9riau :&nbsp;<\/span><span\n                                        class=\"property-desc line-limit-length\">plastique<\/span>\n                            <\/li>\n<li class=\"product-prop line-limit-length\"><span\n                                        class=\"property-title\">Nom de marque :&nbsp;<\/span><span\n                                        class=\"property-desc line-limit-length\">XMSJ<\/span>\n                            <\/li>\n<li class=\"product-prop line-limit-length\"><span\n                                        class=\"property-title\">Origine :&nbsp;<\/span><span\n                                        class=\"property-desc line-limit-length\">CN (Origine)<\/span>\n                            <\/li>\n<li class=\"product-prop line-limit-length\"><span\n                                        class=\"property-title\">Type :&nbsp;<\/span><span\n                                        class=\"property-desc line-limit-length\">Animaux de ferme<\/span>\n                            <\/li>\n<li class=\"product-prop line-limit-length\"><span\n                                        class=\"property-title\">item number:&nbsp;<\/span><span\n                                        class=\"property-desc line-limit-length\">YB00<\/span>\n                            <\/li>\n<li class=\"product-prop line-limit-length\"><span\n                                        class=\"property-title\">after-sales services:&nbsp;<\/span><span\n                                        class=\"property-desc line-limit-length\">180 days<\/span>\n                            <\/li>\n<li class=\"product-prop line-limit-length\"><span\n                                        class=\"property-title\">Packaging Instructions:&nbsp;<\/span><span\n                                        class=\"property-desc line-limit-length\">carton<\/span>\n                            <\/li>\n<li class=\"product-prop line-limit-length\"><span\n                                        class=\"property-title\">Applicable object:&nbsp;<\/span><span\n                                        class=\"property-desc line-limit-length\">chicken<\/span>\n                            <\/li>\n<li class=\"product-prop line-limit-length\"><span\n                                        class=\"property-title\">field of application:&nbsp;<\/span><span\n                                        class=\"property-desc line-limit-length\">Animal husbandry, aquaculture<\/span>\n                            <\/li>\n<\/ul><\/div>\n<div class=\"detailmodule_html\">\n<div class=\"detail-desc-decorate-richtext\">\n<div class=\"detailmodule_html\">\n<div class=\"detail-desc-decorate-richtext\">\n<div id=\"offer-template-0\">\n   &nbsp;\n  <\/div>\n<p>&nbsp;&nbsp;<span style=\"font-size:22px;\" id=\"tl_1\">La double alimentation est une &eacute;lectricit&eacute; domestique de 220 V et une batterie de 12 V, deux ensembles d&#8217;alimentation (il est recommand&eacute; d&#8217;acheter une double alimentation dans des zones pr&eacute;sentant des pannes de courant fr&eacute;quentes, la batterie doit &ecirc;tre apport&eacute;e par vous-m&ecirc;me et la batterie doit &ecirc;tre sup&eacute;rieure &agrave; 12 V 50 A &middot; h). Habituellement connect&eacute; &agrave; une alimentation 220 V, une batterie 12 V peut &ecirc;tre connect&eacute;e comme d&#8217;habitude en cas de panne de courant pour incubation (les nouveaux mod&egrave;les peuvent &ecirc;tre directement connect&eacute;s aux batteries sans conversion de l&#8217;onduleur)<\/span><br class=\"img-brk\" \/> <img decoding=\"async\" data-sign=\"0\" referrerpolicy=\"no-referrer\" src=\"https:\/\/ae01.alicdn.com\/kf\/S510371120bef40d2afaac8c117668ab21.jpg\" \/><img decoding=\"async\" data-sign=\"1\" referrerpolicy=\"no-referrer\" src=\"https:\/\/ae01.alicdn.com\/kf\/Sd45dbfb46f9240f4b0bc8f240eee729aC.jpg\" \/><img decoding=\"async\" data-sign=\"2\" referrerpolicy=\"no-referrer\" src=\"https:\/\/ae01.alicdn.com\/kf\/S4cc9bf3e111f49249e14b645ad96d195t.jpg\" \/><img decoding=\"async\" data-sign=\"3\" referrerpolicy=\"no-referrer\" src=\"https:\/\/ae01.alicdn.com\/kf\/Sea919f727a0c4752a520b00d557bc712o.jpg\" \/><img decoding=\"async\" data-sign=\"4\" referrerpolicy=\"no-referrer\" src=\"https:\/\/ae01.alicdn.com\/kf\/S763e48ef8ad4463d995b35dc0ef57ac09.jpg?width=790&amp;height=994&amp;hash=1784\" \/><img decoding=\"async\" data-sign=\"5\" referrerpolicy=\"no-referrer\" src=\"https:\/\/ae01.alicdn.com\/kf\/S633ff1f6469b410294da7c037de0630ct.jpg\" \/><img decoding=\"async\" data-sign=\"6\" referrerpolicy=\"no-referrer\" src=\"https:\/\/ae01.alicdn.com\/kf\/S8bf8b6083d0d498693fb29ebcfc1590b9.jpg?width=790&amp;height=1222&amp;hash=2012\" \/><img decoding=\"async\" data-sign=\"7\" referrerpolicy=\"no-referrer\" src=\"https:\/\/ae01.alicdn.com\/kf\/S8c9d9d3fdf2942459669e637b1f74597L.jpg?width=750&amp;height=750&amp;hash=1500\" \/><img decoding=\"async\" data-sign=\"8\" referrerpolicy=\"no-referrer\" src=\"https:\/\/ae01.alicdn.com\/kf\/S78bb0f8ce24f45b3ab56e64ab6330cb76.jpg?width=750&amp;height=750&amp;hash=1500\" \/><img decoding=\"async\" data-sign=\"9\" referrerpolicy=\"no-referrer\" src=\"https:\/\/ae01.alicdn.com\/kf\/Sf5af1b936bce4bf1a412c3b13e5711f1n.jpg?width=750&amp;height=750&amp;hash=1500\" \/><img decoding=\"async\" data-sign=\"10\" referrerpolicy=\"no-referrer\" src=\"https:\/\/ae01.alicdn.com\/kf\/Se2fe652fe20048eda35197a13fbe4afam.jpg?width=750&amp;height=750&amp;hash=1500\" \/><br class=\"img-brk\" \/> <br class=\"img-brk\" \/> <br class=\"img-brk\" \/> <br class=\"img-brk\" \/> <br class=\"img-brk\" \/> <br class=\"img-brk\" \/> <br class=\"img-brk\" \/> <br class=\"img-brk\" \/> <br class=\"img-brk\" \/> <br class=\"img-brk\" \/> <br class=\"img-brk\" \/> <br class=\"img-brk\" \/> <br class=\"img-brk\" \/> <br class=\"img-brk\" \/> <br class=\"img-brk\" \/> <br class=\"img-brk\" \/> <br class=\"img-brk\" \/> <br class=\"img-brk\" \/> &nbsp;<\/p>\n<\/p><\/div>\n<\/div>\n<\/div>\n<\/div>","protected":false},"excerpt":{"rendered":"<p>Chimique Hign-concern\u00e9:&nbsp;Aucun Num\u00e9ro de Mod\u00e8le:&nbsp;YB00 Type d\u2019animaux de ferme:&nbsp;Poulet Mat\u00e9riau:&nbsp;plastique Nom de marque:&nbsp;XMSJ Origine:&nbsp;CN (Origine) Type:&nbsp;Animaux de ferme item number:&nbsp;YB00<\/p>","protected":false},"featured_media":12540,"comment_status":"open","ping_status":"closed","template":"","meta":[],"product_brand":[],"product_cat":[15],"product_tag":[],"class_list":{"0":"post-12539","1":"product","2":"type-product","3":"status-publish","4":"has-post-thumbnail","6":"product_cat-uncategorized","8":"first","9":"instock","10":"shipping-taxable","11":"purchasable","12":"product-type-variable"},"jetpack_sharing_enabled":true,"_links":{"self":[{"href":"https:\/\/afrycom.com\/fr\/wp-json\/wp\/v2\/product\/12539","targetHints":{"allow":["GET"]}}],"collection":[{"href":"https:\/\/afrycom.com\/fr\/wp-json\/wp\/v2\/product"}],"about":[{"href":"https:\/\/afrycom.com\/fr\/wp-json\/wp\/v2\/types\/product"}],"replies":[{"embeddable":true,"href":"https:\/\/afrycom.com\/fr\/wp-json\/wp\/v2\/comments?post=12539"}],"wp:featuredmedia":[{"embeddable":true,"href":"https:\/\/afrycom.com\/fr\/wp-json\/wp\/v2\/media\/12540"}],"wp:attachment":[{"href":"https:\/\/afrycom.com\/fr\/wp-json\/wp\/v2\/media?parent=12539"}],"wp:term":[{"taxonomy":"product_brand","embeddable":true,"href":"https:\/\/afrycom.com\/fr\/wp-json\/wp\/v2\/product_brand?post=12539"},{"taxonomy":"product_cat","embeddable":true,"href":"https:\/\/afrycom.com\/fr\/wp-json\/wp\/v2\/product_cat?post=12539"},{"taxonomy":"product_tag","embeddable":true,"href":"https:\/\/afrycom.com\/fr\/wp-json\/wp\/v2\/product_tag?post=12539"}],"curies":[{"name":"wp","href":"https:\/\/api.w.org\/{rel}","templated":true}]}}