{"id":12526,"date":"2025-03-20T16:12:35","date_gmt":"2025-03-20T16:12:35","guid":{"rendered":"https:\/\/afrycom.com\/product\/incubateur-doeufs-10-12-entierement-automatique-couveuse-a-couver-ferme-doiseaux-caille-poulet-volaille-ferme-couveuse-retourneur\/"},"modified":"2025-03-20T16:12:41","modified_gmt":"2025-03-20T16:12:41","slug":"incubateur-doeufs-10-12-entierement-automatique-couveuse-a-couver-ferme-doiseaux-caille-poulet-volaille-ferme-couveuse-retourneur","status":"publish","type":"product","link":"https:\/\/afrycom.com\/fr\/produit\/incubateur-doeufs-10-12-entierement-automatique-couveuse-a-couver-ferme-doiseaux-caille-poulet-volaille-ferme-couveuse-retourneur\/","title":{"rendered":"Incubateur d'\u0153ufs 10 \/12 enti\u00e8rement automatique, couveuse \u00e0 couver, ferme d'oiseaux, caille, poulet, volaille, ferme, couveuse, retourneur"},"content":{"rendered":"<div class=\"product-specs-list-container\">\n<ul class=\"product-specs-list util-clearfix\">\n<li class=\"product-prop line-limit-length\"><span\n                                        class=\"property-title\">Chimique Hign-concern\u00e9 :&nbsp;<\/span><span\n                                        class=\"property-desc line-limit-length\">Aucun<\/span>\n                            <\/li>\n<li class=\"product-prop line-limit-length\"><span\n                                        class=\"property-title\">Mat\u00e9riau :&nbsp;<\/span><span\n                                        class=\"property-desc line-limit-length\">plastique<\/span>\n                            <\/li>\n<li class=\"product-prop line-limit-length\"><span\n                                        class=\"property-title\">Nom de marque :&nbsp;<\/span><span\n                                        class=\"property-desc line-limit-length\">Dreamburgh<\/span>\n                            <\/li>\n<li class=\"product-prop line-limit-length\"><span\n                                        class=\"property-title\">Origine :&nbsp;<\/span><span\n                                        class=\"property-desc line-limit-length\">CN (Origine)<\/span>\n                            <\/li>\n<li class=\"product-prop line-limit-length\"><span\n                                        class=\"property-title\">Type :&nbsp;<\/span><span\n                                        class=\"property-desc line-limit-length\">Animaux de ferme<\/span>\n                            <\/li>\n<\/ul><\/div>\n<div class=\"detailmodule_html\">\n<div class=\"detail-desc-decorate-richtext\">\n<div class=\"detailmodule_html\">\n<div class=\"detail-desc-decorate-richtext\">\n<div>\n   <span style=\"font-size:16px\" id=\"tl_1\">10\/12 \u0153ufs enti&egrave;rement automatique intelligent double incubateur &eacute;lectrique mini m&eacute;nage poulet canard oie pigeon paon perroquet incubateur incubateur \u0153ufs <\/p>\n<p>Caract&eacute;ristiques : <\/p>\n<p>* Retournement automatique des \u0153ufs : retournement automatique des \u0153ufs sur 2 heures, chauff&eacute; uniform&eacute;ment, afin d&#8217;&eacute;viter le retournement manuel des \u0153ufs. <\/p>\n<p>* Affichage de l&#8217;&eacute;cran couleur : am&eacute;liorez l&#8217;affichage de l&#8217;&eacute;cran couleur agrandi pour voir plus clairement, la machine est enti&egrave;rement automatique et contr&ocirc;le de la temp&eacute;rature et elle peut &ecirc;tre incub&eacute;e sans op&eacute;ration fr&eacute;quente. <\/p>\n<p>* R&eacute;approvisionnement automatique en eau : en utilisant le principe de l&#8217;alimentation automatique de l&#8217;eau, tant qu&#8217;il y a de l&#8217;eau dans la bouteille, il n&#8217;y a aucune crainte de manque d&#8217;eau dans la machine, et les exigences de changement d&#8217;humidit&eacute; des diff&eacute;rents cycles d&#8217;incubation peuvent &ecirc;tre r&eacute;alis&eacute;es en ajustant le nombre de bouteilles d&#8217;eau. <\/p>\n<p>* Espacement r&eacute;glable : le plateau &agrave; \u0153ufs r&eacute;glable peut &ecirc;tre am&eacute;lior&eacute; et l&#8217;espacement peut &ecirc;tre ajust&eacute; en fonction de la taille des \u0153ufs, de sorte qu&#8217;il n&#8217;y aura pas de fuite d&#8217;\u0153ufs en raison d&#8217;un espacement trop important et du ph&eacute;nom&egrave;ne de pincement des \u0153ufs. <\/p>\n<p>* Conception &agrave; double alimentation : utilisez des appareils &eacute;lectrom&eacute;nagers 220 V &agrave; des heures ordinaires et connectez des batteries 12 V &agrave; utiliser lorsque l&#8217;alimentation est coup&eacute;e.(Au-dessus de 50AH, vous devez apporter votre propre batterie) <\/p>\n<p>* Apportez vos propres photos d&#8217;\u0153ufs : vous pouvez clairement comprendre la situation d&#8217;&eacute;closion des \u0153ufs et &eacute;liminer les \u0153ufs morts et mauvais &agrave; temps. <\/p>\n<p>* Ch&acirc;ssis amovible : apr&egrave;s tout un cycle d&#8217;incubation, il y aura des eaux us&eacute;es, des fragments de coquilles d&#8217;\u0153uf et m&ecirc;me des excrements &agrave; l&#8217;int&eacute;rieur de la machine, et le ch&acirc;ssis est amovible pour un nettoyage facile. <\/p>\n<p>Sp&eacute;cification : <\/p>\n<p>Nom : incubateur double &eacute;lectrique intelligent enti&egrave;rement automatique. <\/p>\n<p>Mat&eacute;riel: ABS <\/p>\n<p>Tension : 220 V\/110 V. <\/p>\n<p>Fr&eacute;quence : 50 Hz\/60 Hz <\/p>\n<p>Capacit&eacute; : peut stocker 10 \u0153ufs, 6 \u0153ufs de canard, 5 \u0153ufs d&#8217;oie, 15 \u0153ufs de pigeon, 25 \u0153ufs de caille <\/p>\n<p>Taille: 28*25,5*17,5 cm <\/p>\n<p>Couleur : Blanc <\/p>\n<p>Emballage inclus : <\/p>\n<p>1 * double incubateur &eacute;lectrique intelligent enti&egrave;rement automatique <\/p>\n<p>2 * distributeur d&#8217;eau (sans bouteille d&#8217;eau) <\/p>\n<p>1 * manuel en anglais <\/p>\n<p>Remarque : <\/p>\n<p>1.Veuillez permettre une diff&eacute;rence de 1 &agrave; 3 cm (0,4-1,18&quot;) en raison de la mesure manuelle et d&#8217;une l&eacute;g&egrave;re variation de couleur pour diff&eacute;rents param&egrave;tres d&#8217;affichage. <\/p>\n<p>2. En raison de la diff&eacute;rence de lumi&egrave;re et d&#8217;&eacute;cran, la couleur de l&#8217;article peut &ecirc;tre l&eacute;g&egrave;rement diff&eacute;rente de celle des images. Veuillez comprendre.<\/span>\n  <\/div>\n<p style=\"text-align:left;margin:0px;margin-bottom:0px;margin-top:0px;margin-left:0px;margin-right:0px\" align=\"left\"><img decoding=\"async\" src=\"https:\/\/ae01.alicdn.com\/kf\/Sec07e39bfd42451282794d1688a5554ck.jpg?width=800&amp;height=800&amp;hash=1600\" slate-data-type=\"image\" \/><img decoding=\"async\" src=\"https:\/\/ae01.alicdn.com\/kf\/Sa369a4343cd34d4d9053b17caa234a789.jpg?width=800&amp;height=800&amp;hash=1600\" slate-data-type=\"image\" \/><img decoding=\"async\" src=\"https:\/\/ae01.alicdn.com\/kf\/Saafbbe8746584c4aa0479703daab93bco.jpg?width=800&amp;height=800&amp;hash=1600\" slate-data-type=\"image\" \/><img decoding=\"async\" src=\"https:\/\/ae01.alicdn.com\/kf\/S777de05091de45b6b1d73b8b60dde0d8f.jpg?width=800&amp;height=800&amp;hash=1600\" slate-data-type=\"image\" \/><img decoding=\"async\" src=\"https:\/\/ae01.alicdn.com\/kf\/S149786a293fd42bbaefcd4c91bd468be6.jpg?width=800&amp;height=800&amp;hash=1600\" slate-data-type=\"image\" \/><img decoding=\"async\" src=\"https:\/\/ae01.alicdn.com\/kf\/S4b4b8163c34e4abf92617402b4d91627Q.jpg?width=800&amp;height=800&amp;hash=1600\" slate-data-type=\"image\" \/><img decoding=\"async\" src=\"https:\/\/ae01.alicdn.com\/kf\/Sf93de28ea3064b8fb75f668953c88d4b7.jpg?width=800&amp;height=800&amp;hash=1600\" slate-data-type=\"image\" \/><img decoding=\"async\" src=\"https:\/\/ae01.alicdn.com\/kf\/Sd2470f2f44d049f18f31e327a3b5628aL.jpg?width=800&amp;height=800&amp;hash=1600\" slate-data-type=\"image\" \/><img decoding=\"async\" src=\"https:\/\/ae01.alicdn.com\/kf\/S8f16344a902e481ba4ab29f00f3c2811m.jpg?width=800&amp;height=800&amp;hash=1600\" slate-data-type=\"image\" \/><br \/><img decoding=\"async\" src=\"https:\/\/ae01.alicdn.com\/kf\/He1d262ce92ec469a897f445d7dc48283N.jpg?width=800&amp;height=562&amp;hash=1362\" slate-data-type=\"image\" \/><img decoding=\"async\" src=\"https:\/\/ae01.alicdn.com\/kf\/H8bb6152abc034fd6b2ce362adc818e7aJ.jpg?width=800&amp;height=545&amp;hash=1345\" slate-data-type=\"image\" \/><img decoding=\"async\" src=\"https:\/\/ae01.alicdn.com\/kf\/H88187df66173401a9c6fa4fe5f74543cP.jpg?width=800&amp;height=427&amp;hash=1227\" slate-data-type=\"image\" \/><\/p>\n<\/p><\/div>\n<\/div>\n<p><\/div>\n<\/div>","protected":false},"excerpt":{"rendered":"<p>Chimique Hign-concern\u00e9:&nbsp;Aucun Mat\u00e9riau:&nbsp;plastique Nom de marque:&nbsp;Dreamburgh Origine:&nbsp;CN (Origine) Type:&nbsp;Animaux de ferme 10\/12 \u0153ufs enti&egrave;rement automatique intelligent double incubateur &eacute;lectrique mini<\/p>","protected":false},"featured_media":12527,"comment_status":"open","ping_status":"closed","template":"","meta":[],"product_brand":[],"product_cat":[15],"product_tag":[],"class_list":{"0":"post-12526","1":"product","2":"type-product","3":"status-publish","4":"has-post-thumbnail","6":"product_cat-uncategorized","8":"first","9":"instock","10":"shipping-taxable","11":"purchasable","12":"product-type-variable"},"jetpack_sharing_enabled":true,"_links":{"self":[{"href":"https:\/\/afrycom.com\/fr\/wp-json\/wp\/v2\/product\/12526","targetHints":{"allow":["GET"]}}],"collection":[{"href":"https:\/\/afrycom.com\/fr\/wp-json\/wp\/v2\/product"}],"about":[{"href":"https:\/\/afrycom.com\/fr\/wp-json\/wp\/v2\/types\/product"}],"replies":[{"embeddable":true,"href":"https:\/\/afrycom.com\/fr\/wp-json\/wp\/v2\/comments?post=12526"}],"wp:featuredmedia":[{"embeddable":true,"href":"https:\/\/afrycom.com\/fr\/wp-json\/wp\/v2\/media\/12527"}],"wp:attachment":[{"href":"https:\/\/afrycom.com\/fr\/wp-json\/wp\/v2\/media?parent=12526"}],"wp:term":[{"taxonomy":"product_brand","embeddable":true,"href":"https:\/\/afrycom.com\/fr\/wp-json\/wp\/v2\/product_brand?post=12526"},{"taxonomy":"product_cat","embeddable":true,"href":"https:\/\/afrycom.com\/fr\/wp-json\/wp\/v2\/product_cat?post=12526"},{"taxonomy":"product_tag","embeddable":true,"href":"https:\/\/afrycom.com\/fr\/wp-json\/wp\/v2\/product_tag?post=12526"}],"curies":[{"name":"wp","href":"https:\/\/api.w.org\/{rel}","templated":true}]}}