{"id":12519,"date":"2025-03-20T16:12:25","date_gmt":"2025-03-20T16:12:25","guid":{"rendered":"https:\/\/afrycom.com\/product\/grande-incubateur-3000-5000-entierement-automatique-pour-incubateur-doeufs-pour-ferme-de-poulets-meilleure-vente\/"},"modified":"2025-03-20T16:12:28","modified_gmt":"2025-03-20T16:12:28","slug":"grande-incubateur-3000-5000-entierement-automatique-pour-incubateur-doeufs-pour-ferme-de-poulets-meilleure-vente","status":"publish","type":"product","link":"https:\/\/afrycom.com\/fr\/produit\/grande-incubateur-3000-5000-entierement-automatique-pour-incubateur-doeufs-pour-ferme-de-poulets-meilleure-vente\/","title":{"rendered":"Grande incubateur 3000\/5000, enti\u00e8rement automatique, pour incubateur d'\u0153ufs, pour ferme de poulets, meilleure vente"},"content":{"rendered":"<div class=\"product-specs-list-container\">\n<ul class=\"product-specs-list util-clearfix\">\n<li class=\"product-prop line-limit-length\"><span class=\"property-title\">Chimique Hign-concern\u00e9 :\u00a0<\/span><span class=\"property-desc line-limit-length\">Aucun<\/span><\/li>\n<li class=\"product-prop line-limit-length\"><span class=\"property-title\">Type d'animaux de ferme :\u00a0<\/span><span class=\"property-desc line-limit-length\">Poulet<\/span><\/li>\n<li class=\"product-prop line-limit-length\"><span class=\"property-title\">Mat\u00e9riau :\u00a0<\/span><span class=\"property-desc line-limit-length\">plastique<\/span><\/li>\n<li class=\"product-prop line-limit-length\"><span class=\"property-title\">Nom de marque :\u00a0<\/span><span class=\"property-desc line-limit-length\">NoEnName_Null<\/span><\/li>\n<li class=\"product-prop line-limit-length\"><span class=\"property-title\">Origine :\u00a0<\/span><span class=\"property-desc line-limit-length\">CN (Origine)<\/span><\/li>\n<li class=\"product-prop line-limit-length\"><span class=\"property-title\">Type :\u00a0<\/span><span class=\"property-desc line-limit-length\">Animaux de ferme<\/span><\/li>\n<\/ul>\n<\/div>\n<div class=\"detailmodule_html\">\n<div class=\"detail-desc-decorate-richtext\">\n<div class=\"detailmodule_html\">\n<div class=\"detail-desc-decorate-richtext\">\n<div id=\"detail_decorate_root\" data-magic-global=\"%7B%22bizId%22%3A2218851216581%2C%22pageId%22%3A21551172541%2C%22siteId%22%3A10101928111%7D\">\n<style>#detail_decorate_root .magic-0{width:750px}#detail_decorate_root .magic-1{overflow:hidden;width:750px;height:307px;margin-top:0;margin-bottom:0;margin-left:0;margin-right:0}#detail_decorate_root .magic-2{margin-top:0;margin-left:0;width:750px;height:400px}#detail_decorate_root .magic-3{overflow:hidden;width:750px;height:180px;margin-top:0;margin-bottom:0;margin-left:0;margin-right:0}#detail_decorate_root .magic-4{margin-top:-16px;margin-left:-3px;width:750px;height:203px}#detail_decorate_root .magic-5{vertical-align:top}#detail_decorate_root .magic-6{padding:0;margin:0;color:#333;font-size:14px;padding-left:4px;font-weight:bold;white-space:pre-wrap}#detail_decorate_root .magic-7{text-align:center}#detail_decorate_root .magic-8{font-size:18px}#detail_decorate_root .magic-9{vertical-align:top;display:block;padding-right:4px;box-sizing:border-box;padding-left:4px}#detail_decorate_root .magic-10{vertical-align:top;padding-bottom:4px;box-sizing:border-box;padding-top:4px}#detail_decorate_root .magic-11{padding:0;margin:0;white-space:pre-wrap;font-size:14px}#detail_decorate_root .magic-12{overflow:hidden;width:750px;height:732.8931572629051px;margin-top:0;margin-bottom:0;margin-left:0;margin-right:0}#detail_decorate_root .magic-13{margin-top:0;margin-left:0;width:750px;height:732.8931572629051px}#detail_decorate_root .magic-14{overflow:hidden;width:373px;height:279.19161676646706px;margin-top:0;margin-bottom:0;margin-left:0;margin-right:0}#detail_decorate_root .magic-15{margin-top:0;margin-left:0;width:373px;height:279.19161676646706px}#detail_decorate_root .magic-16{overflow:hidden;width:373px;height:279px;margin-top:0;margin-bottom:0;margin-left:4px;margin-right:0}#detail_decorate_root .magic-17{margin-top:0;margin-left:0;width:373px;height:331.30649038461536px}#detail_decorate_root .magic-18{width:750px;border-collapse:collapse}#detail_decorate_root .magic-19{min-height:28px;padding:5px 10px;width:196px;min-height:28px;box-sizing:content-box}#detail_decorate_root .magic-20{min-height:28px;padding:5px 10px;width:506px;min-height:28px;box-sizing:content-box}#detail_decorate_root .magic-21{font-size:16px}#detail_decorate_root .magic-22{overflow:hidden;width:750px;height:755.2155771905424px;margin-top:0;margin-bottom:0;margin-left:0;margin-right:0}#detail_decorate_root .magic-23{margin-top:0;margin-left:0;width:750px;height:755.2155771905424px}#detail_decorate_root .magic-24{overflow:hidden;width:750px;height:1000px;margin-top:0;margin-bottom:0;margin-left:0;margin-right:0}#detail_decorate_root .magic-25{margin-top:0;margin-left:0;width:750px;height:1000px}#detail_decorate_root .magic-26{overflow:hidden;width:750px;height:1480px;margin-top:0;margin-bottom:0;margin-left:0;margin-right:0}#detail_decorate_root .magic-27{margin-top:0;margin-left:0;width:750px;height:1480px}#detail_decorate_root .magic-28{overflow:hidden;width:750px;height:680px;margin-top:0;margin-bottom:0;margin-left:0;margin-right:0}#detail_decorate_root .magic-29{margin-top:0;margin-left:0;width:750px;height:680px}#detail_decorate_root .magic-30{overflow:hidden;width:750px;height:1200px;margin-top:0;margin-bottom:0;margin-left:0;margin-right:0}#detail_decorate_root .magic-31{margin-top:0;margin-left:0;width:750px;height:1200px}#detail_decorate_root .magic-32{overflow:hidden;width:750px;height:885px;margin-top:0;margin-bottom:0;margin-left:0;margin-right:0}#detail_decorate_root .magic-33{margin-top:0;margin-left:0;width:750px;height:885px}#detail_decorate_root .magic-34{overflow:hidden;width:750px;height:285px;margin-top:0;margin-bottom:0;margin-left:0;margin-right:0}#detail_decorate_root .magic-35{margin-top:0;margin-left:0;width:750px;height:285px}#detail_decorate_root .magic-36{overflow:hidden;width:750px;height:1078px;margin-top:0;margin-bottom:0;margin-left:0;margin-right:0}#detail_decorate_root .magic-37{margin-top:0;margin-left:0;width:750px;height:1110px}#detail_decorate_root .magic-38{overflow:hidden;width:750px;height:537px;margin-top:0;margin-bottom:0;margin-left:0;margin-right:0}#detail_decorate_root .magic-39{overflow:hidden;width:750px;height:160px;margin-top:0;margin-bottom:0;margin-left:0;margin-right:0}#detail_decorate_root .magic-40{margin-top:0;margin-left:0;width:750px;height:160px}<\/style>\n<div class=\"J_module\">\n<div class=\"icbu-pc-images magic-0\">\n<div>\n<div class=\"flex-layout-v\">\n<div class=\"flex-layout-h magic-0\">\n<div class=\"magic-1\"><a target=\"_blank\" rel=\"noopener\"><img decoding=\"async\" class=\"magic-2\" src=\"https:\/\/ae01.alicdn.com\/kf\/S81b03003b72747e5944c7533192f1de2a.jpg?width=750&amp;height=400&amp;hash=1150\" \/><\/a><\/div>\n<\/div>\n<\/div>\n<\/div>\n<\/div>\n<\/div>\n<div class=\"J_module\">\n<div class=\"icbu-pc-images magic-0\">\n<div>\n<div class=\"flex-layout-v\">\n<div class=\"flex-layout-h magic-0\">\n<div class=\"magic-3\"><img decoding=\"async\" class=\"magic-4\" src=\"https:\/\/ae01.alicdn.com\/kf\/S5200f7f1e40c492bbf08b9333a80f5d19.jpg?width=750&amp;height=203&amp;hash=953\" \/><\/div>\n<\/div>\n<\/div>\n<\/div>\n<\/div>\n<\/div>\n<div class=\"J_module\">\n<div class=\"detail-decorate-json-renderer-container\">\n<div class=\"magic-5\">\n<div class=\"magic-7\"><span id=\"tl_1\" class=\"magic-8\">Incubateur domestique incubateur de poulet incubateur de petite maison<\/span><\/div>\n<div class=\"magic-7\">\u00a0<\/div>\n<div class=\"magic-9\">\n<div class=\"magic-10\">\n<div class=\"magic-11\">\n<div class=\"magic-7\"><b><span id=\"tl_2\" class=\"magic-8\">Poulet, canard, oie, caille et pigeon intelligents automatiques , Pav\u00e9es, R\u00e9ptile dinde, coturnix, partouche de roche,Autruche Machine \u00e0 incubber les \u0153ufs<\/span><\/b><\/div>\n<\/div>\n<\/div>\n<\/div>\n<\/div>\n<\/div>\n<\/div>\n<div class=\"J_module\">\n<div class=\"detail-decorate-json-renderer-container\">\n<div class=\"magic-5\">\n<div class=\"magic-9\">\n<div class=\"magic-10\">\n<div class=\"magic-11\"><span id=\"tl_3\">G\u00e9n\u00e9ralement, les \u0153ufs fertilis\u00e9s 4 \u00e0 7 jours apr\u00e8s la pose sont les meilleurs, et la temp\u00e9rature la plus appropri\u00e9e pour les \u0153ufs \u00e0 court-circuiter est de 10 \u00e0 15 \u00b0C.<\/span><\/p>\n<div><span id=\"tl_4\">Au cours des trois derniers jours du cycle d'incubation, retirez le plateau \u00e0 \u0153ufs, placez les \u0153ufs \u00e0 plat sur le filet d'\u00e9closion, r\u00e9glez la temp\u00e9rature \u00e0 37,6\u2103, humidit\u00e9 sup\u00e9rieure \u00e0 75, et vaporisez de l'eau ti\u00e8de sur la surface de la coquille d'\u0153uf 3 \u00e0 4 fois par jour, en attendant que les poussins brochent la coquille.<\/span><\/div>\n<div><span id=\"tl_5\">Une fois la coque sort\u00e9e, restez dans la machine jusqu'\u00e0 ce que les cheveux soient secs.Une fois les cheveux secs, sortez-les de la machine et mettez-les dans une bo\u00eete en carton de 100 W en vrac pour les garder au chaud.Apr\u00e8s 7 \u00e0 10 jours, il sera lentement refroidi et sur\u00e9lev\u00e9.<\/span><\/div>\n<\/div>\n<\/div>\n<\/div>\n<\/div>\n<\/div>\n<\/div>\n<div class=\"J_module\">\n<div class=\"icbu-pc-images magic-0\">\n<div class=\"flex-layout-v\">\n<div class=\"flex-layout-h magic-0\">\n<div class=\"magic-12\">\u00a0<\/div>\n<\/div>\n<\/div>\n<\/div>\n<\/div>\n<div class=\"J_module\">\n<div class=\"ife-detail-decorate-table\">\n<table class=\"hight-light-first-column all magic-18\">\n<tbody>\n<tr>\n<td colspan=\"1\" rowspan=\"1\">\n<div class=\"magic-19\">\u00a0<\/div>\n<\/td>\n<td colspan=\"1\" rowspan=\"1\">\n<div class=\"magic-20\"><b data-spm-anchor-id=\"a2700.custom-template.0.i53.314c3333uFiIX3\"><span id=\"tl_6\" class=\"magic-21\">P\u00e9riode d'incubation<\/span><\/b><\/div>\n<\/td>\n<\/tr>\n<tr>\n<td colspan=\"1\" rowspan=\"1\">\n<div class=\"magic-19\"><b><span id=\"tl_7\" class=\"magic-21\">Poussin<\/span><\/b><\/div>\n<\/td>\n<td colspan=\"1\" rowspan=\"1\">\n<div class=\"magic-20\"><b><span id=\"tl_8\" class=\"magic-21\">1-18 jours<\/span><\/b><\/div>\n<\/td>\n<\/tr>\n<tr>\n<td colspan=\"1\" rowspan=\"1\">\n<div class=\"magic-19\"><b><span id=\"tl_9\" class=\"magic-21\">P\u00e8re<\/span><\/b><\/div>\n<\/td>\n<td colspan=\"1\" rowspan=\"1\">\n<div class=\"magic-20\"><b><span id=\"tl_10\" class=\"magic-21\">1-25 jours<\/span><\/b><\/div>\n<\/td>\n<\/tr>\n<tr>\n<td colspan=\"1\" rowspan=\"1\">\n<div class=\"magic-19\"><b><span id=\"tl_11\" class=\"magic-21\">C\u00e2aille<\/span><\/b><\/div>\n<\/td>\n<td colspan=\"1\" rowspan=\"1\">\n<div class=\"magic-20\"><b><span id=\"tl_12\" class=\"magic-21\">1-15 jours<\/span><\/b><\/div>\n<\/td>\n<\/tr>\n<tr>\n<td colspan=\"1\" rowspan=\"1\">\n<div class=\"magic-19\"><b><span id=\"tl_13\" class=\"magic-21\">Oie<\/span><\/b><\/div>\n<\/td>\n<td colspan=\"1\" rowspan=\"1\">\n<div class=\"magic-20\"><b><span id=\"tl_14\" class=\"magic-21\">1-28 jours<\/span><\/b><\/div>\n<\/td>\n<\/tr>\n<tr>\n<td colspan=\"1\" rowspan=\"1\">\n<div class=\"magic-19\"><b><span id=\"tl_15\" class=\"magic-21\">Pigeon<\/span><\/b><\/div>\n<\/td>\n<td colspan=\"1\" rowspan=\"1\">\n<div class=\"magic-20\"><b><span id=\"tl_16\" class=\"magic-21\">1-15 jours<\/span><\/b><\/div>\n<\/td>\n<\/tr>\n<tr>\n<td colspan=\"1\" rowspan=\"1\">\n<div class=\"magic-19\"><b><span id=\"tl_17\" class=\"magic-21\">Turquie<\/span><\/b><\/div>\n<\/td>\n<td colspan=\"1\" rowspan=\"1\">\n<div class=\"magic-20\"><b><span id=\"tl_18\" class=\"magic-21\">1-27 jours<\/span><\/b><\/div>\n<\/td>\n<\/tr>\n<\/tbody>\n<\/table>\n<\/div>\n<\/div>\n<div class=\"J_module\">\n<div class=\"icbu-pc-images magic-0\">\n<div>\n<div class=\"flex-layout-v\">\n<div class=\"flex-layout-h magic-0\">\u00a0<\/div>\n<\/div>\n<\/div>\n<\/div>\n<\/div>\n<div class=\"J_module\">\n<div class=\"icbu-pc-images magic-0\">\n<div>\n<div class=\"flex-layout-v\">\n<div class=\"flex-layout-h magic-0\">\n<div class=\"magic-39\">\u00a0<\/div>\n<\/div>\n<\/div>\n<\/div>\n<\/div>\n<\/div>\n<\/div>\n<\/div>\n<\/div>\n<\/div>\n<\/div>","protected":false},"excerpt":{"rendered":"<p>Chimique Hign-concern\u00e9:\u00a0Aucun Type d\u2019animaux de ferme:\u00a0Poulet Mat\u00e9riau:\u00a0plastique Nom de marque:\u00a0NoEnName_Null Origine:\u00a0CN (Origine) Type:\u00a0Animaux de ferme Incubateur domestique incubateur de poulet<\/p>","protected":false},"featured_media":12520,"comment_status":"open","ping_status":"closed","template":"","meta":[],"product_brand":[],"product_cat":[15],"product_tag":[],"class_list":{"0":"post-12519","1":"product","2":"type-product","3":"status-publish","4":"has-post-thumbnail","6":"product_cat-uncategorized","8":"first","9":"instock","10":"shipping-taxable","11":"purchasable","12":"product-type-simple"},"jetpack_sharing_enabled":true,"_links":{"self":[{"href":"https:\/\/afrycom.com\/fr\/wp-json\/wp\/v2\/product\/12519","targetHints":{"allow":["GET"]}}],"collection":[{"href":"https:\/\/afrycom.com\/fr\/wp-json\/wp\/v2\/product"}],"about":[{"href":"https:\/\/afrycom.com\/fr\/wp-json\/wp\/v2\/types\/product"}],"replies":[{"embeddable":true,"href":"https:\/\/afrycom.com\/fr\/wp-json\/wp\/v2\/comments?post=12519"}],"wp:featuredmedia":[{"embeddable":true,"href":"https:\/\/afrycom.com\/fr\/wp-json\/wp\/v2\/media\/12520"}],"wp:attachment":[{"href":"https:\/\/afrycom.com\/fr\/wp-json\/wp\/v2\/media?parent=12519"}],"wp:term":[{"taxonomy":"product_brand","embeddable":true,"href":"https:\/\/afrycom.com\/fr\/wp-json\/wp\/v2\/product_brand?post=12519"},{"taxonomy":"product_cat","embeddable":true,"href":"https:\/\/afrycom.com\/fr\/wp-json\/wp\/v2\/product_cat?post=12519"},{"taxonomy":"product_tag","embeddable":true,"href":"https:\/\/afrycom.com\/fr\/wp-json\/wp\/v2\/product_tag?post=12519"}],"curies":[{"name":"wp","href":"https:\/\/api.w.org\/{rel}","templated":true}]}}