{"id":12504,"date":"2025-03-20T16:11:55","date_gmt":"2025-03-20T16:11:55","guid":{"rendered":"https:\/\/afrycom.com\/product\/incubateur-tube-chauffant-200w-100w-tube-dhumidification-incubateur-humidificateur-controleur-dhumidite-poulet-alimentation-ferme-humidification\/"},"modified":"2025-03-20T16:12:00","modified_gmt":"2025-03-20T16:12:00","slug":"incubateur-tube-chauffant-200w-100w-tube-dhumidification-incubateur-humidificateur-controleur-dhumidite-poulet-alimentation-ferme-humidification","status":"publish","type":"product","link":"https:\/\/afrycom.com\/fr\/produit\/incubateur-tube-chauffant-200w-100w-tube-dhumidification-incubateur-humidificateur-controleur-dhumidite-poulet-alimentation-ferme-humidification\/","title":{"rendered":"Incubateur Tube chauffant 200W 100W Tube d'humidification incubateur humidificateur contr\u00f4leur d'humidit\u00e9 poulet alimentation ferme Humidification"},"content":{"rendered":"<div class=\"product-specs-list-container\">\n<ul class=\"product-specs-list util-clearfix\">\n<li class=\"product-prop line-limit-length\"><span class=\"property-title\">Chimique Hign-concern\u00e9 :\u00a0<\/span><span class=\"property-desc line-limit-length\">Aucun<\/span><\/li>\n<li class=\"product-prop line-limit-length\"><span class=\"property-title\">Num\u00e9ro de Mod\u00e8le :\u00a0<\/span><span class=\"property-desc line-limit-length\">Tube chauffant 200W<\/span><\/li>\n<li class=\"product-prop line-limit-length\"><span class=\"property-title\">Type d'animaux de ferme :\u00a0<\/span><span class=\"property-desc line-limit-length\">Poulet<\/span><\/li>\n<li class=\"product-prop line-limit-length\"><span class=\"property-title\">Mat\u00e9riau :\u00a0<\/span><span class=\"property-desc line-limit-length\">FER<\/span><\/li>\n<li class=\"product-prop line-limit-length\"><span class=\"property-title\">Origine :\u00a0<\/span><span class=\"property-desc line-limit-length\">CN (Origine)<\/span><\/li>\n<li class=\"product-prop line-limit-length\"><span class=\"property-title\">Type :\u00a0<\/span><span class=\"property-desc line-limit-length\">Animaux de ferme<\/span><\/li>\n<li class=\"product-prop line-limit-length\"><span class=\"property-title\">Humidificateur de 100 W :\u00a0<\/span><span class=\"property-desc line-limit-length\">Tube d'humidification 100W<\/span><\/li>\n<li class=\"product-prop line-limit-length\"><span class=\"property-title\">Tube de chauffage :\u00a0<\/span><span class=\"property-desc line-limit-length\">Fournitures pour l'alimentation des volailles<\/span><\/li>\n<li class=\"product-prop line-limit-length\"><span class=\"property-title\">les accessoires de la machine \u00e0 couver :\u00a0<\/span><span class=\"property-desc line-limit-length\">accessoires pour incubateurs<\/span><\/li>\n<li class=\"product-prop line-limit-length\"><span class=\"property-title\">Incubateurs Tube O-\u00e9lectrique :\u00a0<\/span><span class=\"property-desc line-limit-length\">Incubateurs tube chauffant<\/span><\/li>\n<li class=\"product-prop line-limit-length\"><span class=\"property-title\">M\u00e9thode de connexion: :\u00a0<\/span><span class=\"property-desc line-limit-length\">Raccord filet\u00e9<\/span><\/li>\n<li class=\"product-prop line-limit-length\"><span class=\"property-title\">200W Tube de chauffage :\u00a0<\/span><span class=\"property-desc line-limit-length\">Tube d'humidification en forme de U<\/span><\/li>\n<\/ul>\n<\/div>\n<div class=\"detailmodule_html\">\n<div class=\"detail-desc-decorate-richtext\">\n<div class=\"detailmodule_html\">\n<div class=\"detail-desc-decorate-richtext\">\n<div>\u00a0<\/div>\n<p><span style=\"font-size: 28px;\"><span style=\"font-family: arial, helvetica, sans-serif;\">Incubateur Tube chauffant 200W 100W Tube humidificateur incubateur contr\u00f4leur d'humidit\u00e9 alimentation de poulet humidification agricole 40% de r\u00e9duction<\/span><\/span><\/p>\n<div><span style=\"color: #ff0000;\"><span style=\"font-size: 24px;\"><span style=\"font-family: georgia, serif;\">Caract\u00e9ristiques :<\/span><\/span><\/span><\/div>\n<p><span style=\"font-size: 18px;\"><span style=\"font-family: arial, helvetica, sans-serif;\">Accessoires d'incubateurs professionnels et \u00e0 haut rendement.<\/span><\/span><\/p>\n<p><span style=\"font-size: 18px;\"><span style=\"font-family: arial, helvetica, sans-serif;\">Tube chauffant ou humidificateur d'incubateur de haute qualit\u00e9 pour le contr\u00f4le de la machine d'\u00e9closion.<\/span><\/span><\/p>\n<p><span style=\"font-size: 18px;\"><span style=\"font-family: arial, helvetica, sans-serif;\">Fabriqu\u00e9 \u00e0 partir de m\u00e9tal de qualit\u00e9 sup\u00e9rieure, durable et fiable, dur\u00e9e de vie plus longue.<\/span><\/span><\/p>\n<p><span style=\"font-size: 18px;\"><span style=\"font-family: arial, helvetica, sans-serif;\">Mode d'installation de fixation par boulon pour un montage et une utilisation faciles.<\/span><\/span><\/p>\n<p>\u00a0<\/p>\n<\/div>\n<\/div>\n<p>\u00a0<\/p>\n<\/div>\n<\/div>","protected":false},"excerpt":{"rendered":"<p>Chimique Hign-concern\u00e9:\u00a0Aucun Num\u00e9ro de Mod\u00e8le:\u00a0200W heating tube Type d\u2019animaux de ferme:\u00a0Poulet Mat\u00e9riau:\u00a0IRON Origine:\u00a0CN (Origine) Type:\u00a0Animaux de ferme 100W humidifier:\u00a0100W humidification<\/p>","protected":false},"featured_media":12505,"comment_status":"open","ping_status":"closed","template":"","meta":[],"product_brand":[],"product_cat":[15],"product_tag":[],"class_list":{"0":"post-12504","1":"product","2":"type-product","3":"status-publish","4":"has-post-thumbnail","6":"product_cat-uncategorized","8":"first","9":"instock","10":"shipping-taxable","11":"purchasable","12":"product-type-variable"},"jetpack_sharing_enabled":true,"_links":{"self":[{"href":"https:\/\/afrycom.com\/fr\/wp-json\/wp\/v2\/product\/12504","targetHints":{"allow":["GET"]}}],"collection":[{"href":"https:\/\/afrycom.com\/fr\/wp-json\/wp\/v2\/product"}],"about":[{"href":"https:\/\/afrycom.com\/fr\/wp-json\/wp\/v2\/types\/product"}],"replies":[{"embeddable":true,"href":"https:\/\/afrycom.com\/fr\/wp-json\/wp\/v2\/comments?post=12504"}],"wp:featuredmedia":[{"embeddable":true,"href":"https:\/\/afrycom.com\/fr\/wp-json\/wp\/v2\/media\/12505"}],"wp:attachment":[{"href":"https:\/\/afrycom.com\/fr\/wp-json\/wp\/v2\/media?parent=12504"}],"wp:term":[{"taxonomy":"product_brand","embeddable":true,"href":"https:\/\/afrycom.com\/fr\/wp-json\/wp\/v2\/product_brand?post=12504"},{"taxonomy":"product_cat","embeddable":true,"href":"https:\/\/afrycom.com\/fr\/wp-json\/wp\/v2\/product_cat?post=12504"},{"taxonomy":"product_tag","embeddable":true,"href":"https:\/\/afrycom.com\/fr\/wp-json\/wp\/v2\/product_tag?post=12504"}],"curies":[{"name":"wp","href":"https:\/\/api.w.org\/{rel}","templated":true}]}}