{"id":12495,"date":"2025-03-20T16:10:59","date_gmt":"2025-03-20T16:10:59","guid":{"rendered":"https:\/\/afrycom.com\/product\/incubateur-doeufs-numerique-existent-thermoandrecontrmaterielle-mini-oeuf-incubateur-systeme-de-controle-ura-ery-machine-xm-18k-2\/"},"modified":"2025-06-23T14:45:07","modified_gmt":"2025-06-23T14:45:07","slug":"incubateur-doeufs-numerique-existent-thermoandrecontrmaterielle-mini-oeuf-incubateur-systeme-de-controle-ura-ery-machine-xm-18k-2","status":"publish","type":"product","link":"https:\/\/afrycom.com\/fr\/produit\/incubateur-doeufs-numerique-existent-thermoandrecontrmaterielle-mini-oeuf-incubateur-systeme-de-controle-ura-ery-machine-xm-18k-2\/","title":{"rendered":"Incubateur d'oeufs Num\u00e9rique existent Thermoandrecontrmat\u00e9rielle Mini Oeuf Incubateur Syst\u00e8me De Contr\u00f4le URA ery Machine XM-18K-2"},"content":{"rendered":"<div class=\"product-specs-list-container\">\n<ul class=\"product-specs-list util-clearfix\">\n<li class=\"product-prop line-limit-length\"><span\n                                        class=\"property-title\">Type de mesure:&nbsp;<\/span><span\n                                        class=\"property-desc line-limit-length\">je<\/span>\n                            <\/li>\n<li class=\"product-prop line-limit-length\"><span\n                                        class=\"property-title\">Longueur de C\u00e2ble:&nbsp;<\/span><span\n                                        class=\"property-desc line-limit-length\">1M<\/span>\n                            <\/li>\n<li class=\"product-prop line-limit-length\"><span\n                                        class=\"property-title\">Type :&nbsp;<\/span><span\n                                        class=\"property-desc line-limit-length\">K<\/span>\n                            <\/li>\n<li class=\"product-prop line-limit-length\"><span\n                                        class=\"property-title\">Th\u00e9orie:&nbsp;<\/span><span\n                                        class=\"property-desc line-limit-length\">CONTR\u00d4LEUR DE TEMP\u00c9RATURE<\/span>\n                            <\/li>\n<li class=\"product-prop line-limit-length\"><span\n                                        class=\"property-title\">Type d&#039;affichage:&nbsp;<\/span><span\n                                        class=\"property-desc line-limit-length\">DIGITAL<\/span>\n                            <\/li>\n<li class=\"product-prop line-limit-length\"><span\n                                        class=\"property-title\">Type D&#039;alimentation:&nbsp;<\/span><span\n                                        class=\"property-desc line-limit-length\">Chargeur<\/span>\n                            <\/li>\n<li class=\"product-prop line-limit-length\"><span\n                                        class=\"property-title\">Certification :&nbsp;<\/span><span\n                                        class=\"property-desc line-limit-length\">AUCUN<\/span>\n                            <\/li>\n<li class=\"product-prop line-limit-length\"><span\n                                        class=\"property-title\">Num\u00e9ro de Mod\u00e8le :&nbsp;<\/span><span\n                                        class=\"property-desc line-limit-length\">XM-18K-2<\/span>\n                            <\/li>\n<li class=\"product-prop line-limit-length\"><span\n                                        class=\"property-title\">Taille de l&#039;\u00e9cran:&nbsp;<\/span><span\n                                        class=\"property-desc line-limit-length\">1.9 Pouces et Sous<\/span>\n                            <\/li>\n<li class=\"product-prop line-limit-length\"><span\n                                        class=\"property-title\">Origine :&nbsp;<\/span><span\n                                        class=\"property-desc line-limit-length\">CN (Origine)<\/span>\n                            <\/li>\n<li class=\"product-prop line-limit-length\"><span\n                                        class=\"property-title\">Mesure d temp\u00e9rature e max:&nbsp;<\/span><span\n                                        class=\"property-desc line-limit-length\">70 \u00b0C-99 \u00b0C<\/span>\n                            <\/li>\n<li class=\"product-prop line-limit-length\"><span\n                                        class=\"property-title\">Style :&nbsp;<\/span><span\n                                        class=\"property-desc line-limit-length\">Station fixe<\/span>\n                            <\/li>\n<li class=\"product-prop line-limit-length\"><span\n                                        class=\"property-title\">Nom de marque :&nbsp;<\/span><span\n                                        class=\"property-desc line-limit-length\">JUANJUAN<\/span>\n                            <\/li>\n<li class=\"product-prop line-limit-length\"><span\n                                        class=\"property-title\">Utilisation :&nbsp;<\/span><span\n                                        class=\"property-desc line-limit-length\">M\u00e9nage<\/span>\n                            <\/li>\n<li class=\"product-prop line-limit-length\"><span\n                                        class=\"property-title\">Est dispositif intelligent :&nbsp;<\/span><span\n                                        class=\"property-desc line-limit-length\">non<\/span>\n                            <\/li>\n<li class=\"product-prop line-limit-length\"><span\n                                        class=\"property-title\">Temperature display range::&nbsp;<\/span><span\n                                        class=\"property-desc line-limit-length\">0~40.5\u2103<\/span>\n                            <\/li>\n<li class=\"product-prop line-limit-length\"><span\n                                        class=\"property-title\">Temperature measurement precision::&nbsp;<\/span><span\n                                        class=\"property-desc line-limit-length\">\u00b10.1\u2103<\/span>\n                            <\/li>\n<li class=\"product-prop line-limit-length\"><span\n                                        class=\"property-title\">Humidity display range::&nbsp;<\/span><span\n                                        class=\"property-desc line-limit-length\">0~99%RH<\/span>\n                            <\/li>\n<li class=\"product-prop line-limit-length\"><span\n                                        class=\"property-title\">Control release precision::&nbsp;<\/span><span\n                                        class=\"property-desc line-limit-length\">\u00b13%RH<\/span>\n                            <\/li>\n<li class=\"product-prop line-limit-length\"><span\n                                        class=\"property-title\">Egg turning times::&nbsp;<\/span><span\n                                        class=\"property-desc line-limit-length\">maximum 999 times<\/span>\n                            <\/li>\n<li class=\"product-prop line-limit-length\"><span\n                                        class=\"property-title\">Working voltage::&nbsp;<\/span><span\n                                        class=\"property-desc line-limit-length\">AC 180V-240V , 50HZ\/DC12V<\/span>\n                            <\/li>\n<li class=\"product-prop line-limit-length\"><span\n                                        class=\"property-title\">Ambient temperature::&nbsp;<\/span><span\n                                        class=\"property-desc line-limit-length\">-20\u2103~70\u2103<\/span>\n                            <\/li>\n<\/ul><\/div>\n<div class=\"detailmodule_html\">\n<div class=\"detail-desc-decorate-richtext\">\n<p><span style=\"font-size:18px;font-family:&quot;lucida sans unicode&quot;, &quot;lucida grande&quot;, sans-serif\" id=\"tl_1\">XM-18K-2 Mini incubateur d&#8217;oeufs contr&ocirc;leur de thermostat automatique num&eacute;rique syst&egrave;me de contr&ocirc;le d&#8217;incubateur d&#8217;oeufs Machine de couvoir<\/span><\/p>\n<div style=\"font-family:&quot;Open Sans&quot;, Arial, Helvetica, sans-serif, Heiti;font-size:14px;color:rgb(0, 0, 0);box-sizing:content-box\">\n<div style=\"box-sizing:content-box\">\n<div style=\"box-sizing:content-box\">\n<div style=\"box-sizing:content-box\">\n    <span style=\"color:rgb(192, 80, 77);font-size:24px\" id=\"tl_2\">Description :<\/span>\n   <\/div>\n<div style=\"box-sizing:content-box\">\n    <span style=\"font-size:16px;font-family:arial, helvetica, sans-serif\"><span style=\"font-size:16px\" id=\"tl_3\">Le contr&ocirc;leur intelligent s d&#8217;incubateur d&#8217;humiture de nouvelle g&eacute;n&eacute;ration un syst&egrave;me de contr&ocirc;le plein-intelligent de micro-ordinateur con&ccedil;u et d&eacute;velopp&eacute; pour l&#8217;industrie d&#8217;incubation et j&#8217;applique la derni&egrave;re technologie micro&eacute;lectronique et le nouveau type composants. Il apples les puces de micro-ordinateur pour avoir une forte anti-interf&eacute;rence et des performances stables &eacute;lev&eacute;es; le capteur de temp&eacute;rature applique le capteur de haute pr&eacute;cision pour avoir une pr&eacute;cision de collecte &agrave; haute temp&eacute;rature et une large plage de temp&eacute;ratures: il applique un capteur d&#8217;humidit&eacute; haute performance &agrave; haute pr&eacute;cision pour assurer efficacement la stabilit&eacute; et la fiabilit&eacute;. Il a la conception de quatre &eacute;crans conviviaux Pour l&#8217;affichage comprenant deux &eacute;crans affichant la temp&eacute;rature et l&#8217;humidit&eacute; de l&#8217;incubateur et deux autres &eacute;crans affichant les temps de rotation des \u0153ufs et les jours d&#8217;incubation en appuyant sur les touches et affichant la temp&eacute;rature et l&#8217;humidit&eacute; pr&eacute;r&eacute;gl&eacute;es en appuyant sur les touches. Et cinq genres de modes d&#8217;incubation pour la d&eacute;finition d&#8217;utilisateur, le poulet, le canard, l&#8217;oie et le pigeon sont disponibles pour la s&eacute;lection.<\/span><\/span>\n   <\/div>\n<div style=\"box-sizing:content-box\"><\/div>\n<div style=\"box-sizing:content-box\">\n    <span style=\"font-size:24px\"><span style=\"color:rgb(192, 80, 77)\" id=\"tl_4\">Index technique principal:<\/span><\/span>\n   <\/div>\n<ul>\n<li>\n<div style=\"box-sizing:content-box\">\n      <span style=\"font-size:16px;font-family:arial, helvetica, sans-serif\" id=\"tl_5\">Plage d&#8217;affichage de la temp&eacute;rature: 0 ~ 40.5 \u2103<\/span>\n     <\/div>\n<\/li>\n<li>\n<div style=\"box-sizing:content-box\">\n      <span style=\"font-size:16px;font-family:arial, helvetica, sans-serif\" id=\"tl_6\">Pr&eacute;cision de mesure de la temp&eacute;rature: &plusmn; 0.1 \u2103<\/span>\n     <\/div>\n<\/li>\n<li>\n<div style=\"box-sizing:content-box\">\n      <span style=\"font-size:16px;font-family:arial, helvetica, sans-serif\" id=\"tl_7\">Plage d&#8217;affichage de l&#8217;humidit&eacute;: 0 ~ 99% RH<\/span>\n     <\/div>\n<\/li>\n<li>\n<div style=\"box-sizing:content-box\">\n      <span style=\"font-size:16px;font-family:arial, helvetica, sans-serif\" id=\"tl_8\">Pr&eacute;cision de lib&eacute;ration de contr&ocirc;le: &plusmn; 3% RH<\/span>\n     <\/div>\n<\/li>\n<li>\n<div style=\"box-sizing:content-box\">\n      <span style=\"font-size:16px;font-family:arial, helvetica, sans-serif\" id=\"tl_9\">Lignes de sortie: 6 lignes (chauffage, r&eacute;frig&eacute;ration (a&eacute;ration), rotation des \u0153ufs, humidification, ventilateur, lumi&egrave;re)<\/span>\n     <\/div>\n<\/li>\n<li>\n<div style=\"box-sizing:content-box\">\n      <span style=\"font-size:16px;font-family:arial, helvetica, sans-serif\" id=\"tl_10\">Courant de sortie: chauffage AC220V\/8A, ventilateur AC220V\/5A, rotation des \u0153ufs AC220V\/5A, humidification AC12V\/0.2A, r&eacute;frig&eacute;ration DC12V\/0.4A, lumi&egrave;re DC5V\/0.1A<\/span>\n     <\/div>\n<\/li>\n<li>\n<div style=\"box-sizing:content-box\">\n      <span style=\"font-size:16px;font-family:arial, helvetica, sans-serif\" id=\"tl_11\">Temps de retournement des \u0153ufs: maximum 999 fois<\/span>\n     <\/div>\n<\/li>\n<li>\n<div style=\"box-sizing:content-box\">\n      <span style=\"font-size:16px;font-family:arial, helvetica, sans-serif\" id=\"tl_12\">Cycle de rotation des \u0153ufs: 0 ~ 999 minutes (90 minutes par d&eacute;faut)<\/span>\n     <\/div>\n<\/li>\n<li>\n<div style=\"box-sizing:content-box\">\n      <span style=\"font-size:16px;font-family:arial, helvetica, sans-serif\" id=\"tl_13\">P&eacute;riode de retournement des \u0153ufs: 0 ~ 999 secondes (par d&eacute;faut 19 secondes)<\/span>\n     <\/div>\n<\/li>\n<li>\n<div style=\"box-sizing:content-box\">\n      <span style=\"font-size:16px;font-family:arial, helvetica, sans-serif\" id=\"tl_14\">Cycle d&#8217;&eacute;change d&#8217;air: 0 ~ 999 minutes (120 minutes par d&eacute;faut)<\/span>\n     <\/div>\n<\/li>\n<li>\n<div style=\"box-sizing:content-box\">\n      <span style=\"font-size:16px;font-family:arial, helvetica, sans-serif\" id=\"tl_15\">P&eacute;riode d&#8217;&eacute;change d&#8217;air: 0 ~ 999 secondes (15 secondes par d&eacute;faut)<\/span>\n     <\/div>\n<\/li>\n<li>\n<div style=\"box-sizing:content-box\">\n      <span style=\"font-size:16px;font-family:arial, helvetica, sans-serif\" id=\"tl_16\">Longueur de la ligne de mesure: environ 2 m&egrave;tres<\/span>\n     <\/div>\n<\/li>\n<\/ul>\n<div style=\"box-sizing:content-box\">\n    <span style=\"color:rgb(192, 80, 77)\"><span><span style=\"font-size:24px\" id=\"tl_17\">Conditions de travail:<\/span><\/span><\/span>\n   <\/div>\n<div style=\"box-sizing:content-box\">\n<p style=\"line-height:inherit;margin:0px;margin-bottom:0px;margin-top:0px;margin-left:0px;margin-right:0px;box-sizing:border-box\"><span style=\"font-size:16px\"><span style=\"font-size:16px;font-family:arial, helvetica, sans-serif\" id=\"tl_18\">Tension de fonctionnement: AC 180V-240V , 50HZ\/DC12V<\/span><\/span><\/p>\n<p style=\"line-height:inherit;margin:0px;margin-bottom:0px;margin-top:0px;margin-left:0px;margin-right:0px;box-sizing:border-box\"><span style=\"font-size:16px\"><span style=\"font-size:16px;font-family:arial, helvetica, sans-serif\" id=\"tl_19\">Humidit&eacute; relative: moins de 85%<\/span><\/span><\/p>\n<p style=\"line-height:inherit;margin:0px;margin-bottom:0px;margin-top:0px;margin-left:0px;margin-right:0px;box-sizing:border-box\"><span style=\"font-size:16px\"><span style=\"font-size:16px;font-family:arial, helvetica, sans-serif\" id=\"tl_20\">Temp&eacute;rature ambiante: -20 \u2103 ~ 70 \u2103<\/span><\/span><\/p>\n<p style=\"line-height:inherit;margin:0px;margin-bottom:0px;margin-top:0px;margin-left:0px;margin-right:0px;box-sizing:border-box\"><span style=\"font-size:16px\"><span style=\"font-size:16px;font-family:arial, helvetica, sans-serif\" id=\"tl_21\">Le r&eacute;glage d&#8217;incubation consiste en une incubation automatique et une incubation d&eacute;finie par l&#8217;utilisateur.<\/span><\/span><\/p>\n<\/p><\/div>\n<div style=\"box-sizing:content-box\">\n<div style=\"box-sizing:content-box\">\n     <img decoding=\"async\" style=\"max-width:100%;box-sizing:border-box\" src=\"https:\/\/ae01.alicdn.com\/kf\/H41d12b65b387413c9c11cadad11b436at.jpg\" slate-data-type=\"image\" \/><br \/>\n     <img decoding=\"async\" style=\"max-width:100%;box-sizing:border-box\" src=\"https:\/\/ae01.alicdn.com\/kf\/H3de8e7bde0b34b9ca938cc0496b6eaf9x.jpg\" slate-data-type=\"image\" \/><br \/>\n     <img decoding=\"async\" style=\"max-width:100%;box-sizing:border-box\" src=\"https:\/\/ae01.alicdn.com\/kf\/Hcf5dc26193ea4b72908aa663b3edf934U.jpg\" slate-data-type=\"image\" \/><br \/>\n     <img decoding=\"async\" style=\"max-width:100%;box-sizing:border-box\" src=\"https:\/\/ae01.alicdn.com\/kf\/H838808743ef74a54b7924fd8e4683ada4.jpg\" slate-data-type=\"image\" \/><br \/>\n     <img decoding=\"async\" style=\"max-width:100%;box-sizing:border-box\" src=\"https:\/\/ae01.alicdn.com\/kf\/Haa25c75a5d2543529f72cdbdd800a135P.jpg\" slate-data-type=\"image\" \/><br \/>\n     <img decoding=\"async\" style=\"max-width:100%;box-sizing:border-box\" src=\"https:\/\/ae01.alicdn.com\/kf\/H47650f428a774954a7a5c3e398deb710D.jpg\" slate-data-type=\"image\" \/><br \/>\n     <img decoding=\"async\" style=\"max-width:100%;box-sizing:border-box\" src=\"https:\/\/ae01.alicdn.com\/kf\/Ha5847c409cab43629168dffa79b3effcR.jpg\" slate-data-type=\"image\" \/><br \/>\n     <img decoding=\"async\" style=\"max-width:100%;box-sizing:border-box\" src=\"https:\/\/ae01.alicdn.com\/kf\/H91ef5cd0fe1c4034bceea5e719b41fe9I.jpg\" slate-data-type=\"image\" \/>\n    <\/div><\/div><\/div><\/div>\n<\/div>\n<div>\n<\/div>\n<p><\/p>\n<\/div>\n<\/div>","protected":false},"excerpt":{"rendered":"<p>Type de mesure:&nbsp;je Longueur de C\u00e2ble:&nbsp;1M Type:&nbsp;K Th\u00e9orie:&nbsp;CONTR\u00d4LEUR DE TEMP\u00c9RATURE Type d&#039;affichage:&nbsp;DIGITAL Type D&#039;alimentation:&nbsp;Chargeur Certification:&nbsp;NONE Num\u00e9ro de Mod\u00e8le:&nbsp;XM-18K-2 Taille de<\/p>","protected":false},"featured_media":12496,"comment_status":"open","ping_status":"closed","template":"","meta":[],"product_brand":[],"product_cat":[15],"product_tag":[],"class_list":{"0":"post-12495","1":"product","2":"type-product","3":"status-publish","4":"has-post-thumbnail","6":"product_cat-uncategorized","8":"first","9":"instock","10":"shipping-taxable","11":"purchasable","12":"product-type-variable"},"jetpack_sharing_enabled":true,"_links":{"self":[{"href":"https:\/\/afrycom.com\/fr\/wp-json\/wp\/v2\/product\/12495","targetHints":{"allow":["GET"]}}],"collection":[{"href":"https:\/\/afrycom.com\/fr\/wp-json\/wp\/v2\/product"}],"about":[{"href":"https:\/\/afrycom.com\/fr\/wp-json\/wp\/v2\/types\/product"}],"replies":[{"embeddable":true,"href":"https:\/\/afrycom.com\/fr\/wp-json\/wp\/v2\/comments?post=12495"}],"wp:featuredmedia":[{"embeddable":true,"href":"https:\/\/afrycom.com\/fr\/wp-json\/wp\/v2\/media\/12496"}],"wp:attachment":[{"href":"https:\/\/afrycom.com\/fr\/wp-json\/wp\/v2\/media?parent=12495"}],"wp:term":[{"taxonomy":"product_brand","embeddable":true,"href":"https:\/\/afrycom.com\/fr\/wp-json\/wp\/v2\/product_brand?post=12495"},{"taxonomy":"product_cat","embeddable":true,"href":"https:\/\/afrycom.com\/fr\/wp-json\/wp\/v2\/product_cat?post=12495"},{"taxonomy":"product_tag","embeddable":true,"href":"https:\/\/afrycom.com\/fr\/wp-json\/wp\/v2\/product_tag?post=12495"}],"curies":[{"name":"wp","href":"https:\/\/api.w.org\/{rel}","templated":true}]}}