{"id":12448,"date":"2025-03-18T05:11:35","date_gmt":"2025-03-18T05:11:35","guid":{"rendered":"https:\/\/afrycom.com\/product\/microwave-lunch-boxes-leakproof-food-container-compartments\/"},"modified":"2025-10-07T10:08:56","modified_gmt":"2025-10-07T10:08:56","slug":"microwave-lunch-boxes-leakproof-food-container-compartments","status":"publish","type":"product","link":"https:\/\/afrycom.com\/fr\/produit\/microwave-lunch-boxes-leakproof-food-container-compartments\/","title":{"rendered":"Bo\u00eetes \u00e0 lunch pour micro-ondes Compartiments \u00e9tanches pour contenants alimentaires"},"content":{"rendered":"","protected":false},"excerpt":{"rendered":"","protected":false},"featured_media":12450,"comment_status":"open","ping_status":"closed","template":"","meta":[],"product_brand":[],"product_cat":[4936,31],"product_tag":[],"class_list":{"0":"post-12448","1":"product","2":"type-product","3":"status-publish","4":"has-post-thumbnail","6":"product_cat-measuring-cups-scales","7":"product_cat-small-kitchen-appliances-appliances","9":"first","10":"instock","11":"shipping-taxable","12":"purchasable","13":"product-type-variable"},"jetpack_sharing_enabled":true,"_links":{"self":[{"href":"https:\/\/afrycom.com\/fr\/wp-json\/wp\/v2\/product\/12448","targetHints":{"allow":["GET"]}}],"collection":[{"href":"https:\/\/afrycom.com\/fr\/wp-json\/wp\/v2\/product"}],"about":[{"href":"https:\/\/afrycom.com\/fr\/wp-json\/wp\/v2\/types\/product"}],"replies":[{"embeddable":true,"href":"https:\/\/afrycom.com\/fr\/wp-json\/wp\/v2\/comments?post=12448"}],"wp:featuredmedia":[{"embeddable":true,"href":"https:\/\/afrycom.com\/fr\/wp-json\/wp\/v2\/media\/12450"}],"wp:attachment":[{"href":"https:\/\/afrycom.com\/fr\/wp-json\/wp\/v2\/media?parent=12448"}],"wp:term":[{"taxonomy":"product_brand","embeddable":true,"href":"https:\/\/afrycom.com\/fr\/wp-json\/wp\/v2\/product_brand?post=12448"},{"taxonomy":"product_cat","embeddable":true,"href":"https:\/\/afrycom.com\/fr\/wp-json\/wp\/v2\/product_cat?post=12448"},{"taxonomy":"product_tag","embeddable":true,"href":"https:\/\/afrycom.com\/fr\/wp-json\/wp\/v2\/product_tag?post=12448"}],"curies":[{"name":"wp","href":"https:\/\/api.w.org\/{rel}","templated":true}]}}