{"id":12235,"date":"2025-03-18T05:09:47","date_gmt":"2025-03-18T05:09:47","guid":{"rendered":"https:\/\/afrycom.com\/product\/%e6%91%a9%e6%b4%9b%e5%93%a5%e5%8c%97%e6%ac%a7%e5%9c%b0%e6%af%af%e5%ae%a2%e5%8e%85%e5%ae%b6%e7%94%a8%e7%ae%80%e7%ba%a6%e7%8e%b0%e4%bb%a3%e6%b2%99%e5%8f%91%e6%af%af%e5%8d%a7%e5%ae%a4%e5%ba%8a%e8%be%b9\/"},"modified":"2025-06-20T10:17:48","modified_gmt":"2025-06-20T10:17:48","slug":"tapis-marocain-nordique-moderne-decoration-salon-chambre","status":"publish","type":"product","link":"https:\/\/afrycom.com\/fr\/produit\/tapis-marocain-nordique-moderne-decoration-salon-chambre\/","title":{"rendered":"Tapis Marocain Nordique Moderne - D\u00e9coration Salon &amp; Chambre"},"content":{"rendered":"","protected":false},"excerpt":{"rendered":"<p>D\u00e9couvrez notre\u00a0<strong>tapis marocain nordique<\/strong>, un m\u00e9lange parfait entre\u00a0<strong>style boh\u00e8me chic et design moderne<\/strong>. Id\u00e9al pour apporter une touche d'\u00e9l\u00e9gance \u00e0 votre\u00a0<strong>salon, chambre ou espace d\u00e9tente<\/strong>.<\/p>","protected":false},"featured_media":12236,"comment_status":"open","ping_status":"closed","template":"","meta":[],"product_brand":[],"product_cat":[4956,4958],"product_tag":[],"class_list":{"0":"post-12235","1":"product","2":"type-product","3":"status-publish","4":"has-post-thumbnail","6":"product_cat-home-decor-cleaning-supplies","7":"product_cat-rugs-carpets","9":"first","10":"instock","11":"shipping-taxable","12":"purchasable","13":"product-type-variable"},"jetpack_sharing_enabled":true,"_links":{"self":[{"href":"https:\/\/afrycom.com\/fr\/wp-json\/wp\/v2\/product\/12235","targetHints":{"allow":["GET"]}}],"collection":[{"href":"https:\/\/afrycom.com\/fr\/wp-json\/wp\/v2\/product"}],"about":[{"href":"https:\/\/afrycom.com\/fr\/wp-json\/wp\/v2\/types\/product"}],"replies":[{"embeddable":true,"href":"https:\/\/afrycom.com\/fr\/wp-json\/wp\/v2\/comments?post=12235"}],"wp:featuredmedia":[{"embeddable":true,"href":"https:\/\/afrycom.com\/fr\/wp-json\/wp\/v2\/media\/12236"}],"wp:attachment":[{"href":"https:\/\/afrycom.com\/fr\/wp-json\/wp\/v2\/media?parent=12235"}],"wp:term":[{"taxonomy":"product_brand","embeddable":true,"href":"https:\/\/afrycom.com\/fr\/wp-json\/wp\/v2\/product_brand?post=12235"},{"taxonomy":"product_cat","embeddable":true,"href":"https:\/\/afrycom.com\/fr\/wp-json\/wp\/v2\/product_cat?post=12235"},{"taxonomy":"product_tag","embeddable":true,"href":"https:\/\/afrycom.com\/fr\/wp-json\/wp\/v2\/product_tag?post=12235"}],"curies":[{"name":"wp","href":"https:\/\/api.w.org\/{rel}","templated":true}]}}