{"id":10670,"date":"2025-03-09T11:15:23","date_gmt":"2025-03-09T11:15:23","guid":{"rendered":"https:\/\/afrycom.com\/product\/carpet-living-room-tea-table-bedroom-bedside-blanket-mat%e5%9c%b0%e6%af%af\/"},"modified":"2025-06-25T03:14:22","modified_gmt":"2025-06-25T03:14:22","slug":"carpet-living-room-tea-table-bedroom-bedside-blanket-mat%e5%9c%b0%e6%af%af","status":"publish","type":"product","link":"https:\/\/afrycom.com\/fr\/produit\/carpet-living-room-tea-table-bedroom-bedside-blanket-mat%e5%9c%b0%e6%af%af\/","title":{"rendered":"Tapis de salon table \u00e0 th\u00e9 chambre \u00e0 coucher couverture tapis\u5730\u6bef"},"content":{"rendered":"","protected":false},"excerpt":{"rendered":"","protected":false},"featured_media":10671,"comment_status":"open","ping_status":"closed","template":"","meta":[],"product_brand":[],"product_cat":[4956,4958],"product_tag":[],"class_list":{"0":"post-10670","1":"product","2":"type-product","3":"status-publish","4":"has-post-thumbnail","6":"product_cat-home-decor-cleaning-supplies","7":"product_cat-rugs-carpets","9":"first","10":"instock","11":"sale","12":"shipping-taxable","13":"purchasable","14":"product-type-variable"},"jetpack_sharing_enabled":true,"_links":{"self":[{"href":"https:\/\/afrycom.com\/fr\/wp-json\/wp\/v2\/product\/10670","targetHints":{"allow":["GET"]}}],"collection":[{"href":"https:\/\/afrycom.com\/fr\/wp-json\/wp\/v2\/product"}],"about":[{"href":"https:\/\/afrycom.com\/fr\/wp-json\/wp\/v2\/types\/product"}],"replies":[{"embeddable":true,"href":"https:\/\/afrycom.com\/fr\/wp-json\/wp\/v2\/comments?post=10670"}],"wp:featuredmedia":[{"embeddable":true,"href":"https:\/\/afrycom.com\/fr\/wp-json\/wp\/v2\/media\/10671"}],"wp:attachment":[{"href":"https:\/\/afrycom.com\/fr\/wp-json\/wp\/v2\/media?parent=10670"}],"wp:term":[{"taxonomy":"product_brand","embeddable":true,"href":"https:\/\/afrycom.com\/fr\/wp-json\/wp\/v2\/product_brand?post=10670"},{"taxonomy":"product_cat","embeddable":true,"href":"https:\/\/afrycom.com\/fr\/wp-json\/wp\/v2\/product_cat?post=10670"},{"taxonomy":"product_tag","embeddable":true,"href":"https:\/\/afrycom.com\/fr\/wp-json\/wp\/v2\/product_tag?post=10670"}],"curies":[{"name":"wp","href":"https:\/\/api.w.org\/{rel}","templated":true}]}}