{"id":10596,"date":"2025-03-08T10:44:13","date_gmt":"2025-03-08T10:44:13","guid":{"rendered":"https:\/\/afrycom.com\/product\/anneau-lumineux-led-a-intensite-variable-pour-selfie-lampes-rondes-usb-avec-2-supports-de-telephone-trepied-lumiere-video-tiktok-ensemble-de-photographie-de-maquillage\/"},"modified":"2025-08-07T15:57:24","modified_gmt":"2025-08-07T15:57:24","slug":"anneau-lumineux-led-a-intensite-variable-pour-selfie-lampes-rondes-usb-avec-2-supports-de-telephone-trepied-lumiere-video-tiktok-ensemble-de-photographie-de-maquillage","status":"publish","type":"product","link":"https:\/\/afrycom.com\/fr\/produit\/anneau-lumineux-led-a-intensite-variable-pour-selfie-lampes-rondes-usb-avec-2-supports-de-telephone-trepied-lumiere-video-tiktok-ensemble-de-photographie-de-maquillage\/","title":{"rendered":"Anneau lumineux LED \u00e0 intensit\u00e9 variable pour selfie, lampes rondes, USB avec 2 supports de t\u00e9l\u00e9phone, tr\u00e9pied, lumi\u00e8re vid\u00e9o Tiktok, ensemble de photographie de maquillage"},"content":{"rendered":"<p>&nbsp;<\/p>\n<div class=\"product-specs-list-container\">\n<ul class=\"product-specs-list util-clearfix\">\n<li class=\"product-prop line-limit-length\"><span class=\"property-title\">Produits chimiques \u00e0 haute teneur en soufre :\u00a0<\/span><span class=\"property-desc line-limit-length\">Aucun<\/span><\/li>\n<li class=\"product-prop line-limit-length\"><span class=\"property-title\">Utilisation :\u00a0<\/span><span class=\"property-desc line-limit-length\">Diffusion en direct (Livestreaming)<\/span><\/li>\n<li class=\"product-prop line-limit-length\"><span class=\"property-title\">Type d'attente :\u00a0<\/span><span class=\"property-desc line-limit-length\">support de bureau<\/span><\/li>\n<li class=\"product-prop line-limit-length\"><span class=\"property-title\">Nom de marque :\u00a0<\/span><span class=\"property-desc line-limit-length\">AUKYGGUS<\/span><\/li>\n<li class=\"product-prop line-limit-length\"><span class=\"property-title\">Origine :\u00a0<\/span><span class=\"property-desc line-limit-length\">CN (Origine)<\/span><\/li>\n<\/ul>\n<\/div>\n<div class=\"detailmodule_html\">\n<div class=\"detail-desc-decorate-richtext\">\n<p><img decoding=\"async\" src=\"https:\/\/ae01.alicdn.com\/kf\/Sf1c0c89c06094c3ba1d191205bbf5ed16.jpg\" \/><img decoding=\"async\" src=\"https:\/\/ae01.alicdn.com\/kf\/S1c1899370ac64fa3962bdbfd064804c6q.jpg\" \/><img decoding=\"async\" src=\"https:\/\/ae01.alicdn.com\/kf\/Sbaf388998143438ab41a22edf808ce46K.jpg\" \/><img decoding=\"async\" src=\"https:\/\/ae01.alicdn.com\/kf\/Sf72314165a5b4e6d85e53d3fa732a6c3m.jpg\" \/><img decoding=\"async\" src=\"https:\/\/ae01.alicdn.com\/kf\/S478652b01f5645fca32c11a0b53389f4O.jpg\" \/><img decoding=\"async\" src=\"https:\/\/ae01.alicdn.com\/kf\/S5bce9b652d9343a781ef3706f772bcd0y.jpg\" \/><img decoding=\"async\" src=\"https:\/\/ae01.alicdn.com\/kf\/Sc73a440105ed4e4491bf09812a88b353O.jpg\" \/><img decoding=\"async\" src=\"https:\/\/ae01.alicdn.com\/kf\/Sf5bdb740822c46d695028dff1fe24ef2k.jpg\" \/><\/p>\n<\/div>\n<\/div>","protected":false},"excerpt":{"rendered":"<p>&nbsp; Hign-concerned Chemical:\u00a0Aucun Usage:\u00a0Livestreaming Hold Type:\u00a0support de bureau Brand Name:\u00a0AUKYGGUS Origin:\u00a0CN (Origine)<\/p>","protected":false},"featured_media":10597,"comment_status":"open","ping_status":"closed","template":"","meta":[],"product_brand":[],"product_cat":[4956,5769,5774,4960],"product_tag":[],"class_list":{"0":"post-10596","1":"product","2":"type-product","3":"status-publish","4":"has-post-thumbnail","6":"product_cat-home-decor-cleaning-supplies","7":"product_cat-photograhy-accessories","8":"product_cat-ring-lights","9":"product_cat-throw-pillows-blankets","11":"first","12":"instock","13":"shipping-taxable","14":"purchasable","15":"product-type-variable"},"jetpack_sharing_enabled":true,"_links":{"self":[{"href":"https:\/\/afrycom.com\/fr\/wp-json\/wp\/v2\/product\/10596","targetHints":{"allow":["GET"]}}],"collection":[{"href":"https:\/\/afrycom.com\/fr\/wp-json\/wp\/v2\/product"}],"about":[{"href":"https:\/\/afrycom.com\/fr\/wp-json\/wp\/v2\/types\/product"}],"replies":[{"embeddable":true,"href":"https:\/\/afrycom.com\/fr\/wp-json\/wp\/v2\/comments?post=10596"}],"wp:featuredmedia":[{"embeddable":true,"href":"https:\/\/afrycom.com\/fr\/wp-json\/wp\/v2\/media\/10597"}],"wp:attachment":[{"href":"https:\/\/afrycom.com\/fr\/wp-json\/wp\/v2\/media?parent=10596"}],"wp:term":[{"taxonomy":"product_brand","embeddable":true,"href":"https:\/\/afrycom.com\/fr\/wp-json\/wp\/v2\/product_brand?post=10596"},{"taxonomy":"product_cat","embeddable":true,"href":"https:\/\/afrycom.com\/fr\/wp-json\/wp\/v2\/product_cat?post=10596"},{"taxonomy":"product_tag","embeddable":true,"href":"https:\/\/afrycom.com\/fr\/wp-json\/wp\/v2\/product_tag?post=10596"}],"curies":[{"name":"wp","href":"https:\/\/api.w.org\/{rel}","templated":true}]}}