{"id":10563,"date":"2025-03-08T10:43:27","date_gmt":"2025-03-08T10:43:27","guid":{"rendered":"https:\/\/afrycom.com\/product\/baume-dete-hydratant-avec-miroir-rouge-a-levres-transparent-huile-de-maquillage-jules-gloss-jules-vanille-menthe-cafe-glace-odeur-de-gateau\/"},"modified":"2025-03-08T10:43:31","modified_gmt":"2025-03-08T10:43:31","slug":"baume-dete-hydratant-avec-miroir-rouge-a-levres-transparent-huile-de-maquillage-jules-gloss-jules-vanille-menthe-cafe-glace-odeur-de-gateau","status":"publish","type":"product","link":"https:\/\/afrycom.com\/fr\/produit\/baume-dete-hydratant-avec-miroir-rouge-a-levres-transparent-huile-de-maquillage-jules-gloss-jules-vanille-menthe-cafe-glace-odeur-de-gateau\/","title":{"rendered":"Baume d'\u00c9t\u00e9 Hydratant avec Miroir, Rouge \u00e0 L\u00e8vres Transparent, Huile de Maquillage, Jules Gloss, Jules Vanille, Menthe, Caf\u00e9 Glac\u00e9, Odeur de G\u00e2teau"},"content":{"rendered":"<div class=\"product-specs-list-container\">\n<ul class=\"product-specs-list util-clearfix\">\n<li class=\"product-prop line-limit-length\"><span\n                                        class=\"property-title\">Chimique Hign-concern\u00e9 :&nbsp;<\/span><span\n                                        class=\"property-desc line-limit-length\">Aucun<\/span>\n                            <\/li>\n<li class=\"product-prop line-limit-length\"><span\n                                        class=\"property-title\">Nombre de pi\u00e8ces :&nbsp;<\/span><span\n                                        class=\"property-desc line-limit-length\">Une Unit\u00e9<\/span>\n                            <\/li>\n<li class=\"product-prop line-limit-length\"><span\n                                        class=\"property-title\">Pays\/R\u00e9gion de Fabrication :&nbsp;<\/span><span\n                                        class=\"property-desc line-limit-length\">CHINE<\/span>\n                            <\/li>\n<li class=\"product-prop line-limit-length\"><span\n                                        class=\"property-title\">Taille :&nbsp;<\/span><span\n                                        class=\"property-desc line-limit-length\">taille r\u00e9elle<\/span>\n                            <\/li>\n<li class=\"product-prop line-limit-length\"><span\n                                        class=\"property-title\">Ingr\u00e9dient :&nbsp;<\/span><span\n                                        class=\"property-desc line-limit-length\">Brillant \u00e0 l\u00e8vres hydratant<\/span>\n                            <\/li>\n<li class=\"product-prop line-limit-length\"><span\n                                        class=\"property-title\">Quantit\u00e9 :&nbsp;<\/span><span\n                                        class=\"property-desc line-limit-length\">1 pi\u00e8ce<\/span>\n                            <\/li>\n<li class=\"product-prop line-limit-length\"><span\n                                        class=\"property-title\">Num\u00e9ro de Mod\u00e8le :&nbsp;<\/span><span\n                                        class=\"property-desc line-limit-length\">baume \u00e0 l\u00e8vres beurre<\/span>\n                            <\/li>\n<li class=\"product-prop line-limit-length\"><span\n                                        class=\"property-title\">Avantage :&nbsp;<\/span><span\n                                        class=\"property-desc line-limit-length\">Hydratant,Nutritifs<\/span>\n                            <\/li>\n<li class=\"product-prop line-limit-length\"><span\n                                        class=\"property-title\">POIDS NET :&nbsp;<\/span><span\n                                        class=\"property-desc line-limit-length\">15g<\/span>\n                            <\/li>\n<li class=\"product-prop line-limit-length\"><span\n                                        class=\"property-title\">Nom de marque :&nbsp;<\/span><span\n                                        class=\"property-desc line-limit-length\">ibcccndc<\/span>\n                            <\/li>\n<li class=\"product-prop line-limit-length\"><span\n                                        class=\"property-title\">Origine :&nbsp;<\/span><span\n                                        class=\"property-desc line-limit-length\">CN (Origine)<\/span>\n                            <\/li>\n<li class=\"product-prop line-limit-length\"><span\n                                        class=\"property-title\">Date de fabrication :&nbsp;<\/span><span\n                                        class=\"property-desc line-limit-length\">nouveau<\/span>\n                            <\/li>\n<li class=\"product-prop line-limit-length\"><span\n                                        class=\"property-title\">Dur\u00e9e de vie :&nbsp;<\/span><span\n                                        class=\"property-desc line-limit-length\">3 ans<\/span>\n                            <\/li>\n<li class=\"product-prop line-limit-length\"><span\n                                        class=\"property-title\">Type :&nbsp;<\/span><span\n                                        class=\"property-desc line-limit-length\">Baume \u00e0 l\u00e8vres<\/span>\n                            <\/li>\n<\/ul><\/div>\n<div class=\"detailmodule_html\">\n<div class=\"detail-desc-decorate-richtext\">\n<div class=\"detailmodule_text-image\">\n<div class=\"detailmodule_text-image\">\n<div>\n   <br \/> \n  <\/div>\n<p style=\"font-family:OpenSans;font-size:14px;font-weight:300;line-height:20px;white-space:pre-wrap;color:rgb(0, 0, 0);margin-bottom:12px\" class=\"detail-desc-decorate-content\" id=\"tl_1\">Informations du produit <br \/>Nom : beurre de baume \u00e0 l\u00e8vres <br \/>Marque : lakerain <br \/>Dur\u00e9e de conservation : 3 ans <br \/>Capacit\u00e9 nette : 15g <br \/>Convient \u00e0 la peau : tous les types de peau <br \/>Quantit\u00e9 : 1 pi\u00e8ce <\/p>\n<p>Caract\u00e9ristiques : <br \/>1. Baume \u00e0 l\u00e8vres 100% v\u00e9g\u00e9talien, soyeux et textur\u00e9 qui absorbe rapidement pour hydrater et apaiser les l\u00e8vres s\u00e8ches. <br \/>2. Ce baume \u00e0 l\u00e8vres hydrate et apaise les l\u00e8vres en quelques secondes, tout en apportant une l\u00e9g\u00e8re brillance. <br \/>3. Prenez-le avec vous pour une hydratation, une couleur et une brillance instantan\u00e9es. <br \/>Conseil de pro : Nous vous recommandons de l'associer \u00e0 votre crayon \u00e0 l\u00e8vres pr\u00e9f\u00e9r\u00e9 pour une l\u00e8vre extra brillante. <\/p>\n<p>Comment utiliser : <br \/>Peut \u00eatre utilis\u00e9 tout au long de la journ\u00e9e, appliquer chaque fois que vos l\u00e8vres ont besoin d'une hydratation suppl\u00e9mentaire. Peut \u00eatre utilis\u00e9 sous ou sur le rouge \u00e0 l\u00e8vres.<\/p>\n<p style=\"font-family:OpenSans;font-size:14px;font-weight:300;line-height:20px;white-space:pre-wrap;color:rgb(0, 0, 0);margin-bottom:12px\" class=\"detail-desc-decorate-content\"><img decoding=\"async\" src=\"https:\/\/ae01.alicdn.com\/kf\/S7d6e104ded284bd7bbb571b4998971f3p.jpg\" slate-data-type=\"image\" \/><img decoding=\"async\" src=\"https:\/\/ae01.alicdn.com\/kf\/S1cbbb47505864d32b94dbd6d9bc17ddfC.jpg\" slate-data-type=\"image\" \/><img decoding=\"async\" src=\"https:\/\/ae01.alicdn.com\/kf\/S83a56ec9398e4ac180c26820d491c9c84.jpg\" slate-data-type=\"image\" \/><img decoding=\"async\" src=\"https:\/\/ae01.alicdn.com\/kf\/Saee7e6ab3afe49618c6fce2ed3ec4466a.jpg\" slate-data-type=\"image\" \/><img decoding=\"async\" src=\"https:\/\/ae01.alicdn.com\/kf\/Sdf7a5e19f4ae476bbe19799cd8531fe7l.jpg\" slate-data-type=\"image\" \/><img decoding=\"async\" src=\"https:\/\/ae01.alicdn.com\/kf\/Sadc2338815d04306904674d3cafea586M.jpg\" slate-data-type=\"image\" \/><img decoding=\"async\" src=\"https:\/\/ae01.alicdn.com\/kf\/S3ae4e3b5666c48a2adbc9b8b1de03f35n.jpg\" slate-data-type=\"image\" \/><img decoding=\"async\" src=\"https:\/\/ae01.alicdn.com\/kf\/Sed24e87b699746a097ff44d9aeb814f71.jpg\" slate-data-type=\"image\" \/><img decoding=\"async\" src=\"https:\/\/ae01.alicdn.com\/kf\/S7ed83dcaba4d4fa9998cf7ed44dafaff0.jpg\" slate-data-type=\"image\" \/><img decoding=\"async\" src=\"https:\/\/ae01.alicdn.com\/kf\/Sbb5d8edd3fab4a45a32f4d6f4b57a970u.jpg\" slate-data-type=\"image\" \/><img decoding=\"async\" src=\"https:\/\/ae01.alicdn.com\/kf\/S320aed511f434dafb2941656251198fdC.jpg\" slate-data-type=\"image\" \/><img decoding=\"async\" src=\"https:\/\/ae01.alicdn.com\/kf\/S65b86b22ad2b47bca927c3caf000b7d2n.jpg\" slate-data-type=\"image\" \/><img decoding=\"async\" src=\"https:\/\/ae01.alicdn.com\/kf\/S6acd1f24fffd460bb585f73415599bb6b.jpg\" slate-data-type=\"image\" \/><\/p>\n<\/p><\/div>\n<p><\/p>\n<\/div>\n<p><\/p>\n<\/div>\n<\/div>","protected":false},"excerpt":{"rendered":"<p>Chimique Hign-concern\u00e9:&nbsp;Aucun Nombre de pi\u00e8ces:&nbsp;Une Unit\u00e9 Pays\/R\u00e9gion de Fabrication:&nbsp;CHINA Taille:&nbsp;taille r\u00e9elle Ingr\u00e9dient:&nbsp;Moisturizing Lip Gloss Quantit\u00e9:&nbsp;1 piece Num\u00e9ro de Mod\u00e8le:&nbsp;lip balm<\/p>","protected":false},"featured_media":10564,"comment_status":"open","ping_status":"closed","template":"","meta":[],"product_brand":[],"product_cat":[15],"product_tag":[],"class_list":{"0":"post-10563","1":"product","2":"type-product","3":"status-publish","4":"has-post-thumbnail","6":"product_cat-uncategorized","8":"first","9":"instock","10":"shipping-taxable","11":"purchasable","12":"product-type-variable"},"jetpack_sharing_enabled":true,"_links":{"self":[{"href":"https:\/\/afrycom.com\/fr\/wp-json\/wp\/v2\/product\/10563","targetHints":{"allow":["GET"]}}],"collection":[{"href":"https:\/\/afrycom.com\/fr\/wp-json\/wp\/v2\/product"}],"about":[{"href":"https:\/\/afrycom.com\/fr\/wp-json\/wp\/v2\/types\/product"}],"replies":[{"embeddable":true,"href":"https:\/\/afrycom.com\/fr\/wp-json\/wp\/v2\/comments?post=10563"}],"wp:featuredmedia":[{"embeddable":true,"href":"https:\/\/afrycom.com\/fr\/wp-json\/wp\/v2\/media\/10564"}],"wp:attachment":[{"href":"https:\/\/afrycom.com\/fr\/wp-json\/wp\/v2\/media?parent=10563"}],"wp:term":[{"taxonomy":"product_brand","embeddable":true,"href":"https:\/\/afrycom.com\/fr\/wp-json\/wp\/v2\/product_brand?post=10563"},{"taxonomy":"product_cat","embeddable":true,"href":"https:\/\/afrycom.com\/fr\/wp-json\/wp\/v2\/product_cat?post=10563"},{"taxonomy":"product_tag","embeddable":true,"href":"https:\/\/afrycom.com\/fr\/wp-json\/wp\/v2\/product_tag?post=10563"}],"curies":[{"name":"wp","href":"https:\/\/api.w.org\/{rel}","templated":true}]}}