{"id":10541,"date":"2025-03-08T10:43:02","date_gmt":"2025-03-08T10:43:02","guid":{"rendered":"https:\/\/afrycom.com\/product\/mini-budgetaire-portable-full-hd-4k-wi-fi-6-android-2-5g-5g-wifi-3d-home-cinema-beam-video-3d-reunion-pk-hy320\/"},"modified":"2025-03-08T10:43:04","modified_gmt":"2025-03-08T10:43:04","slug":"mini-budgetaire-portable-full-hd-4k-wi-fi-6-android-2-5g-5g-wifi-3d-home-cinema-beam-video-3d-reunion-pk-hy320","status":"publish","type":"product","link":"https:\/\/afrycom.com\/fr\/produit\/mini-budgetaire-portable-full-hd-4k-wi-fi-6-android-2-5g-5g-wifi-3d-home-cinema-beam-video-3d-reunion-pk-hy320\/","title":{"rendered":"Mini budget portable Full HD 4K, Wi-Fi 6, Android, 2.5G, 5G, WiFi, 3D, Home cin\u00e9ma, Beam, Vid\u00e9o 3D, R\u00e9union, PK, HY320"},"content":{"rendered":"<div class=\"product-specs-list-container\">\n<ul class=\"product-specs-list util-clearfix\">\n<li class=\"product-prop line-limit-length\"><span class=\"property-title\">Produits chimiques \u00e0 haute teneur en soufre :\u00a0<\/span><span class=\"property-desc line-limit-length\">Aucun<\/span><\/li>\n<li class=\"product-prop line-limit-length\"><span class=\"property-title\">Compatible avec le Bluetooth :\u00a0<\/span><span class=\"property-desc line-limit-length\">OUI<\/span><\/li>\n<li class=\"product-prop line-limit-length\"><span class=\"property-title\">Cat\u00e9gorie :\u00a0<\/span><span class=\"property-desc line-limit-length\">Projecteurs<\/span><\/li>\n<li class=\"product-prop line-limit-length\"><span class=\"property-title\">Mode projectif :\u00a0<\/span><span class=\"property-desc line-limit-length\">T4<\/span><\/li>\n<li class=\"product-prop line-limit-length\"><span class=\"property-title\">Nom de marque :\u00a0<\/span><span class=\"property-desc line-limit-length\">BESTSKI<\/span><\/li>\n<li class=\"product-prop line-limit-length\"><span class=\"property-title\">Origine :\u00a0<\/span><span class=\"property-desc line-limit-length\">CN (Origine)<\/span><\/li>\n<\/ul>\n<\/div>\n<div class=\"detailmodule_html\">\n<div class=\"detail-desc-decorate-richtext\">\n<ul class=\"a-unordered-list a-vertical a-spacing-mini\" style=\"font-family: 'Amazon Ember', Arial, sans-serif; font-size: 14px; font-weight: 400; letter-spacing: normal; text-align: start; white-space: normal; color: #0f1111; background-color: #ffffff; margin: 0px 0px 0px 18px; padding: 0px; box-sizing: border-box;\">\n<li class=\"a-spacing-mini\" style=\"margin: 0px; list-style: disc; box-sizing: border-box;\">\n<p><span id=\"tl_1\" class=\"a-list-item\" style=\"color: var(--__n4qdchev6mgo,#0f1111);\">\u3010Projecteur intelligent WIFI 6 \u3011Dites adieu \u00e0 la projection traditionnelle de conversion par c\u00e2ble HDMI, le projecteur intelligent Maypug a une connexion WiFi6 int\u00e9gr\u00e9e, un taux de transmission plus rapide et un d\u00e9lai de transmission plus faible, se connecte facilement et rapidement aux smartphones, ordinateurs portables, etc., dans les 5 secondes pour se connecter avec succ\u00e8s. Permet une projection rapide et stable pour les vid\u00e9os, les jeux et plus encore.<\/span><\/p>\n<\/li>\n<li class=\"a-spacing-mini\" style=\"margin: 0px; list-style: disc; box-sizing: border-box;\">\n<p><span id=\"tl_2\" class=\"a-list-item\" style=\"color: var(--__n4qdchev6mgo,#0f1111);\">\u3010 BT5.0 et fonction haut-parleur \u3011Le projecteur portable est dot\u00e9 d'une puce et de haut-parleurs Bluetooth 5.0 int\u00e9gr\u00e9s. Vous pouvez am\u00e9liorer le son en couplant le projecteur avec des \u00e9couteurs, des haut-parleurs ou d'autres appareils audio via la technologie Bluetooth, ou vous pouvez profiter d'une exp\u00e9rience audiovisuelle confortable directement via les haut-parleurs du projecteur.<\/span><\/p>\n<\/li>\n<li class=\"a-spacing-mini\" style=\"margin: 0px; list-style: disc; box-sizing: border-box;\">\n<p><span id=\"tl_3\" class=\"a-list-item\" style=\"color: var(--__n4qdchev6mgo,#0f1111);\">\u3010Mini projecteur rotatif \u00e0 180 \u00b0 \u3011La base du projecteur est livr\u00e9e avec un support rotatif \u00e0 180 \u00b0 qui permet au projecteur de pointer dans diverses directions, y compris du mur au plafond. Vous pouvez voir \u00e0 n'importe quel angle de 40 \u00e0 130 pieds avec une image claire sur l'\u00e9cran.<\/span><\/p>\n<\/li>\n<li class=\"a-spacing-mini\" style=\"margin: 0px; list-style: disc; box-sizing: border-box;\">\n<p><span id=\"tl_4\" class=\"a-list-item\" style=\"color: var(--__n4qdchev6mgo,#0f1111);\">\u3010\u00c9cran de projection HD \u3011Le projecteur de film prend en charge 4K 1080P et offre un \u00e9cran de projection de 40 \u00e0 130 pouces avec une distance de projection optimale de 5.51 pieds. Vous pouvez facilement obtenir le meilleur \u00e9cran de projection avec la fonction de correction automatique du trap\u00e8ze horizontal.<\/span><\/p>\n<\/li>\n<li class=\"a-spacing-mini\" style=\"margin: 0px; list-style: disc; box-sizing: border-box;\">\n<p><span id=\"tl_5\" class=\"a-list-item\" style=\"color: var(--__n4qdchev6mgo,#0f1111);\">\u3010Large application\u3011Le projecteur portable dispose de ports HDMI, USB, casque de 3.5mm int\u00e9gr\u00e9s (veuillez noter que vous devez acheter le c\u00e2ble HDMI vous-m\u00eame), qui convient \u00e0 TV Stick\/Box, consoles de jeu, PC, smartphones, tablettes, ordinateurs portables, lecteurs DVD et cl\u00e9s USB, etc. Vous pouvez l'utiliser pour le home cin\u00e9ma, les f\u00eates, le travail et plus encore.<\/span><\/p>\n<\/li>\n<\/ul>\n<p><img decoding=\"async\" src=\"https:\/\/ae01.alicdn.com\/kf\/A34d8fb0320bb4b11b5beaf7fb4fa562d7.jpg\" \/><img decoding=\"async\" src=\"https:\/\/ae01.alicdn.com\/kf\/A31c4a604e62d47fea4bed45e989bac54B.jpg\" \/><img decoding=\"async\" src=\"https:\/\/ae01.alicdn.com\/kf\/A86bd79a04fe84316ad190494a152ecc2I.jpg\" \/><img decoding=\"async\" src=\"https:\/\/ae01.alicdn.com\/kf\/A762c88b6cc8d40568a613f4a55d17bc5u.jpg\" \/><img decoding=\"async\" src=\"https:\/\/ae01.alicdn.com\/kf\/A30aed463c4524b74a353abf58ab22bb2v.jpg\" \/><img decoding=\"async\" src=\"https:\/\/ae01.alicdn.com\/kf\/A3dde04738e3a4aabbc88986dd4bd8f3bI.jpg\" \/><img decoding=\"async\" src=\"https:\/\/ae01.alicdn.com\/kf\/Ad9b6a0d951cc413c80afba45d8335086Q.jpg\" \/><img decoding=\"async\" src=\"https:\/\/ae01.alicdn.com\/kf\/A22bc84d39e864ebe91d2a4261c845139q.jpg\" \/><img decoding=\"async\" src=\"https:\/\/ae01.alicdn.com\/kf\/Af97c953b24dc45c6be1b3c4ade87c458N.jpg\" \/><\/p>\n<\/div>\n<\/div>","protected":false},"excerpt":{"rendered":"<p>Hign-concerned Chemical:\u00a0Aucun Bluetooth-compatible:\u00a0YES Category:\u00a0Projecteurs Projective Mode:\u00a0T4 Brand Name:\u00a0BESTSKI Origin:\u00a0CN (Origine) \u3010Projecteur intelligent WIFI 6 \u3011Dites adieu \u00e0 la projection traditionnelle<\/p>","protected":false},"featured_media":10542,"comment_status":"open","ping_status":"closed","template":"","meta":[],"product_brand":[],"product_cat":[15],"product_tag":[],"class_list":{"0":"post-10541","1":"product","2":"type-product","3":"status-publish","4":"has-post-thumbnail","6":"product_cat-uncategorized","8":"first","9":"instock","10":"shipping-taxable","11":"purchasable","12":"product-type-variable"},"jetpack_sharing_enabled":true,"_links":{"self":[{"href":"https:\/\/afrycom.com\/fr\/wp-json\/wp\/v2\/product\/10541","targetHints":{"allow":["GET"]}}],"collection":[{"href":"https:\/\/afrycom.com\/fr\/wp-json\/wp\/v2\/product"}],"about":[{"href":"https:\/\/afrycom.com\/fr\/wp-json\/wp\/v2\/types\/product"}],"replies":[{"embeddable":true,"href":"https:\/\/afrycom.com\/fr\/wp-json\/wp\/v2\/comments?post=10541"}],"wp:featuredmedia":[{"embeddable":true,"href":"https:\/\/afrycom.com\/fr\/wp-json\/wp\/v2\/media\/10542"}],"wp:attachment":[{"href":"https:\/\/afrycom.com\/fr\/wp-json\/wp\/v2\/media?parent=10541"}],"wp:term":[{"taxonomy":"product_brand","embeddable":true,"href":"https:\/\/afrycom.com\/fr\/wp-json\/wp\/v2\/product_brand?post=10541"},{"taxonomy":"product_cat","embeddable":true,"href":"https:\/\/afrycom.com\/fr\/wp-json\/wp\/v2\/product_cat?post=10541"},{"taxonomy":"product_tag","embeddable":true,"href":"https:\/\/afrycom.com\/fr\/wp-json\/wp\/v2\/product_tag?post=10541"}],"curies":[{"name":"wp","href":"https:\/\/api.w.org\/{rel}","templated":true}]}}