{"id":10520,"date":"2025-03-08T10:42:46","date_gmt":"2025-03-08T10:42:46","guid":{"rendered":"https:\/\/afrycom.com\/product\/rouge-a-levres-hydratant-longue-duree-nouveau-document-dete-baume-jules-le-vendredi-brillant-lisse-cosmetique-03-jules-care\/"},"modified":"2025-03-08T10:42:51","modified_gmt":"2025-03-08T10:42:51","slug":"rouge-a-levres-hydratant-longue-duree-nouveau-document-dete-baume-jules-le-vendredi-brillant-lisse-cosmetique-03-jules-care","status":"publish","type":"product","link":"https:\/\/afrycom.com\/fr\/produit\/rouge-a-levres-hydratant-longue-duree-nouveau-document-dete-baume-jules-le-vendredi-brillant-lisse-cosmetique-03-jules-care\/","title":{"rendered":"Rouge \u00e0 l\u00e8vres hydratant longue dur\u00e9e, nouveau document d'\u00e9t\u00e9, baume Jules le vendredi brillant, lisse, cosm\u00e9tique 03\/Jules Care"},"content":{"rendered":"<div class=\"product-specs-list-container\">\n<ul class=\"product-specs-list util-clearfix\">\n<li class=\"product-prop line-limit-length\"><span class=\"property-title\">Chimique Hign-concern\u00e9 :\u00a0<\/span><span class=\"property-desc line-limit-length\">Aucun<\/span><\/li>\n<li class=\"product-prop line-limit-length\"><span class=\"property-title\">Avantage :\u00a0<\/span><span class=\"property-desc line-limit-length\">Hydratant<\/span><\/li>\n<li class=\"product-prop line-limit-length\"><span class=\"property-title\">Origine :\u00a0<\/span><span class=\"property-desc line-limit-length\">CN (Origine)<\/span><\/li>\n<\/ul>\n<\/div>\n<div class=\"detailmodule_html\">\n<div class=\"detail-desc-decorate-richtext\">\n<div>\n<p id=\"tl_1\" style=\"font-size: 16px; font-family: Comic Sans MS, Verdana, Georgia;\">Sp\u00e9cification: Contenu net 15g<\/p>\n<p>Effet: 1 Nourrir profond\u00e9ment les l\u00e8vres s\u00e8ches, emprisonner l&#8217;humidit\u00e9 tout en donnant aux l\u00e8vres un lustre sain. Une touche de couleur pure rend votre sourire plus charmant et brille avec un bon teint. <br \/>2. La saveur de sucre l\u00e9ger est non seulement m\u00e9morable, mais ajoute \u00e9galement un charme de personnalit\u00e9 unique, faisant du soin quotidien des l\u00e8vres une sorte de plaisir. <br \/>3. Une touche de lumi\u00e8re peut instantan\u00e9ment \u00e9clairer la couleur des l\u00e8vres. Qu&#8217;il s&#8217;agisse d&#8217;un voyage quotidien ou d&#8217;une date d&#8217;urgence, il peut instantan\u00e9ment couvrir vos l\u00e8vres avec un manteau de couleur naturelle et vibrante, montrant votre style confiant. <br \/>Convient aux types de peau: Presque adapt\u00e9 \u00e0 tous les types de peau <br \/>Utilisation: 1 Nettoyez les l\u00e8vres et gardez-les au sec. <br \/>2. Appliquez une quantit\u00e9 appropri\u00e9e de ce produit uniform\u00e9ment sur vos l\u00e8vres.<\/p>\n<p>Commentaires: <br \/>1. La tol\u00e9rance de mesure manuelle est de 2 \u00e0 5g. Ne vous souciez pas de votre remplacement. <br \/>2. En raison des diff\u00e9rences entre les diff\u00e9rents moniteurs, l&#8217;image peut ne pas refl\u00e9ter la couleur r\u00e9elle du projet. Merci beaucoup. <br \/>3.SKU couleur est la couleur de l&#8217;emballage du produit. <br \/>Emballage inclus: 1 * baume au beurre pour les l\u00e8vres<\/p>\n<div><img decoding=\"async\" style=\"max-width: 100%; width: 800px; height: 800px; vertical-align: middle;\" src=\"https:\/\/ae01.alicdn.com\/kf\/S014b6461983c4547961c1013bc1ddc19D.jpg\" \/><\/p>\n<p><img decoding=\"async\" style=\"max-width: 100%; width: 800px; height: 800px; vertical-align: middle;\" src=\"https:\/\/ae01.alicdn.com\/kf\/Sc8b0ecfe5adf4061bd83ad8af3267fe5k.jpg\" \/><\/p>\n<p><img decoding=\"async\" style=\"max-width: 100%; width: 800px; height: 800px; vertical-align: middle;\" src=\"https:\/\/ae01.alicdn.com\/kf\/S569c6ec7c7c8415bada1a155938ef77fu.jpg\" \/><\/p>\n<p><img decoding=\"async\" style=\"max-width: 100%; width: 800px; height: 800px; vertical-align: middle;\" src=\"https:\/\/ae01.alicdn.com\/kf\/Sb1527ef079eb46cab2767c6d70a908c8z.jpg\" \/><\/p>\n<p><img decoding=\"async\" style=\"max-width: 100%; width: 800px; height: 800px; vertical-align: middle;\" src=\"https:\/\/ae01.alicdn.com\/kf\/S9bd9a3f6011643d59b3a569765b824c6k.jpg\" \/><\/p>\n<p><img decoding=\"async\" style=\"max-width: 100%; width: 800px; height: 800px; vertical-align: middle;\" src=\"https:\/\/ae01.alicdn.com\/kf\/S1b3e33dd229e4747ac4ce16989e3510dr.jpg\" \/><\/p>\n<p><img decoding=\"async\" style=\"max-width: 100%; width: 800px; height: 800px; vertical-align: middle;\" src=\"https:\/\/ae01.alicdn.com\/kf\/S76291e840946423283b51c85340c6d60T.jpg\" \/><\/p>\n<p><img decoding=\"async\" style=\"max-width: 100%; width: 800px; height: 800px; vertical-align: middle;\" src=\"https:\/\/ae01.alicdn.com\/kf\/Sc74f81c7ed564016a6d874fb25397f325.jpg\" \/><\/p>\n<p><img decoding=\"async\" style=\"max-width: 100%; width: 800px; height: 800px; vertical-align: middle;\" src=\"https:\/\/ae01.alicdn.com\/kf\/S4ede6fbb6bee4239889f641fcb04a9e2O.jpg\" \/><\/p>\n<p><img decoding=\"async\" style=\"max-width: 100%; width: 800px; height: 800px; vertical-align: middle;\" src=\"https:\/\/ae01.alicdn.com\/kf\/Sdc92228aa40a418ab0c0393074c32f28v.jpg\" \/><\/p>\n<p><img decoding=\"async\" style=\"max-width: 100%; width: 800px; height: 800px; vertical-align: middle;\" src=\"https:\/\/ae01.alicdn.com\/kf\/S712d6674954847c8b5391224b696f18ff.jpg\" \/><\/p>\n<p><img decoding=\"async\" style=\"max-width: 100%; width: 800px; height: 800px; vertical-align: middle;\" src=\"https:\/\/ae01.alicdn.com\/kf\/S42334261e0e547dab47eb59d2d29fa87s.jpg\" \/><\/p>\n<p><img decoding=\"async\" style=\"max-width: 100%; width: 800px; height: 800px; vertical-align: middle;\" src=\"https:\/\/ae01.alicdn.com\/kf\/Sdf72f1d4bcf241f3a63eaf4b7cb21450u.jpg\" \/><\/p>\n<p><img decoding=\"async\" style=\"max-width: 100%; width: 800px; height: 800px; vertical-align: middle;\" src=\"https:\/\/ae01.alicdn.com\/kf\/Sd882aa8109fe482a98a293dfda31d9f4d.jpg\" \/><\/p>\n<p><img decoding=\"async\" style=\"max-width: 100%; width: 800px; height: 800px; vertical-align: middle;\" src=\"https:\/\/ae01.alicdn.com\/kf\/Sef9df527af35457886adfe6bd78bd870u.jpg\" \/><\/p>\n<p><img decoding=\"async\" style=\"max-width: 100%; width: 800px; height: 800px; vertical-align: middle;\" src=\"https:\/\/ae01.alicdn.com\/kf\/Sb7ac5d22b50f49e2b96d2ccb6d4b35d7q.jpg\" \/><\/p>\n<p><img decoding=\"async\" style=\"max-width: 100%; width: 800px; height: 800px; vertical-align: middle;\" src=\"https:\/\/ae01.alicdn.com\/kf\/S631bfcd9a5664e95a41867b2e54c1787D.jpg\" \/><\/p>\n<p><img decoding=\"async\" style=\"max-width: 100%; width: 800px; height: 800px; vertical-align: middle;\" src=\"https:\/\/ae01.alicdn.com\/kf\/S48c33a321a2245da8b7b4e32c4c6f1d8G.jpg\" \/><\/p>\n<p><img decoding=\"async\" style=\"max-width: 100%; width: 800px; height: 800px; vertical-align: middle;\" src=\"https:\/\/ae01.alicdn.com\/kf\/S45c2fa2534f247e4bdaae9e8d63d1962h.jpg\" \/><\/p>\n<p><img decoding=\"async\" style=\"max-width: 100%; width: 800px; height: 800px; vertical-align: middle;\" src=\"https:\/\/ae01.alicdn.com\/kf\/Sdf7f827f2f794723b78bb1cf1e691e09K.jpg\" \/><\/p>\n<p><img decoding=\"async\" style=\"max-width: 100%; width: 800px; height: 800px; vertical-align: middle;\" src=\"https:\/\/ae01.alicdn.com\/kf\/Sb281fdb4e5324893b901d78c6ee9a320s.jpg\" \/><\/p>\n<p><img decoding=\"async\" style=\"max-width: 100%; width: 800px; height: 800px; vertical-align: middle;\" src=\"https:\/\/ae01.alicdn.com\/kf\/S2ea1a28106a349199c9db5509f94f290e.jpg\" \/><\/p>\n<p><img decoding=\"async\" style=\"max-width: 100%; width: 800px; height: 800px; vertical-align: middle;\" src=\"https:\/\/ae01.alicdn.com\/kf\/S69ef3c8cf22042118e17f16be0af0f74b.jpg\" \/><\/p>\n<p><img decoding=\"async\" style=\"max-width: 100%; width: 800px; height: 800px; vertical-align: middle;\" src=\"https:\/\/ae01.alicdn.com\/kf\/Sb627b47d9ae645ab90f40990277b7788a.jpg\" \/><\/p>\n<p><img decoding=\"async\" style=\"max-width: 100%; width: 800px; height: 800px; vertical-align: middle;\" src=\"https:\/\/ae01.alicdn.com\/kf\/S1f8603679af54e43aef4ac29addf25b1O.jpg\" \/><\/p>\n<p><img decoding=\"async\" style=\"max-width: 100%; width: 800px; height: 800px; vertical-align: middle;\" src=\"https:\/\/ae01.alicdn.com\/kf\/Sbc4930c44e5c434e82622fbc7eec6d1f2.jpg\" \/><\/p>\n<p><img decoding=\"async\" style=\"max-width: 100%; width: 800px; height: 800px; vertical-align: middle;\" src=\"https:\/\/ae01.alicdn.com\/kf\/S1c8bfac6aa554eb0b1b0557d677f5367D.jpg\" \/><\/p>\n<p><img decoding=\"async\" style=\"max-width: 100%; width: 800px; height: 800px; vertical-align: middle;\" src=\"https:\/\/ae01.alicdn.com\/kf\/Sbc0a74e626324a2a87d2d71a850a2fd6G.jpg\" \/><\/p>\n<p><img decoding=\"async\" style=\"max-width: 100%; width: 800px; height: 800px; vertical-align: middle;\" src=\"https:\/\/ae01.alicdn.com\/kf\/S8fac71372c22485cbb5b2d40598e33daI.jpg\" \/><\/p>\n<p><img decoding=\"async\" style=\"max-width: 100%; width: 800px; height: 800px; vertical-align: middle;\" src=\"https:\/\/ae01.alicdn.com\/kf\/Sb5f4012d8ac34245a8ebd685f18b4c45b.jpg\" \/><\/p>\n<p><img decoding=\"async\" style=\"max-width: 100%; width: 800px; height: 800px; vertical-align: middle;\" src=\"https:\/\/ae01.alicdn.com\/kf\/Sefa0571dd1f6461d81ea3d1b36ac331eq.jpg\" \/><\/p>\n<p><img decoding=\"async\" style=\"max-width: 100%; width: 800px; height: 800px; vertical-align: middle;\" src=\"https:\/\/ae01.alicdn.com\/kf\/S4adad6acfebf4674a01354d1a7a62d5dh.jpg\" \/><\/p>\n<p><img decoding=\"async\" style=\"max-width: 100%; width: 800px; height: 800px; vertical-align: middle;\" src=\"https:\/\/ae01.alicdn.com\/kf\/S723eb391a8524ed1a002bd5e4cd12cdbz.jpg\" \/><\/p>\n<p><img decoding=\"async\" style=\"max-width: 100%; width: 800px; height: 800px; vertical-align: middle;\" src=\"https:\/\/ae01.alicdn.com\/kf\/Sc7489e1fcdcc4b3bad21a8eb17a6f5c2F.jpg\" \/><\/p>\n<p><img decoding=\"async\" style=\"max-width: 100%; width: 800px; height: 800px; vertical-align: middle;\" src=\"https:\/\/ae01.alicdn.com\/kf\/S721dddd9b461466aa004deaed766cbedd.jpg\" \/><\/p>\n<p><img decoding=\"async\" style=\"max-width: 100%; width: 800px; height: 800px; vertical-align: middle;\" src=\"https:\/\/ae01.alicdn.com\/kf\/S6dcd822e3fe14fb98471708fa4272c93N.jpg\" \/><\/p>\n<\/div>\n<p id=\"tl_2\" style=\"font-size: 16px; font-family: Comic Sans MS, Verdana, Georgia;\">Bonjour, les gars, merci de visiter mon magasin. Vous pouvez nous contacter pour obtenir plus de d\u00e9tails sur les marchandises. Nous serons pr\u00eats \u00e0 vous r\u00e9pondre d\u00e8s que possible.<\/p>\n<\/div>\n<\/div>\n<\/div>","protected":false},"excerpt":{"rendered":"<p>Chimique Hign-concern\u00e9:\u00a0Aucun Avantage:\u00a0Hydratant Origine:\u00a0CN (Origine) Sp\u00e9cification: Contenu net 15g Effet: 1 Nourrir profond\u00e9ment les l\u00e8vres s\u00e8ches, emprisonner l&#8217;humidit\u00e9 tout en<\/p>","protected":false},"featured_media":10521,"comment_status":"open","ping_status":"closed","template":"","meta":[],"product_brand":[],"product_cat":[34],"product_tag":[],"class_list":{"0":"post-10520","1":"product","2":"type-product","3":"status-publish","4":"has-post-thumbnail","6":"product_cat-beauty-care","8":"first","9":"instock","10":"shipping-taxable","11":"purchasable","12":"product-type-variable"},"jetpack_sharing_enabled":true,"_links":{"self":[{"href":"https:\/\/afrycom.com\/fr\/wp-json\/wp\/v2\/product\/10520","targetHints":{"allow":["GET"]}}],"collection":[{"href":"https:\/\/afrycom.com\/fr\/wp-json\/wp\/v2\/product"}],"about":[{"href":"https:\/\/afrycom.com\/fr\/wp-json\/wp\/v2\/types\/product"}],"replies":[{"embeddable":true,"href":"https:\/\/afrycom.com\/fr\/wp-json\/wp\/v2\/comments?post=10520"}],"wp:featuredmedia":[{"embeddable":true,"href":"https:\/\/afrycom.com\/fr\/wp-json\/wp\/v2\/media\/10521"}],"wp:attachment":[{"href":"https:\/\/afrycom.com\/fr\/wp-json\/wp\/v2\/media?parent=10520"}],"wp:term":[{"taxonomy":"product_brand","embeddable":true,"href":"https:\/\/afrycom.com\/fr\/wp-json\/wp\/v2\/product_brand?post=10520"},{"taxonomy":"product_cat","embeddable":true,"href":"https:\/\/afrycom.com\/fr\/wp-json\/wp\/v2\/product_cat?post=10520"},{"taxonomy":"product_tag","embeddable":true,"href":"https:\/\/afrycom.com\/fr\/wp-json\/wp\/v2\/product_tag?post=10520"}],"curies":[{"name":"wp","href":"https:\/\/api.w.org\/{rel}","templated":true}]}}