{"id":10492,"date":"2025-03-08T10:40:28","date_gmt":"2025-03-08T10:40:28","guid":{"rendered":"https:\/\/afrycom.com\/product\/chaussures-de-course-respirantes-decontractees-pour-hommes-chaussures-de-sport-a-la-mode-marche-en-plein-air-entrainement-tennis-2025\/"},"modified":"2025-03-08T10:40:31","modified_gmt":"2025-03-08T10:40:31","slug":"chaussures-de-course-respirantes-decontractees-pour-hommes-chaussures-de-sport-a-la-mode-marche-en-plein-air-entrainement-tennis-2025","status":"publish","type":"product","link":"https:\/\/afrycom.com\/fr\/produit\/chaussures-de-course-respirantes-decontractees-pour-hommes-chaussures-de-sport-a-la-mode-marche-en-plein-air-entrainement-tennis-2025\/","title":{"rendered":"Chaussures de course respirantes d\u00e9contract\u00e9es pour hommes, chaussures de sport \u00e0 la mode, marche en plein air, entra\u00eenement, tennis, 2025"},"content":{"rendered":"<div class=\"product-specs-list-container\">\n<ul class=\"product-specs-list util-clearfix\">\n<li class=\"product-prop line-limit-length\"><span class=\"property-title\">Avec ou installer des accessoires professionnels :\u00a0<\/span><span class=\"property-desc line-limit-length\">Aucun<\/span><\/li>\n<li class=\"product-prop line-limit-length\"><span class=\"property-title\">Que ce soit avec embout en m\u00e9tal :\u00a0<\/span><span class=\"property-desc line-limit-length\">Non<\/span><\/li>\n<li class=\"product-prop line-limit-length\"><span class=\"property-title\">Que ce soit \u00e9tanche :\u00a0<\/span><span class=\"property-desc line-limit-length\">Non<\/span><\/li>\n<li class=\"product-prop line-limit-length\"><span class=\"property-title\">M\u00e9thode de fixation sup\u00e9rieure :\u00a0<\/span><span class=\"property-desc line-limit-length\">Coller<\/span><\/li>\n<li class=\"product-prop line-limit-length\"><span class=\"property-title\">Couverture sup\u00e9rieure :\u00a0<\/span><span class=\"property-desc line-limit-length\">Pas au-dessus de la cheville<\/span><\/li>\n<li class=\"product-prop line-limit-length\"><span class=\"property-title\">Sexe :\u00a0<\/span><span class=\"property-desc line-limit-length\">Hommes<\/span><\/li>\n<li class=\"product-prop line-limit-length\"><span class=\"property-title\">Forme des pieds:\u00a0<\/span><span class=\"property-desc line-limit-length\">round toe<\/span><\/li>\n<li class=\"product-prop line-limit-length\"><span class=\"property-title\">Chimique Hign-concern\u00e9 :\u00a0<\/span><span class=\"property-desc line-limit-length\">Aucun<\/span><\/li>\n<li class=\"product-prop line-limit-length\"><span class=\"property-title\">Type de chaussures :\u00a0<\/span><span class=\"property-desc line-limit-length\">CANVAS<\/span><\/li>\n<li class=\"product-prop line-limit-length\"><span class=\"property-title\">Saison :\u00a0<\/span><span class=\"property-desc line-limit-length\">Printemps \/ Automne<\/span><\/li>\n<li class=\"product-prop line-limit-length\"><span class=\"property-title\">Mat\u00e9riau de Semelle Ext\u00e9rieure :\u00a0<\/span><span class=\"property-desc line-limit-length\">plastique<\/span><\/li>\n<li class=\"product-prop line-limit-length\"><span class=\"property-title\">Mat\u00e9riau Sup\u00e9rieur :\u00a0<\/span><span class=\"property-desc line-limit-length\">CANVAS<\/span><\/li>\n<li class=\"product-prop line-limit-length\"><span class=\"property-title\">Nom de D\u00e9partement :\u00a0<\/span><span class=\"property-desc line-limit-length\">Adulte<\/span><\/li>\n<li class=\"product-prop line-limit-length\"><span class=\"property-title\">Origine :\u00a0<\/span><span class=\"property-desc line-limit-length\">CN (Origine)<\/span><\/li>\n<li class=\"product-prop line-limit-length\"><span class=\"property-title\">Type d'article :\u00a0<\/span><span class=\"property-desc line-limit-length\">Chaussures d\u00e9contract\u00e9es<\/span><\/li>\n<\/ul>\n<\/div>\n<div class=\"detailmodule_html\">\n<div class=\"detail-desc-decorate-richtext\">\n<h6><span id=\"tl_1\" style=\"color: #f44e3b; font-size: 18px;\">Rappeler<\/span><\/h6>\n<h6 id=\"tl_2\">1. Il y a un \u00e9cart de couleur dans le produit, veuillez vous r\u00e9f\u00e9rer \u00e0 la couleur r\u00e9elle du produit re\u00e7u<\/h6>\n<h6 id=\"tl_3\">2. En raison du prix bas, la fabrication et les d\u00e9tails sont un peu approximatifs. En poursuivant la perfection, veuillez ne pas passer de commande <img decoding=\"async\" src=\"https:\/\/ae01.alicdn.com\/kf\/S17ba129b56ba42349f59bbe59a1acec67.png\" \/> <img decoding=\"async\" src=\"https:\/\/ae01.alicdn.com\/kf\/Sbcd7a9f40fe14b288717283a77198b4cN.jpg\" \/> <img decoding=\"async\" src=\"https:\/\/ae01.alicdn.com\/kf\/S864d633c6115479e8f38d79897a4fbd1n.jpg\" \/> <img decoding=\"async\" src=\"https:\/\/ae01.alicdn.com\/kf\/S2499a49b4a31442e8bb64a6d3aceeb6a6.jpg\" \/> <img decoding=\"async\" src=\"https:\/\/ae01.alicdn.com\/kf\/Sd8bd295d04f947bbb5a76e7be3f0838fg.jpg\" \/> <img decoding=\"async\" src=\"https:\/\/ae01.alicdn.com\/kf\/S35bdd4017d034493bcfdf24e2f3681b8J.jpg\" \/> <img decoding=\"async\" src=\"https:\/\/ae01.alicdn.com\/kf\/S15a731f963764d258a36fa56e9f0a47bS.jpg\" \/><\/h6>\n<p>\u00a0<\/p>\n<\/div>\n<\/div>","protected":false},"excerpt":{"rendered":"<p>Avec ou installer des accessoires professionnels:\u00a0Aucun Que ce soit avec embout en m\u00e9tal:\u00a0Non Que ce soit \u00e9tanche:\u00a0Non M\u00e9thode de fixation<\/p>","protected":false},"featured_media":10493,"comment_status":"open","ping_status":"closed","template":"","meta":[],"product_brand":[],"product_cat":[83],"product_tag":[],"class_list":{"0":"post-10492","1":"product","2":"type-product","3":"status-publish","4":"has-post-thumbnail","6":"product_cat-clothings-shoes","8":"first","9":"instock","10":"shipping-taxable","11":"purchasable","12":"product-type-variable"},"jetpack_sharing_enabled":true,"_links":{"self":[{"href":"https:\/\/afrycom.com\/fr\/wp-json\/wp\/v2\/product\/10492","targetHints":{"allow":["GET"]}}],"collection":[{"href":"https:\/\/afrycom.com\/fr\/wp-json\/wp\/v2\/product"}],"about":[{"href":"https:\/\/afrycom.com\/fr\/wp-json\/wp\/v2\/types\/product"}],"replies":[{"embeddable":true,"href":"https:\/\/afrycom.com\/fr\/wp-json\/wp\/v2\/comments?post=10492"}],"wp:featuredmedia":[{"embeddable":true,"href":"https:\/\/afrycom.com\/fr\/wp-json\/wp\/v2\/media\/10493"}],"wp:attachment":[{"href":"https:\/\/afrycom.com\/fr\/wp-json\/wp\/v2\/media?parent=10492"}],"wp:term":[{"taxonomy":"product_brand","embeddable":true,"href":"https:\/\/afrycom.com\/fr\/wp-json\/wp\/v2\/product_brand?post=10492"},{"taxonomy":"product_cat","embeddable":true,"href":"https:\/\/afrycom.com\/fr\/wp-json\/wp\/v2\/product_cat?post=10492"},{"taxonomy":"product_tag","embeddable":true,"href":"https:\/\/afrycom.com\/fr\/wp-json\/wp\/v2\/product_tag?post=10492"}],"curies":[{"name":"wp","href":"https:\/\/api.w.org\/{rel}","templated":true}]}}