{"id":10425,"date":"2025-03-08T10:39:59","date_gmt":"2025-03-08T10:39:59","guid":{"rendered":"https:\/\/afrycom.com\/product\/visage-rond-strass-etoile-ciel-argent-rose-femmes-pour-montre-loisirs-mode-tendance-ceinture-givree-vintage-noir-quartz-montre-bracelet\/"},"modified":"2025-03-08T10:40:16","modified_gmt":"2025-03-08T10:40:16","slug":"visage-rond-strass-etoile-ciel-argent-rose-femmes-pour-montre-loisirs-mode-tendance-ceinture-givree-vintage-noir-quartz-montre-bracelet","status":"publish","type":"product","link":"https:\/\/afrycom.com\/fr\/produit\/visage-rond-strass-etoile-ciel-argent-rose-femmes-pour-montre-loisirs-mode-tendance-ceinture-givree-vintage-noir-quartz-montre-bracelet\/","title":{"rendered":"Visage rond strass \u00e9toile ciel argent rose femmes pour montre loisirs mode tendance ceinture givr\u00e9e Vintage noir Quartz montre-bracelet"},"content":{"rendered":"<div class=\"product-specs-list-container\">\n<ul class=\"product-specs-list util-clearfix\">\n<li class=\"product-prop line-limit-length\"><span\n                                        class=\"property-title\">Forme de mallettes:&nbsp;<\/span><span\n                                        class=\"property-desc line-limit-length\">Ronde<\/span>\n                            <\/li>\n<li class=\"product-prop line-limit-length\"><span\n                                        class=\"property-title\">Type de mat\u00e9riau de fen\u00eatre de cadran:&nbsp;<\/span><span\n                                        class=\"property-desc line-limit-length\">Verre trait\u00e9<\/span>\n                            <\/li>\n<li class=\"product-prop line-limit-length\"><span\n                                        class=\"property-title\">Mat\u00e9riel des bo\u00eetes et mallettes:&nbsp;<\/span><span\n                                        class=\"property-desc line-limit-length\">pas de paquet<\/span>\n                            <\/li>\n<li class=\"product-prop line-limit-length\"><span\n                                        class=\"property-title\">Diam\u00e8tre du cadran:&nbsp;<\/span><span\n                                        class=\"property-desc line-limit-length\">34mm<\/span>\n                            <\/li>\n<li class=\"product-prop line-limit-length\"><span\n                                        class=\"property-title\">\u00c9paisseur du bo\u00eetier:&nbsp;<\/span><span\n                                        class=\"property-desc line-limit-length\">8.9mm<\/span>\n                            <\/li>\n<li class=\"product-prop line-limit-length\"><span\n                                        class=\"property-title\">Longueur de bande:&nbsp;<\/span><span\n                                        class=\"property-desc line-limit-length\">22cminch<\/span>\n                            <\/li>\n<li class=\"product-prop line-limit-length\"><span\n                                        class=\"property-title\">Largeur de bande:&nbsp;<\/span><span\n                                        class=\"property-desc line-limit-length\">16mm<\/span>\n                            <\/li>\n<li class=\"product-prop line-limit-length\"><span\n                                        class=\"property-title\">Type de mat\u00e9riel de bande:&nbsp;<\/span><span\n                                        class=\"property-desc line-limit-length\">Cuir<\/span>\n                            <\/li>\n<li class=\"product-prop line-limit-length\"><span\n                                        class=\"property-title\">Caract\u00e9ristique :&nbsp;<\/span><span\n                                        class=\"property-desc line-limit-length\">Aucun<\/span>\n                            <\/li>\n<li class=\"product-prop line-limit-length\"><span\n                                        class=\"property-title\">Style :&nbsp;<\/span><span\n                                        class=\"property-desc line-limit-length\">Fashion &amp; casual<\/span>\n                            <\/li>\n<li class=\"product-prop line-limit-length\"><span\n                                        class=\"property-title\">Profondeur de R\u00e9sistance \u00e0 L&#039;eau:&nbsp;<\/span><span\n                                        class=\"property-desc line-limit-length\">non \u00e9tanche<\/span>\n                            <\/li>\n<li class=\"product-prop line-limit-length\"><span\n                                        class=\"property-title\">Type de fermoir:&nbsp;<\/span><span\n                                        class=\"property-desc line-limit-length\">Boucle<\/span>\n                            <\/li>\n<li class=\"product-prop line-limit-length\"><span\n                                        class=\"property-title\">Mat\u00e9riau de Bo\u00eete:&nbsp;<\/span><span\n                                        class=\"property-desc line-limit-length\">alliage<\/span>\n                            <\/li>\n<li class=\"product-prop line-limit-length\"><span\n                                        class=\"property-title\">Mouvement:&nbsp;<\/span><span\n                                        class=\"property-desc line-limit-length\">QUARTZ<\/span>\n                            <\/li>\n<li class=\"product-prop line-limit-length\"><span\n                                        class=\"property-title\">Nom de marque :&nbsp;<\/span><span\n                                        class=\"property-desc line-limit-length\">MOONBIFFY<\/span>\n                            <\/li>\n<li class=\"product-prop line-limit-length\"><span\n                                        class=\"property-title\">Origine :&nbsp;<\/span><span\n                                        class=\"property-desc line-limit-length\">CN (Origine)<\/span>\n                            <\/li>\n<li class=\"product-prop line-limit-length\"><span\n                                        class=\"property-title\">Certification :&nbsp;<\/span><span\n                                        class=\"property-desc line-limit-length\">AUCUN<\/span>\n                            <\/li>\n<li class=\"product-prop line-limit-length\"><span\n                                        class=\"property-title\">Caract\u00e9ristique1 :&nbsp;<\/span><span\n                                        class=\"property-desc line-limit-length\">women quartz watches<\/span>\n                            <\/li>\n<li class=\"product-prop line-limit-length\"><span\n                                        class=\"property-title\">Caract\u00e9ristique2 :&nbsp;<\/span><span\n                                        class=\"property-desc line-limit-length\">watch for women<\/span>\n                            <\/li>\n<li class=\"product-prop line-limit-length\"><span\n                                        class=\"property-title\">Caract\u00e9ristique3 :&nbsp;<\/span><span\n                                        class=\"property-desc line-limit-length\">reloj mujer<\/span>\n                            <\/li>\n<li class=\"product-prop line-limit-length\"><span\n                                        class=\"property-title\">Caract\u00e9ristique4 :&nbsp;<\/span><span\n                                        class=\"property-desc line-limit-length\">wrist watches for women<\/span>\n                            <\/li>\n<li class=\"product-prop line-limit-length\"><span\n                                        class=\"property-title\">Caract\u00e9ristique5 :&nbsp;<\/span><span\n                                        class=\"property-desc line-limit-length\">women watch<\/span>\n                            <\/li>\n<li class=\"product-prop line-limit-length\"><span\n                                        class=\"property-title\">Caract\u00e9ristique6 :&nbsp;<\/span><span\n                                        class=\"property-desc line-limit-length\">relojes para mujer<\/span>\n                            <\/li>\n<\/ul><\/div>\n<div class=\"detailmodule_html\">\n<div class=\"detail-desc-decorate-richtext\">\n<div class=\"detailmodule_dynamic\">\n <kse:widget data-widget-type=\"relatedProduct\" id=\"1005000008030834\" title=\"\" type=\"relation\"><\/kse:widget>\n<\/div>\n<div>\n<div>\n<div>Sp\u00e9cification du produit<br \/>Mouvement : quartz<br \/>Mat\u00e9riau de Surface : verre<br \/>Mat\u00e9riau du bo\u00eetier : alliage<br \/>Mat\u00e9riau du bracelet : simili cuir<br \/>Largeur de bande : 16 mm<br \/>Longueur du bracelet : 225 mm (\u00e9tui compris)<br \/>\u00c9paisseur du bo\u00eetier : 8 mm<br \/>Diam\u00e8tre du bo\u00eetier : 34 mm<br \/>Poids de la montre : 25g<br \/> <br \/>\n   <img decoding=\"async\" referrerpolicy=\"no-referrer\" src=\"https:\/\/ae01.alicdn.com\/kf\/S9686c46051a44764895d90addb0da6d6T.jpg?width=1000&amp;height=1000&amp;hash=2000\">\n  <\/div>\n<div>\n   <img decoding=\"async\" class=\"detail-desc-decorate-image\" referrerpolicy=\"no-referrer\" slate-data-type=\"image\" src=\"https:\/\/ae01.alicdn.com\/kf\/Safbf223902564e94ab93024f2f803688F.jpg?width=1000&amp;height=1000&amp;hash=2000\"><br \/>\n   <img decoding=\"async\" class=\"detail-desc-decorate-image\" referrerpolicy=\"no-referrer\" slate-data-type=\"image\" src=\"https:\/\/ae01.alicdn.com\/kf\/S8538c8f14a74459597189851cb743d0b1.jpg?width=1000&amp;height=1000&amp;hash=2000\"><br \/>\n   <img decoding=\"async\" class=\"detail-desc-decorate-image\" referrerpolicy=\"no-referrer\" slate-data-type=\"image\" src=\"https:\/\/ae01.alicdn.com\/kf\/S751deef4dfa1451e818c96f33bac1450E.jpg?width=1000&amp;height=1000&amp;hash=2000\"><br \/>\n   <img decoding=\"async\" class=\"detail-desc-decorate-image\" referrerpolicy=\"no-referrer\" slate-data-type=\"image\" src=\"https:\/\/ae01.alicdn.com\/kf\/Sbcb46a7720e846689c63568d4676be78X.jpg?width=1000&amp;height=1000&amp;hash=2000\"><br \/>\n   <img decoding=\"async\" class=\"detail-desc-decorate-image\" referrerpolicy=\"no-referrer\" slate-data-type=\"image\" src=\"https:\/\/ae01.alicdn.com\/kf\/S00b5901b38124614989b1fd503d76f33a.jpg?width=1000&amp;height=1000&amp;hash=2000\"><br \/>\n   <img decoding=\"async\" class=\"detail-desc-decorate-image\" referrerpolicy=\"no-referrer\" slate-data-type=\"image\" src=\"https:\/\/ae01.alicdn.com\/kf\/S1afd3dbdffab4b39ac83f2f3cdd0b31fJ.jpg?width=1000&amp;height=1000&amp;hash=2000\"><br \/>\n   <img decoding=\"async\" class=\"detail-desc-decorate-image\" referrerpolicy=\"no-referrer\" slate-data-type=\"image\" src=\"https:\/\/ae01.alicdn.com\/kf\/S612b85e075704726a1001fc548c43a61k.jpg?width=1000&amp;height=1000&amp;hash=2000\"><br \/>\n   <img decoding=\"async\" class=\"detail-desc-decorate-image\" referrerpolicy=\"no-referrer\" slate-data-type=\"image\" src=\"https:\/\/ae01.alicdn.com\/kf\/S85f5988431e24d3d84f5bcd653635e18u.jpg?width=1000&amp;height=1000&amp;hash=2000\"><br \/>\n   <img decoding=\"async\" class=\"detail-desc-decorate-image\" referrerpolicy=\"no-referrer\" slate-data-type=\"image\" src=\"https:\/\/ae01.alicdn.com\/kf\/Se853d7688627454786490e926514b80ey.jpg?width=1000&amp;height=1000&amp;hash=2000\"><br \/>\n   <img decoding=\"async\" class=\"detail-desc-decorate-image\" referrerpolicy=\"no-referrer\" slate-data-type=\"image\" src=\"https:\/\/ae01.alicdn.com\/kf\/Secd1adb898f44dbe8d8d1a7ad0a02d9cR.jpg?width=1000&amp;height=1000&amp;hash=2000\"><br \/>\n   <img decoding=\"async\" class=\"detail-desc-decorate-image\" referrerpolicy=\"no-referrer\" slate-data-type=\"image\" src=\"https:\/\/ae01.alicdn.com\/kf\/Sad77657455544a8b91cdae484ef53492F.jpg?width=1000&amp;height=1000&amp;hash=2000\"><br \/>\n   <img decoding=\"async\" class=\"detail-desc-decorate-image\" referrerpolicy=\"no-referrer\" slate-data-type=\"image\" src=\"https:\/\/ae01.alicdn.com\/kf\/S17265e284493451a8a88069c1bfdfdedN.jpg?width=1000&amp;height=1000&amp;hash=2000\"><br \/>\n   <img decoding=\"async\" class=\"detail-desc-decorate-image\" referrerpolicy=\"no-referrer\" slate-data-type=\"image\" src=\"https:\/\/ae01.alicdn.com\/kf\/Sa9abbbf4a7864f9e8baecc6861336dbfa.jpg?width=1000&amp;height=1000&amp;hash=2000\"><br \/>\n   <img decoding=\"async\" class=\"detail-desc-decorate-image\" referrerpolicy=\"no-referrer\" slate-data-type=\"image\" src=\"https:\/\/ae01.alicdn.com\/kf\/S9a7fad798b7845cfaea0189916d59b771.jpg?width=1000&amp;height=1000&amp;hash=2000\"><br \/>\n   <img decoding=\"async\" class=\"detail-desc-decorate-image\" referrerpolicy=\"no-referrer\" slate-data-type=\"image\" src=\"https:\/\/ae01.alicdn.com\/kf\/Sd30d2cfd2fdb40ee84e0e7384f3c37171.jpg?width=1000&amp;height=1000&amp;hash=2000\"><br \/>\n   <img decoding=\"async\" class=\"detail-desc-decorate-image\" referrerpolicy=\"no-referrer\" slate-data-type=\"image\" src=\"https:\/\/ae01.alicdn.com\/kf\/S3ab0ba9938fc4a21985a985f4dbe7b04i.jpg?width=1000&amp;height=1000&amp;hash=2000\"><br \/>\n   <br \/> <br \/>\n   <img decoding=\"async\" src=\"https:\/\/ae01.alicdn.com\/kf\/Sc1469184f6504959a3b70e0ee90d987bc.jpg?width=882&amp;height=1723&amp;hash=2605\"><br \/>\n   <br \/> <br \/>\n   <span style=\"color:#ffffff;\">montre pour femme reloj mujer reloj saat\u0441\u044b \u0436\u0435\u043d\u0441\u043a\u0438\u0435 utilisation\u0447\u043d\u044b\u0435 montre pour femme relogio feminino rel\u00f3gio relojes \u00e9lectroniques montres robes pour femmes 2023 montres \u00e9lectroniques reloj feminino relogio saat\u0441\u044b relojes montre montres montre montres intelligentes pour femmes montre femmes montre intelligente montre pour femmes livraison gratuite montre pour femme montre pour hommes montres \u00e0 quartz de mode zegarek damski montre femme\u043b\u0435\u0442\u044brure \u0629 luxe \u0639\u0627\u062a relojes para mujer relojes \u00e9lectroniques reloj mujer elegante bayan\u0441\u044b \u0436\u0435\u043d\u0441\u043a\u0438\u0435 montres femmes reloj de mujer montres pour femmes \u0639\u0627\u062a \u0648\u263a montre intelligente montres pour hommes montre pour hommes<\/span>\n  <\/div><\/div>\n<\/div>\n<\/div>\n<\/div>","protected":false},"excerpt":{"rendered":"<p>Forme de mallettes:&nbsp;Ronde Type de mat\u00e9riau de fen\u00eatre de cadran:&nbsp;Verre trait\u00e9 Mat\u00e9riel des bo\u00eetes et mallettes:&nbsp;pas de paquet Diam\u00e8tre du<\/p>","protected":false},"featured_media":10426,"comment_status":"open","ping_status":"closed","template":"","meta":[],"product_brand":[],"product_cat":[15],"product_tag":[],"class_list":{"0":"post-10425","1":"product","2":"type-product","3":"status-publish","4":"has-post-thumbnail","6":"product_cat-uncategorized","8":"first","9":"instock","10":"shipping-taxable","11":"purchasable","12":"product-type-variable"},"jetpack_sharing_enabled":true,"_links":{"self":[{"href":"https:\/\/afrycom.com\/fr\/wp-json\/wp\/v2\/product\/10425","targetHints":{"allow":["GET"]}}],"collection":[{"href":"https:\/\/afrycom.com\/fr\/wp-json\/wp\/v2\/product"}],"about":[{"href":"https:\/\/afrycom.com\/fr\/wp-json\/wp\/v2\/types\/product"}],"replies":[{"embeddable":true,"href":"https:\/\/afrycom.com\/fr\/wp-json\/wp\/v2\/comments?post=10425"}],"wp:featuredmedia":[{"embeddable":true,"href":"https:\/\/afrycom.com\/fr\/wp-json\/wp\/v2\/media\/10426"}],"wp:attachment":[{"href":"https:\/\/afrycom.com\/fr\/wp-json\/wp\/v2\/media?parent=10425"}],"wp:term":[{"taxonomy":"product_brand","embeddable":true,"href":"https:\/\/afrycom.com\/fr\/wp-json\/wp\/v2\/product_brand?post=10425"},{"taxonomy":"product_cat","embeddable":true,"href":"https:\/\/afrycom.com\/fr\/wp-json\/wp\/v2\/product_cat?post=10425"},{"taxonomy":"product_tag","embeddable":true,"href":"https:\/\/afrycom.com\/fr\/wp-json\/wp\/v2\/product_tag?post=10425"}],"curies":[{"name":"wp","href":"https:\/\/api.w.org\/{rel}","templated":true}]}}