{"id":10386,"date":"2025-03-08T10:39:23","date_gmt":"2025-03-08T10:39:23","guid":{"rendered":"https:\/\/afrycom.com\/product\/casque-sans-fil-5-0-bluetooth-ecouteur-pliable-basse-avec-memoire-tf-carte-pour-iphone-xiaomi-samsung-telephone-avec-micro-casques\/"},"modified":"2025-03-19T16:21:42","modified_gmt":"2025-03-19T16:21:42","slug":"casque-sans-fil-5-0-bluetooth-ecouteur-pliable-basse-avec-memoire-tf-carte-pour-smartphone-avec-micro-casques","status":"publish","type":"product","link":"https:\/\/afrycom.com\/fr\/produit\/casque-sans-fil-5-0-bluetooth-ecouteur-pliable-basse-avec-memoire-tf-carte-pour-smartphone-avec-micro-casques\/","title":{"rendered":"Casque sans fil 5.0 Bluetooth \u00e9couteur pliable basse avec m\u00e9moire TF carte pour smartphone avec micro casques"},"content":{"rendered":"<div class=\"product-specs-list-container\">\n<ul class=\"product-specs-list util-clearfix\">\n<li class=\"product-prop line-limit-length\"><span class=\"property-title\">Chimique Hign-concern\u00e9 :\u00a0<\/span><span class=\"property-desc line-limit-length\">Aucun<\/span><\/li>\n<li class=\"product-prop line-limit-length\"><span class=\"property-title\">Mat\u00e9riau :\u00a0<\/span><span class=\"property-desc line-limit-length\">plastique<\/span><\/li>\n<li class=\"product-prop line-limit-length\"><span class=\"property-title\">Cat\u00e9gorie:\u00a0<\/span><span class=\"property-desc line-limit-length\">\u00c9couteurs et \u00e9couteurs<\/span><\/li>\n<li class=\"product-prop line-limit-length\"><span class=\"property-title\">Nombre de conducteurs:\u00a0<\/span><span class=\"property-desc line-limit-length\">2<\/span><\/li>\n<li class=\"product-prop line-limit-length\"><span class=\"property-title\">M\u00e9thode de charge:\u00a0<\/span><span class=\"property-desc line-limit-length\">CABLE<\/span><\/li>\n<li class=\"product-prop line-limit-length\"><span class=\"property-title\">Diam\u00e8tre d&#8217;attaque pour casque audio:\u00a0<\/span><span class=\"property-desc line-limit-length\">40mm<\/span><\/li>\n<li class=\"product-prop line-limit-length\"><span class=\"property-title\">Gamme d\u2019imp\u00e9dance:\u00a0<\/span><span class=\"property-desc line-limit-length\">jusqu\u2019\u00e0 32 \u03a9<\/span><\/li>\n<li class=\"product-prop line-limit-length\"><span class=\"property-title\">Version Bluetooth:\u00a0<\/span><span class=\"property-desc line-limit-length\">5.0<\/span><\/li>\n<li class=\"product-prop line-limit-length\"><span class=\"property-title\">Caract\u00e9ristiques :\u00a0<\/span><span class=\"property-desc line-limit-length\">Imperm\u00e9able,avec microphone<\/span><\/li>\n<li class=\"product-prop line-limit-length\"><span class=\"property-title\">Avec microphone:\u00a0<\/span><span class=\"property-desc line-limit-length\">Oui<\/span><\/li>\n<li class=\"product-prop line-limit-length\"><span class=\"property-title\">Est sans fil:\u00a0<\/span><span class=\"property-desc line-limit-length\">Oui<\/span><\/li>\n<li class=\"product-prop line-limit-length\"><span class=\"property-title\">Soutien APP:\u00a0<\/span><span class=\"property-desc line-limit-length\">Oui<\/span><\/li>\n<li class=\"product-prop line-limit-length\"><span class=\"property-title\">Supporte cartes m\u00e9moire:\u00a0<\/span><span class=\"property-desc line-limit-length\">Pas de<\/span><\/li>\n<li class=\"product-prop line-limit-length\"><span class=\"property-title\">Etanche:\u00a0<\/span><span class=\"property-desc line-limit-length\">Oui<\/span><\/li>\n<li class=\"product-prop line-limit-length\"><span class=\"property-title\">R\u00e9sistance:\u00a0<\/span><span class=\"property-desc line-limit-length\">32\u03a9<\/span><\/li>\n<li class=\"product-prop line-limit-length\"><span class=\"property-title\">Longueur de la ligne:\u00a0<\/span><span class=\"property-desc line-limit-length\">0m<\/span><\/li>\n<li class=\"product-prop line-limit-length\"><span class=\"property-title\">Plage de r\u00e9ponse de fr\u00e9quence:\u00a0<\/span><span class=\"property-desc line-limit-length\">-Hz<\/span><\/li>\n<li class=\"product-prop line-limit-length\"><span class=\"property-title\">Sensibilit\u00e9:\u00a0<\/span><span class=\"property-desc line-limit-length\">125dB<\/span><\/li>\n<li class=\"product-prop line-limit-length\"><span class=\"property-title\">Type de prise :\u00a0<\/span><span class=\"property-desc line-limit-length\">AUCUN<\/span><\/li>\n<li class=\"product-prop line-limit-length\"><span class=\"property-title\">Fonction :\u00a0<\/span><span class=\"property-desc line-limit-length\">Le sport<\/span><\/li>\n<li class=\"product-prop line-limit-length\"><span class=\"property-title\">Suppression Active du Bruit:\u00a0<\/span><span class=\"property-desc line-limit-length\">Pas de<\/span><\/li>\n<li class=\"product-prop line-limit-length\"><span class=\"property-title\">Contr\u00f4le de Volume:\u00a0<\/span><span class=\"property-desc line-limit-length\">Oui<\/span><\/li>\n<li class=\"product-prop line-limit-length\"><span class=\"property-title\">Bouton de Commande:\u00a0<\/span><span class=\"property-desc line-limit-length\">Oui<\/span><\/li>\n<li class=\"product-prop line-limit-length\"><span class=\"property-title\">Principe du Vocalisme:\u00a0<\/span><span class=\"property-desc line-limit-length\">Dynamique<\/span><\/li>\n<li class=\"product-prop line-limit-length\"><span class=\"property-title\">Type Sans fil:\u00a0<\/span><span class=\"property-desc line-limit-length\">Bluetooth<\/span><\/li>\n<li class=\"product-prop line-limit-length\"><span class=\"property-title\">Connecteurs:\u00a0<\/span><span class=\"property-desc line-limit-length\">USB<\/span><\/li>\n<li class=\"product-prop line-limit-length\"><span class=\"property-title\">Communication :\u00a0<\/span><span class=\"property-desc line-limit-length\">sans fil<\/span><\/li>\n<li class=\"product-prop line-limit-length\"><span class=\"property-title\">Style :\u00a0<\/span><span class=\"property-desc line-limit-length\">Headphone<\/span><\/li>\n<li class=\"product-prop line-limit-length\"><span class=\"property-title\">Certification :\u00a0<\/span><span class=\"property-desc line-limit-length\">AUCUN<\/span><\/li>\n<li class=\"product-prop line-limit-length\"><span class=\"property-title\">Origine :\u00a0<\/span><span class=\"property-desc line-limit-length\">CN (Origine)<\/span><\/li>\n<li class=\"product-prop line-limit-length\"><span class=\"property-title\">Nom de marque :\u00a0<\/span><span class=\"property-desc line-limit-length\">DIXSG<\/span><\/li>\n<\/ul>\n<\/div>\n<div class=\"detailmodule_html\">\n<div class=\"detail-desc-decorate-richtext\">\n<p>Le produit est d\u00e9tachable. Si les cache-oreilles tombent, ils peuvent \u00eatre r\u00e9install\u00e9s et utilis\u00e9s normalement. Il n&#8217;y a aucun probl\u00e8me avec le produit.<\/p>\n<div class=\"detailmodule_media\">\n<div class=\"video-container-5000141424262\">\n<div id=\"5000141424262\" class=\"detail-video\" data-previewurl=\"https:\/\/ae01.alicdn.com\/kf\/S76bca029d2e54685b76393363be4b51e2.jpg\"><\/div>\n<\/div>\n<\/div>\n<\/div>\n<\/div>","protected":false},"excerpt":{"rendered":"<p>Chimique Hign-concern\u00e9:\u00a0Aucun Mat\u00e9riau:\u00a0plastique Cat\u00e9gorie:\u00a0\u00c9couteurs et \u00e9couteurs Nombre de conducteurs:\u00a02 M\u00e9thode de charge:\u00a0CABLE Diam\u00e8tre d&#8217;attaque pour casque audio:\u00a040mm Gamme d\u2019imp\u00e9dance:\u00a0jusqu\u2019\u00e0 32<\/p>","protected":false},"featured_media":10387,"comment_status":"open","ping_status":"closed","template":"","meta":[],"product_brand":[],"product_cat":[1591],"product_tag":[],"class_list":{"0":"post-10386","1":"product","2":"type-product","3":"status-publish","4":"has-post-thumbnail","6":"product_cat-headset","8":"first","9":"instock","10":"shipping-taxable","11":"purchasable","12":"product-type-variable"},"jetpack_sharing_enabled":true,"_links":{"self":[{"href":"https:\/\/afrycom.com\/fr\/wp-json\/wp\/v2\/product\/10386","targetHints":{"allow":["GET"]}}],"collection":[{"href":"https:\/\/afrycom.com\/fr\/wp-json\/wp\/v2\/product"}],"about":[{"href":"https:\/\/afrycom.com\/fr\/wp-json\/wp\/v2\/types\/product"}],"replies":[{"embeddable":true,"href":"https:\/\/afrycom.com\/fr\/wp-json\/wp\/v2\/comments?post=10386"}],"wp:featuredmedia":[{"embeddable":true,"href":"https:\/\/afrycom.com\/fr\/wp-json\/wp\/v2\/media\/10387"}],"wp:attachment":[{"href":"https:\/\/afrycom.com\/fr\/wp-json\/wp\/v2\/media?parent=10386"}],"wp:term":[{"taxonomy":"product_brand","embeddable":true,"href":"https:\/\/afrycom.com\/fr\/wp-json\/wp\/v2\/product_brand?post=10386"},{"taxonomy":"product_cat","embeddable":true,"href":"https:\/\/afrycom.com\/fr\/wp-json\/wp\/v2\/product_cat?post=10386"},{"taxonomy":"product_tag","embeddable":true,"href":"https:\/\/afrycom.com\/fr\/wp-json\/wp\/v2\/product_tag?post=10386"}],"curies":[{"name":"wp","href":"https:\/\/api.w.org\/{rel}","templated":true}]}}