{"id":10365,"date":"2025-03-08T10:38:57","date_gmt":"2025-03-08T10:38:57","guid":{"rendered":"https:\/\/afrycom.com\/product\/nouveau-air-x15-ecouteurs-bluetooth-sans-fil-gamer-casque-65ms-faible-latence-ecouteurs-fone-gamer-casque-gamer-avec-micro-mains-libres\/"},"modified":"2025-10-07T10:16:29","modified_gmt":"2025-10-07T10:16:29","slug":"nouveau-air-x15-ecouteurs-bluetooth-sans-fil-gamer-casque-65ms-faible-latence-ecouteurs-fone-gamer-casque-gamer-avec-micro-mains-libres","status":"publish","type":"product","link":"https:\/\/afrycom.com\/fr\/produit\/nouveau-air-x15-ecouteurs-bluetooth-sans-fil-gamer-casque-65ms-faible-latence-ecouteurs-fone-gamer-casque-gamer-avec-micro-mains-libres\/","title":{"rendered":"Nouveau AIR X15 \u00e9couteurs Bluetooth sans fil Gamer casque 65ms faible latence \u00e9couteurs fone Gamer casque Gamer avec micro mains libres"},"content":{"rendered":"<div class=\"product-specs-list-container\">\n<ul class=\"product-specs-list util-clearfix\">\n<li class=\"product-prop line-limit-length\"><span\n                                        class=\"property-title\">Mat\u00e9riau :&nbsp;<\/span><span\n                                        class=\"property-desc line-limit-length\">M\u00e9tal,plastique,GEL de silice<\/span>\n                            <\/li>\n<li class=\"product-prop line-limit-length\"><span\n                                        class=\"property-title\">Poids [g]:&nbsp;<\/span><span\n                                        class=\"property-desc line-limit-length\">55<\/span>\n                            <\/li>\n<li class=\"product-prop line-limit-length\"><span\n                                        class=\"property-title\">Capacit\u00e9 de la batterie [mAh]:&nbsp;<\/span><span\n                                        class=\"property-desc line-limit-length\">500<\/span>\n                            <\/li>\n<li class=\"product-prop line-limit-length\"><span\n                                        class=\"property-title\">Vie de la batterie jusqu&#039;\u00e0 [heures]:&nbsp;<\/span><span\n                                        class=\"property-desc line-limit-length\">48<\/span>\n                            <\/li>\n<li class=\"product-prop line-limit-length\"><span\n                                        class=\"property-title\">Assistant vocal int\u00e9gr\u00e9:&nbsp;<\/span><span\n                                        class=\"property-desc line-limit-length\">non<\/span>\n                            <\/li>\n<li class=\"product-prop line-limit-length\"><span\n                                        class=\"property-title\">Port\u00e9e maximale sans fil [m]:&nbsp;<\/span><span\n                                        class=\"property-desc line-limit-length\">10m-20m<\/span>\n                            <\/li>\n<li class=\"product-prop line-limit-length\"><span\n                                        class=\"property-title\">Technologie NFC:&nbsp;<\/span><span\n                                        class=\"property-desc line-limit-length\">non<\/span>\n                            <\/li>\n<li class=\"product-prop line-limit-length\"><span\n                                        class=\"property-title\">Isolation sonore:&nbsp;<\/span><span\n                                        class=\"property-desc line-limit-length\">OUI<\/span>\n                            <\/li>\n<li class=\"product-prop line-limit-length\"><span\n                                        class=\"property-title\">Cat\u00e9gorie:&nbsp;<\/span><span\n                                        class=\"property-desc line-limit-length\">\u00c9couteurs et \u00e9couteurs<\/span>\n                            <\/li>\n<li class=\"product-prop line-limit-length\"><span\n                                        class=\"property-title\">Type d\u2019oreillettes:&nbsp;<\/span><span\n                                        class=\"property-desc line-limit-length\">semi-ouvert<\/span>\n                            <\/li>\n<li class=\"product-prop line-limit-length\"><span\n                                        class=\"property-title\">Sortie Max:&nbsp;<\/span><span\n                                        class=\"property-desc line-limit-length\">1mW<\/span>\n                            <\/li>\n<li class=\"product-prop line-limit-length\"><span\n                                        class=\"property-title\">Nombre de conducteurs:&nbsp;<\/span><span\n                                        class=\"property-desc line-limit-length\">2<\/span>\n                            <\/li>\n<li class=\"product-prop line-limit-length\"><span\n                                        class=\"property-title\">M\u00e9thode de charge:&nbsp;<\/span><span\n                                        class=\"property-desc line-limit-length\">\u00c9tui de recharge<\/span>\n                            <\/li>\n<li class=\"product-prop line-limit-length\"><span\n                                        class=\"property-title\">Diam\u00e8tre d&#039;attaque pour casque audio:&nbsp;<\/span><span\n                                        class=\"property-desc line-limit-length\">20mm<\/span>\n                            <\/li>\n<li class=\"product-prop line-limit-length\"><span\n                                        class=\"property-title\">Distorsion harmonique totale:&nbsp;<\/span><span\n                                        class=\"property-desc line-limit-length\">10%<\/span>\n                            <\/li>\n<li class=\"product-prop line-limit-length\"><span\n                                        class=\"property-title\">Gamme d\u2019imp\u00e9dance:&nbsp;<\/span><span\n                                        class=\"property-desc line-limit-length\">jusqu\u2019\u00e0 32 \u03a9<\/span>\n                            <\/li>\n<li class=\"product-prop line-limit-length\"><span\n                                        class=\"property-title\">Version Bluetooth:&nbsp;<\/span><span\n                                        class=\"property-desc line-limit-length\">5.1<\/span>\n                            <\/li>\n<li class=\"product-prop line-limit-length\"><span\n                                        class=\"property-title\">Liste des paquets:&nbsp;<\/span><span\n                                        class=\"property-desc line-limit-length\">Manuel d&#039;utilisation,\u00c9tui de recharge,Charging Cable<\/span>\n                            <\/li>\n<li class=\"product-prop line-limit-length\"><span\n                                        class=\"property-title\">Caract\u00e9ristiques :&nbsp;<\/span><span\n                                        class=\"property-desc line-limit-length\">Imperm\u00e9able,avec microphone,C\u00e2ble d\u00e9tachable,Annulation active du bruit<\/span>\n                            <\/li>\n<li class=\"product-prop line-limit-length\"><span\n                                        class=\"property-title\">Codecs:&nbsp;<\/span><span\n                                        class=\"property-desc line-limit-length\">AAC,APT-X<\/span>\n                            <\/li>\n<li class=\"product-prop line-limit-length\"><span\n                                        class=\"property-title\">Avec microphone:&nbsp;<\/span><span\n                                        class=\"property-desc line-limit-length\">Pas de<\/span>\n                            <\/li>\n<li class=\"product-prop line-limit-length\"><span\n                                        class=\"property-title\">Est sans fil:&nbsp;<\/span><span\n                                        class=\"property-desc line-limit-length\">Oui<\/span>\n                            <\/li>\n<li class=\"product-prop line-limit-length\"><span\n                                        class=\"property-title\">Soutien APP:&nbsp;<\/span><span\n                                        class=\"property-desc line-limit-length\">Pas de<\/span>\n                            <\/li>\n<li class=\"product-prop line-limit-length\"><span\n                                        class=\"property-title\">Etanche:&nbsp;<\/span><span\n                                        class=\"property-desc line-limit-length\">Pas de<\/span>\n                            <\/li>\n<li class=\"product-prop line-limit-length\"><span\n                                        class=\"property-title\">R\u00e9sistance:&nbsp;<\/span><span\n                                        class=\"property-desc line-limit-length\">32\u03a9<\/span>\n                            <\/li>\n<li class=\"product-prop line-limit-length\"><span\n                                        class=\"property-title\">Longueur de la ligne:&nbsp;<\/span><span\n                                        class=\"property-desc line-limit-length\">1m<\/span>\n                            <\/li>\n<li class=\"product-prop line-limit-length\"><span\n                                        class=\"property-title\">Plage de r\u00e9ponse de fr\u00e9quence:&nbsp;<\/span><span\n                                        class=\"property-desc line-limit-length\">20 &#8211; 20000Hz<\/span>\n                            <\/li>\n<li class=\"product-prop line-limit-length\"><span\n                                        class=\"property-title\">Sensibilit\u00e9:&nbsp;<\/span><span\n                                        class=\"property-desc line-limit-length\">123dB<\/span>\n                            <\/li>\n<li class=\"product-prop line-limit-length\"><span\n                                        class=\"property-title\">Fonction :&nbsp;<\/span><span\n                                        class=\"property-desc line-limit-length\">Pour Internet Bar,Casque de moniteur,Casque commun,pour t\u00e9l\u00e9phone mobile,Casque HiFi<\/span>\n                            <\/li>\n<li class=\"product-prop line-limit-length\"><span\n                                        class=\"property-title\">Suppression Active du Bruit:&nbsp;<\/span><span\n                                        class=\"property-desc line-limit-length\">Pas de<\/span>\n                            <\/li>\n<li class=\"product-prop line-limit-length\"><span\n                                        class=\"property-title\">Contr\u00f4le de Volume:&nbsp;<\/span><span\n                                        class=\"property-desc line-limit-length\">Pas de<\/span>\n                            <\/li>\n<li class=\"product-prop line-limit-length\"><span\n                                        class=\"property-title\">Bouton de Commande:&nbsp;<\/span><span\n                                        class=\"property-desc line-limit-length\">Oui<\/span>\n                            <\/li>\n<li class=\"product-prop line-limit-length\"><span\n                                        class=\"property-title\">Principe du Vocalisme:&nbsp;<\/span><span\n                                        class=\"property-desc line-limit-length\">Dynamique<\/span>\n                            <\/li>\n<li class=\"product-prop line-limit-length\"><span\n                                        class=\"property-title\">Type Sans fil:&nbsp;<\/span><span\n                                        class=\"property-desc line-limit-length\">Bluetooth<\/span>\n                            <\/li>\n<li class=\"product-prop line-limit-length\"><span\n                                        class=\"property-title\">Communication :&nbsp;<\/span><span\n                                        class=\"property-desc line-limit-length\">sans fil<\/span>\n                            <\/li>\n<li class=\"product-prop line-limit-length\"><span\n                                        class=\"property-title\">Style :&nbsp;<\/span><span\n                                        class=\"property-desc line-limit-length\">dans l&#039;oreille<\/span>\n                            <\/li>\n<li class=\"product-prop line-limit-length\"><span\n                                        class=\"property-title\">Certification :&nbsp;<\/span><span\n                                        class=\"property-desc line-limit-length\">CE, FCC<\/span>\n                            <\/li>\n<li class=\"product-prop line-limit-length\"><span\n                                        class=\"property-title\">Origine :&nbsp;<\/span><span\n                                        class=\"property-desc line-limit-length\">CN (Origine)<\/span>\n                            <\/li>\n<li class=\"product-prop line-limit-length\"><span\n                                        class=\"property-title\">Nom de marque :&nbsp;<\/span><span\n                                        class=\"property-desc line-limit-length\">DIXSG<\/span>\n                            <\/li>\n<\/ul><\/div>\n<div class=\"detailmodule_html\">\n<div class=\"detail-desc-decorate-richtext\">\n<div class=\"detailmodule_html\">\n<div class=\"detail-desc-decorate-richtext\">\n<div>\n<div>\n<div>\n<div>\n<p><img decoding=\"async\" referrerpolicy=\"no-referrer\" slate-data-type=\"image\" src=\"https:\/\/ae01.alicdn.com\/kf\/Se784522487244481abc88072f35d70b6s.jpg?width=790&#038;height=1667&#038;hash=2457\"><img decoding=\"async\" referrerpolicy=\"no-referrer\" slate-data-type=\"image\" src=\"https:\/\/ae01.alicdn.com\/kf\/S9737fdff22fa488d966acab63863072as.jpg?width=790&#038;height=1666&#038;hash=2456\"><img decoding=\"async\" referrerpolicy=\"no-referrer\" slate-data-type=\"image\" src=\"https:\/\/ae01.alicdn.com\/kf\/S75050f2b513b4cab92d940837b907c47S.jpg?width=790&#038;height=1667&#038;hash=2457\"><img decoding=\"async\" referrerpolicy=\"no-referrer\" slate-data-type=\"image\" src=\"https:\/\/ae01.alicdn.com\/kf\/Sf83bb8f46ca84b0297941739b45cff7bC.jpg?width=790&#038;height=1667&#038;hash=2457\"><img decoding=\"async\" referrerpolicy=\"no-referrer\" slate-data-type=\"image\" src=\"https:\/\/ae01.alicdn.com\/kf\/Sa29d89f9b69d4c71868a6b6c5c9ed91as.jpg?width=790&#038;height=1666&#038;hash=2456\"><img decoding=\"async\" referrerpolicy=\"no-referrer\" slate-data-type=\"image\" src=\"https:\/\/ae01.alicdn.com\/kf\/S5560cc97ec8b44c985c1df3a05f9a2aaQ.jpg?width=790&#038;height=1667&#038;hash=2457\"><img decoding=\"async\" referrerpolicy=\"no-referrer\" slate-data-type=\"image\" src=\"https:\/\/ae01.alicdn.com\/kf\/S67b7e23ac81642919926f9e0a3aaad45s.jpg?width=790&#038;height=1667&#038;hash=2457\"><img decoding=\"async\" referrerpolicy=\"no-referrer\" slate-data-type=\"image\" src=\"https:\/\/ae01.alicdn.com\/kf\/Sd1ee0e4432654ab1a0a35a71da88b0a1p.jpg?width=790&#038;height=1666&#038;hash=2456\"><img decoding=\"async\" referrerpolicy=\"no-referrer\" slate-data-type=\"image\" src=\"https:\/\/ae01.alicdn.com\/kf\/S0392831529184c8aabf0267e2840e35bh.jpg?width=790&#038;height=1667&#038;hash=2457\"><img decoding=\"async\" referrerpolicy=\"no-referrer\" slate-data-type=\"image\" src=\"https:\/\/ae01.alicdn.com\/kf\/Sa5592248a14e4fa2bc6ec504d86c9c6ce.jpg?width=790&#038;height=1667&#038;hash=2457\"><img decoding=\"async\" referrerpolicy=\"no-referrer\" slate-data-type=\"image\" src=\"https:\/\/ae01.alicdn.com\/kf\/S648d26962a884d2b9680723954add55dr.jpg?width=790&#038;height=1666&#038;hash=2456\"><img decoding=\"async\" referrerpolicy=\"no-referrer\" slate-data-type=\"image\" src=\"https:\/\/ae01.alicdn.com\/kf\/S3359d3e4cefd4ff89153eef70fddbf950.jpg?width=790&#038;height=1667&#038;hash=2457\"><\/p>\n<\/div>\n<\/div>\n<\/div>\n<\/div>\n<\/div>\n<\/div>\n<\/div>\n<\/div>","protected":false},"excerpt":{"rendered":"<p>Mat\u00e9riau:&nbsp;M\u00e9tal,plastique,GEL de silice Poids [g]:&nbsp;55 Capacit\u00e9 de la batterie [mAh]:&nbsp;500 Vie de la batterie jusqu&#039;\u00e0 [heures]:&nbsp;48 Assistant vocal int\u00e9gr\u00e9:&nbsp;no Port\u00e9e<\/p>","protected":false},"featured_media":10366,"comment_status":"open","ping_status":"closed","template":"","meta":[],"product_brand":[],"product_cat":[1591],"product_tag":[],"class_list":{"0":"post-10365","1":"product","2":"type-product","3":"status-publish","4":"has-post-thumbnail","6":"product_cat-headset","8":"first","9":"instock","10":"shipping-taxable","11":"purchasable","12":"product-type-variable"},"jetpack_sharing_enabled":true,"_links":{"self":[{"href":"https:\/\/afrycom.com\/fr\/wp-json\/wp\/v2\/product\/10365","targetHints":{"allow":["GET"]}}],"collection":[{"href":"https:\/\/afrycom.com\/fr\/wp-json\/wp\/v2\/product"}],"about":[{"href":"https:\/\/afrycom.com\/fr\/wp-json\/wp\/v2\/types\/product"}],"replies":[{"embeddable":true,"href":"https:\/\/afrycom.com\/fr\/wp-json\/wp\/v2\/comments?post=10365"}],"wp:featuredmedia":[{"embeddable":true,"href":"https:\/\/afrycom.com\/fr\/wp-json\/wp\/v2\/media\/10366"}],"wp:attachment":[{"href":"https:\/\/afrycom.com\/fr\/wp-json\/wp\/v2\/media?parent=10365"}],"wp:term":[{"taxonomy":"product_brand","embeddable":true,"href":"https:\/\/afrycom.com\/fr\/wp-json\/wp\/v2\/product_brand?post=10365"},{"taxonomy":"product_cat","embeddable":true,"href":"https:\/\/afrycom.com\/fr\/wp-json\/wp\/v2\/product_cat?post=10365"},{"taxonomy":"product_tag","embeddable":true,"href":"https:\/\/afrycom.com\/fr\/wp-json\/wp\/v2\/product_tag?post=10365"}],"curies":[{"name":"wp","href":"https:\/\/api.w.org\/{rel}","templated":true}]}}