{"id":10344,"date":"2025-03-08T10:38:49","date_gmt":"2025-03-08T10:38:49","guid":{"rendered":"https:\/\/afrycom.com\/product\/support-de-telephone-portable-de-bureau-en-metal-pliable-pour-ipad-iphone-13-x-support-de-smartphone-tablette-bureau-support-de-telephone-portable-support-portable\/"},"modified":"2025-10-21T03:20:38","modified_gmt":"2025-10-21T03:20:38","slug":"support-de-telephone-portable-de-bureau-en-metal-pliable-pour-ipad-iphone-13-x-support-de-smartphone-tablette-bureau-support-de-telephone-portable-support-portable","status":"publish","type":"product","link":"https:\/\/afrycom.com\/fr\/produit\/support-de-telephone-portable-de-bureau-en-metal-pliable-pour-ipad-iphone-13-x-support-de-smartphone-tablette-bureau-support-de-telephone-portable-support-portable\/","title":{"rendered":"Support de t\u00e9l\u00e9phone Portable de bureau en m\u00e9tal pliable pour iPad iPhone 13 X Support de Smartphone tablette bureau Support de t\u00e9l\u00e9phone Portable Support Portable"},"content":{"rendered":"<p>&nbsp;<\/p>\n<div class=\"product-specs-list-container\">\n<ul class=\"product-specs-list util-clearfix\">\n<li class=\"product-prop line-limit-length\"><span class=\"property-title\">Type :\u00a0<\/span><span class=\"property-desc line-limit-length\">SUPPORT DE BUREAU<\/span><\/li>\n<li class=\"product-prop line-limit-length\"><span class=\"property-title\">Caract\u00e9ristiques :\u00a0<\/span><span class=\"property-desc line-limit-length\">Reproduire<\/span><\/li>\n<li class=\"product-prop line-limit-length\"><span class=\"property-title\">A des haut-parleurs :\u00a0<\/span><span class=\"property-desc line-limit-length\">Pas de<\/span><\/li>\n<li class=\"product-prop line-limit-length\"><span class=\"property-title\">Marque Compatible :\u00a0<\/span><span class=\"property-desc line-limit-length\">Universel<\/span><\/li>\n<li class=\"product-prop line-limit-length\"><span class=\"property-title\">Chargeur :\u00a0<\/span><span class=\"property-desc line-limit-length\">Pas de<\/span><\/li>\n<li class=\"product-prop line-limit-length\"><span class=\"property-title\">Num\u00e9ro de Mod\u00e8le :\u00a0<\/span><span class=\"property-desc line-limit-length\">Support portable pour t\u00e9l\u00e9phone portable<\/span><\/li>\n<li class=\"product-prop line-limit-length\"><span class=\"property-title\">Nom de marque :\u00a0<\/span><span class=\"property-desc line-limit-length\">cmaos<\/span><\/li>\n<li class=\"product-prop line-limit-length\"><span class=\"property-title\">Origine :\u00a0<\/span><span class=\"property-desc line-limit-length\">CN (Origine)<\/span><\/li>\n<li class=\"product-prop line-limit-length\"><span class=\"property-title\">Caract\u00e9ristique1 :\u00a0<\/span><span class=\"property-desc line-limit-length\">support de t\u00e9l\u00e9phone \/ support de t\u00e9l\u00e9phone<\/span><\/li>\n<li class=\"product-prop line-limit-length\"><span class=\"property-title\">Caract\u00e9ristique2 :\u00a0<\/span><span class=\"property-desc line-limit-length\">support pour t\u00e9l\u00e9phone portable<\/span><\/li>\n<li class=\"product-prop line-limit-length\"><span class=\"property-title\">Caract\u00e9ristique3 :\u00a0<\/span><span class=\"property-desc line-limit-length\">Porte-t\u00e9l\u00e9phone pliant \/ Porte-tampon<\/span><\/li>\n<li class=\"product-prop line-limit-length\"><span class=\"property-title\">Caract\u00e9ristique4 :\u00a0<\/span><span class=\"property-desc line-limit-length\">Support pour t\u00e9l\u00e9phone portable<\/span><\/li>\n<li class=\"product-prop line-limit-length\"><span class=\"property-title\">Caract\u00e9ristique5 :\u00a0<\/span><span class=\"property-desc line-limit-length\">Universel pour les t\u00e9l\u00e9phones portables et les tablettes<\/span><\/li>\n<li class=\"product-prop line-limit-length\"><span class=\"property-title\">Caract\u00e9ristique6 :\u00a0<\/span><span class=\"property-desc line-limit-length\">Support de t\u00e9l\u00e9phone portable pliable<\/span><\/li>\n<li class=\"product-prop line-limit-length\"><span class=\"property-title\">Fonctionnalit\u00e97 :\u00a0<\/span><span class=\"property-desc line-limit-length\">Support de bureau pour smartphone<\/span><\/li>\n<li class=\"product-prop line-limit-length\"><span class=\"property-title\">Caract\u00e9ristique8 :\u00a0<\/span><span class=\"property-desc line-limit-length\">Support de t\u00e9l\u00e9phone portable pliable<\/span><\/li>\n<li class=\"product-prop line-limit-length\"><span class=\"property-title\">Caract\u00e9ristique9 :\u00a0<\/span><span class=\"property-desc line-limit-length\">pour iPhone Samsung Xiaomi Support de t\u00e9l\u00e9phone<\/span><\/li>\n<\/ul>\n<\/div>\n<div class=\"detailmodule_html\">\n<div class=\"detail-desc-decorate-richtext\">\n<div style=\"margin: 10px auto 0 !important; display: inline-block !important; max-width: 100% !important;\">\n<p><img decoding=\"async\" style=\"width: 932px !important;\" src=\"https:\/\/ae03.alicdn.com\/kf\/S97c4a1aed838435dbc5b8c6ae7c87debs.jpg\" \/><\/p>\n<div style=\"margin-top: -90.77% !important;\">\n<div style=\"margin-left: 0.0% !important; margin-top: 0.0% !important; width: 20.0% !important;\"><a href=\"http:\/\/www.aliexpress.com\/item\/detail\/1005002771124894.html\" target=\"_blank\" rel=\"noopener\"><img decoding=\"async\" style=\"width: 186px !important; height: 282px !important;\" src=\"https:\/\/ae01.alicdn.com\/kf\/H02cef4a74ad94236943499c8fd78aaa7v.png?width=186&amp;height=282&amp;hash=468\" \/><\/a><\/div>\n<div style=\"margin-left: 20.0% !important; margin-top: -30.26% !important; width: 20.0% !important;\"><a href=\"http:\/\/www.aliexpress.com\/item\/detail\/1005002534648474.html\" target=\"_blank\" rel=\"noopener\"><img decoding=\"async\" style=\"width: 186px !important; height: 282px !important;\" src=\"https:\/\/ae01.alicdn.com\/kf\/H02cef4a74ad94236943499c8fd78aaa7v.png?width=186&amp;height=282&amp;hash=468\" \/><\/a><\/div>\n<div style=\"margin-left: 40.0% !important; margin-top: -30.26% !important; width: 20.0% !important;\"><a href=\"http:\/\/www.aliexpress.com\/item\/detail\/1005003359340349.html\" target=\"_blank\" rel=\"noopener\"><img decoding=\"async\" style=\"width: 186px !important; height: 282px !important;\" src=\"https:\/\/ae01.alicdn.com\/kf\/H02cef4a74ad94236943499c8fd78aaa7v.png?width=186&amp;height=282&amp;hash=468\" \/><\/a><\/div>\n<div style=\"margin-left: 60.0% !important; margin-top: -30.26% !important; width: 20.0% !important;\"><a href=\"http:\/\/www.aliexpress.com\/item\/detail\/1005004169700683.html\" target=\"_blank\" rel=\"noopener\"><img decoding=\"async\" style=\"width: 186px !important; height: 282px !important;\" src=\"https:\/\/ae01.alicdn.com\/kf\/H02cef4a74ad94236943499c8fd78aaa7v.png?width=186&amp;height=282&amp;hash=468\" \/><\/a><\/div>\n<div style=\"margin-left: 80.0% !important; margin-top: -30.26% !important; width: 20.0% !important;\"><a href=\"http:\/\/www.aliexpress.com\/item\/detail\/1005004169718935.html\" target=\"_blank\" rel=\"noopener\"><img decoding=\"async\" style=\"width: 186px !important; height: 282px !important;\" src=\"https:\/\/ae01.alicdn.com\/kf\/H02cef4a74ad94236943499c8fd78aaa7v.png?width=186&amp;height=282&amp;hash=468\" \/><\/a><\/div>\n<div style=\"margin-left: 0.0% !important; margin-top: 0.0% !important; width: 20.0% !important;\"><a href=\"http:\/\/www.aliexpress.com\/item\/detail\/1005004418084627.html\" target=\"_blank\" rel=\"noopener\"><img decoding=\"async\" style=\"width: 186px !important; height: 282px !important;\" src=\"https:\/\/ae01.alicdn.com\/kf\/H02cef4a74ad94236943499c8fd78aaa7v.png?width=186&amp;height=282&amp;hash=468\" \/><\/a><\/div>\n<div style=\"margin-left: 20.0% !important; margin-top: -30.26% !important; width: 20.0% !important;\"><a href=\"http:\/\/www.aliexpress.com\/item\/detail\/1005004418170074.html\" target=\"_blank\" rel=\"noopener\"><img decoding=\"async\" style=\"width: 186px !important; height: 282px !important;\" src=\"https:\/\/ae01.alicdn.com\/kf\/H02cef4a74ad94236943499c8fd78aaa7v.png?width=186&amp;height=282&amp;hash=468\" \/><\/a><\/div>\n<div style=\"margin-left: 40.0% !important; margin-top: -30.26% !important; width: 20.0% !important;\"><a href=\"http:\/\/www.aliexpress.com\/item\/detail\/1005004865847114.html\" target=\"_blank\" rel=\"noopener\"><img decoding=\"async\" style=\"width: 186px !important; height: 282px !important;\" src=\"https:\/\/ae01.alicdn.com\/kf\/H02cef4a74ad94236943499c8fd78aaa7v.png?width=186&amp;height=282&amp;hash=468\" \/><\/a><\/div>\n<div style=\"margin-left: 60.0% !important; margin-top: -30.26% !important; width: 20.0% !important;\"><a href=\"http:\/\/www.aliexpress.com\/item\/detail\/1005004853172529.html\" target=\"_blank\" rel=\"noopener\"><img decoding=\"async\" style=\"width: 186px !important; height: 282px !important;\" src=\"https:\/\/ae01.alicdn.com\/kf\/H02cef4a74ad94236943499c8fd78aaa7v.png?width=186&amp;height=282&amp;hash=468\" \/><\/a><\/div>\n<div style=\"margin-left: 80.0% !important; margin-top: -30.26% !important; width: 20.0% !important;\"><a href=\"http:\/\/www.aliexpress.com\/item\/detail\/1005004822603814.html\" target=\"_blank\" rel=\"noopener\"><img decoding=\"async\" style=\"width: 186px !important; height: 282px !important;\" src=\"https:\/\/ae01.alicdn.com\/kf\/H02cef4a74ad94236943499c8fd78aaa7v.png?width=186&amp;height=282&amp;hash=468\" \/><\/a><\/div>\n<div style=\"margin-left: 0.0% !important; margin-top: 0.0% !important; width: 20.0% !important;\"><a href=\"http:\/\/www.aliexpress.com\/item\/detail\/1005004822617740.html\" target=\"_blank\" rel=\"noopener\"><img decoding=\"async\" style=\"width: 186px !important; height: 282px !important;\" src=\"https:\/\/ae01.alicdn.com\/kf\/H02cef4a74ad94236943499c8fd78aaa7v.png?width=186&amp;height=282&amp;hash=468\" \/><\/a><\/div>\n<div style=\"margin-left: 20.0% !important; margin-top: -30.26% !important; width: 20.0% !important;\"><a href=\"http:\/\/www.aliexpress.com\/item\/detail\/1005004822693515.html\" target=\"_blank\" rel=\"noopener\"><img decoding=\"async\" style=\"width: 186px !important; height: 282px !important;\" src=\"https:\/\/ae01.alicdn.com\/kf\/H02cef4a74ad94236943499c8fd78aaa7v.png?width=186&amp;height=282&amp;hash=468\" \/><\/a><\/div>\n<div style=\"margin-left: 40.0% !important; margin-top: -30.26% !important; width: 20.0% !important;\"><a href=\"http:\/\/www.aliexpress.com\/item\/detail\/1005004777656346.html\" target=\"_blank\" rel=\"noopener\"><img decoding=\"async\" style=\"width: 186px !important; height: 282px !important;\" src=\"https:\/\/ae01.alicdn.com\/kf\/H02cef4a74ad94236943499c8fd78aaa7v.png?width=186&amp;height=282&amp;hash=468\" \/><\/a><\/div>\n<div style=\"margin-left: 60.0% !important; margin-top: -30.26% !important; width: 20.0% !important;\"><a href=\"http:\/\/www.aliexpress.com\/item\/detail\/1005004777700514.html\" target=\"_blank\" rel=\"noopener\"><img decoding=\"async\" style=\"width: 186px !important; height: 282px !important;\" src=\"https:\/\/ae01.alicdn.com\/kf\/H02cef4a74ad94236943499c8fd78aaa7v.png?width=186&amp;height=282&amp;hash=468\" \/><\/a><\/div>\n<div style=\"margin-left: 80.0% !important; margin-top: -30.26% !important; width: 20.0% !important;\"><a href=\"http:\/\/www.aliexpress.com\/item\/detail\/1005003226616411.html\" target=\"_blank\" rel=\"noopener\"><img decoding=\"async\" style=\"width: 186px !important; height: 282px !important;\" src=\"https:\/\/ae01.alicdn.com\/kf\/H02cef4a74ad94236943499c8fd78aaa7v.png?width=186&amp;height=282&amp;hash=468\" \/><\/a><\/div>\n<\/div>\n<\/div>\n<div style=\"margin: 10px auto 0 !important; display: inline-block !important; max-width: 100% !important;\"><img decoding=\"async\" style=\"width: 932px !important;\" src=\"https:\/\/ae03.alicdn.com\/kf\/Sb9c9c87946df48e5bea25963aff76ad7w.jpg\" \/><\/div>\n<p>&nbsp;<\/p>\n<p style=\"font-family: 'Open Sans', Roboto, Arial, Helvetica, sans-serif, SimSun; font-size: 14px; font-weight: 400; letter-spacing: normal; line-height: inherit; text-align: start; white-space: normal; color: #222222; background-color: #ffffff; margin: 0px; padding: 0px; box-sizing: border-box;\" align=\"start\"><span style=\"background-color: #3366ff; color: #ffffff; font-size: 18px; font-family: 'Trebuchet MS';\"><strong>Caract\u00e9ristiques :<\/strong><\/span><br \/>\n<span style=\"background-color: #ffffff; color: #000000; font-size: 18px; font-family: 'Trebuchet MS';\">- Convient aux t\u00e9l\u00e9phones mobiles et aux tablettes.<\/span><br \/>\n<span style=\"background-color: #ffffff; color: #000000; font-size: 18px; font-family: 'Trebuchet MS';\">- Facile et simple \u00e0 ranger, ne prend pas trop de place.<\/span><br \/>\n<span style=\"background-color: #ffffff; color: #000000; font-size: 18px; font-family: 'Trebuchet MS';\">- Coussin en silicone antid\u00e9rapant pour \u00e9viter que vos t\u00e9l\u00e9phones portables ne soient ray\u00e9s.<\/span><br \/>\n<span style=\"background-color: #ffffff; color: #000000; font-size: 18px; font-family: 'Trebuchet MS';\">- Le support robuste lib\u00e8re votre main et facilite le visionnage de films et la lecture d'e-mails.<\/span><br \/>\n<span style=\"background-color: #ffffff; color: #000000; font-size: 18px; font-family: 'Trebuchet MS';\">- Id\u00e9al pour regarder des vid\u00e9os, lire, enregistrer des vid\u00e9os ou simplement naviguer sur le Web.<\/span><br \/>\n<span style=\"background-color: #ffffff; color: #000000; font-size: 18px; font-family: 'Trebuchet MS';\">-Conception augment\u00e9e de la hauteur, conforme au principe ergonomique, prot\u00e8ge bien la colonne cervicale et le cou.<\/span><\/p>\n<p><span style=\"background-color: #3366ff; color: #ffffff; font-size: 18px; font-family: 'Trebuchet MS';\"><strong>Sp\u00e9cifications :<\/strong><\/span><br \/>\n<span style=\"background-color: #ffffff; color: #000000; font-size: 18px; font-family: 'Trebuchet MS';\">Taille : 11,5*7,3*4 cm<\/span><br \/>\n<span style=\"background-color: #ffffff; color: #000000; font-size: 18px; font-family: 'Trebuchet MS';\">Mat\u00e9riel : alliage d'aluminium + silicone + ABS<\/span><\/p>\n<p><span style=\"background-color: #3366ff; color: #ffffff; font-size: 18px; font-family: 'Trebuchet MS';\"><strong>Emballage inclus :<\/strong><\/span><br \/>\n<span style=\"background-color: #ffffff; color: #000000; font-size: 18px; font-family: 'Trebuchet MS';\">1 x support de t\u00e9l\u00e9phone<\/span><\/p>\n<p style=\"font-family: 'Open Sans', Roboto, Arial, Helvetica, sans-serif, SimSun; font-size: 14px; font-weight: 400; letter-spacing: normal; line-height: inherit; text-align: start; white-space: normal; color: #222222; background-color: #ffffff; margin: 0px; padding: 0px; box-sizing: border-box;\" align=\"start\">\n<span style=\"background-color: #3366ff; color: #ffffff; font-size: 18px; font-family: 'Trebuchet MS';\"><strong>Remarques :<\/strong><\/span><br \/>\n<span style=\"background-color: #ffffff; color: #000000; font-size: 18px; font-family: 'Trebuchet MS';\">1.Mesure manuelle, veuillez permettre une erreur de 1 \u00e0 3 mm, merci.<\/span><br \/>\n<span style=\"background-color: #ffffff; color: #000000; font-size: 18px; font-family: 'Trebuchet MS';\">2. en raison de la diff\u00e9rence entre les diff\u00e9rents moniteurs, l'image peut ne pas refl\u00e9ter la couleur r\u00e9elle de l'article. nous garantissons que le style est le m\u00eame que celui indiqu\u00e9 sur l'image.<\/span><\/p>\n<p>&nbsp;<\/p>\n<p><img decoding=\"async\" src=\"https:\/\/ae01.alicdn.com\/kf\/S2f215c20501e4aabb92a6dbfcac60234d.jpg?width=800&amp;height=800&amp;hash=1600\" \/><img decoding=\"async\" src=\"https:\/\/ae01.alicdn.com\/kf\/S84a4f9ccaf9e49cb9a6a955339c186e3X.jpg?width=800&amp;height=800&amp;hash=1600\" \/><img decoding=\"async\" src=\"https:\/\/ae01.alicdn.com\/kf\/S222f375306594739b46c274d64a011ca8.jpg?width=800&amp;height=800&amp;hash=1600\" \/><img decoding=\"async\" src=\"https:\/\/ae01.alicdn.com\/kf\/S064f83dd5dc34c0382e03fc6e5b0877fu.jpg?width=800&amp;height=800&amp;hash=1600\" \/><img decoding=\"async\" src=\"https:\/\/ae01.alicdn.com\/kf\/Sb806a26a21f243e69074e26f7d840f65F.jpg?width=800&amp;height=800&amp;hash=1600\" \/><img decoding=\"async\" src=\"https:\/\/ae01.alicdn.com\/kf\/S28c8328e654144569e6825cca354a5abf.jpg?width=800&amp;height=800&amp;hash=1600\" \/><img decoding=\"async\" src=\"https:\/\/ae01.alicdn.com\/kf\/S590625ae9c5d4290941a445ccdc7858f4.jpg?width=790&amp;height=1456&amp;hash=2246\" \/><\/p>\n<style type=\"text\/css\">.aeplgcon {<br \/>\n   position : fixe ;<br \/>\n   haut : 35% ;<br \/>\n   droite : 5px ;<br \/>\n   arri\u00e8re-plan :#000000publicit\u00e9 ;<br \/>\n   couleur :#fff ;<br \/>\n   indice z :9999999;<br \/>\n   largeur : 190 px ;<br \/>\n    }<\/p>\n<p>    .aeplgcon p {<br \/>\n   rembourrage : 10px 0 ;<br \/>\n   marge : 0 ;<br \/>\n   hauteur de ligne : normale ;<br \/>\n   alignement du texte : centre ;<br \/>\n   taille de police : 16 px ;<br \/>\n   arri\u00e8re-plan :#FF5959 ;<br \/>\n    }<\/p>\n<p>    .aeplgcon ul {<br \/>\n   alignement du texte : gauche ;<br \/>\n   rembourrage-gauche : 0 ;<br \/>\n   marge-gauche : 0 ;<br \/>\n   marge inf\u00e9rieure : 0 ;<br \/>\n   d\u00e9bordement : cach\u00e9 ;<br \/>\n    }<\/p>\n<p>    .aeplgcon ul li.nav {<br \/>\n   rembourrage : 0 15px ;<br \/>\n   bordure sup\u00e9rieure : 1px solide#595959;<br \/>\n    }<\/p>\n<p>    .aeplgcon ul li.nav:hover {<br \/>\n   arri\u00e8re-plan :#00000059;<br \/>\n    }<\/p>\n<p>    .aeplgcon ul li a {<br \/>\n   couleur :#fff ;<br \/>\n   rembourrage : 10px 0 ;<br \/>\n   affichage : bloc ;<br \/>\n   taille de police : 13 px ;<br \/>\n    }<br \/>\n    .aeplgcon ul li.nav.now:avant {<br \/>\n   contenu : \"\u00b7\";<br \/>\n   position : absolu ;<br \/>\n   couleur :#fff700 ;<br \/>\n   gauche : 5px ;<br \/>\n   alignement du texte : centre ;<br \/>\n   hauteur de ligne : 36 px ;<br \/>\n   taille de police : 40 px ;<br \/>\n    }<br \/>\n    .aeplgcon i {<br \/>\n   style de police : h\u00e9riter ;<br \/>\n   taille de police : 13 px ;<br \/>\n   couleur :#ffc100 ;<br \/>\n   hauteur de ligne : 34 px ;<br \/>\n   affichage : bloc ;<br \/>\n    }<\/p>\n<p>    .aeplgcon em:hover {<br \/>\n   arri\u00e8re-plan :#d25353 ;<br \/>\n    }<\/p>\n<p>    .aeplgcon em {<br \/>\n   style de police : normal ;<br \/>\n   largeur : 22px ;<br \/>\n   hauteur : 20px ;<br \/>\n   affichage : bloc en ligne ;<br \/>\n   alignement du texte : centre ;<br \/>\n   position : absolu ;<br \/>\n   haut : 0 ;<br \/>\n   gauche : 0px ;<br \/>\n   couleur :#fff ;<br \/>\n   curseur : pointeur ;<br \/>\n   taille de police : 15 px ;<br \/>\n    }<\/p>\n<p>    .aeplgcon em.showPOP {<br \/>\n   gauche : -68 px ;<br \/>\n   arri\u00e8re-plan :#FF5959 ;<br \/>\n   largeur : 62px ;<br \/>\n   rembourrage : 1px ;<br \/>\n   taille de police : 14 px ;<br \/>\n   alignement du texte : centre ;<br \/>\n   rayon bordure : 3px ;<br \/>\n    }<br \/>\n    .sweetAlert.aezsmain {<br \/>\n   marge sup\u00e9rieure : -372px ;<br \/>\n   gauche : 17% ;<br \/>\n   droite : 3% ;<br \/>\n   haut : 51 % ;<br \/>\n   d\u00e9bordement : automatique ;<br \/>\n   hauteur : 90 % ;<br \/>\n   indice z :9999999999;<br \/>\n    }<br \/>\n    .sweetAlertNormal {<br \/>\n   largeur : 450 px ;<br \/>\n   gauche : 50 % ;<br \/>\n   hauteur : automatique ;<br \/>\n   haut : 50 % ;<br \/>\n    }<br \/>\n    .aezsmain.chois-conteneur-simple {<br \/>\n   indice z :100000;<br \/>\n    }<br \/>\n    .aezsmain.chois-conteneur-simple.chois-single {<br \/>\n   rembourrage sup\u00e9rieur : 5px ;<br \/>\n    }<br \/>\n    .aezsmain.chois-conteneur-single.chois-drop.chois-resultats {<br \/>\n   alignement du texte : gauche ;<br \/>\n   poids de la police : normal ;<br \/>\n    }<br \/>\n    .aezsmain.chois-container-single.chois-recherche input[typ=texte\"] {<br \/>\n   formatage de la bo\u00eete : bordure-bo\u00eete ;<br \/>\n   affichage : bloc ;<br \/>\n   hauteur : 30 px ;<br \/>\n    }<\/style>\n<div>\n<p>&nbsp;<\/p>\n<\/div>\n<style type=\"text\/css\">.aezsmain.pop2con,.aezsmain.pop2Smt,.aezsmain.pop2freeNotice,.aezsmain.colorNotice {<br \/>\n     largeur : 600 px ;<br \/>\n     position : fixe ;<br \/>\n     gauche : 48% ;<br \/>\n     haut : 40 % ;<br \/>\n     indice z : 999999 ;<br \/>\n     taille de police : 14 px ;<br \/>\n     marge-gauche : -200 px ;<br \/>\n     marge sup\u00e9rieure : -68 px ;<br \/>\n     arri\u00e8re-plan : # fff ;<br \/>\n     rayon bordure : 5px ;<br \/>\n     rembourrage : 15px 10px ;<br \/>\n     alignement du texte : gauche ;<br \/>\n      }<br \/>\n      .vendre-select-options.options-contenu{hauteur maximale : 20000 px!important ;}\/*\u65b0\u589e*\/<br \/>\n      .aezsmain.pop2Hint {<br \/>\n     largeur : 450 px ;<br \/>\n     position : fixe ;<br \/>\n     gauche : 48% ;<br \/>\n     haut : 40 % ;<br \/>\n     indice z : 999999 ;<br \/>\n     taille de police : 14 px ;<br \/>\n     marge-gauche : -200 px ;<br \/>\n     marge sup\u00e9rieure : -68 px ;<br \/>\n     arri\u00e8re-plan : # fff ;<br \/>\n     rayon bordure : 5px ;<br \/>\n     rembourrage : 15px 10px ;<br \/>\n     alignement du texte : gauche ;<br \/>\n     ombre-bo\u00eete : 5px 5px 7px 3px rgb(204, 204, 204) ;\/*\u65b0\u589e*\/<br \/>\n      }<br \/>\n      .aezsmain.pop2con.pop2title,.aezsmain.pop2Smt.pop2title,.aezsmain.pop2freeNotice.pop2title,.aezsmain.colorNotice.pop2title {<br \/>\n     taille de police : 25 px ;<br \/>\n     poids de la police : 600 ;<br \/>\n     couleur : # 575757 ;<br \/>\n     alignement du texte : centre ;<br \/>\n     rembourrage sup\u00e9rieur : 10 px ;<br \/>\n     fond de rembourrage : 15px ;<br \/>\n      }<br \/>\n      .aezsmain.pop2con entr\u00e9e{<br \/>\n     affichage : bloc en ligne ;<br \/>\n     largeur : 470px ;<br \/>\n     hauteur : 30 px ;<br \/>\n     taille de police : 14 px ;<br \/>\n      }<br \/>\n      .aezsmain.pop2con.btncon,.aezsmain.pop2Smt.btncon,.aezsmain.pop2freeAvis.btncon,.aezsmain.colorAvis.btncon{<br \/>\n     alignement du texte : droit ;<br \/>\n      } <\/p>\n<p>      .aezsmain.pop2freeAvis.btncon a {<br \/>\n     couleur de fond : # 1AB394 ;<br \/>\n     couleur des bordures : # 1AB394 ;<br \/>\n     couleur : blanc ;<br \/>\n }<br \/>\n      .aezsmain.pop2con.btncon a,.aezsmain.pop2Smt.btncon a,.aezsmain.pop2Hint.btncon a {<br \/>\n     marge-droite : 5px ;<br \/>\n     couleur de fond : # 1AB394 ;<br \/>\n     couleur des bordures : # 1AB394 ;<br \/>\n     couleur : blanc ;<br \/>\n     largeur : 60px ;<br \/>\n     taille de police : 14 px ;<br \/>\n      }<br \/>\n      .aezsmain # btnpop2canel,.aezsmain # pop2cancelSmt {<br \/>\n     couleur : RVB (103,106,108) ;<br \/>\n     couleur de fond: blanc;<br \/>\n     couleur bordure : rgb(231,234,236) ;<br \/>\n      }<br \/>\n      .aezsmain # btnpop2canel:hover,aezsmain # pop2cancelSmt :hover {<br \/>\n     couleur bordure : RVB (210,210,210) ;<br \/>\n      }<br \/>\n      .aezsmain.pop2Hint.btncon a:actif {<br \/>\n     couleur des bordures : # 1AB394 ;<br \/>\n     couleur de fond : # 1AB394 ;<br \/>\n      }<br \/>\n      .aezsmain.pop2overlay{<br \/>\n     couleur de fond : riyaya(0, 0, 0, 0, 4) ;<br \/>\n     position : fixe ;<br \/>\n     gauche : 0 ;<br \/>\n     droite : 0 ;<br \/>\n     haut : 0 ;<br \/>\n     fond : 0 ;<br \/>\n     indice z : 100001 ;<br \/>\n      }<br \/>\n      .aezsmain.pop2Hint p{<br \/>\n     couleur : # 797979 ;<br \/>\n     taille de police : 15 px ;<br \/>\n     alignement du texte : centre ;<br \/>\n     poids de la police : 300 ;<br \/>\n     position : relative ;<br \/>\n     flotteur : aucun ;<br \/>\n     marge inf\u00e9rieure : 18px ;<br \/>\n     rembourrage : 0 ;<br \/>\n     hauteur de ligne : normale ;<br \/>\n      }<\/style>\n<div style=\"margin: 10px auto 0 !important; display: inline-block !important; max-width: 100% !important;\"><img decoding=\"async\" style=\"width: 932px !important;\" src=\"https:\/\/ae03.alicdn.com\/kf\/S2c9340e22a28427d981db3dced4f94a1b.jpg\" \/><\/div>\n<div style=\"margin: 10px auto 0 !important; display: inline-block !important; max-width: 100% !important;\"><img decoding=\"async\" style=\"width: 932px !important;\" src=\"https:\/\/ae03.alicdn.com\/kf\/Se22c0392fc4740d99fb501a3326c77f2L.jpg\" \/><\/div>\n<div style=\"margin: 10px auto 0 !important; display: inline-block !important; max-width: 100% !important;\"><img decoding=\"async\" style=\"width: 932px !important;\" src=\"https:\/\/ae03.alicdn.com\/kf\/S7f8e9de17e1e4dc4a6aa2c2909cd8240R.jpg\" \/><\/div>\n<\/div>\n<\/div>","protected":false},"excerpt":{"rendered":"<p>&nbsp; Type:\u00a0SUPPORT DE BUREAU Caract\u00e9ristiques:\u00a0Reproduire A des haut-parleurs:\u00a0Pas de Marque Compatible:\u00a0Universel Chargeur:\u00a0Pas de Num\u00e9ro de Mod\u00e8le:\u00a0Portable CellPhone Desk Holder Stand<\/p>","protected":false},"featured_media":10345,"comment_status":"open","ping_status":"closed","template":"","meta":[],"product_brand":[],"product_cat":[85,35],"product_tag":[],"class_list":{"0":"post-10344","1":"product","2":"type-product","3":"status-publish","4":"has-post-thumbnail","6":"product_cat-accessories","7":"product_cat-electronics","9":"first","10":"instock","11":"shipping-taxable","12":"purchasable","13":"product-type-variable"},"jetpack_sharing_enabled":true,"_links":{"self":[{"href":"https:\/\/afrycom.com\/fr\/wp-json\/wp\/v2\/product\/10344","targetHints":{"allow":["GET"]}}],"collection":[{"href":"https:\/\/afrycom.com\/fr\/wp-json\/wp\/v2\/product"}],"about":[{"href":"https:\/\/afrycom.com\/fr\/wp-json\/wp\/v2\/types\/product"}],"replies":[{"embeddable":true,"href":"https:\/\/afrycom.com\/fr\/wp-json\/wp\/v2\/comments?post=10344"}],"wp:featuredmedia":[{"embeddable":true,"href":"https:\/\/afrycom.com\/fr\/wp-json\/wp\/v2\/media\/10345"}],"wp:attachment":[{"href":"https:\/\/afrycom.com\/fr\/wp-json\/wp\/v2\/media?parent=10344"}],"wp:term":[{"taxonomy":"product_brand","embeddable":true,"href":"https:\/\/afrycom.com\/fr\/wp-json\/wp\/v2\/product_brand?post=10344"},{"taxonomy":"product_cat","embeddable":true,"href":"https:\/\/afrycom.com\/fr\/wp-json\/wp\/v2\/product_cat?post=10344"},{"taxonomy":"product_tag","embeddable":true,"href":"https:\/\/afrycom.com\/fr\/wp-json\/wp\/v2\/product_tag?post=10344"}],"curies":[{"name":"wp","href":"https:\/\/api.w.org\/{rel}","templated":true}]}}