{"id":10180,"date":"2025-03-08T10:37:42","date_gmt":"2025-03-08T10:37:42","guid":{"rendered":"https:\/\/afrycom.com\/product\/1m-2m3m-4m-bebe-lit-pare-chocs-berceau-anticollision-pare-chocs-pour-nouveau-ne-noeud-tresse-oreiller-coussin-lit-protecteur-berceau-ensemble-de-literie\/"},"modified":"2025-03-08T10:38:06","modified_gmt":"2025-03-08T10:38:06","slug":"1m-2m3m-4m-bebe-lit-pare-chocs-berceau-anticollision-pare-chocs-pour-nouveau-ne-noeud-tresse-oreiller-coussin-lit-protecteur-berceau-ensemble-de-literie","status":"publish","type":"product","link":"https:\/\/afrycom.com\/fr\/produit\/1m-2m3m-4m-bebe-lit-pare-chocs-berceau-anticollision-pare-chocs-pour-nouveau-ne-noeud-tresse-oreiller-coussin-lit-protecteur-berceau-ensemble-de-literie\/","title":{"rendered":"1M\/2M3M\/4M b\u00e9b\u00e9 lit pare-chocs berceau Anticollision pare-chocs pour nouveau-n\u00e9 noeud tresse oreiller coussin lit protecteur berceau ensemble de literie"},"content":{"rendered":"<div class=\"product-specs-list-container\">\n<ul class=\"product-specs-list util-clearfix\">\n<li class=\"product-prop line-limit-length\"><span class=\"property-title\">Chimique Hign-concern\u00e9 :\u00a0<\/span><span class=\"property-desc line-limit-length\">Aucun<\/span><\/li>\n<li class=\"product-prop line-limit-length\"><span class=\"property-title\">Type de Motif :\u00a0<\/span><span class=\"property-desc line-limit-length\">Patchwork<\/span><\/li>\n<li class=\"product-prop line-limit-length\"><span class=\"property-title\">Remplissage :\u00a0<\/span><span class=\"property-desc line-limit-length\">COTON<\/span><\/li>\n<li class=\"product-prop line-limit-length\"><span class=\"property-title\">Techniques :\u00a0<\/span><span class=\"property-desc line-limit-length\">Tiss\u00e9<\/span><\/li>\n<li class=\"product-prop line-limit-length\"><span class=\"property-title\">Grade :\u00a0<\/span><span class=\"property-desc line-limit-length\">Cat\u00e9gorie A<\/span><\/li>\n<li class=\"product-prop line-limit-length\"><span class=\"property-title\">Style :\u00a0<\/span><span class=\"property-desc line-limit-length\">platine<\/span><\/li>\n<li class=\"product-prop line-limit-length\"><span class=\"property-title\">Style :\u00a0<\/span><span class=\"property-desc line-limit-length\">Autre<\/span><\/li>\n<li class=\"product-prop line-limit-length\"><span class=\"property-title\">Sexe :\u00a0<\/span><span class=\"property-desc line-limit-length\">Unisexe<\/span><\/li>\n<li class=\"product-prop line-limit-length\"><span class=\"property-title\">Mat\u00e9riau :\u00a0<\/span><span class=\"property-desc line-limit-length\">Tissu polaire<\/span><\/li>\n<li class=\"product-prop line-limit-length\"><span class=\"property-title\">Tranche du0027\u00e2ge :\u00a0<\/span><span class=\"property-desc line-limit-length\">MATERNIT\u00c9<\/span><\/li>\n<li class=\"product-prop line-limit-length\"><span class=\"property-title\">Origine :\u00a0<\/span><span class=\"property-desc line-limit-length\">CN (Origine)<\/span><\/li>\n<li class=\"product-prop line-limit-length\"><span class=\"property-title\">CN :\u00a0<\/span><span class=\"property-desc line-limit-length\">Guangdong<\/span><\/li>\n<li class=\"product-prop line-limit-length\"><span class=\"property-title\">Groupe D'\u00e2ge :\u00a0<\/span><span class=\"property-desc line-limit-length\">B\u00e9b\u00e9s<\/span><\/li>\n<li class=\"product-prop line-limit-length\"><span class=\"property-title\">Saison :\u00a0<\/span><span class=\"property-desc line-limit-length\">QUATRE SAISONS<\/span><\/li>\n<li class=\"product-prop line-limit-length\"><span class=\"property-title\">CN :\u00a0<\/span><span class=\"property-desc line-limit-length\">Zhejiang<\/span><\/li>\n<li class=\"product-prop line-limit-length\"><span class=\"property-title\">1:\u00a0<\/span><span class=\"property-desc line-limit-length\">S\u00e9curit\u00e9 des b\u00e9b\u00e9s<\/span><\/li>\n<li class=\"product-prop line-limit-length\"><span class=\"property-title\">2:\u00a0<\/span><span class=\"property-desc line-limit-length\">Pare-chocs anticollision pour lit d'enfant<\/span><\/li>\n<li class=\"product-prop line-limit-length\"><span class=\"property-title\">3:\u00a0<\/span><span class=\"property-desc line-limit-length\">pare-chocs de lit<\/span><\/li>\n<li class=\"product-prop line-limit-length\"><span class=\"property-title\">4:\u00a0<\/span><span class=\"property-desc line-limit-length\">Protecteur de lit<\/span><\/li>\n<li class=\"product-prop line-limit-length\"><span class=\"property-title\">5:\u00a0<\/span><span class=\"property-desc line-limit-length\">Ensemble de literie pour berceau<\/span><\/li>\n<li class=\"product-prop line-limit-length\"><span class=\"property-title\">6:\u00a0<\/span><span class=\"property-desc line-limit-length\">pare-chocs en tresse \u00e0 n\u0153uds<\/span><\/li>\n<\/ul>\n<\/div>\n<div class=\"detailmodule_html\">\n<div class=\"detail-desc-decorate-richtext\">\n<div class=\"detailmodule_html\">\n<div class=\"detail-desc-decorate-richtext\">\n<div>\u00a0<\/div>\n<p>Lit de s\u00e9curit\u00e9 pour b\u00e9b\u00e9, pare-chocs anti-collision pour berceau<\/p>\n<p>Coussin d'oreiller tress\u00e9 avec n\u0153ud pour nouveau-n\u00e9<\/p>\n<p>Ensemble de literie pour berceau protecteur de lit<\/p>\n<p>Taille : 100 cm, 200 cm, 300 cm, 400 cm<\/p>\n<p>largeur : environ 10-12 cm<\/p>\n<p><span style=\"color: #f44e3b;\">Remarque : tiss\u00e9 \u00e0 la main, mesur\u00e9 \u00e0 la main, veuillez permettre une diff\u00e9rence de 1 \u00e0 2 cm.<\/span><\/p>\n<p><img decoding=\"async\" src=\"https:\/\/ae01.alicdn.com\/kf\/S73ea1a1760d642dcbc601f0cf0d8128cN.jpg?width=2000&amp;height=2000&amp;hash=4000\" \/><img decoding=\"async\" src=\"https:\/\/ae01.alicdn.com\/kf\/S4a558f2d68504737bd6f9a2ce91f98c2P.jpg?width=2000&amp;height=2000&amp;hash=4000\" \/><img decoding=\"async\" src=\"https:\/\/ae01.alicdn.com\/kf\/S52b284308f684680b95dac0dcb07e4dbc.jpg?width=2000&amp;height=2000&amp;hash=4000\" \/><img decoding=\"async\" src=\"https:\/\/ae01.alicdn.com\/kf\/Sd5d3719ff9f041f59637c906edb6a29eK.jpg?width=807&amp;height=807&amp;hash=1614\" \/><img decoding=\"async\" src=\"https:\/\/ae01.alicdn.com\/kf\/Sb6117d9da996478fb8e47a4bf684f952G.jpg?width=810&amp;height=808&amp;hash=1618\" \/><img decoding=\"async\" src=\"https:\/\/ae01.alicdn.com\/kf\/S39f5910ff18e4a3ab773a0f806557cccv.jpg?width=810&amp;height=810&amp;hash=1620\" \/><img decoding=\"async\" src=\"https:\/\/ae01.alicdn.com\/kf\/S8007db2c0d9c43c4ad485d54c52adec7M.jpg?width=809&amp;height=809&amp;hash=1618\" \/><img decoding=\"async\" src=\"https:\/\/ae01.alicdn.com\/kf\/S92668da11a18439fa51915aa1ecf1e12a.jpg?width=808&amp;height=808&amp;hash=1616\" \/><img decoding=\"async\" src=\"https:\/\/ae01.alicdn.com\/kf\/S3b5d6981c578449a9933d1d8543d9b8dA.jpg?width=808&amp;height=808&amp;hash=1616\" \/><img decoding=\"async\" src=\"https:\/\/ae01.alicdn.com\/kf\/S4a35ab9a39a4444f97d2c68ff880e1aak.jpg?width=807&amp;height=807&amp;hash=1614\" \/><\/p>\n<\/div>\n<\/div>\n<p>\u00a0<\/p>\n<\/div>\n<\/div>","protected":false},"excerpt":{"rendered":"<p>Chimique Hign-concern\u00e9:\u00a0Aucun Type de Motif:\u00a0Patchwork Remplissage:\u00a0COTTON Techniques:\u00a0Tiss\u00e9 Grade:\u00a0Cat\u00e9gorie A Style:\u00a0plat Style:\u00a0Autre Sexe:\u00a0Unisexe Mat\u00e9riau:\u00a0Tissu polaire Tranche du0027\u00e2ge:\u00a0MATERNITY Origine:\u00a0CN (Origine) CN:\u00a0Guangdong Groupe<\/p>","protected":false},"featured_media":10181,"comment_status":"open","ping_status":"closed","template":"","meta":[],"product_brand":[],"product_cat":[33],"product_tag":[],"class_list":{"0":"post-10180","1":"product","2":"type-product","3":"status-publish","4":"has-post-thumbnail","6":"product_cat-baby-kids","8":"first","9":"instock","10":"shipping-taxable","11":"purchasable","12":"product-type-variable"},"jetpack_sharing_enabled":true,"_links":{"self":[{"href":"https:\/\/afrycom.com\/fr\/wp-json\/wp\/v2\/product\/10180","targetHints":{"allow":["GET"]}}],"collection":[{"href":"https:\/\/afrycom.com\/fr\/wp-json\/wp\/v2\/product"}],"about":[{"href":"https:\/\/afrycom.com\/fr\/wp-json\/wp\/v2\/types\/product"}],"replies":[{"embeddable":true,"href":"https:\/\/afrycom.com\/fr\/wp-json\/wp\/v2\/comments?post=10180"}],"wp:featuredmedia":[{"embeddable":true,"href":"https:\/\/afrycom.com\/fr\/wp-json\/wp\/v2\/media\/10181"}],"wp:attachment":[{"href":"https:\/\/afrycom.com\/fr\/wp-json\/wp\/v2\/media?parent=10180"}],"wp:term":[{"taxonomy":"product_brand","embeddable":true,"href":"https:\/\/afrycom.com\/fr\/wp-json\/wp\/v2\/product_brand?post=10180"},{"taxonomy":"product_cat","embeddable":true,"href":"https:\/\/afrycom.com\/fr\/wp-json\/wp\/v2\/product_cat?post=10180"},{"taxonomy":"product_tag","embeddable":true,"href":"https:\/\/afrycom.com\/fr\/wp-json\/wp\/v2\/product_tag?post=10180"}],"curies":[{"name":"wp","href":"https:\/\/api.w.org\/{rel}","templated":true}]}}