{"id":10162,"date":"2025-03-08T10:37:13","date_gmt":"2025-03-08T10:37:13","guid":{"rendered":"https:\/\/afrycom.com\/product\/boule-de-massage-en-plastique-pour-tout-le-corps-relaxation-musculaire-anciers-de-massage-yoga-fitness-dent-de-loup-fascia-1-piece\/"},"modified":"2025-03-08T10:37:18","modified_gmt":"2025-03-08T10:37:18","slug":"boule-de-massage-en-plastique-pour-tout-le-corps-relaxation-musculaire-anciers-de-massage-yoga-fitness-dent-de-loup-fascia-1-piece","status":"publish","type":"product","link":"https:\/\/afrycom.com\/fr\/produit\/boule-de-massage-en-plastique-pour-tout-le-corps-relaxation-musculaire-anciers-de-massage-yoga-fitness-dent-de-loup-fascia-1-piece\/","title":{"rendered":"Boule de massage en plastique pour tout le corps, relaxation musculaire, anciers de massage, yoga, fitness, dent de loup, fascia, 1 pi\u00e8ce"},"content":{"rendered":"<div class=\"product-specs-list-container\">\n<ul class=\"product-specs-list util-clearfix\">\n<li class=\"product-prop line-limit-length\"><span class=\"property-title\">Chimique Hign-concern\u00e9 :\u00a0<\/span><span class=\"property-desc line-limit-length\">Aucun<\/span><\/li>\n<li class=\"product-prop line-limit-length\"><span class=\"property-title\">Nom de marque :\u00a0<\/span><span class=\"property-desc line-limit-length\">YOVIP<\/span><\/li>\n<li class=\"product-prop line-limit-length\"><span class=\"property-title\">Origine :\u00a0<\/span><span class=\"property-desc line-limit-length\">CN (Origine)<\/span><\/li>\n<\/ul>\n<\/div>\n<div class=\"detailmodule_html\">\n<div class=\"detail-desc-decorate-richtext\">\n<p><span id=\"tl_1\" style=\"font-size: 16px; font-family: Verdana;\">Caract\u00e9ristiques :<\/span><\/p>\n<p><span id=\"tl_2\" style=\"font-size: 16px; font-family: Verdana;\">1. Facile \u00e0 utiliser : la conception de massage \u00e0 rouleaux est tr\u00e8s conviviale, g\u00e9n\u00e9ralement peut \u00eatre facilement tenue dans la main pour fonctionner. Il peut \u00eatre facilement roul\u00e9 sur la peau, les utilisateurs n'ont pas besoin de travailler dur, il suffit de d\u00e9placer le rouleau en fonction de leurs propres besoins.<\/span><\/p>\n<p><span id=\"tl_3\" style=\"font-size: 16px; font-family: Verdana;\">2. Favoriser la circulation sanguine : le masseur \u00e0 rouleaux peut favoriser efficacement la circulation sanguine en stimulant la lymphe et les microvaisseaux \u00e0 la surface du corps jusqu'au c\u0153ur, ce qui contribue \u00e0 am\u00e9liorer les probl\u00e8mes de peau tels que les poches, les cernes, lignes fines et d\u00e9tente.<\/span><\/p>\n<p><span id=\"tl_4\" style=\"font-size: 16px; font-family: Verdana;\">3. Soulagement de la douleur : le masseur \u00e0 rouleaux aide \u00e0 soulager l'inconfort caus\u00e9 par les fractures musculaires, les cicatrices, les cicatrices de c\u00e9sarienne et les disques intervert\u00e9braux en massant les muscles en profondeur.<\/span><\/p>\n<p><span id=\"tl_5\" style=\"font-size: 16px; font-family: Verdana;\">4. Diff\u00e9rents mat\u00e9riaux peuvent \u00eatre utilis\u00e9s : le masseur \u00e0 rouleaux est compos\u00e9 de nombreux mat\u00e9riaux, couleurs et styles diff\u00e9rents parmi lesquels les consommateurs peuvent choisir, en fonction des diff\u00e9rentes pr\u00e9f\u00e9rences des consommateurs.<\/span><\/p>\n<p><span id=\"tl_6\" style=\"font-size: 16px; font-family: Verdana;\">5. Facile \u00e0 transporter : le massage au rouleau est l\u00e9ger, facile \u00e0 transporter, peut \u00eatre facilement plac\u00e9 dans un sac.<\/span><\/p>\n<p><span id=\"tl_7\" style=\"font-size: 16px; font-family: Verdana;\">Sp\u00e9cification :<\/span><\/p>\n<p><span id=\"tl_8\" style=\"font-size: 16px; font-family: Verdana;\">100% nouvelle qualit\u00e9.<\/span><\/p>\n<p><span id=\"tl_9\" style=\"font-size: 16px; font-family: Verdana;\">Mat\u00e9riel : Plastique<\/span><\/p>\n<p><span id=\"tl_10\" style=\"font-size: 16px; font-family: Verdana;\">Couleur : comme le montre l'image<\/span><\/p>\n<p><span id=\"tl_11\" style=\"font-size: 16px; font-family: Verdana;\">Taille : comme le montre la photo<\/span><\/p>\n<p><span id=\"tl_12\" style=\"font-size: 16px; font-family: Verdana;\">Le forfait comprend<\/span><\/p>\n<p><span id=\"tl_13\" style=\"font-size: 16px; font-family: Verdana;\">1Pcs Rouleau de Massage B\u00e2ton<\/span><\/p>\n<p><span id=\"tl_14\" style=\"font-size: 16px; font-family: Verdana;\">Remarque :<\/span><\/p>\n<p><span id=\"tl_15\" style=\"font-size: 16px; font-family: Verdana;\">1. Veuillez noter que la photo ne montre pas la taille r\u00e9elle, veuillez vous r\u00e9f\u00e9rer \u00e0 la description pour plus de d\u00e9tails sur la taille.<\/span><\/p>\n<p><span id=\"tl_16\" style=\"font-size: 16px; font-family: Verdana;\">2. Veuillez accepter les diff\u00e9rences dues \u00e0 la mesure manuelle, merci.<\/span><\/p>\n<p><span id=\"tl_17\" style=\"font-size: 16px; font-family: Verdana;\">3. En raison de la diff\u00e9rence entre les diff\u00e9rents moniteurs, l'image peut ne pas refl\u00e9ter la couleur r\u00e9elle de l'article.<\/span><\/p>\n<\/div>\n<\/div>\n<div class=\"detailmodule_image\"><img decoding=\"async\" class=\"detail-desc-decorate-image\" src=\"https:\/\/ae01.alicdn.com\/kf\/S482e4d27adc341d0bb590be5304f9070l.jpg\" \/><img decoding=\"async\" class=\"detail-desc-decorate-image\" src=\"https:\/\/ae01.alicdn.com\/kf\/S41a8a8dd75d64de4a4351a28a50188e6o.jpg\" \/><img decoding=\"async\" class=\"detail-desc-decorate-image\" src=\"https:\/\/ae01.alicdn.com\/kf\/S8a74310b718b4984aa35cc9ccd610ede5.jpg\" \/><img decoding=\"async\" class=\"detail-desc-decorate-image\" src=\"https:\/\/ae01.alicdn.com\/kf\/S4429953e69d84735b4826f6c30a6ead9u.jpg\" \/><img decoding=\"async\" class=\"detail-desc-decorate-image\" src=\"https:\/\/ae01.alicdn.com\/kf\/S7647c49a91714156a3dc349a4221bbf6U.jpg\" \/><img decoding=\"async\" class=\"detail-desc-decorate-image\" src=\"https:\/\/ae01.alicdn.com\/kf\/S0876b61d29fb4843bc68b9f1f47bc0bdH.jpg\" \/><img decoding=\"async\" class=\"detail-desc-decorate-image\" src=\"https:\/\/ae01.alicdn.com\/kf\/S2ab2ffcb8faf435d8a58a6c79481d3b2K.jpg\" \/><img decoding=\"async\" class=\"detail-desc-decorate-image\" src=\"https:\/\/ae01.alicdn.com\/kf\/Sd6eee22202374f79b4ecaddcb629fcb1a.jpg\" \/><img decoding=\"async\" class=\"detail-desc-decorate-image\" src=\"https:\/\/ae01.alicdn.com\/kf\/S395f218a46b841f6ac6c1d22e3444e66Y.jpg\" \/><\/div>","protected":false},"excerpt":{"rendered":"<p>Chimique Hign-concern\u00e9:\u00a0Aucun Nom de marque:\u00a0YOVIP Origine:\u00a0CN (Origine) Caract\u00e9ristiques: 1. Facile \u00e0 utiliser: la conception de massage \u00e0 rouleaux est tr\u00e8s<\/p>","protected":false},"featured_media":10163,"comment_status":"open","ping_status":"closed","template":"","meta":[],"product_brand":[],"product_cat":[84],"product_tag":[],"class_list":{"0":"post-10162","1":"product","2":"type-product","3":"status-publish","4":"has-post-thumbnail","6":"product_cat-sports-outdoors","8":"first","9":"instock","10":"shipping-taxable","11":"purchasable","12":"product-type-variable"},"jetpack_sharing_enabled":true,"_links":{"self":[{"href":"https:\/\/afrycom.com\/fr\/wp-json\/wp\/v2\/product\/10162","targetHints":{"allow":["GET"]}}],"collection":[{"href":"https:\/\/afrycom.com\/fr\/wp-json\/wp\/v2\/product"}],"about":[{"href":"https:\/\/afrycom.com\/fr\/wp-json\/wp\/v2\/types\/product"}],"replies":[{"embeddable":true,"href":"https:\/\/afrycom.com\/fr\/wp-json\/wp\/v2\/comments?post=10162"}],"wp:featuredmedia":[{"embeddable":true,"href":"https:\/\/afrycom.com\/fr\/wp-json\/wp\/v2\/media\/10163"}],"wp:attachment":[{"href":"https:\/\/afrycom.com\/fr\/wp-json\/wp\/v2\/media?parent=10162"}],"wp:term":[{"taxonomy":"product_brand","embeddable":true,"href":"https:\/\/afrycom.com\/fr\/wp-json\/wp\/v2\/product_brand?post=10162"},{"taxonomy":"product_cat","embeddable":true,"href":"https:\/\/afrycom.com\/fr\/wp-json\/wp\/v2\/product_cat?post=10162"},{"taxonomy":"product_tag","embeddable":true,"href":"https:\/\/afrycom.com\/fr\/wp-json\/wp\/v2\/product_tag?post=10162"}],"curies":[{"name":"wp","href":"https:\/\/api.w.org\/{rel}","templated":true}]}}