{"id":10149,"date":"2025-03-08T10:36:55","date_gmt":"2025-03-08T10:36:55","guid":{"rendered":"https:\/\/afrycom.com\/product\/5-pcs-1-set-gym-fitness-bandes-de-resistance-portable-fitness-equipement-dentrainement-yoga-elastique-gomme-force-pilates-crossfit-femmes\/"},"modified":"2025-06-22T15:33:20","modified_gmt":"2025-06-22T15:33:20","slug":"5-pcs-1-set-gym-fitness-bandes-de-resistance-portable-fitness-equipement-dentrainement-yoga-elastique-gomme-force-pilates-crossfit-femmes","status":"publish","type":"product","link":"https:\/\/afrycom.com\/fr\/produit\/5-pcs-1-set-gym-fitness-bandes-de-resistance-portable-fitness-equipement-dentrainement-yoga-elastique-gomme-force-pilates-crossfit-femmes\/","title":{"rendered":"5 PCS [1 Set] Gym Fitness Bandes De R\u00e9sistance Portable Fitness \u00c9quipement D'entra\u00eenement Yoga \u00c9lastique Gomme Force Pilates Crossfit Femmes"},"content":{"rendered":"<p>&nbsp;<\/p>\n<div class=\"product-specs-list-container\">\n<ul class=\"product-specs-list util-clearfix\">\n<li class=\"product-prop line-limit-length\"><span class=\"property-title\">Chimique Hign-concern\u00e9 :\u00a0<\/span><span class=\"property-desc line-limit-length\">Aucun<\/span><\/li>\n<li class=\"product-prop line-limit-length\"><span class=\"property-title\">Site de formation :\u00a0<\/span><span class=\"property-desc line-limit-length\">Taille,ARMS,Legs,Appareil de relex musculaire,Taille et Abdomen Exercice,head,Pied,Hand,Wrist,HIP,CHEST,Noyau<\/span><\/li>\n<li class=\"product-prop line-limit-length\"><span class=\"property-title\">Num\u00e9ro de Mod\u00e8le :\u00a0<\/span><span class=\"property-desc line-limit-length\">Bandes de r\u00e9sistance 80008<\/span><\/li>\n<li class=\"product-prop line-limit-length\"><span class=\"property-title\">Application :\u00a0<\/span><span class=\"property-desc line-limit-length\">corde de traction<\/span><\/li>\n<li class=\"product-prop line-limit-length\"><span class=\"property-title\">Fonction :\u00a0<\/span><span class=\"property-desc line-limit-length\">Exercice complet de remise en forme<\/span><\/li>\n<li class=\"product-prop line-limit-length\"><span class=\"property-title\">Nom de D\u00e9partement :\u00a0<\/span><span class=\"property-desc line-limit-length\">Unisexe<\/span><\/li>\n<li class=\"product-prop line-limit-length\"><span class=\"property-title\">Origine :\u00a0<\/span><span class=\"property-desc line-limit-length\">CN (Origine)<\/span><\/li>\n<li class=\"product-prop line-limit-length\"><span class=\"property-title\">Type de Sport :\u00a0<\/span><span class=\"property-desc line-limit-length\">Entra\u00eenement de musculation<\/span><\/li>\n<li class=\"product-prop line-limit-length\"><span class=\"property-title\">Nom de l'\u00e9quipement de fitness: :\u00a0<\/span><span class=\"property-desc line-limit-length\">Bandes de r\u00e9sistance pour le fitness<\/span><\/li>\n<li class=\"product-prop line-limit-length\"><span class=\"property-title\">Personnes concern\u00e9es: :\u00a0<\/span><span class=\"property-desc line-limit-length\">Adultes, hommes, femmes, adeptes du fitness\/yoga<\/span><\/li>\n<li class=\"product-prop line-limit-length\"><span class=\"property-title\">Sc\u00e8ne appropri\u00e9e 1: :\u00a0<\/span><span class=\"property-desc line-limit-length\">Pilates de force<\/span><\/li>\n<li class=\"product-prop line-limit-length\"><span class=\"property-title\">Sc\u00e8ne appropri\u00e9e 2: :\u00a0<\/span><span class=\"property-desc line-limit-length\">Crossfit Sports<\/span><\/li>\n<li class=\"product-prop line-limit-length\"><span class=\"property-title\">Sc\u00e8ne appropri\u00e9e 3: :\u00a0<\/span><span class=\"property-desc line-limit-length\">\u00c9lever le galbe de la hanche<\/span><\/li>\n<li class=\"product-prop line-limit-length\"><span class=\"property-title\">Sc\u00e8ne appropri\u00e9e 4: :\u00a0<\/span><span class=\"property-desc line-limit-length\">D\u00e9corer les lignes des jambes<\/span><\/li>\n<li class=\"product-prop line-limit-length\"><span class=\"property-title\">Sc\u00e8ne appropri\u00e9e 6: :\u00a0<\/span><span class=\"property-desc line-limit-length\">Exercice de remise en forme complet<\/span><\/li>\n<\/ul>\n<\/div>\n<div class=\"detailmodule_html\">\n<div class=\"detail-desc-decorate-richtext\">\n<div class=\"detailmodule_html\">\n<div class=\"detail-desc-decorate-richtext\">\n<div><\/div>\n<table style=\"border-collapse: collapse; border: 0.5pt solid #2b2b2b;\">\n<tbody>\n<tr>\n<td style=\"font-family: BlinkMacSystemFont; font-size: 14pt; text-align: center; background-color: #d4e9d6; border: 0.5pt solid #2b2b2b; width: 750px;\" align=\"center\">5 pi\u00e8ces [1 ensemble] bandes de r\u00e9sistance de Fitness de gymnastique \u00e9quipement d'entra\u00eenement de Fitness Portable Yoga \u00e9lastique force de gomme Pilates Crossfit femmes<\/td>\n<\/tr>\n<tr>\n<td style=\"font-family: BlinkMacSystemFont; font-size: 14pt; color: #ffffff; background-color: #1c7231; border: 0.5pt solid #2b2b2b; width: 750px;\">Pr\u00e9sentation du produit<\/td>\n<\/tr>\n<tr>\n<td style=\"font-family: 'Times New Roman'; font-size: 11pt; border: 0.5pt solid #2b2b2b; width: 750px;\">\u2705Nom : bandes de r\u00e9sistance de fitness\/gomme \u00e9lastique pour yoga et gymnastique.<\/td>\n<\/tr>\n<tr>\n<td style=\"font-family: 'Times New Roman'; font-size: 11pt; border: 0.5pt solid #2b2b2b; width: 750px;\">\u2705Valeur de taille et de r\u00e9sistance :<br \/>\n<span style=\"color: #ffffff;\"><span style=\"background-color: #16a085;\">X-Light : 600*50*0,35 MM et 5-10 lb<\/span><\/span><br \/>\n<span style=\"color: #ffffff;\"><span style=\"background-color: #16a085;\">Lumi\u00e8re : 600 x 50 x 0,5 mm et 10-15 lb.<\/span><\/span><br \/>\n<span style=\"color: #ffffff;\"><span style=\"background-color: #16a085;\">Moyen : 600*50*0,7 MM et 15-20 lb<\/span><\/span><br \/>\n<span style=\"color: #ffffff;\"><span style=\"background-color: #16a085;\">Pesant : 600*50*0,9 MM et 20-30 lb<\/span><\/span><br \/>\n<span style=\"color: #ffffff;\"><span style=\"background-color: #16a085;\">X-Lourd : 600*50*1,1MM et 30-40 lb<\/span><\/span><\/td>\n<\/tr>\n<tr>\n<td style=\"font-family: 'Times New Roman'; font-size: 11pt; border: 0.5pt solid #2b2b2b; width: 750px;\">\u2705Mat\u00e9riau : mat\u00e9riau TPE<\/td>\n<\/tr>\n<tr>\n<td style=\"font-family: 'Times New Roman'; font-size: 11pt; border: 0.5pt solid #2b2b2b; width: 750px;\">\u2705Couleur : 3 ensembles disponibles\/un ensemble de 5 couleurs.<strong><span style=\"background-color: #f1c40f;\">(Diff\u00e9rentes couleurs repr\u00e9sentent une r\u00e9sistance \u00e0 la traction diff\u00e9rente)<\/span><\/strong><\/td>\n<\/tr>\n<tr>\n<td style=\"font-family: 'Times New Roman'; font-size: 11pt; border: 0.5pt solid #2b2b2b; width: 750px;\">\u2705Personnes appropri\u00e9es : adultes, hommes, femmes, amateurs de fitness, amateurs de yoga.<\/td>\n<\/tr>\n<tr>\n<td style=\"font-family: 'Times New Roman'; font-size: 11pt; border: 0.5pt solid #2b2b2b; width: 750px;\">\u2705Num\u00e9ro de mod\u00e8le : 80008<\/td>\n<\/tr>\n<tr>\n<td style=\"font-family: BlinkMacSystemFont; font-size: 14pt; color: #ffffff; background-color: #1c7231; border: 0.5pt solid #2b2b2b; width: 750px;\">Emballage inclus :<\/td>\n<\/tr>\n<tr>\n<td style=\"border: 0.5pt solid #2b2b2b; width: 750px;\">Bande de r\u00e9sistance X 5<span style=\"color: #ffffff;\"><strong><span style=\"font-size: 16px; font-family: FZDaHei-B02S, 'PingFang SC', Helvetica, Tahoma, 'Hiragino Sans GB', 'Microsoft YaHei', SimSun, Heiti, sans-serif;\"><span style=\"background-color: #ff0000;\">(1 ensemble)<\/span><\/span><\/strong><\/span><\/td>\n<\/tr>\n<tr>\n<td style=\"font-family: FZDaHei-B02S; font-size: 14pt; color: #ff0000; background-color: #1c7231; border: 0.5pt solid #2b2b2b; width: 750px;\">Remarques :<\/td>\n<\/tr>\n<tr>\n<td style=\"border: 0.5pt solid #2b2b2b; width: 750px;\">En raison de la diff\u00e9rence entre les diff\u00e9rents moniteurs, les images peuvent ne pas refl\u00e9ter la couleur r\u00e9elle de l'article.<br \/>\nComparez les tailles de d\u00e9tail avec les v\u00f4tres, veuillez permettre une erreur de 1 \u00e0 3 cm en raison de la mesure manuelle.<br \/>\nVeuillez laisser un message avant de donner un mauvais commentaire, si les produits ont des probl\u00e8mes.<br \/>\nMerci pour votre compr\u00e9hension.<\/td>\n<\/tr>\n<\/tbody>\n<\/table>\n<p style=\"text-align: left; margin: 0px;\" align=\"left\"><strong><span style=\"background-color: #2ecc71;\">Comment choisir :<br \/>\n1 \u00e9toile (X-Light) : 600*50*0,35 mm, valeur de traction : 5 ~ 10 lb<br \/>\n2 \u00e9toiles (lumi\u00e8re) : 600*50*0,5 mm, valeur de traction : 10 ~ 15 lb<br \/>\n3 \u00e9toiles (moyen) : 600*50*0,7 mm, valeur de traction : 15 ~ 20 lb<br \/>\n4 \u00e9toiles (lourd) : 600 * 50 * 0,9 mm, valeur de traction : 20 ~ 30 lb<br \/>\n5 \u00e9toiles (X-Lourd) : 600*50*1,1 mm, valeur de traction : 30 ~ 40 lb<\/span><\/strong><\/p>\n<p style=\"margin: 0px;\"><strong><span style=\"font-size: 16px;\"><span style=\"background-color: #f1c40f;\">Compar\u00e9 aux plastiques ordinaires, le mat\u00e9riau TPE a une bonne \u00e9lasticit\u00e9 et douceur et a un bon effet rebond !<\/span><\/span><\/strong><\/p>\n<p style=\"text-align: left; margin: 0px;\" align=\"left\"><img decoding=\"async\" src=\"https:\/\/ae01.alicdn.com\/kf\/Sdc3ef3d6f4b74dc89c1a7bd5e8c8ed48m.jpg?width=750&amp;height=2546&amp;hash=3296\" \/><img decoding=\"async\" src=\"https:\/\/ae01.alicdn.com\/kf\/Scf57aba761a64ed38288a1a01e8b35b2R.jpg?width=750&amp;height=2545&amp;hash=3295\" \/><img decoding=\"async\" src=\"https:\/\/ae01.alicdn.com\/kf\/S8dc7c97dcb254c0fb622564cde02e4bbp.jpg?width=750&amp;height=1487&amp;hash=2237\" \/><\/p>\n<\/div>\n<\/div>\n<p>&nbsp;<\/p>\n<\/div>\n<\/div>","protected":false},"excerpt":{"rendered":"<p>&nbsp; Chimique Hign-concern\u00e9:\u00a0Aucun Site de formation:\u00a0Taille,ARMS,Legs,Appareil de relex musculaire,Taille et Abdomen Exercice,head,Pied,Hand,Wrist,HIP,CHEST,Noyau Num\u00e9ro de Mod\u00e8le:\u00a0Resistance Bands 80008 Application:\u00a0corde de traction<\/p>","protected":false},"featured_media":10150,"comment_status":"open","ping_status":"closed","template":"","meta":[],"product_brand":[],"product_cat":[5747,4687,84],"product_tag":[],"class_list":{"0":"post-10149","1":"product","2":"type-product","3":"status-publish","4":"has-post-thumbnail","6":"product_cat-fitness-accessories","7":"product_cat-resistance-bands","8":"product_cat-sports-outdoors","10":"first","11":"instock","12":"shipping-taxable","13":"purchasable","14":"product-type-variable"},"jetpack_sharing_enabled":true,"_links":{"self":[{"href":"https:\/\/afrycom.com\/fr\/wp-json\/wp\/v2\/product\/10149","targetHints":{"allow":["GET"]}}],"collection":[{"href":"https:\/\/afrycom.com\/fr\/wp-json\/wp\/v2\/product"}],"about":[{"href":"https:\/\/afrycom.com\/fr\/wp-json\/wp\/v2\/types\/product"}],"replies":[{"embeddable":true,"href":"https:\/\/afrycom.com\/fr\/wp-json\/wp\/v2\/comments?post=10149"}],"wp:featuredmedia":[{"embeddable":true,"href":"https:\/\/afrycom.com\/fr\/wp-json\/wp\/v2\/media\/10150"}],"wp:attachment":[{"href":"https:\/\/afrycom.com\/fr\/wp-json\/wp\/v2\/media?parent=10149"}],"wp:term":[{"taxonomy":"product_brand","embeddable":true,"href":"https:\/\/afrycom.com\/fr\/wp-json\/wp\/v2\/product_brand?post=10149"},{"taxonomy":"product_cat","embeddable":true,"href":"https:\/\/afrycom.com\/fr\/wp-json\/wp\/v2\/product_cat?post=10149"},{"taxonomy":"product_tag","embeddable":true,"href":"https:\/\/afrycom.com\/fr\/wp-json\/wp\/v2\/product_tag?post=10149"}],"curies":[{"name":"wp","href":"https:\/\/api.w.org\/{rel}","templated":true}]}}