{"id":10130,"date":"2025-03-08T10:36:41","date_gmt":"2025-03-08T10:36:41","guid":{"rendered":"https:\/\/afrycom.com\/product\/bandes-de-resistance-de-sport-de-yoga-de-differentes-couleurs-equipement-de-gymnastique-tpe-bandes-elastiques-de-fitness-a-domicile-entrainement-de-force-pilates\/"},"modified":"2025-03-08T10:36:47","modified_gmt":"2025-03-08T10:36:47","slug":"bandes-de-resistance-de-sport-de-yoga-de-differentes-couleurs-equipement-de-gymnastique-tpe-bandes-elastiques-de-fitness-a-domicile-entrainement-de-force-pilates","status":"publish","type":"product","link":"https:\/\/afrycom.com\/fr\/produit\/bandes-de-resistance-de-sport-de-yoga-de-differentes-couleurs-equipement-de-gymnastique-tpe-bandes-elastiques-de-fitness-a-domicile-entrainement-de-force-pilates\/","title":{"rendered":"Bandes de r\u00e9sistance de Sport de Yoga de diff\u00e9rentes couleurs, \u00e9quipement de gymnastique TPE, bandes \u00e9lastiques de Fitness \u00e0 domicile, entra\u00eenement de force Pilates"},"content":{"rendered":"<div class=\"product-specs-list-container\">\n<ul class=\"product-specs-list util-clearfix\">\n<li class=\"product-prop line-limit-length\"><span\n                                        class=\"property-title\">Chimique Hign-concern\u00e9 :&nbsp;<\/span><span\n                                        class=\"property-desc line-limit-length\">Aucun<\/span>\n                            <\/li>\n<li class=\"product-prop line-limit-length\"><span\n                                        class=\"property-title\">Site de formation :&nbsp;<\/span><span\n                                        class=\"property-desc line-limit-length\">Taille,ARMS,Legs,Appareil de relex musculaire,Taille et Abdomen Exercice,Pied,Retour,Hand,HIP,CHEST,Noyau,other<\/span>\n                            <\/li>\n<li class=\"product-prop line-limit-length\"><span\n                                        class=\"property-title\">Application :&nbsp;<\/span><span\n                                        class=\"property-desc line-limit-length\">D\u00e9veloppeur de coffre \u00e0 cordes en caoutchouc<\/span>\n                            <\/li>\n<li class=\"product-prop line-limit-length\"><span\n                                        class=\"property-title\">Fonction :&nbsp;<\/span><span\n                                        class=\"property-desc line-limit-length\">Exercice complet de remise en forme<\/span>\n                            <\/li>\n<li class=\"product-prop line-limit-length\"><span\n                                        class=\"property-title\">Nom de D\u00e9partement :&nbsp;<\/span><span\n                                        class=\"property-desc line-limit-length\">Unisexe<\/span>\n                            <\/li>\n<li class=\"product-prop line-limit-length\"><span\n                                        class=\"property-title\">Type de Sport :&nbsp;<\/span><span\n                                        class=\"property-desc line-limit-length\">Entra\u00eenement de musculation<\/span>\n                            <\/li>\n<li class=\"product-prop line-limit-length\"><span\n                                        class=\"property-title\">Origine :&nbsp;<\/span><span\n                                        class=\"property-desc line-limit-length\">CN (Origine)<\/span>\n                            <\/li>\n<li class=\"product-prop line-limit-length\"><span\n                                        class=\"property-title\">Type :&nbsp;<\/span><span\n                                        class=\"property-desc line-limit-length\">Bande de r\u00e9sistance<\/span>\n                            <\/li>\n<li class=\"product-prop line-limit-length\"><span\n                                        class=\"property-title\">Activit\u00e9 :&nbsp;<\/span><span\n                                        class=\"property-desc line-limit-length\">Fitness Gym &amp; Training Physio Yoga Pilate<\/span>\n                            <\/li>\n<li class=\"product-prop line-limit-length\"><span\n                                        class=\"property-title\">R\u00e9sistance :&nbsp;<\/span><span\n                                        class=\"property-desc line-limit-length\">Extra l\u00e9ger l\u00e9ger moyen lourd extra lourd<\/span>\n                            <\/li>\n<li class=\"product-prop line-limit-length\"><span\n                                        class=\"property-title\">Couleur :&nbsp;<\/span><span\n                                        class=\"property-desc line-limit-length\">Vert \/Bleu \/ Jaune \/ Rouge\/ Noir<\/span>\n                            <\/li>\n<\/ul><\/div>\n<div class=\"detailmodule_html\">\n<div class=\"detail-desc-decorate-richtext\">\n<div class=\"detailmodule_html\">\n<div class=\"detail-desc-decorate-richtext\">\n<div style=\"text-align:center\" align=\"center\"><span style=\"font-size:28px\"><strong>Bandes de r\u00e9sistance de Sport de Yoga de diff\u00e9rentes couleurs, \u00e9quipement de gymnastique TPE, bandes \u00e9lastiques de Fitness \u00e0 domicile, entra\u00eenement d'entra\u00eenement de force Pilates, 5 pi\u00e8ces<\/strong><\/span><\/p>\n<\/div>\n<div><span style=\"font-size:22px\"><span style=\"color:rgb(25, 25, 25);font-family:&quot;TT Norms Pro&quot;, &quot;Open Sans&quot;, Roboto, Arial, Helvetica, sans-serif, SimSun\">Description<\/span><\/span><span style=\"font-size:22px\"> \uff1a<br \/><\/span><span style=\"font-size:22px\"><span style=\"font-family:Arial, Helvetica, sans-serif\"><span style=\"color:rgb(34, 34, 34);font-size:16px\">BANDES DURABLES ET D'EXERCICE DE QUALIT\u00c9 :<\/span><\/span><\/span><span style=\"font-size:22px\"><span style=\"font-family:Arial, Helvetica, sans-serif\"><br \/><\/span><\/span><span style=\"font-size:22px\"><span style=\"font-family:Arial, Helvetica, sans-serif\"><span style=\"color:rgb(34, 34, 34);font-size:16px\">qui est tr\u00e8s r\u00e9sistant \u00e0 l'usure et peut r\u00e9sister \u00e0 des tensions extr\u00eames.Vous pouvez faire de l'exercice sans vous soucier des d\u00e9chirures ou de l'usure.<\/span><\/span><\/span><span style=\"font-size:22px\"><span style=\"font-family:Arial, Helvetica, sans-serif\"><br \/><\/span><\/span><span style=\"font-size:22px\"><span style=\"font-family:Arial, Helvetica, sans-serif\"><span style=\"color:rgb(34, 34, 34);font-size:16px\">ID\u00c9AL POUR L'\u00e9tirement et la r\u00e9sistance :<br \/>Nos bandes de r\u00e9sistance sont parfaites pour tous ceux qui ont besoin d'\u00e9tirer les muscles endoloris apr\u00e8s une s\u00e9ance d'entra\u00eenement et d'\u00e9tirer les muscles raides avant une s\u00e9ance d'entra\u00eenement.Vous pouvez les utiliser pour vous \u00e9tirer avant les soulev\u00e9s de terre et les squats.<\/span><\/span><\/span><span style=\"font-size:22px\"><span style=\"font-family:Arial, Helvetica, sans-serif\"><br \/><\/span><\/span><span style=\"font-size:22px\"><span style=\"font-family:Arial, Helvetica, sans-serif\"><span style=\"color:rgb(34, 34, 34);font-size:16px\">BANDES DE R\u00c9SISTANCE MULTIFONCTIONNELLES :<br \/>Les bandes de r\u00e9sistance peuvent \u00eatre utilis\u00e9es pour une vari\u00e9t\u00e9 d'exercices, tels que l'entra\u00eenement en force, l'entra\u00eenement \u00e0 la tension du basket-ball, l'\u00e9chauffement, l'entra\u00eenement des bras, du dos, des jambes, etc.<\/span><\/span><\/span><span style=\"font-size:22px\"><span style=\"font-family:Arial, Helvetica, sans-serif\"><br \/><\/span><\/span><span style=\"font-size:22px\"><span style=\"font-family:Arial, Helvetica, sans-serif\"><span style=\"color:rgb(34, 34, 34);font-size:16px\">Entra\u00eenement de remise en forme \u00e0 domicile :<br \/>Ce que vous pouvez ajouter \u00e0 votre salle de sport \u00e0 domicile.Cela vous aide \u00e0 faire de l'exercice \u00e0 la maison.Il peut \u00eatre utilis\u00e9 de nombreuses fa\u00e7ons diff\u00e9rentes.Vous pouvez les utiliser pour vous aider avec les trempettes, les extensions ou m\u00eame ajouter de la r\u00e9sistance \u00e0 vos squats.<\/span><\/span><\/span><span style=\"font-size:22px\"><span style=\"font-family:Arial, Helvetica, sans-serif\"><br \/><\/span><\/span><span style=\"font-size:22px\"><span style=\"font-family:Arial, Helvetica, sans-serif\"><span style=\"color:rgb(34, 34, 34);font-size:16px\">5 NIVEAUX DE BANDE D'EXERCICE :<br \/>Les bandes \u00e9lastiques ont 5 niveaux de r\u00e9sistance, chaque couleur a une r\u00e9sistance et une largeur diff\u00e9rentes pour diff\u00e9rentes utilisations. Vous pouvez augmenter le d\u00e9fi en ajoutant ou en r\u00e9duisant le rel\u00e2chement dans les bandes et en combinant plusieurs bandes d'exercice.<br \/><\/span><\/span><\/span><img decoding=\"async\" src=\"https:\/\/ae01.alicdn.com\/kf\/S68542865841f45ceabc6cd33ba01e8f1l.jpg?width=1000&amp;height=1000&amp;hash=2000\" slate-data-type=\"image\"><img decoding=\"async\" src=\"https:\/\/ae01.alicdn.com\/kf\/S8989798e38154f539e7730c8a920d549v.jpg?width=1000&amp;height=1000&amp;hash=2000\" slate-data-type=\"image\"><img decoding=\"async\" src=\"https:\/\/ae01.alicdn.com\/kf\/S87aaa764e34245cf8ce3fa85cd8caa926.jpg?width=1000&amp;height=1000&amp;hash=2000\" slate-data-type=\"image\"><img decoding=\"async\" src=\"https:\/\/ae01.alicdn.com\/kf\/S2f3af391ce1b431d8713346675bffbb0k.jpg?width=1000&amp;height=1000&amp;hash=2000\" slate-data-type=\"image\"><img decoding=\"async\" src=\"https:\/\/ae01.alicdn.com\/kf\/Sc49552efcb4d4331bffa1cab732b62f0u.jpg?width=1000&amp;height=1000&amp;hash=2000\" slate-data-type=\"image\"><img decoding=\"async\" src=\"https:\/\/ae01.alicdn.com\/kf\/Sf4bf5c8ad43944a79c7a34e9e8ddc649c.jpg?width=1000&amp;height=1000&amp;hash=2000\" slate-data-type=\"image\"><img decoding=\"async\" src=\"https:\/\/ae01.alicdn.com\/kf\/S5c736fc8521849cf9e87a056e2f37ea02.jpg?width=1000&amp;height=1000&amp;hash=2000\" slate-data-type=\"image\"><img decoding=\"async\" src=\"https:\/\/ae01.alicdn.com\/kf\/Sd95e2abc852847bab81c90ccde7fd0d5z.jpg?width=1000&amp;height=1000&amp;hash=2000\" slate-data-type=\"image\"><img decoding=\"async\" src=\"https:\/\/ae01.alicdn.com\/kf\/S5b67416caec74b91abe9c24684523cb0J.jpg?width=1000&amp;height=1000&amp;hash=2000\" slate-data-type=\"image\"><\/div>\n<\/div>\n<\/div>\n<p><\/p>\n<\/div>\n<\/div>","protected":false},"excerpt":{"rendered":"<p>Chimique Hign-concern\u00e9:&nbsp;Aucun Site de formation:&nbsp;Taille,ARMS,Legs,Appareil de relex musculaire,Taille et Abdomen Exercice,Pied,Retour,Hand,HIP,CHEST,Noyau,other Application:&nbsp;D\u00e9veloppeur de coffre \u00e0 cordes en caoutchouc Fonction:&nbsp;Exercice complet<\/p>","protected":false},"featured_media":10131,"comment_status":"open","ping_status":"closed","template":"","meta":[],"product_brand":[],"product_cat":[84],"product_tag":[],"class_list":{"0":"post-10130","1":"product","2":"type-product","3":"status-publish","4":"has-post-thumbnail","6":"product_cat-sports-outdoors","8":"first","9":"instock","10":"shipping-taxable","11":"purchasable","12":"product-type-variable"},"jetpack_sharing_enabled":true,"_links":{"self":[{"href":"https:\/\/afrycom.com\/fr\/wp-json\/wp\/v2\/product\/10130","targetHints":{"allow":["GET"]}}],"collection":[{"href":"https:\/\/afrycom.com\/fr\/wp-json\/wp\/v2\/product"}],"about":[{"href":"https:\/\/afrycom.com\/fr\/wp-json\/wp\/v2\/types\/product"}],"replies":[{"embeddable":true,"href":"https:\/\/afrycom.com\/fr\/wp-json\/wp\/v2\/comments?post=10130"}],"wp:featuredmedia":[{"embeddable":true,"href":"https:\/\/afrycom.com\/fr\/wp-json\/wp\/v2\/media\/10131"}],"wp:attachment":[{"href":"https:\/\/afrycom.com\/fr\/wp-json\/wp\/v2\/media?parent=10130"}],"wp:term":[{"taxonomy":"product_brand","embeddable":true,"href":"https:\/\/afrycom.com\/fr\/wp-json\/wp\/v2\/product_brand?post=10130"},{"taxonomy":"product_cat","embeddable":true,"href":"https:\/\/afrycom.com\/fr\/wp-json\/wp\/v2\/product_cat?post=10130"},{"taxonomy":"product_tag","embeddable":true,"href":"https:\/\/afrycom.com\/fr\/wp-json\/wp\/v2\/product_tag?post=10130"}],"curies":[{"name":"wp","href":"https:\/\/api.w.org\/{rel}","templated":true}]}}