{"id":10115,"date":"2025-03-08T10:36:33","date_gmt":"2025-03-08T10:36:33","guid":{"rendered":"https:\/\/afrycom.com\/product\/tre-8-bande-elastique-de-yoga-equipement-de-fitness-a-domicile-ulde-tension-en-plastique-a-ouverture-facile\/"},"modified":"2025-03-08T10:36:39","modified_gmt":"2025-03-08T10:36:39","slug":"tre-8-bande-elastique-de-yoga-equipement-de-fitness-a-domicile-ulde-tension-en-plastique-a-ouverture-facile","status":"publish","type":"product","link":"https:\/\/afrycom.com\/fr\/produit\/tre-8-bande-elastique-de-yoga-equipement-de-fitness-a-domicile-ulde-tension-en-plastique-a-ouverture-facile\/","title":{"rendered":"Tre 8-Bande \u00e9lastique de Yoga, \u00e9quipement de fitness \u00e0 domicile, ULde tension en plastique, \u00e0 ouverture facile"},"content":{"rendered":"<div class=\"product-specs-list-container\">\n<ul class=\"product-specs-list util-clearfix\">\n<li class=\"product-prop line-limit-length\"><span\n                                        class=\"property-title\">Chimique Hign-concern\u00e9 :&nbsp;<\/span><span\n                                        class=\"property-desc line-limit-length\">Aucun<\/span>\n                            <\/li>\n<li class=\"product-prop line-limit-length\"><span\n                                        class=\"property-title\">Site de formation :&nbsp;<\/span><span\n                                        class=\"property-desc line-limit-length\">Taille et Abdomen Exercice<\/span>\n                            <\/li>\n<li class=\"product-prop line-limit-length\"><span\n                                        class=\"property-title\">Application :&nbsp;<\/span><span\n                                        class=\"property-desc line-limit-length\">D\u00e9veloppeur de poitrine de 8 mots<\/span>\n                            <\/li>\n<li class=\"product-prop line-limit-length\"><span\n                                        class=\"property-title\">Nom de D\u00e9partement :&nbsp;<\/span><span\n                                        class=\"property-desc line-limit-length\">FEMMES<\/span>\n                            <\/li>\n<li class=\"product-prop line-limit-length\"><span\n                                        class=\"property-title\">Type de Sport :&nbsp;<\/span><span\n                                        class=\"property-desc line-limit-length\">Entra\u00eenement de musculation<\/span>\n                            <\/li>\n<li class=\"product-prop line-limit-length\"><span\n                                        class=\"property-title\">Origine :&nbsp;<\/span><span\n                                        class=\"property-desc line-limit-length\">CN (Origine)<\/span>\n                            <\/li>\n<\/ul><\/div>\n<div class=\"detailmodule_html\">\n<div class=\"detail-desc-decorate-richtext\">\n<p>\n <kse:widget data-widget-type=\"relatedProduct\" id=\"1005000000470917\" title=\"titre\" type=\"relation\"><\/kse:widget><\/p>\n<p><strong><span style=\"font-size:21px;\"><\/span><\/strong><\/p>\n<p class=\"special_title\" style=\"font-size: 18px; color: #000000; font-family: tahoma, arial, helvetica, sans-serif;\" align=\"center\"><strong><strong id=\"tl_1\">TRE 8 Stretcher Yoga Pilateselastic Band Open Shoulder Beauty Back Fitness Plastic Tension Rope Portable Home Fitness Equipment<\/strong><\/strong><\/p>\n<p><strong><span style=\"font-family:arial,helvetica,sans-serif;\" id=\"tl_2\">Description : <br \/><\/span><\/strong> <\/p>\n<p><span style=\"font-family:'Times New Roman';font-size:16px\" id=\"tl_3\">Nom du produit : Tendeur de silicone<\/span><\/p>\n<p><span style=\"font-family:'Times New Roman';font-size:16px\" id=\"tl_4\">Mat\u00e9riau : Silicone<\/span><\/p>\n<p><span style=\"font-family:'Times New Roman';font-size:16px\" id=\"tl_5\">Sp\u00e9cifications du produit : 3.5cm\/11cm * 45cm<\/span><\/p>\n<p><span style=\"font-family:'Times New Roman';font-size:16px\" id=\"tl_6\">Poids : 20\/30 Lbs<\/span><\/p>\n<p><span style=\"font-family:'Times New Roman';font-size:16px\" id=\"tl_7\">Couleur : rose\/bleu\/violet<\/span><\/p>\n<p><span style=\"font-family:'Times New Roman';font-size:16px\" id=\"tl_8\">Champ d'application : Fitness ~ Remodelage du corps<\/span><\/p>\n<p><span style=\"font-family:'Times New Roman';font-size:16px\"><\/span><\/p>\n<p><span style=\"font-family:'Times New Roman';font-size:16px\"><\/span><\/p>\n<p><span style=\"font-family:'Times New Roman';font-size:16px\"><\/span><\/p>\n<p><span style=\"font-family:'Times New Roman';font-size:16px\" id=\"tl_9\">Caract\u00e9ristiques :<\/span><\/p>\n<p><span style=\"font-family:'Times New Roman';font-size:16px\" id=\"tl_10\">1. Poign\u00e9e antid\u00e9rapante \u00e9paisse, pas de pincement des mains lors du d\u00e9marrage de l'entra\u00eenement<\/span><\/p>\n<p><span style=\"font-family:'Times New Roman';font-size:16px\" id=\"tl_11\">2. Confortable \u00e0 tenir, massage et antid\u00e9rapant<\/span><\/p>\n<p><span style=\"font-family:'Times New Roman';font-size:16px\" id=\"tl_12\">3. Ma\u00eetre de la gestion du corps, pas de d\u00e9formation apr\u00e8s une utilisation \u00e0 long terme, les courbes appropri\u00e9es r\u00e9pondent aux courbes appropri\u00e9es<\/span><\/p>\n<p><span style=\"font-family:'Times New Roman';font-size:16px\" id=\"tl_13\">4. Exercices qui aident \u00e0 pr\u00e9venir les blessures et \u00e0 r\u00e9cup\u00e9rer, \u00e0 am\u00e9liorer la flexibilit\u00e9 articulaire et l'amplitude des mouvements<\/span><\/p>\n<p><span style=\"font-family:'Times New Roman';font-size:16px\" id=\"tl_14\">5. Aider ou augmenter la difficult\u00e9 du Pilates, du Yoga et de l'exercice<\/span><\/p>\n<p><span style=\"font-family:'Times New Roman';font-size:16px\" id=\"tl_15\">6. Mat\u00e9riau naturel de haute qualit\u00e9, l\u00e9ger et portable, augmentant le niveau de r\u00e9sistance \u00e0 mesure que la force augmente<\/span><\/p>\n<p><strong><span style=\"font-size:21px;\"><span style=\"font-family:arial,helvetica,sans-serif;\" id=\"tl_16\">Le paquet comprend : <br \/><\/span><\/span><\/strong><\/p>\n<p><span style=\"font-family:'Times New Roman';font-size:16px\" id=\"tl_17\">1 *(1 bande de tension)<\/span><\/p>\n<p align=\"center\"><img decoding=\"async\" src=\"https:\/\/ae01.alicdn.com\/kf\/S2dfbde3f4e914925b36502fe5766b075t.jpg\" data-mce-src=\"https:\/\/ae01.alicdn.com\/kf\/S2dfbde3f4e914925b36502fe5766b075t.jpg\" class=\"web_desc_img\" \/><img decoding=\"async\" src=\"https:\/\/ae01.alicdn.com\/kf\/Sacf2e9e24c8c4781a16f69e73f4cc99cI.jpg\" data-mce-src=\"https:\/\/ae01.alicdn.com\/kf\/Sacf2e9e24c8c4781a16f69e73f4cc99cI.jpg\" class=\"web_desc_img\" \/><img decoding=\"async\" src=\"https:\/\/ae01.alicdn.com\/kf\/Sc1bd90ba9bfb498e8886c31c31d15218a.jpg\" data-mce-src=\"https:\/\/ae01.alicdn.com\/kf\/Sc1bd90ba9bfb498e8886c31c31d15218a.jpg\" class=\"web_desc_img\" \/><img decoding=\"async\" src=\"https:\/\/ae01.alicdn.com\/kf\/Sf1574adcb3034103ba483776482a00b2r.jpg\" data-mce-src=\"https:\/\/ae01.alicdn.com\/kf\/Sf1574adcb3034103ba483776482a00b2r.jpg\" class=\"web_desc_img\" \/><img decoding=\"async\" src=\"https:\/\/ae01.alicdn.com\/kf\/S8d3111f946224c1fba8389aa5ff609362.jpg\" data-mce-src=\"https:\/\/ae01.alicdn.com\/kf\/S8d3111f946224c1fba8389aa5ff609362.jpg\" class=\"web_desc_img\" \/><img decoding=\"async\" src=\"https:\/\/ae01.alicdn.com\/kf\/S4493177361354cda935f6e8c19343462O.jpg\" data-mce-src=\"https:\/\/ae01.alicdn.com\/kf\/S4493177361354cda935f6e8c19343462O.jpg\" class=\"web_desc_img\" \/><img decoding=\"async\" src=\"https:\/\/ae01.alicdn.com\/kf\/S82bbfe8ce7c942aba452c8e39a7d798aQ.jpg\" data-mce-src=\"https:\/\/ae01.alicdn.com\/kf\/S82bbfe8ce7c942aba452c8e39a7d798aQ.jpg\" class=\"web_desc_img\" \/><img decoding=\"async\" src=\"https:\/\/ae01.alicdn.com\/kf\/S54320d28105b43aba0b62d7f39b47c94o.jpg\" data-mce-src=\"https:\/\/ae01.alicdn.com\/kf\/S54320d28105b43aba0b62d7f39b47c94o.jpg\" class=\"web_desc_img\" \/><img decoding=\"async\" src=\"https:\/\/ae01.alicdn.com\/kf\/S4cae2784310f4e469d6a6269c3a72d32Y.jpg\" data-mce-src=\"https:\/\/ae01.alicdn.com\/kf\/S4cae2784310f4e469d6a6269c3a72d32Y.jpg\" class=\"web_desc_img\" \/><img decoding=\"async\" src=\"https:\/\/ae01.alicdn.com\/kf\/Sf84017844f224e249973954faf4225823.jpg\" data-mce-src=\"https:\/\/ae01.alicdn.com\/kf\/Sf84017844f224e249973954faf4225823.jpg\" class=\"web_desc_img\" \/><\/p>\n<\/p>\n<\/div>\n<\/div>","protected":false},"excerpt":{"rendered":"<p>Chimique Hign-concern\u00e9:&nbsp;Aucun Site de formation:&nbsp;Taille et Abdomen Exercice Application:&nbsp;D\u00e9veloppeur de poitrine de 8 mots Nom de D\u00e9partement:&nbsp;WOMEN Type de Sport:&nbsp;Entra\u00eenement<\/p>","protected":false},"featured_media":10116,"comment_status":"open","ping_status":"closed","template":"","meta":[],"product_brand":[],"product_cat":[84],"product_tag":[],"class_list":{"0":"post-10115","1":"product","2":"type-product","3":"status-publish","4":"has-post-thumbnail","6":"product_cat-sports-outdoors","8":"first","9":"instock","10":"shipping-taxable","11":"purchasable","12":"product-type-variable"},"jetpack_sharing_enabled":true,"_links":{"self":[{"href":"https:\/\/afrycom.com\/fr\/wp-json\/wp\/v2\/product\/10115","targetHints":{"allow":["GET"]}}],"collection":[{"href":"https:\/\/afrycom.com\/fr\/wp-json\/wp\/v2\/product"}],"about":[{"href":"https:\/\/afrycom.com\/fr\/wp-json\/wp\/v2\/types\/product"}],"replies":[{"embeddable":true,"href":"https:\/\/afrycom.com\/fr\/wp-json\/wp\/v2\/comments?post=10115"}],"wp:featuredmedia":[{"embeddable":true,"href":"https:\/\/afrycom.com\/fr\/wp-json\/wp\/v2\/media\/10116"}],"wp:attachment":[{"href":"https:\/\/afrycom.com\/fr\/wp-json\/wp\/v2\/media?parent=10115"}],"wp:term":[{"taxonomy":"product_brand","embeddable":true,"href":"https:\/\/afrycom.com\/fr\/wp-json\/wp\/v2\/product_brand?post=10115"},{"taxonomy":"product_cat","embeddable":true,"href":"https:\/\/afrycom.com\/fr\/wp-json\/wp\/v2\/product_cat?post=10115"},{"taxonomy":"product_tag","embeddable":true,"href":"https:\/\/afrycom.com\/fr\/wp-json\/wp\/v2\/product_tag?post=10115"}],"curies":[{"name":"wp","href":"https:\/\/api.w.org\/{rel}","templated":true}]}}