{"id":10081,"date":"2025-03-08T10:35:25","date_gmt":"2025-03-08T10:35:25","guid":{"rendered":"https:\/\/afrycom.com\/product\/grande-serviette-de-sechage-de-cheveux-absorbante-a-leau-de-couleur-unie-serviette-de-cheveux-en-microfibre-avec-sangle-elastique-serviette-douce-a-sechage-rapide\/"},"modified":"2025-03-08T10:35:27","modified_gmt":"2025-03-08T10:35:27","slug":"grande-serviette-de-sechage-de-cheveux-absorbante-a-leau-de-couleur-unie-serviette-de-cheveux-en-microfibre-avec-sangle-elastique-serviette-douce-a-sechage-rapide","status":"publish","type":"product","link":"https:\/\/afrycom.com\/fr\/produit\/grande-serviette-de-sechage-de-cheveux-absorbante-a-leau-de-couleur-unie-serviette-de-cheveux-en-microfibre-avec-sangle-elastique-serviette-douce-a-sechage-rapide\/","title":{"rendered":"Grande serviette de s\u00e9chage de cheveux absorbante \u00e0 l'eau de couleur unie, serviette de cheveux en microfibre avec sangle \u00e9lastique, serviette douce \u00e0 s\u00e9chage rapide"},"content":{"rendered":"<div class=\"product-specs-list-container\">\n<ul class=\"product-specs-list util-clearfix\">\n<li class=\"product-prop line-limit-length\"><span class=\"property-title\">Si tissu \u00e9ponge :\u00a0<\/span><span class=\"property-desc line-limit-length\">Non<\/span><\/li>\n<li class=\"product-prop line-limit-length\"><span class=\"property-title\">Sc\u00e9narios d'application de produits :\u00a0<\/span><span class=\"property-desc line-limit-length\">Toilette<\/span><\/li>\n<li class=\"product-prop line-limit-length\"><span class=\"property-title\">Mat\u00e9riau :\u00a0<\/span><span class=\"property-desc line-limit-length\">100 % en polyester<\/span><\/li>\n<li class=\"product-prop line-limit-length\"><span class=\"property-title\">Chimique Hign-concern\u00e9 :\u00a0<\/span><span class=\"property-desc line-limit-length\">Aucun<\/span><\/li>\n<li class=\"product-prop line-limit-length\"><span class=\"property-title\">Origine :\u00a0<\/span><span class=\"property-desc line-limit-length\">CN (Origine)<\/span><\/li>\n<li class=\"product-prop line-limit-length\"><span class=\"property-title\">Nom de marque :\u00a0<\/span><span class=\"property-desc line-limit-length\">Beiwoer<\/span><\/li>\n<\/ul>\n<\/div>\n<div class=\"detailmodule_dynamic\">\u00a0<\/div>\n<div class=\"detailmodule_html\">\n<div class=\"detail-desc-decorate-richtext\">\n<div class=\"detailmodule_dynamic\">\u00a0<\/div>\n<div class=\"detailmodule_html\">\n<div class=\"detail-desc-decorate-richtext\">\n<div>\n<p>\u00a0<\/p>\n<\/div>\n<div style=\"margin-bottom: 5px; display: flex;\">\n<div>\u00a0<\/div>\n<div>\n<div><img decoding=\"async\" src=\"https:\/\/ae01.alicdn.com\/kf\/S9f4bf2841b7745ff8d0a6a2f8d3c3589V.jpg\" \/><\/div>\n<div style=\"margin-bottom: 5px; display: flex;\">\n<div>\u00a0<\/div>\n<div>\n<div><img decoding=\"async\" src=\"https:\/\/ae01.alicdn.com\/kf\/Sd8da016d61a843a08aeb30d0ae363803Q.jpg\" \/><\/div>\n<div style=\"margin-bottom: 5px; display: flex;\">\n<div>\u00a0<\/div>\n<div>\n<div><img decoding=\"async\" src=\"https:\/\/ae01.alicdn.com\/kf\/Sebc9fcf81e134d48a62cf0b54b6dd061p.jpg\" \/><\/div>\n<div style=\"margin-bottom: 5px; display: flex;\">\n<div>\u00a0<\/div>\n<div>\n<div><img decoding=\"async\" src=\"https:\/\/ae01.alicdn.com\/kf\/S513129cd9bf94ff6b537affa0a174c014.jpg\" \/><\/div>\n<div style=\"margin-bottom: 5px; display: flex;\">\n<div>\u00a0<\/div>\n<div>\n<div><img decoding=\"async\" src=\"https:\/\/ae01.alicdn.com\/kf\/S29429c2df0b742369e29abdbbecc199f3.jpg\" \/><\/div>\n<div style=\"margin-bottom: 5px; display: flex;\">\n<div>\u00a0<\/div>\n<div>\n<div><img decoding=\"async\" src=\"https:\/\/ae01.alicdn.com\/kf\/S217e903c32704991b10e0705acdd551fN.jpg\" \/><\/div>\n<div style=\"margin-bottom: 5px; display: flex;\">\n<div>\u00a0<\/div>\n<div><img decoding=\"async\" src=\"https:\/\/ae01.alicdn.com\/kf\/S3d756952227d415b8d0e7fbbb9b54e3ey.jpg\" \/><\/div>\n<div>\u00a0<\/div>\n<\/div>\n<div>\u00a0<\/div>\n<\/div>\n<div>\u00a0<\/div>\n<\/div>\n<div>\u00a0<\/div>\n<\/div>\n<div>\u00a0<\/div>\n<\/div>\n<div>\u00a0<\/div>\n<\/div>\n<div>\u00a0<\/div>\n<\/div>\n<div>\u00a0<\/div>\n<\/div>\n<div>\u00a0<\/div>\n<\/div>\n<div>\u00a0<\/div>\n<\/div>\n<div>\u00a0<\/div>\n<\/div>\n<div>\u00a0<\/div>\n<\/div>\n<div>\u00a0<\/div>\n<\/div>\n<div>\u00a0<\/div>\n<p>\u00a0<\/p>\n<\/div>\n<\/div>\n<\/div>\n<\/div>","protected":false},"excerpt":{"rendered":"<p>Si tissu \u00e9ponge:\u00a0Non Sc\u00e9narios d&#8217;application de produits:\u00a0Toilette Mat\u00e9riau:\u00a0100 % en polyester Chimique Hign-concern\u00e9:\u00a0Aucun Origine:\u00a0CN (Origine) Nom de marque:\u00a0Beiwoer \u00a0 \u00a0<\/p>","protected":false},"featured_media":10082,"comment_status":"open","ping_status":"closed","template":"","meta":[],"product_brand":[],"product_cat":[34],"product_tag":[],"class_list":{"0":"post-10081","1":"product","2":"type-product","3":"status-publish","4":"has-post-thumbnail","6":"product_cat-beauty-care","8":"first","9":"instock","10":"shipping-taxable","11":"purchasable","12":"product-type-variable"},"jetpack_sharing_enabled":true,"_links":{"self":[{"href":"https:\/\/afrycom.com\/fr\/wp-json\/wp\/v2\/product\/10081","targetHints":{"allow":["GET"]}}],"collection":[{"href":"https:\/\/afrycom.com\/fr\/wp-json\/wp\/v2\/product"}],"about":[{"href":"https:\/\/afrycom.com\/fr\/wp-json\/wp\/v2\/types\/product"}],"replies":[{"embeddable":true,"href":"https:\/\/afrycom.com\/fr\/wp-json\/wp\/v2\/comments?post=10081"}],"wp:featuredmedia":[{"embeddable":true,"href":"https:\/\/afrycom.com\/fr\/wp-json\/wp\/v2\/media\/10082"}],"wp:attachment":[{"href":"https:\/\/afrycom.com\/fr\/wp-json\/wp\/v2\/media?parent=10081"}],"wp:term":[{"taxonomy":"product_brand","embeddable":true,"href":"https:\/\/afrycom.com\/fr\/wp-json\/wp\/v2\/product_brand?post=10081"},{"taxonomy":"product_cat","embeddable":true,"href":"https:\/\/afrycom.com\/fr\/wp-json\/wp\/v2\/product_cat?post=10081"},{"taxonomy":"product_tag","embeddable":true,"href":"https:\/\/afrycom.com\/fr\/wp-json\/wp\/v2\/product_tag?post=10081"}],"curies":[{"name":"wp","href":"https:\/\/api.w.org\/{rel}","templated":true}]}}