{"id":10066,"date":"2025-03-08T10:34:52","date_gmt":"2025-03-08T10:34:52","guid":{"rendered":"https:\/\/afrycom.com\/product\/seche-cheveux-seche-cheveux-ionique-negatif-120000-seche-cheveux-a-moteur-sans-balais-rpm-40-m-s-sechage-rapide-haute-vitesse-faible-bruit-thermo-controle\/"},"modified":"2025-03-08T10:35:03","modified_gmt":"2025-03-08T10:35:03","slug":"seche-cheveux-seche-cheveux-ionique-negatif-120000-seche-cheveux-a-moteur-sans-balais-rpm-40-m-s-sechage-rapide-haute-vitesse-faible-bruit-thermo-controle","status":"publish","type":"product","link":"https:\/\/afrycom.com\/fr\/produit\/seche-cheveux-seche-cheveux-ionique-negatif-120000-seche-cheveux-a-moteur-sans-balais-rpm-40-m-s-sechage-rapide-haute-vitesse-faible-bruit-thermo-controle\/","title":{"rendered":"S\u00e8che-cheveux, s\u00e8che-cheveux ionique n\u00e9gatif 120000 S\u00e8che-cheveux \u00e0 moteur sans balais RPM 40 M\/S, s\u00e9chage rapide, haute vitesse, faible bruit, thermo-contr\u00f4le"},"content":{"rendered":"<div class=\"product-specs-list-container\">\n<ul class=\"product-specs-list util-clearfix\">\n<li class=\"product-prop line-limit-length\"><span\n                                        class=\"property-title\">Chimique Hign-concern\u00e9 :&nbsp;<\/span><span\n                                        class=\"property-desc line-limit-length\">Aucun<\/span>\n                            <\/li>\n<li class=\"product-prop line-limit-length\"><span\n                                        class=\"property-title\">Buse rev\u00eatement :&nbsp;<\/span><span\n                                        class=\"property-desc line-limit-length\">C\u00c9RAMIQUE<\/span>\n                            <\/li>\n<li class=\"product-prop line-limit-length\"><span\n                                        class=\"property-title\">Nombre de bus :&nbsp;<\/span><span\n                                        class=\"property-desc line-limit-length\">1 &#8211; 2<\/span>\n                            <\/li>\n<li class=\"product-prop line-limit-length\"><span\n                                        class=\"property-title\">Nombre de modes de chauffage :&nbsp;<\/span><span\n                                        class=\"property-desc line-limit-length\">2<\/span>\n                            <\/li>\n<li class=\"product-prop line-limit-length\"><span\n                                        class=\"property-title\">Utilisation :&nbsp;<\/span><span\n                                        class=\"property-desc line-limit-length\">Professionnel<\/span>\n                            <\/li>\n<li class=\"product-prop line-limit-length\"><span\n                                        class=\"property-title\">Taille :&nbsp;<\/span><span\n                                        class=\"property-desc line-limit-length\">27.60*7.10*9.00cm<\/span>\n                            <\/li>\n<li class=\"product-prop line-limit-length\"><span\n                                        class=\"property-title\">Mat\u00e9riau :&nbsp;<\/span><span\n                                        class=\"property-desc line-limit-length\">Alliage<\/span>\n                            <\/li>\n<li class=\"product-prop line-limit-length\"><span\n                                        class=\"property-title\">Num\u00e9ro de Mod\u00e8le :&nbsp;<\/span><span\n                                        class=\"property-desc line-limit-length\">ZCY887<\/span>\n                            <\/li>\n<li class=\"product-prop line-limit-length\"><span\n                                        class=\"property-title\">Source D'alimentation :&nbsp;<\/span><span\n                                        class=\"property-desc line-limit-length\">\u00c9lectrique<\/span>\n                            <\/li>\n<li class=\"product-prop line-limit-length\"><span\n                                        class=\"property-title\">Tension :&nbsp;<\/span><span\n                                        class=\"property-desc line-limit-length\">100-240v (tension duelle)<\/span>\n                            <\/li>\n<li class=\"product-prop line-limit-length\"><span\n                                        class=\"property-title\">Type de moteur :&nbsp;<\/span><span\n                                        class=\"property-desc line-limit-length\">AC<\/span>\n                            <\/li>\n<li class=\"product-prop line-limit-length\"><span\n                                        class=\"property-title\">Type de douille :&nbsp;<\/span><span\n                                        class=\"property-desc line-limit-length\">Diffuseur d'air \u00e0 bus<\/span>\n                            <\/li>\n<li class=\"product-prop line-limit-length\"><span\n                                        class=\"property-title\">Nombre de vitesses :&nbsp;<\/span><span\n                                        class=\"property-desc line-limit-length\">3<\/span>\n                            <\/li>\n<li class=\"product-prop line-limit-length\"><span\n                                        class=\"property-title\">Puissance Max.. :&nbsp;<\/span><span\n                                        class=\"property-desc line-limit-length\">1600 W<\/span>\n                            <\/li>\n<li class=\"product-prop line-limit-length\"><span\n                                        class=\"property-title\">Prise standard :&nbsp;<\/span><span\n                                        class=\"property-desc line-limit-length\">EURO<\/span>\n                            <\/li>\n<li class=\"product-prop line-limit-length\"><span\n                                        class=\"property-title\">Fonction :&nbsp;<\/span><span\n                                        class=\"property-desc line-limit-length\">Anion,Nanoe,Thermostatique,Air chaud\/froid,Contr\u00f4le de la temp\u00e9rature,Diffuseur<\/span>\n                            <\/li>\n<li class=\"product-prop line-limit-length\"><span\n                                        class=\"property-title\">Portabilit\u00e9 :&nbsp;<\/span><span\n                                        class=\"property-desc line-limit-length\">Poign\u00e9e d\u00e9pliable<\/span>\n                            <\/li>\n<li class=\"product-prop line-limit-length\"><span\n                                        class=\"property-title\">Nom de marque :&nbsp;<\/span><span\n                                        class=\"property-desc line-limit-length\">BOPCAL<\/span>\n                            <\/li>\n<li class=\"product-prop line-limit-length\"><span\n                                        class=\"property-title\">Origine :&nbsp;<\/span><span\n                                        class=\"property-desc line-limit-length\">CN (Origine)<\/span>\n                            <\/li>\n<li class=\"product-prop line-limit-length\"><span\n                                        class=\"property-title\">Type d'article :&nbsp;<\/span><span\n                                        class=\"property-desc line-limit-length\">S\u00e8che-cheveux<\/span>\n                            <\/li>\n<li class=\"product-prop line-limit-length\"><span\n                                        class=\"property-title\">Certification :&nbsp;<\/span><span\n                                        class=\"property-desc line-limit-length\">ROHS, FCC, CE, CCC<\/span>\n                            <\/li>\n<\/ul><\/div>\n<div class=\"detailmodule_html\">\n<div class=\"detail-desc-decorate-richtext\">\n<p><img decoding=\"async\" src=\"https:\/\/ae01.alicdn.com\/kf\/S29f1f2019e114d1a8a5976109fe442d0Q.jpg\" slate-data-type=\"image\"><img decoding=\"async\" src=\"https:\/\/ae01.alicdn.com\/kf\/S27b6867a8f9b4fbd870df2390b8aed12d.jpg\" slate-data-type=\"image\"><img decoding=\"async\" src=\"https:\/\/ae01.alicdn.com\/kf\/Sf98d74ad6237495f8946db1700852d8fA.jpg\" slate-data-type=\"image\"><img decoding=\"async\" src=\"https:\/\/ae01.alicdn.com\/kf\/S0efac255f687487db66c57fe72ef4537N.jpg\" slate-data-type=\"image\"><img decoding=\"async\" src=\"https:\/\/ae01.alicdn.com\/kf\/S53c3a1c85f1a44f687235807071ff932d.jpg\" slate-data-type=\"image\"><img decoding=\"async\" src=\"https:\/\/ae01.alicdn.com\/kf\/S7ac685b807e946fbae968793566f7986Z.jpg\" slate-data-type=\"image\"><img decoding=\"async\" src=\"https:\/\/ae01.alicdn.com\/kf\/S5b1f882e84804168992806a1a0c8802ao.jpg\" slate-data-type=\"image\"><img loading=\"lazy\" decoding=\"async\" width=\"315\" height=\"236\" src=\"https:\/\/ae01.alicdn.com\/kf\/S3ed9895b958546b280d648b15d074e62r.jpg\" slate-data-type=\"image\"><img loading=\"lazy\" decoding=\"async\" width=\"315\" height=\"236\" src=\"https:\/\/ae01.alicdn.com\/kf\/S17a92cc2bb0c45039fd7dc8457430fd8l.jpg\" slate-data-type=\"image\"><img loading=\"lazy\" decoding=\"async\" width=\"313\" height=\"234\" src=\"https:\/\/ae01.alicdn.com\/kf\/S7922382e01c34ec18f4ec23b3987c42c7.jpg\" slate-data-type=\"image\"><img decoding=\"async\" src=\"https:\/\/ae01.alicdn.com\/kf\/Se8b0f3fcfe0e48198b0ee44ff26d48caq.jpg\" slate-data-type=\"image\"><\/p>\n<ul style=\"font-family:&quot;Amazon Ember&quot;, Arial, sans-serif;font-size:14px;font-weight:400;letter-spacing:normal;text-align:start;white-space:normal;color:rgb(15, 17, 17);background-color:rgb(255, 255, 255);margin:0px 0px 0px 18px;margin-bottom:0px;margin-top:0px;margin-left:18px;margin-right:0px;padding:0px;padding-bottom:0px;padding-top:0px;padding-left:0px;padding-right:0px;box-sizing:border-box\" class=\"a-unordered-list a-vertical a-spacing-mini\" align=\"start\">\n<li style=\"margin:0px;margin-bottom:0px;margin-top:0px;margin-left:0px;margin-right:0px;list-style:disc;box-sizing:border-box\" class=\"a-spacing-mini\">\n<p><span class=\"a-list-item\" style=\"color:rgb(15, 17, 17)\">S\u00c9CHAGE RAPIDE : Le s\u00e8che-cheveux est dot\u00e9 d'un moteur sans balais \u00e0 grande vitesse de 1 600 W avec jusqu'\u00e0 120 000 tr\/min et d'une vitesse de vent allant jusqu'\u00e0 40 m\/s, ce qui le rend 3 \u00e0 5 fois plus rapide que les s\u00e8che-cheveux traditionnels.Dites adieu aux matin\u00e9es agit\u00e9es et bonjour aux moments paisibles, rendant chaque jour fluide et spectaculaire.<\/span><\/p>\n<\/li>\n<\/ul>\n<p><\/p>\n<ul style=\"font-family:&quot;Amazon Ember&quot;, Arial, sans-serif;font-size:14px;font-weight:400;letter-spacing:normal;text-align:start;white-space:normal;color:rgb(15, 17, 17);background-color:rgb(255, 255, 255);margin:0px 0px 0px 18px;margin-bottom:0px;margin-top:0px;margin-left:18px;margin-right:0px;padding:0px;padding-bottom:0px;padding-top:0px;padding-left:0px;padding-right:0px;box-sizing:border-box\" class=\"a-unordered-list a-vertical a-spacing-mini\" align=\"start\">\n<li style=\"margin:0px;margin-bottom:0px;margin-top:0px;margin-left:0px;margin-right:0px;list-style:disc;box-sizing:border-box\" class=\"a-spacing-mini\">\n<p>S\u00e8che-cheveux ionique n\u00e9gatifLe s\u00e8che-cheveux contient 200 millions d'ions n\u00e9gatifs, rendant vos cheveux soyeux sans frisottis.Ionic emprisonnera l'humidit\u00e9 de vos cheveux et leur apportera une brillance naturelle.<\/p>\n<\/li>\n<\/ul>\n<p><\/p>\n<ul style=\"font-family:&quot;Amazon Ember&quot;, Arial, sans-serif;font-size:14px;font-weight:400;letter-spacing:normal;text-align:start;white-space:normal;color:rgb(15, 17, 17);background-color:rgb(255, 255, 255);margin:0px 0px 0px 18px;margin-bottom:0px;margin-top:0px;margin-left:18px;margin-right:0px;padding:0px;padding-bottom:0px;padding-top:0px;padding-left:0px;padding-right:0px;box-sizing:border-box\" class=\"a-unordered-list a-vertical a-spacing-mini\" align=\"start\">\n<li style=\"margin:0px;margin-bottom:0px;margin-top:0px;margin-left:0px;margin-right:0px;list-style:disc;box-sizing:border-box\" class=\"a-spacing-mini\">\n<p><span style=\"background-color:rgb(255, 255, 255);color:rgb(15, 17, 17);font-size:14px;font-family:&quot;Amazon Ember&quot;, Arial, sans-serif\">Technologie Thermo ControlLa technologie exclusive Bopcals compense la chaleur excessive en alternant le flux d'air chaud et froid, pour \u00e9viter d'endommager les cheveux.Le microprocesseur Thermo-Control surveille la temp\u00e9rature de l'air 100 fois par seconde et effectue de petits ajustements r\u00e9guliers pour \u00e9viter que vos cheveux ne soient endommag\u00e9s par une chaleur extr\u00eame.<\/span><\/p>\n<\/li>\n<\/ul>\n<p><\/p>\n<ul style=\"font-family:&quot;Amazon Ember&quot;, Arial, sans-serif;font-size:14px;font-weight:400;letter-spacing:normal;text-align:start;white-space:normal;color:rgb(15, 17, 17);background-color:rgb(255, 255, 255);margin:0px 0px 0px 18px;margin-bottom:0px;margin-top:0px;margin-left:18px;margin-right:0px;padding:0px;padding-bottom:0px;padding-top:0px;padding-left:0px;padding-right:0px;box-sizing:border-box\" class=\"a-unordered-list a-vertical a-spacing-mini\" align=\"start\">\n<li style=\"margin:0px;margin-bottom:0px;margin-top:0px;margin-left:0px;margin-right:0px;list-style:disc;box-sizing:border-box\" class=\"a-spacing-mini\">\n<p><span style=\"background-color:rgb(255, 255, 255);color:rgb(15, 17, 17);font-size:14px;font-family:&quot;Amazon Ember&quot;, Arial, sans-serif\">S\u00fbr et l\u00e9ger : le s\u00e8che-cheveux ne p\u00e8se que 550 g, petit et portable, id\u00e9al pour la maison et les voyages. Conception ergonomique, bouton simple, 360 \u00b0 La buse magn\u00e9tique rotative et le filtre rendent le s\u00e8che-cheveux facile \u00e0 utiliser. Le maillage du filtre est tr\u00e8s proche et n'aspire pas les cheveux. Le s\u00e8che-cheveux portable est \u00e9galement sans danger pour les enfants et les mamans enceintes.<\/span><\/p>\n<\/li>\n<\/ul>\n<p><\/p>\n<\/div>\n<\/div>","protected":false},"excerpt":{"rendered":"<p>Chimique Hign-concern\u00e9:&nbsp;Aucun Buse rev\u00eatement:&nbsp;C\u00c9RAMIQUE Nombre de buses:&nbsp;1 &#8211; 2 Nombre de modes de chauffage:&nbsp;2 Utilisation:&nbsp;Professionnel Taille:&nbsp;27.60*7.10*9.00cm Mat\u00e9riau:&nbsp;Alloy Num\u00e9ro de Mod\u00e8le:&nbsp;ZCY887<\/p>","protected":false},"featured_media":10067,"comment_status":"open","ping_status":"closed","template":"","meta":[],"product_brand":[],"product_cat":[15],"product_tag":[],"class_list":{"0":"post-10066","1":"product","2":"type-product","3":"status-publish","4":"has-post-thumbnail","6":"product_cat-uncategorized","8":"first","9":"instock","10":"shipping-taxable","11":"purchasable","12":"product-type-variable"},"jetpack_sharing_enabled":true,"_links":{"self":[{"href":"https:\/\/afrycom.com\/fr\/wp-json\/wp\/v2\/product\/10066","targetHints":{"allow":["GET"]}}],"collection":[{"href":"https:\/\/afrycom.com\/fr\/wp-json\/wp\/v2\/product"}],"about":[{"href":"https:\/\/afrycom.com\/fr\/wp-json\/wp\/v2\/types\/product"}],"replies":[{"embeddable":true,"href":"https:\/\/afrycom.com\/fr\/wp-json\/wp\/v2\/comments?post=10066"}],"wp:featuredmedia":[{"embeddable":true,"href":"https:\/\/afrycom.com\/fr\/wp-json\/wp\/v2\/media\/10067"}],"wp:attachment":[{"href":"https:\/\/afrycom.com\/fr\/wp-json\/wp\/v2\/media?parent=10066"}],"wp:term":[{"taxonomy":"product_brand","embeddable":true,"href":"https:\/\/afrycom.com\/fr\/wp-json\/wp\/v2\/product_brand?post=10066"},{"taxonomy":"product_cat","embeddable":true,"href":"https:\/\/afrycom.com\/fr\/wp-json\/wp\/v2\/product_cat?post=10066"},{"taxonomy":"product_tag","embeddable":true,"href":"https:\/\/afrycom.com\/fr\/wp-json\/wp\/v2\/product_tag?post=10066"}],"curies":[{"name":"wp","href":"https:\/\/api.w.org\/{rel}","templated":true}]}}