{"id":10032,"date":"2025-03-08T10:34:10","date_gmt":"2025-03-08T10:34:10","guid":{"rendered":"https:\/\/afrycom.com\/product\/hommes-bomber-veste-decontracte-automne-hiver-veste-epaissir-hommes-mode-vetements-2022-streetwear-coton-rembourre-veste-coupe-ajustee-manteau\/"},"modified":"2025-03-08T10:34:15","modified_gmt":"2025-03-08T10:34:15","slug":"hommes-bomber-veste-decontracte-automne-hiver-veste-epaissir-hommes-mode-vetements-2022-streetwear-coton-rembourre-veste-coupe-ajustee-manteau","status":"publish","type":"product","link":"https:\/\/afrycom.com\/fr\/produit\/hommes-bomber-veste-decontracte-automne-hiver-veste-epaissir-hommes-mode-vetements-2022-streetwear-coton-rembourre-veste-coupe-ajustee-manteau\/","title":{"rendered":"Hommes Bomber veste d\u00e9contract\u00e9 automne hiver veste \u00e9paissir hommes mode v\u00eatements 2022 Streetwear coton rembourr\u00e9 veste coupe ajust\u00e9e manteau"},"content":{"rendered":"<div class=\"product-specs-list-container\">\n<ul class=\"product-specs-list util-clearfix\">\n<li class=\"product-prop line-limit-length\"><span class=\"property-title\">Chimique Hign-concern\u00e9 :\u00a0<\/span><span class=\"property-desc line-limit-length\">Aucun<\/span><\/li>\n<li class=\"product-prop line-limit-length\"><span class=\"property-title\">Saison Applicable :\u00a0<\/span><span class=\"property-desc line-limit-length\">Automne Et Hiver<\/span><\/li>\n<li class=\"product-prop line-limit-length\"><span class=\"property-title\">Sc\u00e8ne applicable :\u00a0<\/span><span class=\"property-desc line-limit-length\">CASUAL<\/span><\/li>\n<li class=\"product-prop line-limit-length\"><span class=\"property-title\">D\u00e9coration :\u00a0<\/span><span class=\"property-desc line-limit-length\">AUCUN<\/span><\/li>\n<li class=\"product-prop line-limit-length\"><span class=\"property-title\">Style de Manches :\u00a0<\/span><span class=\"property-desc line-limit-length\">R\u00c9GULIER<\/span><\/li>\n<li class=\"product-prop line-limit-length\"><span class=\"property-title\">\u00c0 capuche :\u00a0<\/span><span class=\"property-desc line-limit-length\">Pas de<\/span><\/li>\n<li class=\"product-prop line-limit-length\"><span class=\"property-title\">Type :\u00a0<\/span><span class=\"property-desc line-limit-length\">R\u00c9GULIER<\/span><\/li>\n<li class=\"product-prop line-limit-length\"><span class=\"property-title\">Partie d\u00e9tachable :\u00a0<\/span><span class=\"property-desc line-limit-length\">AUCUN<\/span><\/li>\n<li class=\"product-prop line-limit-length\"><span class=\"property-title\">\u00c9paisseur :\u00a0<\/span><span class=\"property-desc line-limit-length\">\u00c9pais<\/span><\/li>\n<li class=\"product-prop line-limit-length\"><span class=\"property-title\">Mat\u00e9riel Doublure :\u00a0<\/span><span class=\"property-desc line-limit-length\">POLYESTER<\/span><\/li>\n<li class=\"product-prop line-limit-length\"><span class=\"property-title\">Type de fermeture :\u00a0<\/span><span class=\"property-desc line-limit-length\">fermeture \u00e9clair<\/span><\/li>\n<li class=\"product-prop line-limit-length\"><span class=\"property-title\">Style manchette :\u00a0<\/span><span class=\"property-desc line-limit-length\">Manchon avec nervure<\/span><\/li>\n<li class=\"product-prop line-limit-length\"><span class=\"property-title\">Type de Motif :\u00a0<\/span><span class=\"property-desc line-limit-length\">Solide<\/span><\/li>\n<li class=\"product-prop line-limit-length\"><span class=\"property-title\">Collier :\u00a0<\/span><span class=\"property-desc line-limit-length\">STAND<\/span><\/li>\n<li class=\"product-prop line-limit-length\"><span class=\"property-title\">Style :\u00a0<\/span><span class=\"property-desc line-limit-length\">Ext\u00e9rieur<\/span><\/li>\n<li class=\"product-prop line-limit-length\"><span class=\"property-title\">Longueur de V\u00eatement :\u00a0<\/span><span class=\"property-desc line-limit-length\">COURT<\/span><\/li>\n<li class=\"product-prop line-limit-length\"><span class=\"property-title\">Mat\u00e9riau :\u00a0<\/span><span class=\"property-desc line-limit-length\">POLYESTER<\/span><\/li>\n<li class=\"product-prop line-limit-length\"><span class=\"property-title\">Origine :\u00a0<\/span><span class=\"property-desc line-limit-length\">CN (Origine)<\/span><\/li>\n<li class=\"product-prop line-limit-length\"><span class=\"property-title\">CN :\u00a0<\/span><span class=\"property-desc line-limit-length\">Guangdong<\/span><\/li>\n<li class=\"product-prop line-limit-length\"><span class=\"property-title\">Type de manteaux :\u00a0<\/span><span class=\"property-desc line-limit-length\">VESTES<\/span><\/li>\n<li class=\"product-prop line-limit-length\"><span class=\"property-title\">Sexe :\u00a0<\/span><span class=\"property-desc line-limit-length\">MEN<\/span><\/li>\n<li class=\"product-prop line-limit-length\"><span class=\"property-title\">Type d'article :\u00a0<\/span><span class=\"property-desc line-limit-length\">Manteaux<\/span><\/li>\n<\/ul>\n<\/div>\n<div class=\"detailmodule_html\">\n<div class=\"detail-desc-decorate-richtext\">\n<div id=\"offer-template-0\">\n<p style=\"text-align: left; margin: 0;\"><img decoding=\"async\" style=\"width: 800px;\" src=\"https:\/\/ae01.alicdn.com\/kf\/S3094505ced2d41cd986d5fbd58509a51B.jpg?width=837&amp;height=542&amp;hash=1379\" \/><img decoding=\"async\" style=\"width: 800px;\" src=\"https:\/\/ae01.alicdn.com\/kf\/S4e74cccdb0c845d4ab2b691c6ca083f0x.jpg?width=790&amp;height=1048&amp;hash=1838\" \/><img decoding=\"async\" style=\"width: 800px;\" src=\"https:\/\/ae01.alicdn.com\/kf\/Sc30932d80cac493e97f302c86b0ba20dG.jpg?width=790&amp;height=885&amp;hash=1675\" \/><img decoding=\"async\" style=\"width: 800px;\" src=\"https:\/\/ae01.alicdn.com\/kf\/S62bc7db6222144ff98e132191aef8e29B.jpg?width=790&amp;height=972&amp;hash=1762\" \/><img decoding=\"async\" style=\"width: 800px;\" src=\"https:\/\/ae01.alicdn.com\/kf\/S76009343c9004479b251dc372f371c9dz.jpg?width=790&amp;height=965&amp;hash=1755\" \/><img decoding=\"async\" style=\"width: 800px;\" src=\"https:\/\/ae01.alicdn.com\/kf\/Se6081078f3ff481eb85b388e7f4e480fT.jpg?width=790&amp;height=837&amp;hash=1627\" \/><img decoding=\"async\" style=\"width: 800px;\" src=\"https:\/\/ae01.alicdn.com\/kf\/S11c9b69df9b84236baf9c359a97e262cB.jpg?width=790&amp;height=1179&amp;hash=1969\" \/><img decoding=\"async\" style=\"width: 800px;\" src=\"https:\/\/ae01.alicdn.com\/kf\/S3f8854f2da8247ef97407f3598789150E.jpg?width=790&amp;height=653&amp;hash=1443\" \/><img decoding=\"async\" style=\"width: 800px;\" src=\"https:\/\/ae01.alicdn.com\/kf\/Se6338aa98a614df1838f156c610de9e0W.jpg?width=790&amp;height=839&amp;hash=1629\" \/><img decoding=\"async\" style=\"width: 800px;\" src=\"https:\/\/ae01.alicdn.com\/kf\/S910d8685b3be4e83a57cf1f568952a91F.jpg?width=790&amp;height=824&amp;hash=1614\" \/><img decoding=\"async\" style=\"width: 800px;\" src=\"https:\/\/ae01.alicdn.com\/kf\/S0b95e978332c45d6a76fd49cd018faf6s.jpg?width=790&amp;height=826&amp;hash=1616\" \/><img decoding=\"async\" style=\"width: 800px;\" src=\"https:\/\/ae01.alicdn.com\/kf\/Sb6ec822a69cc43c6b9ec9af488c08537u.jpg?width=790&amp;height=873&amp;hash=1663\" \/><img decoding=\"async\" style=\"width: 800px;\" src=\"https:\/\/ae01.alicdn.com\/kf\/S495bf7c8e1c84e4ea8de9426e6a41d96X.jpg?width=790&amp;height=1250&amp;hash=2040\" \/><img decoding=\"async\" style=\"width: 800px;\" src=\"https:\/\/ae01.alicdn.com\/kf\/Sb059e2ff3e3c491fb99bae84c8dae5fcx.jpg?width=790&amp;height=1059&amp;hash=1849\" \/><img decoding=\"async\" style=\"width: 800px;\" src=\"https:\/\/ae01.alicdn.com\/kf\/Sf4481166486f41c8a79bb2f165980b1ci.jpg?width=790&amp;height=1071&amp;hash=1861\" \/><\/p>\n<\/div>\n<\/div>\n<\/div>","protected":false},"excerpt":{"rendered":"<p>Chimique Hign-concern\u00e9:\u00a0Aucun Saison Applicable:\u00a0Automne Et Hiver Applicable Scene:\u00a0CASUAL D\u00e9coration:\u00a0NONE Style de Manches:\u00a0REGULAR \u00c0 capuche:\u00a0Pas de Type:\u00a0REGULAR Partie d\u00e9tachable:\u00a0NONE \u00c9paisseur:\u00a0\u00c9pais Mat\u00e9riel<\/p>","protected":false},"featured_media":10033,"comment_status":"open","ping_status":"closed","template":"","meta":[],"product_brand":[],"product_cat":[15],"product_tag":[],"class_list":{"0":"post-10032","1":"product","2":"type-product","3":"status-publish","4":"has-post-thumbnail","6":"product_cat-uncategorized","8":"first","9":"instock","10":"shipping-taxable","11":"purchasable","12":"product-type-variable"},"jetpack_sharing_enabled":true,"_links":{"self":[{"href":"https:\/\/afrycom.com\/fr\/wp-json\/wp\/v2\/product\/10032","targetHints":{"allow":["GET"]}}],"collection":[{"href":"https:\/\/afrycom.com\/fr\/wp-json\/wp\/v2\/product"}],"about":[{"href":"https:\/\/afrycom.com\/fr\/wp-json\/wp\/v2\/types\/product"}],"replies":[{"embeddable":true,"href":"https:\/\/afrycom.com\/fr\/wp-json\/wp\/v2\/comments?post=10032"}],"wp:featuredmedia":[{"embeddable":true,"href":"https:\/\/afrycom.com\/fr\/wp-json\/wp\/v2\/media\/10033"}],"wp:attachment":[{"href":"https:\/\/afrycom.com\/fr\/wp-json\/wp\/v2\/media?parent=10032"}],"wp:term":[{"taxonomy":"product_brand","embeddable":true,"href":"https:\/\/afrycom.com\/fr\/wp-json\/wp\/v2\/product_brand?post=10032"},{"taxonomy":"product_cat","embeddable":true,"href":"https:\/\/afrycom.com\/fr\/wp-json\/wp\/v2\/product_cat?post=10032"},{"taxonomy":"product_tag","embeddable":true,"href":"https:\/\/afrycom.com\/fr\/wp-json\/wp\/v2\/product_tag?post=10032"}],"curies":[{"name":"wp","href":"https:\/\/api.w.org\/{rel}","templated":true}]}}