{"id":31,"date":"2025-01-03T10:22:02","date_gmt":"2025-01-03T10:22:02","guid":{"rendered":"https:\/\/dummy.xtemos.com\/woodmart2\/marketplace2\/?page_id=31"},"modified":"2025-03-02T02:28:00","modified_gmt":"2025-03-02T02:28:00","slug":"work-with-us","status":"publish","type":"page","link":"https:\/\/afrycom.com\/fr\/work-with-us\/","title":{"rendered":"Travailler avec nous"},"content":{"rendered":"<div class=\"wpb-content-wrapper\"><div class=\"vc_row wpb_row vc_row-fluid vc_custom_1736425894490 wd-rs-677fc1a227371\"><div class=\"wpb_column vc_column_container vc_col-sm-1\/5 wd-col-offcanvas-md-sm wd-col-offcanvas-sm wd-alignment-left wd-rs-677fbf1a9b1e5\"><div class=\"vc_column-inner\"><div class=\"wpb_wrapper\">\n\t\t\t<div id=\"wd-677fbd9950b78\" class=\"wd-menu widget_nav_mega_menu wd-rs-677fbd9950b78 vc_custom_1736424890928\">\n\n\t\t\t\t\n\t\t\t\t<ul id=\"menu-sidebar-menu-marketplace-2\" class=\"menu wd-nav wd-nav-vertical wd-design-simple wd-gap-l\"><li id=\"menu-item-1665\" class=\"menu-item menu-item-type-post_type menu-item-object-page menu-item-1665 item-level-0 menu-simple-dropdown wd-event-hover\" ><a href=\"https:\/\/afrycom.com\/fr\/track-you-order\/\" class=\"woodmart-nav-link\"><span class=\"nav-link-text\">Suivez votre commande<\/span><\/a><\/li>\n<li id=\"menu-item-1668\" class=\"menu-item menu-item-type-post_type menu-item-object-page menu-item-1668 item-level-0 menu-simple-dropdown wd-event-hover\" ><a href=\"https:\/\/afrycom.com\/fr\/about-us\/\" class=\"woodmart-nav-link\"><span class=\"nav-link-text\">\u00c0 propos de nous<\/span><\/a><\/li>\n<li id=\"menu-item-1667\" class=\"menu-item menu-item-type-post_type menu-item-object-page menu-item-1667 item-level-0 menu-simple-dropdown wd-event-hover\" ><a href=\"https:\/\/afrycom.com\/fr\/faqs\/\" class=\"woodmart-nav-link\"><span class=\"nav-link-text\">FAQ<\/span><\/a><\/li>\n<li id=\"menu-item-1666\" class=\"menu-item menu-item-type-post_type menu-item-object-page menu-item-1666 item-level-0 menu-simple-dropdown wd-event-hover\" ><a href=\"https:\/\/afrycom.com\/fr\/our-partners\/\" class=\"woodmart-nav-link\"><span class=\"nav-link-text\">Nos partenaires<\/span><\/a><\/li>\n<li id=\"menu-item-1672\" class=\"menu-item menu-item-type-post_type menu-item-object-page menu-item-1672 item-level-0 menu-simple-dropdown wd-event-hover\" ><a href=\"https:\/\/afrycom.com\/fr\/work-with-us\/\" class=\"woodmart-nav-link\"><span class=\"nav-link-text\">Travailler avec nous<\/span><\/a><\/li>\n<li id=\"menu-item-1673\" class=\"menu-item menu-item-type-post_type menu-item-object-page menu-item-1673 item-level-0 menu-simple-dropdown wd-event-hover\" ><a href=\"https:\/\/afrycom.com\/fr\/contact-us\/\" class=\"woodmart-nav-link\"><span class=\"nav-link-text\">Nous contacter<\/span><\/a><\/li>\n<\/ul>\n\t\t\t\t\t\t\t<\/div>\n\t\t<\/div><\/div><\/div><div class=\"wpb_column vc_column_container vc_col-sm-12 vc_col-lg-4\/5 wd-col-content-md-sm wd-col-content-sm wd-alignment-left wd-rs-677fbeeb62299\"><div class=\"vc_column-inner\"><div class=\"wpb_wrapper\">\n\t\t<div class=\"wd-wpb wd-rs-678e61167d24a hidden-lg wd-action-hide-btn\">\n\t\t\t<div class=\"wd-off-canvas-btn wd-action-btn wd-style-text wd-burger-icon\">\n\t\t\t\t<a href=\"#\" rel=\"nofollow\">\n\t\t\t\t\t\t\t\t\t\tAfficher la barre lat\u00e9rale\t\t\t\t<\/a>\n\t\t\t<\/div>\n\t\t\t\t\t\t\t\t\t\t\t\t\t\t\t<div class=\"wd-sidebar-opener wd-show-on-scroll wd-action-btn wd-style-icon wd-burger-icon\">\n\t\t\t\t\t<a href=\"#\" rel=\"nofollow\">\n\t\t\t\t\t\t\t\t\t\t\t<\/a>\n\t\t\t\t<\/div>\n\t\t\t\t\t<\/div>\n\n\t\t\t\t<div class=\"promo-banner-wrapper  wd-rs-677fea1890141 vc_custom_1736436253730\">\n\t\t\t<div id=\"wd-677fea1890141\" class=\"promo-banner  banner- banner-hover-none color-scheme-light banner-btn-size-default banner-btn-style-default  with-btn banner-btn-position-static wd-underline-colored\">\n\t\t\t\t<div class=\"main-wrapp-img\">\n\t\t\t\t\t<div class=\"banner-image wd-bg-position-center\" >\n\t\t\t\t\t\t<img loading=\"lazy\" decoding=\"async\" width=\"1360\" height=\"320\" src=\"https:\/\/afrycom.com\/wp-content\/uploads\/2025\/01\/work-with-us-bg-opt.jpg\" class=\"attachment-full size-full\" alt=\"\" srcset=\"https:\/\/afrycom.com\/wp-content\/uploads\/2025\/01\/work-with-us-bg-opt.jpg 1360w, https:\/\/afrycom.com\/wp-content\/uploads\/2025\/01\/work-with-us-bg-opt-150x35.jpg 150w, https:\/\/afrycom.com\/wp-content\/uploads\/2025\/01\/work-with-us-bg-opt-1200x282.jpg 1200w\" sizes=\"auto, (max-width: 1360px) 100vw, 1360px\" \/>\t\t\t\t\t<\/div>\n\t\t\t\t<\/div>\n\n\t\t\t\t<div class=\"wrapper-content-banner wd-fill  wd-items-middle wd-justify-center\">\n\t\t\t\t\t<div class=\"content-banner  text-center\">\n\t\t\t\t\t\t<h4 class=\"banner-title wd-font-weight- wd-fontsize-l\">Participer<br \/>\nde nos grandes entreprises<\/h4>\t\t\t\t\t\t\n\t\t\t\t\t\t\n\t\t\t\t\t\t<div class=\"banner-btn-wrapper\"><div id=\"wd-69e4cbe47179d\" class=\"wd-button-wrapper text-center\"><a  class=\"btn btn-color-primary btn-style-default btn-shape-round btn-size-default\">Devenir vendeur<\/a><\/div><\/div>\t\t\t\t\t<\/div>\n\t\t\t\t<\/div>\n\n\t\t\t\t\n\t\t\t\t\t\t\t<\/div>\n\t\t<\/div>\n\n\t\t\n\t\t<div id=\"wd-677fea2fc6636\" class=\"title-wrapper wd-wpb wd-set-mb reset-last-child  wd-rs-677fea2fc6636 wd-title-color-default wd-title-style-default text-left vc_custom_1736436291270 wd-underline-colored\">\n\t\t\t\n\t\t\t<div class=\"liner-continer\">\n\t\t\t\t<h4 class=\"woodmart-title-container title  wd-font-weight- wd-fontsize-l\" >Que pouvons-nous offrir ?<\/h4>\n\t\t\t\t\t\t\t<\/div>\n\t\t\t\n\t\t\t\t\t\t\t<div class=\"title-after_title reset-last-child  wd-fontsize-xs\">Nous croyons fermement que les commodit\u00e9s, les joies et la gentillesse de la vie doivent \u00eatre facilement accessibles. C'est pourquoi leur recherche doit \u00eatre rapide, conviviale et agr\u00e9able. Chez Woodmart, notre engagement va au-del\u00e0 de la vente d'appareils \u00e9lectrom\u00e9nagers, d'\u00e9lectronique, de bijoux ou de vin.<\/div>\n\t\t\t\n\t\t\t\n\t\t<\/div>\n\t\t\n\t\t\n\t\t<div id=\"wd-677fea5605b58\" class=\"title-wrapper wd-wpb wd-set-mb reset-last-child  wd-rs-677fea5605b58 wd-title-color-default wd-title-style-default text-left vc_custom_1736436318812 wd-underline-colored\">\n\t\t\t\n\t\t\t<div class=\"liner-continer\">\n\t\t\t\t<h4 class=\"woodmart-title-container title  wd-font-weight- wd-fontsize-l\" >Un grand nombre de clients<\/h4>\n\t\t\t\t\t\t\t<\/div>\n\t\t\t\n\t\t\t\t\t\t\t<div class=\"title-after_title reset-last-child  wd-fontsize-xs\">Notre site est visit\u00e9 par plus de 3 millions d'utilisateurs uniques par jour, chacun d'entre eux \u00e9tant un acheteur d\u00e9clar\u00e9 de vos produits.<\/div>\n\t\t\t\n\t\t\t\n\t\t<\/div>\n\t\t\n\t\t\n\t\t<div id=\"wd-677fea6176340\" class=\"title-wrapper wd-wpb wd-set-mb reset-last-child  wd-rs-677fea6176340 wd-title-color-default wd-title-style-default text-left vc_custom_1736436331137 wd-underline-colored\">\n\t\t\t\n\t\t\t<div class=\"liner-continer\">\n\t\t\t\t<h4 class=\"woodmart-title-container title  wd-font-weight- wd-fontsize-m\" >Participation \u00e0 des mailings promotionnels<\/h4>\n\t\t\t\t\t\t\t<\/div>\n\t\t\t\n\t\t\t\t\t\t\t<div class=\"title-after_title reset-last-child  wd-fontsize-xs\">Ajoutez vos produits aux mailings promotionnels pour augmenter de mani\u00e8re significative le nombre de commandes.<\/div>\n\t\t\t\n\t\t\t\n\t\t<\/div>\n\t\t\n\t\t\n\t\t<div id=\"wd-677fea6f6986e\" class=\"title-wrapper wd-wpb wd-set-mb reset-last-child  wd-rs-677fea6f6986e wd-title-color-default wd-title-style-default text-left vc_custom_1736436343862 wd-underline-colored\">\n\t\t\t\n\t\t\t<div class=\"liner-continer\">\n\t\t\t\t<h4 class=\"woodmart-title-container title  wd-font-weight- wd-fontsize-m\" >Faire de la publicit\u00e9 pour vos produits sur Internet<\/h4>\n\t\t\t\t\t\t\t<\/div>\n\t\t\t\n\t\t\t\t\t\t\t<div class=\"title-after_title reset-last-child  wd-fontsize-xs\">Augmentez vos ventes en ligne gr\u00e2ce \u00e0 la publicit\u00e9. Placez des annonces en ligne qui attireront encore plus d'utilisateurs vers vos produits.<\/div>\n\t\t\t\n\t\t\t\n\t\t<\/div>\n\t\t\n\t\t\n\t\t<div id=\"wd-677fea7c1702e\" class=\"title-wrapper wd-wpb wd-set-mb reset-last-child  wd-rs-677fea7c1702e wd-title-color-default wd-title-style-default text-left vc_custom_1736436358818 wd-underline-colored\">\n\t\t\t\n\t\t\t<div class=\"liner-continer\">\n\t\t\t\t<h4 class=\"woodmart-title-container title  wd-font-weight- wd-fontsize-m\" >Int\u00e9gration \u00e0 votre syst\u00e8me<\/h4>\n\t\t\t\t\t\t\t<\/div>\n\t\t\t\n\t\t\t\t\t\t\t<div class=\"title-after_title reset-last-child  wd-fontsize-xs\">Travailler via le compte personnel du vendeur ou via l'API<\/div>\n\t\t\t\n\t\t\t\n\t\t<\/div>\n\t\t\n\t\t\n\t\t<div id=\"wd-677feda50a2e8\" class=\"title-wrapper wd-wpb wd-set-mb reset-last-child  wd-rs-677feda50a2e8 wd-title-color-default wd-title-style-default text-left vc_custom_1736437160462 wd-underline-colored\">\n\t\t\t\n\t\t\t<div class=\"liner-continer\">\n\t\t\t\t<h4 class=\"woodmart-title-container title  wd-font-weight- wd-fontsize-l\" >Comment commencer \u00e0 vendre<\/h4>\n\t\t\t\t\t\t\t<\/div>\n\t\t\t\n\t\t\t\n\t\t\t\n\t\t<\/div>\n\t\t\n\t\t<div class=\"vc_row wpb_row vc_inner vc_row-fluid vc_custom_1736437122506 vc_column-gap-20 vc_row-o-equal-height vc_row-flex wd-rs-677fed78e3f9d\"><div class=\"wpb_column vc_column_container vc_col-sm-6 vc_col-lg-3 vc_col-has-fill wd-rs-677fedf3ee467\"><div class=\"vc_column-inner vc_custom_1736437240663\"><div class=\"wpb_wrapper\">\t\t\t<div class=\"info-box-wrapper\">\n\t\t\t\t<div id=\"wd-677fed9a5389e\" class=\"wd-rs-677fed9a5389e wd-info-box wd-wpb text-left box-icon-align-top box-style- color-scheme- wd-bg-none vc_custom_1736437148336\">\n\t\t\t\t\t\t\t\t\t\t\t<div class=\"box-icon-wrapper  box-with-text text-size-small box-icon-simple\">\n\t\t\t\t\t\t\t<div class=\"info-box-icon\">\n\n\t\t\t\t\t\t\t\t\t\t\t\t\t\t\t1.\t\t\t\t\t\t\t\n\t\t\t\t\t\t\t<\/div>\n\t\t\t\t\t\t<\/div>\n\t\t\t\t\t\t\t\t\t\t<div class=\"info-box-content\">\n\t\t\t\t\t\t<h4 class=\"info-box-title title box-title-style-default wd-fontsize-m\">Remplir la demande<\/h4>\t\t\t\t\t\t<div class=\"info-box-inner reset-last-child\"><p>Parlez-nous de vous. Nous vous contacterons pour discuter plus en d\u00e9tail de notre coop\u00e9ration.<\/p>\n<\/div>\n\n\t\t\t\t\t\t\t\t\t\t\t<\/div>\n\n\t\t\t\t\t\n\t\t\t\t\t<style><\/style>\t\t\t\t<\/div>\n\t\t\t<\/div>\n\t\t<\/div><\/div><\/div><div class=\"wpb_column vc_column_container vc_col-sm-6 vc_col-lg-3 vc_col-has-fill wd-rs-677fedfa26be5\"><div class=\"vc_column-inner vc_custom_1736437246829\"><div class=\"wpb_wrapper\">\t\t\t<div class=\"info-box-wrapper\">\n\t\t\t\t<div id=\"wd-677fed8d728e4\" class=\"wd-rs-677fed8d728e4 wd-info-box wd-wpb text-left box-icon-align-top box-style- color-scheme- wd-bg-none vc_custom_1736437136583\">\n\t\t\t\t\t\t\t\t\t\t\t<div class=\"box-icon-wrapper  box-with-text text-size-small box-icon-simple\">\n\t\t\t\t\t\t\t<div class=\"info-box-icon\">\n\n\t\t\t\t\t\t\t\t\t\t\t\t\t\t\t2.\t\t\t\t\t\t\t\n\t\t\t\t\t\t\t<\/div>\n\t\t\t\t\t\t<\/div>\n\t\t\t\t\t\t\t\t\t\t<div class=\"info-box-content\">\n\t\t\t\t\t\t<h4 class=\"info-box-title title box-title-style-default wd-fontsize-m\">Pr\u00e9parer une liste de prix des marchandises<\/h4>\t\t\t\t\t\t<div class=\"info-box-inner reset-last-child\"><p>Cr\u00e9er un catalogue XML de vos produits pour publication sur notre site web<\/p>\n<\/div>\n\n\t\t\t\t\t\t\t\t\t\t\t<\/div>\n\n\t\t\t\t\t\n\t\t\t\t\t<style><\/style>\t\t\t\t<\/div>\n\t\t\t<\/div>\n\t\t<\/div><\/div><\/div><div class=\"wpb_column vc_column_container vc_col-sm-6 vc_col-lg-3 vc_col-has-fill wd-rs-677fee005cfaf\"><div class=\"vc_column-inner vc_custom_1736437252992\"><div class=\"wpb_wrapper\">\t\t\t<div class=\"info-box-wrapper\">\n\t\t\t\t<div id=\"wd-677fed9209166\" class=\"wd-rs-677fed9209166 wd-info-box wd-wpb text-left box-icon-align-top box-style- color-scheme- wd-bg-none vc_custom_1736437141007\">\n\t\t\t\t\t\t\t\t\t\t\t<div class=\"box-icon-wrapper  box-with-text text-size-small box-icon-simple\">\n\t\t\t\t\t\t\t<div class=\"info-box-icon\">\n\n\t\t\t\t\t\t\t\t\t\t\t\t\t\t\t3.\t\t\t\t\t\t\t\n\t\t\t\t\t\t\t<\/div>\n\t\t\t\t\t\t<\/div>\n\t\t\t\t\t\t\t\t\t\t<div class=\"info-box-content\">\n\t\t\t\t\t\t<h4 class=\"info-box-title title box-title-style-default wd-fontsize-m\">Signer le contrat<\/h4>\t\t\t\t\t\t<div class=\"info-box-inner reset-last-child\"><p>Soumettre tous les documents n\u00e9cessaires et signer le contrat \u00e0 l'aide de l'EDP<\/p>\n<\/div>\n\n\t\t\t\t\t\t\t\t\t\t\t<\/div>\n\n\t\t\t\t\t\n\t\t\t\t\t<style><\/style>\t\t\t\t<\/div>\n\t\t\t<\/div>\n\t\t<\/div><\/div><\/div><div class=\"wpb_column vc_column_container vc_col-sm-6 vc_col-lg-3 vc_col-has-fill wd-rs-677fee0751e54\"><div class=\"vc_column-inner vc_custom_1736437260284\"><div class=\"wpb_wrapper\">\t\t\t<div class=\"info-box-wrapper\">\n\t\t\t\t<div id=\"wd-677fed96459d6\" class=\"wd-rs-677fed96459d6 wd-info-box wd-wpb text-left box-icon-align-top box-style- color-scheme- wd-bg-none vc_custom_1736437145005\">\n\t\t\t\t\t\t\t\t\t\t\t<div class=\"box-icon-wrapper  box-with-text text-size-small box-icon-simple\">\n\t\t\t\t\t\t\t<div class=\"info-box-icon\">\n\n\t\t\t\t\t\t\t\t\t\t\t\t\t\t\t4.\t\t\t\t\t\t\t\n\t\t\t\t\t\t\t<\/div>\n\t\t\t\t\t\t<\/div>\n\t\t\t\t\t\t\t\t\t\t<div class=\"info-box-content\">\n\t\t\t\t\t\t<h4 class=\"info-box-title title box-title-style-default wd-fontsize-m\">Commencer \u00e0 vendre<\/h4>\t\t\t\t\t\t<div class=\"info-box-inner reset-last-child\"><p>Passer des commandes et recevoir les paiements des clients de mani\u00e8re pratique pour vous<\/p>\n<\/div>\n\n\t\t\t\t\t\t\t\t\t\t\t<\/div>\n\n\t\t\t\t\t\n\t\t\t\t\t<style><\/style>\t\t\t\t<\/div>\n\t\t\t<\/div>\n\t\t<\/div><\/div><\/div><\/div><\/div><\/div><\/div><\/div>\n<\/div>","protected":false},"excerpt":{"rendered":"Track You Order About Us FAQs Our Partners Work With Us Contact Us Show sidebar Become a part of our","protected":false},"author":1,"featured_media":0,"parent":0,"menu_order":0,"comment_status":"closed","ping_status":"closed","template":"","meta":{"footnotes":""},"class_list":["post-31","page","type-page","status-publish","hentry"],"jetpack_sharing_enabled":true,"_links":{"self":[{"href":"https:\/\/afrycom.com\/fr\/wp-json\/wp\/v2\/pages\/31","targetHints":{"allow":["GET"]}}],"collection":[{"href":"https:\/\/afrycom.com\/fr\/wp-json\/wp\/v2\/pages"}],"about":[{"href":"https:\/\/afrycom.com\/fr\/wp-json\/wp\/v2\/types\/page"}],"author":[{"embeddable":true,"href":"https:\/\/afrycom.com\/fr\/wp-json\/wp\/v2\/users\/1"}],"replies":[{"embeddable":true,"href":"https:\/\/afrycom.com\/fr\/wp-json\/wp\/v2\/comments?post=31"}],"version-history":[{"count":1,"href":"https:\/\/afrycom.com\/fr\/wp-json\/wp\/v2\/pages\/31\/revisions"}],"predecessor-version":[{"id":1681,"href":"https:\/\/afrycom.com\/fr\/wp-json\/wp\/v2\/pages\/31\/revisions\/1681"}],"wp:attachment":[{"href":"https:\/\/afrycom.com\/fr\/wp-json\/wp\/v2\/media?parent=31"}],"curies":[{"name":"wp","href":"https:\/\/api.w.org\/{rel}","templated":true}]}}