{"id":27,"date":"2025-01-03T10:21:33","date_gmt":"2025-01-03T10:21:33","guid":{"rendered":"https:\/\/dummy.xtemos.com\/woodmart2\/marketplace2\/?page_id=27"},"modified":"2025-03-02T02:29:26","modified_gmt":"2025-03-02T02:29:26","slug":"our-partners","status":"publish","type":"page","link":"https:\/\/afrycom.com\/fr\/our-partners\/","title":{"rendered":"Nos partenaires"},"content":{"rendered":"<div class=\"wpb-content-wrapper\"><div class=\"vc_row wpb_row vc_row-fluid vc_custom_1736425894490 wd-rs-677fc1a227371\"><div class=\"wpb_column vc_column_container vc_col-sm-1\/5 wd-col-offcanvas-md-sm wd-col-offcanvas-sm wd-alignment-left wd-rs-677fbf1a9b1e5\"><div class=\"vc_column-inner\"><div class=\"wpb_wrapper\">\n\t\t\t<div id=\"wd-677fbd9950b78\" class=\"wd-menu widget_nav_mega_menu wd-rs-677fbd9950b78 vc_custom_1736424890928\">\n\n\t\t\t\t\n\t\t\t\t<ul id=\"menu-sidebar-menu-marketplace-2\" class=\"menu wd-nav wd-nav-vertical wd-design-simple wd-gap-l\"><li id=\"menu-item-1665\" class=\"menu-item menu-item-type-post_type menu-item-object-page menu-item-1665 item-level-0 menu-simple-dropdown wd-event-hover\" ><a href=\"https:\/\/afrycom.com\/fr\/track-you-order\/\" class=\"woodmart-nav-link\"><span class=\"nav-link-text\">Suivez votre commande<\/span><\/a><\/li>\n<li id=\"menu-item-1668\" class=\"menu-item menu-item-type-post_type menu-item-object-page menu-item-1668 item-level-0 menu-simple-dropdown wd-event-hover\" ><a href=\"https:\/\/afrycom.com\/fr\/about-us\/\" class=\"woodmart-nav-link\"><span class=\"nav-link-text\">\u00c0 propos de nous<\/span><\/a><\/li>\n<li id=\"menu-item-1667\" class=\"menu-item menu-item-type-post_type menu-item-object-page menu-item-1667 item-level-0 menu-simple-dropdown wd-event-hover\" ><a href=\"https:\/\/afrycom.com\/fr\/faqs\/\" class=\"woodmart-nav-link\"><span class=\"nav-link-text\">FAQ<\/span><\/a><\/li>\n<li id=\"menu-item-1666\" class=\"menu-item menu-item-type-post_type menu-item-object-page menu-item-1666 item-level-0 menu-simple-dropdown wd-event-hover\" ><a href=\"https:\/\/afrycom.com\/fr\/our-partners\/\" class=\"woodmart-nav-link\"><span class=\"nav-link-text\">Nos partenaires<\/span><\/a><\/li>\n<li id=\"menu-item-1672\" class=\"menu-item menu-item-type-post_type menu-item-object-page menu-item-1672 item-level-0 menu-simple-dropdown wd-event-hover\" ><a href=\"https:\/\/afrycom.com\/fr\/work-with-us\/\" class=\"woodmart-nav-link\"><span class=\"nav-link-text\">Travailler avec nous<\/span><\/a><\/li>\n<li id=\"menu-item-1673\" class=\"menu-item menu-item-type-post_type menu-item-object-page menu-item-1673 item-level-0 menu-simple-dropdown wd-event-hover\" ><a href=\"https:\/\/afrycom.com\/fr\/contact-us\/\" class=\"woodmart-nav-link\"><span class=\"nav-link-text\">Nous contacter<\/span><\/a><\/li>\n<\/ul>\n\t\t\t\t\t\t\t<\/div>\n\t\t<\/div><\/div><\/div><div class=\"wpb_column vc_column_container vc_col-sm-12 vc_col-lg-4\/5 wd-col-content-md-sm wd-col-content-sm wd-alignment-left wd-rs-677fbeeb62299\"><div class=\"vc_column-inner\"><div class=\"wpb_wrapper\">\n\t\t<div class=\"wd-wpb wd-rs-678e610b3f4a1 hidden-lg wd-action-hide-btn\">\n\t\t\t<div class=\"wd-off-canvas-btn wd-action-btn wd-style-text wd-burger-icon\">\n\t\t\t\t<a href=\"#\" rel=\"nofollow\">\n\t\t\t\t\t\t\t\t\t\tAfficher la barre lat\u00e9rale\t\t\t\t<\/a>\n\t\t\t<\/div>\n\t\t\t\t\t\t\t\t\t\t\t\t\t\t\t<div class=\"wd-sidebar-opener wd-show-on-scroll wd-action-btn wd-style-icon wd-burger-icon\">\n\t\t\t\t\t<a href=\"#\" rel=\"nofollow\">\n\t\t\t\t\t\t\t\t\t\t\t<\/a>\n\t\t\t\t<\/div>\n\t\t\t\t\t<\/div>\n\n\t\t\n\t\t<div id=\"wd-677fe7389d109\" class=\"title-wrapper wd-wpb wd-set-mb reset-last-child  wd-rs-677fe7389d109 wd-title-color-default wd-title-style-default text-left vc_custom_1736435544805 wd-underline-colored\">\n\t\t\t\n\t\t\t<div class=\"liner-continer\">\n\t\t\t\t<h4 class=\"woodmart-title-container title  wd-font-weight- wd-fontsize-l\" >Les partenaires sont notre valeur<\/h4>\n\t\t\t\t\t\t\t<\/div>\n\t\t\t\n\t\t\t\t\t\t\t<div class=\"title-after_title reset-last-child  wd-fontsize-xs\">Dans notre \u00e9cosyst\u00e8me florissant de commerce \u00e9lectronique, les partenaires jouent un r\u00f4le essentiel. Collaborer de mani\u00e8re transparente avec des partenaires de confiance nous permet d'\u00e9largir notre offre de produits et d'am\u00e9liorer l'exp\u00e9rience d'achat globale de nos clients. Ensemble, nous cr\u00e9ons des synergies qui favorisent l'innovation, l'efficacit\u00e9 et la satisfaction des clients. Notre engagement en faveur de partenariats solides garantit un march\u00e9 diversifi\u00e9 et dynamique, offrant aux clients un large \u00e9ventail de choix et d'opportunit\u00e9s.<\/div>\n\t\t\t\n\t\t\t\n\t\t<\/div>\n\t\t\n\t\t\t\t<div id=\"gallery_268\" class=\"wd-images-gallery wd-wpb wd-rs-677fe868f2f85 vc_custom_1736435822616 wd-carousel-container wd-wpb\" style=\"--wd-justify-content:center;--wd-align-items:center;\">\n\t\t\t\t\t\t\t<div class=\"wd-carousel-inner\">\n\t\t\t\n\t\t\t<div class=\"wd-carousel wd-grid\"data-scroll_per_page=\"yes\" style=\"--wd-col-lg:10;--wd-col-md:5;--wd-col-sm:2;--wd-gap-lg:20px;--wd-gap-sm:10px;\">\n\t\t\t\t\t\t\t\t\t<div class=\"wd-carousel-wrap\">\n\t\t\t\t\n\t\t\t\t\t\t\t\t\t\t\t\t\t\t\t<div class=\"wd-gallery-item wd-carousel-item\">\n\t\t\t\t\t\t\t\n\t\t\t\t\t\t\t\t<img loading=\"lazy\" decoding=\"async\" width=\"100\" height=\"100\" src=\"https:\/\/afrycom.com\/wp-content\/uploads\/2025\/01\/our-partners-member-1-opt.jpg\" class=\"wd-gallery-image image-1\" alt=\"\" \/>\n\t\t\t\t\t\t\t\t\t\t\t\t\t\t<\/div>\n\t\t\t\t\t\t\t\t\t\t\t<div class=\"wd-gallery-item wd-carousel-item\">\n\t\t\t\t\t\t\t\n\t\t\t\t\t\t\t\t<img loading=\"lazy\" decoding=\"async\" width=\"100\" height=\"100\" src=\"https:\/\/afrycom.com\/wp-content\/uploads\/2025\/01\/our-partners-member-2-opt.jpg\" class=\"wd-gallery-image image-2\" alt=\"\" \/>\n\t\t\t\t\t\t\t\t\t\t\t\t\t\t<\/div>\n\t\t\t\t\t\t\t\t\t\t\t<div class=\"wd-gallery-item wd-carousel-item\">\n\t\t\t\t\t\t\t\n\t\t\t\t\t\t\t\t<img loading=\"lazy\" decoding=\"async\" width=\"100\" height=\"100\" src=\"https:\/\/afrycom.com\/wp-content\/uploads\/2025\/01\/our-partners-member-3-opt.jpg\" class=\"wd-gallery-image image-3\" alt=\"\" \/>\n\t\t\t\t\t\t\t\t\t\t\t\t\t\t<\/div>\n\t\t\t\t\t\t\t\t\t\t\t<div class=\"wd-gallery-item wd-carousel-item\">\n\t\t\t\t\t\t\t\n\t\t\t\t\t\t\t\t<img loading=\"lazy\" decoding=\"async\" width=\"100\" height=\"100\" src=\"https:\/\/afrycom.com\/wp-content\/uploads\/2025\/01\/our-partners-member-4-opt.jpg\" class=\"wd-gallery-image image-4\" alt=\"\" \/>\n\t\t\t\t\t\t\t\t\t\t\t\t\t\t<\/div>\n\t\t\t\t\t\t\t\t\t\t\t<div class=\"wd-gallery-item wd-carousel-item\">\n\t\t\t\t\t\t\t\n\t\t\t\t\t\t\t\t<img loading=\"lazy\" decoding=\"async\" width=\"100\" height=\"100\" src=\"https:\/\/afrycom.com\/wp-content\/uploads\/2025\/01\/our-partners-member-5-opt.jpg\" class=\"wd-gallery-image image-5\" alt=\"\" \/>\n\t\t\t\t\t\t\t\t\t\t\t\t\t\t<\/div>\n\t\t\t\t\t\t\t\t\t\t\t<div class=\"wd-gallery-item wd-carousel-item\">\n\t\t\t\t\t\t\t\n\t\t\t\t\t\t\t\t<img loading=\"lazy\" decoding=\"async\" width=\"100\" height=\"100\" src=\"https:\/\/afrycom.com\/wp-content\/uploads\/2025\/01\/our-partners-member-6-opt.jpg\" class=\"wd-gallery-image image-6\" alt=\"\" \/>\n\t\t\t\t\t\t\t\t\t\t\t\t\t\t<\/div>\n\t\t\t\t\t\t\t\t\t\t\t<div class=\"wd-gallery-item wd-carousel-item\">\n\t\t\t\t\t\t\t\n\t\t\t\t\t\t\t\t<img loading=\"lazy\" decoding=\"async\" width=\"100\" height=\"100\" src=\"https:\/\/afrycom.com\/wp-content\/uploads\/2025\/01\/our-partners-member-7-opt.jpg\" class=\"wd-gallery-image image-7\" alt=\"\" \/>\n\t\t\t\t\t\t\t\t\t\t\t\t\t\t<\/div>\n\t\t\t\t\t\t\t\t\t\t\t<div class=\"wd-gallery-item wd-carousel-item\">\n\t\t\t\t\t\t\t\n\t\t\t\t\t\t\t\t<img loading=\"lazy\" decoding=\"async\" width=\"100\" height=\"100\" src=\"https:\/\/afrycom.com\/wp-content\/uploads\/2025\/01\/our-partners-member-8-opt.jpg\" class=\"wd-gallery-image image-8\" alt=\"\" \/>\n\t\t\t\t\t\t\t\t\t\t\t\t\t\t<\/div>\n\t\t\t\t\t\t\t\t\t\t\t<div class=\"wd-gallery-item wd-carousel-item\">\n\t\t\t\t\t\t\t\n\t\t\t\t\t\t\t\t<img loading=\"lazy\" decoding=\"async\" width=\"100\" height=\"100\" src=\"https:\/\/afrycom.com\/wp-content\/uploads\/2025\/01\/our-partners-member-9-opt.jpg\" class=\"wd-gallery-image image-9\" alt=\"\" \/>\n\t\t\t\t\t\t\t\t\t\t\t\t\t\t<\/div>\n\t\t\t\t\t\t\t\t\t\t\t<div class=\"wd-gallery-item wd-carousel-item\">\n\t\t\t\t\t\t\t\n\t\t\t\t\t\t\t\t<img loading=\"lazy\" decoding=\"async\" width=\"100\" height=\"100\" src=\"https:\/\/afrycom.com\/wp-content\/uploads\/2025\/01\/our-partners-member-10-opt.jpg\" class=\"wd-gallery-image image-10\" alt=\"\" \/>\n\t\t\t\t\t\t\t\t\t\t\t\t\t\t<\/div>\n\t\t\t\t\t\t\t\t\t\n\t\t\t\t\t\t\t\t\t<\/div>\n\t\t\t\t\t\t\t<\/div>\n\n\t\t\t\t\t\t\t\t\t\t\t\t\t\t<div class=\"wd-nav-arrows wd-pos-sep wd-hover-1 wd-icon-1\">\n\t\t\t<div class=\"wd-btn-arrow wd-prev wd-disabled\">\n\t\t\t\t<div class=\"wd-arrow-inner\"><\/div>\n\t\t\t<\/div>\n\t\t\t<div class=\"wd-btn-arrow wd-next\">\n\t\t\t\t<div class=\"wd-arrow-inner\"><\/div>\n\t\t\t<\/div>\n\t\t<\/div>\n\t\t\t\t\t\t\n\t\t\t\t<\/div>\n\n\t\t\t\t\t\t\t\t\t\t\t\t\t<\/div>\n\t\t<div class=\"vc_row wpb_row vc_inner vc_row-fluid vc_custom_1736435984417 vc_column-gap-30 vc_row-o-equal-height vc_row-flex wd-rs-677fe90da6ed0\"><div class=\"wpb_column vc_column_container vc_col-sm-6 vc_col-has-fill wd-rs-677fbd29a969f\"><div class=\"vc_column-inner vc_custom_1736424753874\"><div class=\"wpb_wrapper\">\n\t\t<div id=\"wd-677fe7d396a65\" class=\"title-wrapper wd-wpb wd-set-mb reset-last-child  wd-rs-677fe7d396a65 wd-title-color-default wd-title-style-default text-left vc_custom_1736435678719 wd-underline-colored\">\n\t\t\t\n\t\t\t<div class=\"liner-continer\">\n\t\t\t\t<h4 class=\"woodmart-title-container title  wd-font-weight- wd-fontsize-l\" >Livraison par Woodmart !<\/h4>\n\t\t\t\t\t\t\t<\/div>\n\t\t\t\n\t\t\t\n\t\t\t\n\t\t<\/div>\n\t\t\n\t\t\t\t<div id=\"wd-677fe83780212\" class=\"wd-text-block wd-wpb reset-last-child wd-rs-677fe83780212 text-left vc_custom_1736435772031\">\n\t\t\t<p>Il s'agit d'une v\u00e9ritable avanc\u00e9e pour les entrepreneurs qui souhaitent d\u00e9velopper leur activit\u00e9 en toute simplicit\u00e9. Votre entreprise fonctionne et vous vous concentrez sur ce qui compte le plus.<\/p>\n\t\t<\/div>\n\t\t<div id=\"wd-677fe7ee5c3e3\" class=\"wd-rs-677fe7ee5c3e3  wd-button-wrapper text-left\"><a href=\"#\" title=\"\" class=\"btn btn-color-black btn-style-default btn-shape-round btn-size-default\">Voir plus<\/a><\/div><\/div><\/div><\/div><div class=\"wpb_column vc_column_container vc_col-sm-6 vc_col-has-fill wd-rs-677fbcc2060ac\"><div class=\"vc_column-inner vc_custom_1736424651593\"><div class=\"wpb_wrapper\">\n\t\t<div id=\"wd-677fe810d1631\" class=\"title-wrapper wd-wpb wd-set-mb reset-last-child  wd-rs-677fe810d1631 wd-title-color-default wd-title-style-default text-left vc_custom_1736435732191 wd-underline-colored\">\n\t\t\t\n\t\t\t<div class=\"liner-continer\">\n\t\t\t\t<h4 class=\"woodmart-title-container title  wd-font-weight- wd-fontsize-l\" >Voulez-vous devenir notre vendeur ?<\/h4>\n\t\t\t\t\t\t\t<\/div>\n\t\t\t\n\t\t\t\n\t\t\t\n\t\t<\/div>\n\t\t\n\t\t\t\t<div id=\"wd-677fe83dab90a\" class=\"wd-text-block wd-wpb reset-last-child wd-rs-677fe83dab90a text-left vc_custom_1736435778614\">\n\t\t\t<p>Nous sommes toujours \u00e0 la recherche de personnes int\u00e9ressantes avec des id\u00e9es int\u00e9ressantes ! Nous accordons de l'importance \u00e0 une hi\u00e9rarchie horizontale, \u00e0 une communication claire, \u00e0 l'appropriation totale et \u00e0 la responsabilit\u00e9.<\/p>\n\t\t<\/div>\n\t\t<div id=\"wd-677fe8254786e\" class=\"wd-rs-677fe8254786e  wd-button-wrapper text-left\"><a href=\"#\" title=\"\" class=\"btn btn-color-primary btn-style-default btn-shape-round btn-size-default\">Comment cela fonctionne-t-il ?<\/a><\/div><\/div><\/div><\/div><\/div>\n\t\t<div id=\"wd-677fe87fd4fdc\" class=\"title-wrapper wd-wpb wd-set-mb reset-last-child  wd-rs-677fe87fd4fdc wd-title-color-default wd-title-style-default text-left vc_custom_1736435844061 wd-underline-colored\">\n\t\t\t\n\t\t\t<div class=\"liner-continer\">\n\t\t\t\t<h4 class=\"woodmart-title-container title  wd-font-weight- wd-fontsize-l\" >Nos partenaires<\/h4>\n\t\t\t\t\t\t\t<\/div>\n\t\t\t\n\t\t\t\t\t\t\t<div class=\"title-after_title reset-last-child  wd-fontsize-xs\">Dans notre \u00e9cosyst\u00e8me florissant de commerce \u00e9lectronique, les partenaires jouent un r\u00f4le essentiel. Collaborer de mani\u00e8re transparente avec des partenaires de confiance nous permet d'\u00e9largir notre offre de produits et d'am\u00e9liorer l'exp\u00e9rience d'achat globale de nos clients. Ensemble, nous cr\u00e9ons des synergies qui favorisent l'innovation, l'efficacit\u00e9 et la satisfaction des clients. Notre engagement en faveur de partenariats solides garantit un march\u00e9 diversifi\u00e9 et dynamique, offrant aux clients un large \u00e9ventail de choix et d'opportunit\u00e9s.<\/div>\n\t\t\t\n\t\t\t\n\t\t<\/div>\n\t\t\n\t\t\n\t\t<div id=\"brands_9443\" class=\"wd-brands brands-widget slider-brands_9443 wd-rs-677fe8de46704 wd-layout-grid wd-hover-simple wd-style-default wd-with-bg text-center\">\n\t\t\t\n\t\t\t\n\t\t\t<div class=\"wd-grid-g\"  style=\"--wd-col-lg:6;--wd-col-md:4;--wd-col-sm:2;--wd-gap-lg:20px;--wd-gap-sm:10px;\">\n\t\t\t\t\n\t\t\t\t\t\t\t\t\t\t\t\t\t\t\t\n\t\t\t\t\t\t<div class=\"wd-col\">\n\t\t\t\t\t\t\t<div class=\"wd-brand-item brand-item\">\n\t\t\t\t\t\t\t\t\t\t\t\t\t\t\t\t\t\t\t\t\t\t\t\t\t\t\t<a href=\"https:\/\/afrycom.com\/fr\/marque\/xiaomi\/\" title=\"Xiaomi\">\n\t\t\t\t\t\t\t\t\t\n\t\t\t\t\t\t\t\t\tXiaomi\n\t\t\t\t\t\t\t\t\t\t\t\t\t\t\t\t\t\t\t<\/a>\n\t\t\t\t\t\t\t\t\t\t\t\t\t\t\t\t\t\t\t\t\t\t\t\t<\/div>\n\t\t\t\t\t\t<\/div>\n\t\t\t\t\t\t\t\t\t\t\t\n\t\t\t\t\t\t<div class=\"wd-col\">\n\t\t\t\t\t\t\t<div class=\"wd-brand-item brand-item\">\n\t\t\t\t\t\t\t\t\t\t\t\t\t\t\t\t\t\t\t\t\t\t\t\t\t\t\t<a href=\"https:\/\/afrycom.com\/fr\/marque\/viewsonic\/\" title=\"Viewsonic\" class=\"wd-fill\"><\/a>\n\t\t\t\t\t\t\t\t\t\n\t\t\t\t\t\t\t\t\t<img loading=\"lazy\" decoding=\"async\" width=\"200\" height=\"100\" src=\"https:\/\/afrycom.com\/wp-content\/uploads\/2025\/01\/wd-em-brand-viewsonic.jpg\" class=\"attachment-full size-full\" alt=\"\" srcset=\"https:\/\/afrycom.com\/wp-content\/uploads\/2025\/01\/wd-em-brand-viewsonic.jpg 200w, https:\/\/afrycom.com\/wp-content\/uploads\/2025\/01\/wd-em-brand-viewsonic-150x75.jpg 150w\" sizes=\"auto, (max-width: 200px) 100vw, 200px\" \/>\t\t\t\t\t\t\t\t\t\t\t\t\t\t\t<\/div>\n\t\t\t\t\t\t<\/div>\n\t\t\t\t\t\t\t\t\t\t\t\n\t\t\t\t\t\t<div class=\"wd-col\">\n\t\t\t\t\t\t\t<div class=\"wd-brand-item brand-item\">\n\t\t\t\t\t\t\t\t\t\t\t\t\t\t\t\t\t\t\t\t\t\t\t\t\t\t\t<a href=\"https:\/\/afrycom.com\/fr\/marque\/transcend\/\" title=\"Transcend\" class=\"wd-fill\"><\/a>\n\t\t\t\t\t\t\t\t\t\n\t\t\t\t\t\t\t\t\t<img loading=\"lazy\" decoding=\"async\" width=\"200\" height=\"100\" src=\"https:\/\/afrycom.com\/wp-content\/uploads\/2025\/01\/wd-em-brand-transcend.jpg\" class=\"attachment-full size-full\" alt=\"\" srcset=\"https:\/\/afrycom.com\/wp-content\/uploads\/2025\/01\/wd-em-brand-transcend.jpg 200w, https:\/\/afrycom.com\/wp-content\/uploads\/2025\/01\/wd-em-brand-transcend-150x75.jpg 150w\" sizes=\"auto, (max-width: 200px) 100vw, 200px\" \/>\t\t\t\t\t\t\t\t\t\t\t\t\t\t\t<\/div>\n\t\t\t\t\t\t<\/div>\n\t\t\t\t\t\t\t\t\t\t\t\n\t\t\t\t\t\t<div class=\"wd-col\">\n\t\t\t\t\t\t\t<div class=\"wd-brand-item brand-item\">\n\t\t\t\t\t\t\t\t\t\t\t\t\t\t\t\t\t\t\t\t\t\t\t\t\t\t\t<a href=\"https:\/\/afrycom.com\/fr\/marque\/samsung\/\" title=\"Samsung\" class=\"wd-fill\"><\/a>\n\t\t\t\t\t\t\t\t\t\n\t\t\t\t\t\t\t\t\t<img loading=\"lazy\" decoding=\"async\" width=\"200\" height=\"100\" src=\"https:\/\/afrycom.com\/wp-content\/uploads\/2025\/01\/wd-em-brand-samsung.jpg\" class=\"attachment-full size-full\" alt=\"\" srcset=\"https:\/\/afrycom.com\/wp-content\/uploads\/2025\/01\/wd-em-brand-samsung.jpg 200w, https:\/\/afrycom.com\/wp-content\/uploads\/2025\/01\/wd-em-brand-samsung-150x75.jpg 150w\" sizes=\"auto, (max-width: 200px) 100vw, 200px\" \/>\t\t\t\t\t\t\t\t\t\t\t\t\t\t\t<\/div>\n\t\t\t\t\t\t<\/div>\n\t\t\t\t\t\t\t\t\t\t\t\n\t\t\t\t\t\t<div class=\"wd-col\">\n\t\t\t\t\t\t\t<div class=\"wd-brand-item brand-item\">\n\t\t\t\t\t\t\t\t\t\t\t\t\t\t\t\t\t\t\t\t\t\t\t\t\t\t\t<a href=\"https:\/\/afrycom.com\/fr\/marque\/philips\/\" title=\"Philips\" class=\"wd-fill\"><\/a>\n\t\t\t\t\t\t\t\t\t\n\t\t\t\t\t\t\t\t\t<img loading=\"lazy\" decoding=\"async\" width=\"200\" height=\"100\" src=\"https:\/\/afrycom.com\/wp-content\/uploads\/2025\/01\/wd-em-brand-philips.jpg\" class=\"attachment-full size-full\" alt=\"\" srcset=\"https:\/\/afrycom.com\/wp-content\/uploads\/2025\/01\/wd-em-brand-philips.jpg 200w, https:\/\/afrycom.com\/wp-content\/uploads\/2025\/01\/wd-em-brand-philips-150x75.jpg 150w\" sizes=\"auto, (max-width: 200px) 100vw, 200px\" \/>\t\t\t\t\t\t\t\t\t\t\t\t\t\t\t<\/div>\n\t\t\t\t\t\t<\/div>\n\t\t\t\t\t\t\t\t\t\t\t\n\t\t\t\t\t\t<div class=\"wd-col\">\n\t\t\t\t\t\t\t<div class=\"wd-brand-item brand-item\">\n\t\t\t\t\t\t\t\t\t\t\t\t\t\t\t\t\t\t\t\t\t\t\t\t\t\t\t<a href=\"https:\/\/afrycom.com\/fr\/marque\/lg\/\" title=\"LG\" class=\"wd-fill\"><\/a>\n\t\t\t\t\t\t\t\t\t\n\t\t\t\t\t\t\t\t\t<img loading=\"lazy\" decoding=\"async\" width=\"200\" height=\"100\" src=\"https:\/\/afrycom.com\/wp-content\/uploads\/2025\/01\/wd-em-brand-lg.jpg\" class=\"attachment-full size-full\" alt=\"\" srcset=\"https:\/\/afrycom.com\/wp-content\/uploads\/2025\/01\/wd-em-brand-lg.jpg 200w, https:\/\/afrycom.com\/wp-content\/uploads\/2025\/01\/wd-em-brand-lg-150x75.jpg 150w\" sizes=\"auto, (max-width: 200px) 100vw, 200px\" \/>\t\t\t\t\t\t\t\t\t\t\t\t\t\t\t<\/div>\n\t\t\t\t\t\t<\/div>\n\t\t\t\t\t\t\t\t\t\t\t\n\t\t\t\t\t\t<div class=\"wd-col\">\n\t\t\t\t\t\t\t<div class=\"wd-brand-item brand-item\">\n\t\t\t\t\t\t\t\t\t\t\t\t\t\t\t\t\t\t\t\t\t\t\t\t\t\t\t<a href=\"https:\/\/afrycom.com\/fr\/marque\/kodak\/\" title=\"Kodak\" class=\"wd-fill\"><\/a>\n\t\t\t\t\t\t\t\t\t\n\t\t\t\t\t\t\t\t\t<img loading=\"lazy\" decoding=\"async\" width=\"200\" height=\"100\" src=\"https:\/\/afrycom.com\/wp-content\/uploads\/2025\/01\/wd-em-brand-kodak.jpg\" class=\"attachment-full size-full\" alt=\"\" srcset=\"https:\/\/afrycom.com\/wp-content\/uploads\/2025\/01\/wd-em-brand-kodak.jpg 200w, https:\/\/afrycom.com\/wp-content\/uploads\/2025\/01\/wd-em-brand-kodak-150x75.jpg 150w\" sizes=\"auto, (max-width: 200px) 100vw, 200px\" \/>\t\t\t\t\t\t\t\t\t\t\t\t\t\t\t<\/div>\n\t\t\t\t\t\t<\/div>\n\t\t\t\t\t\t\t\t\t\t\t\n\t\t\t\t\t\t<div class=\"wd-col\">\n\t\t\t\t\t\t\t<div class=\"wd-brand-item brand-item\">\n\t\t\t\t\t\t\t\t\t\t\t\t\t\t\t\t\t\t\t\t\t\t\t\t\t\t\t<a href=\"https:\/\/afrycom.com\/fr\/marque\/huawei\/\" title=\"Huawei\">\n\t\t\t\t\t\t\t\t\t\n\t\t\t\t\t\t\t\t\tHuawei\n\t\t\t\t\t\t\t\t\t\t\t\t\t\t\t\t\t\t\t<\/a>\n\t\t\t\t\t\t\t\t\t\t\t\t\t\t\t\t\t\t\t\t\t\t\t\t<\/div>\n\t\t\t\t\t\t<\/div>\n\t\t\t\t\t\t\t\t\t\t\t\n\t\t\t\t\t\t<div class=\"wd-col\">\n\t\t\t\t\t\t\t<div class=\"wd-brand-item brand-item\">\n\t\t\t\t\t\t\t\t\t\t\t\t\t\t\t\t\t\t\t\t\t\t\t\t\t\t\t<a href=\"https:\/\/afrycom.com\/fr\/marque\/hp\/\" title=\"HP\" class=\"wd-fill\"><\/a>\n\t\t\t\t\t\t\t\t\t\n\t\t\t\t\t\t\t\t\t<img loading=\"lazy\" decoding=\"async\" width=\"200\" height=\"100\" src=\"https:\/\/afrycom.com\/wp-content\/uploads\/2025\/01\/wd-em-brand-hp.jpg\" class=\"attachment-full size-full\" alt=\"\" srcset=\"https:\/\/afrycom.com\/wp-content\/uploads\/2025\/01\/wd-em-brand-hp.jpg 200w, https:\/\/afrycom.com\/wp-content\/uploads\/2025\/01\/wd-em-brand-hp-150x75.jpg 150w\" sizes=\"auto, (max-width: 200px) 100vw, 200px\" \/>\t\t\t\t\t\t\t\t\t\t\t\t\t\t\t<\/div>\n\t\t\t\t\t\t<\/div>\n\t\t\t\t\t\t\t\t\t\t\t\n\t\t\t\t\t\t<div class=\"wd-col\">\n\t\t\t\t\t\t\t<div class=\"wd-brand-item brand-item\">\n\t\t\t\t\t\t\t\t\t\t\t\t\t\t\t\t\t\t\t\t\t\t\t\t\t\t\t<a href=\"https:\/\/afrycom.com\/fr\/marque\/haier\/\" title=\"HAIER\">\n\t\t\t\t\t\t\t\t\t\n\t\t\t\t\t\t\t\t\tHAIER\n\t\t\t\t\t\t\t\t\t\t\t\t\t\t\t\t\t\t\t<\/a>\n\t\t\t\t\t\t\t\t\t\t\t\t\t\t\t\t\t\t\t\t\t\t\t\t<\/div>\n\t\t\t\t\t\t<\/div>\n\t\t\t\t\t\t\t\t\t\t\t\n\t\t\t\t\t\t<div class=\"wd-col\">\n\t\t\t\t\t\t\t<div class=\"wd-brand-item brand-item\">\n\t\t\t\t\t\t\t\t\t\t\t\t\t\t\t\t\t\t\t\t\t\t\t\t\t\t\t<a href=\"https:\/\/afrycom.com\/fr\/marque\/gigabyte\/\" title=\"Gigabyte\" class=\"wd-fill\"><\/a>\n\t\t\t\t\t\t\t\t\t\n\t\t\t\t\t\t\t\t\t<img loading=\"lazy\" decoding=\"async\" width=\"200\" height=\"100\" src=\"https:\/\/afrycom.com\/wp-content\/uploads\/2025\/01\/wd-em-brand-gigabyte.jpg\" class=\"attachment-full size-full\" alt=\"\" srcset=\"https:\/\/afrycom.com\/wp-content\/uploads\/2025\/01\/wd-em-brand-gigabyte.jpg 200w, https:\/\/afrycom.com\/wp-content\/uploads\/2025\/01\/wd-em-brand-gigabyte-150x75.jpg 150w\" sizes=\"auto, (max-width: 200px) 100vw, 200px\" \/>\t\t\t\t\t\t\t\t\t\t\t\t\t\t\t<\/div>\n\t\t\t\t\t\t<\/div>\n\t\t\t\t\t\t\t\t\t\t\t\n\t\t\t\t\t\t<div class=\"wd-col\">\n\t\t\t\t\t\t\t<div class=\"wd-brand-item brand-item\">\n\t\t\t\t\t\t\t\t\t\t\t\t\t\t\t\t\t\t\t\t\t\t\t\t\t\t\t<a href=\"https:\/\/afrycom.com\/fr\/marque\/dell\/\" title=\"Dell\" class=\"wd-fill\"><\/a>\n\t\t\t\t\t\t\t\t\t\n\t\t\t\t\t\t\t\t\t<img loading=\"lazy\" decoding=\"async\" width=\"200\" height=\"100\" src=\"https:\/\/afrycom.com\/wp-content\/uploads\/2025\/01\/wd-em-brand-dell.jpg\" class=\"attachment-full size-full\" alt=\"\" srcset=\"https:\/\/afrycom.com\/wp-content\/uploads\/2025\/01\/wd-em-brand-dell.jpg 200w, https:\/\/afrycom.com\/wp-content\/uploads\/2025\/01\/wd-em-brand-dell-150x75.jpg 150w\" sizes=\"auto, (max-width: 200px) 100vw, 200px\" \/>\t\t\t\t\t\t\t\t\t\t\t\t\t\t\t<\/div>\n\t\t\t\t\t\t<\/div>\n\t\t\t\t\t\t\t\t\t\t\t\t\t\t\t\t<\/div>\n\n\t\t\t\t\t<\/div>\n\t\t<\/div><\/div><\/div><\/div>\n<\/div>","protected":false},"excerpt":{"rendered":"Track You Order About Us FAQs Our Partners Work With Us Contact Us Show sidebar Partners Are Our Value In","protected":false},"author":1,"featured_media":0,"parent":0,"menu_order":0,"comment_status":"closed","ping_status":"closed","template":"","meta":{"footnotes":""},"class_list":["post-27","page","type-page","status-publish","hentry"],"jetpack_sharing_enabled":true,"_links":{"self":[{"href":"https:\/\/afrycom.com\/fr\/wp-json\/wp\/v2\/pages\/27","targetHints":{"allow":["GET"]}}],"collection":[{"href":"https:\/\/afrycom.com\/fr\/wp-json\/wp\/v2\/pages"}],"about":[{"href":"https:\/\/afrycom.com\/fr\/wp-json\/wp\/v2\/types\/page"}],"author":[{"embeddable":true,"href":"https:\/\/afrycom.com\/fr\/wp-json\/wp\/v2\/users\/1"}],"replies":[{"embeddable":true,"href":"https:\/\/afrycom.com\/fr\/wp-json\/wp\/v2\/comments?post=27"}],"version-history":[{"count":1,"href":"https:\/\/afrycom.com\/fr\/wp-json\/wp\/v2\/pages\/27\/revisions"}],"predecessor-version":[{"id":1679,"href":"https:\/\/afrycom.com\/fr\/wp-json\/wp\/v2\/pages\/27\/revisions\/1679"}],"wp:attachment":[{"href":"https:\/\/afrycom.com\/fr\/wp-json\/wp\/v2\/media?parent=27"}],"curies":[{"name":"wp","href":"https:\/\/api.w.org\/{rel}","templated":true}]}}