{"id":23,"date":"2025-01-03T10:21:07","date_gmt":"2025-01-03T10:21:07","guid":{"rendered":"https:\/\/dummy.xtemos.com\/woodmart2\/marketplace2\/?page_id=23"},"modified":"2025-03-02T02:27:34","modified_gmt":"2025-03-02T02:27:34","slug":"contact-us","status":"publish","type":"page","link":"https:\/\/afrycom.com\/fr\/contact-us\/","title":{"rendered":"Nous contacter"},"content":{"rendered":"<div class=\"wpb-content-wrapper\"><div class=\"vc_row wpb_row vc_row-fluid vc_custom_1736425894490 wd-rs-677fc1a227371\"><div class=\"wpb_column vc_column_container vc_col-sm-1\/5 wd-col-offcanvas-md-sm wd-col-offcanvas-sm wd-alignment-left wd-rs-677fbf1a9b1e5\"><div class=\"vc_column-inner\"><div class=\"wpb_wrapper\">\n\t\t\t<div id=\"wd-677fbd9950b78\" class=\"wd-menu widget_nav_mega_menu wd-rs-677fbd9950b78 vc_custom_1736424890928\">\n\n\t\t\t\t\n\t\t\t\t<ul id=\"menu-sidebar-menu-marketplace-2\" class=\"menu wd-nav wd-nav-vertical wd-design-simple wd-gap-l\"><li id=\"menu-item-1665\" class=\"menu-item menu-item-type-post_type menu-item-object-page menu-item-1665 item-level-0 menu-simple-dropdown wd-event-hover\" ><a href=\"https:\/\/afrycom.com\/fr\/track-you-order\/\" class=\"woodmart-nav-link\"><span class=\"nav-link-text\">Suivez votre commande<\/span><\/a><\/li>\n<li id=\"menu-item-1668\" class=\"menu-item menu-item-type-post_type menu-item-object-page menu-item-1668 item-level-0 menu-simple-dropdown wd-event-hover\" ><a href=\"https:\/\/afrycom.com\/fr\/about-us\/\" class=\"woodmart-nav-link\"><span class=\"nav-link-text\">\u00c0 propos de nous<\/span><\/a><\/li>\n<li id=\"menu-item-1667\" class=\"menu-item menu-item-type-post_type menu-item-object-page menu-item-1667 item-level-0 menu-simple-dropdown wd-event-hover\" ><a href=\"https:\/\/afrycom.com\/fr\/faqs\/\" class=\"woodmart-nav-link\"><span class=\"nav-link-text\">FAQ<\/span><\/a><\/li>\n<li id=\"menu-item-1666\" class=\"menu-item menu-item-type-post_type menu-item-object-page menu-item-1666 item-level-0 menu-simple-dropdown wd-event-hover\" ><a href=\"https:\/\/afrycom.com\/fr\/our-partners\/\" class=\"woodmart-nav-link\"><span class=\"nav-link-text\">Nos partenaires<\/span><\/a><\/li>\n<li id=\"menu-item-1672\" class=\"menu-item menu-item-type-post_type menu-item-object-page menu-item-1672 item-level-0 menu-simple-dropdown wd-event-hover\" ><a href=\"https:\/\/afrycom.com\/fr\/work-with-us\/\" class=\"woodmart-nav-link\"><span class=\"nav-link-text\">Travailler avec nous<\/span><\/a><\/li>\n<li id=\"menu-item-1673\" class=\"menu-item menu-item-type-post_type menu-item-object-page menu-item-1673 item-level-0 menu-simple-dropdown wd-event-hover\" ><a href=\"https:\/\/afrycom.com\/fr\/contact-us\/\" class=\"woodmart-nav-link\"><span class=\"nav-link-text\">Nous contacter<\/span><\/a><\/li>\n<\/ul>\n\t\t\t\t\t\t\t<\/div>\n\t\t<\/div><\/div><\/div><div class=\"wpb_column vc_column_container vc_col-sm-12 vc_col-lg-4\/5 wd-col-content-md-sm wd-col-content-sm wd-alignment-left wd-rs-677fbeeb62299\"><div class=\"vc_column-inner\"><div class=\"wpb_wrapper\">\n\t\t<div class=\"wd-wpb wd-rs-678e6128711cf hidden-lg wd-action-hide-btn\">\n\t\t\t<div class=\"wd-off-canvas-btn wd-action-btn wd-style-text wd-burger-icon\">\n\t\t\t\t<a href=\"#\" rel=\"nofollow\">\n\t\t\t\t\t\t\t\t\t\tAfficher la barre lat\u00e9rale\t\t\t\t<\/a>\n\t\t\t<\/div>\n\t\t\t\t\t\t\t\t\t\t\t\t\t\t\t<div class=\"wd-sidebar-opener wd-show-on-scroll wd-action-btn wd-style-icon wd-burger-icon\">\n\t\t\t\t\t<a href=\"#\" rel=\"nofollow\">\n\t\t\t\t\t\t\t\t\t\t\t<\/a>\n\t\t\t\t<\/div>\n\t\t\t\t\t<\/div>\n\n\t\t\t\t<div class=\"wd-osm-map-container wd-map-container wd-rs-67812e58a70f8 map-container-with-content vc_custom_1736519265907\">\n\t\t\t<div id=\"wd-rs-67812e58a70f8\" class=\"wd-osm-map-wrapper wd-map-wrapper\" data-settings=\"{&quot;zoom&quot;:&quot;10&quot;,&quot;iconUrl&quot;:&quot;https:\\\/\\\/afrycom.com\\\/wp-content\\\/themes\\\/woodmart\\\/images\\\/icons\\\/marker-icon.png&quot;,&quot;scrollWheelZoom&quot;:&quot;no&quot;,&quot;zoomControl&quot;:&quot;yes&quot;,&quot;dragging&quot;:&quot;yes&quot;,&quot;geoapify_tile&quot;:&quot;osm-carto&quot;,&quot;markers&quot;:[{&quot;marker&quot;:{&quot;marker_behavior&quot;:&quot;popup&quot;,&quot;show_button&quot;:&quot;no&quot;,&quot;button_url_target&quot;:&quot;_blank&quot;,&quot;image_size&quot;:[],&quot;image&quot;:&quot;&quot;},&quot;lat&quot;:&quot;51.50735&quot;,&quot;lng&quot;:&quot;-0.12776&quot;}],&quot;center&quot;:&quot;51.50735,-0.12776&quot;,&quot;init_type&quot;:&quot;page_load&quot;,&quot;init_offset&quot;:&quot;100&quot;}\"><\/div>\n\n\t\t\t\n\t\t\t\n\t\t\t\t\t\t\t<div class=\"wd-osm-map-content-wrap wd-map-content-wrap wd-items-middle wd-justify-left wd-fill\">\n\t\t\t\t\t<div class=\"wd-osm-map-content wd-map-content reset-last-child\" style=\"max-width: 400px;\">\n\t\t\t\t\t\t<div class=\"vc_row wpb_row vc_inner vc_row-fluid wd-rs-677ff1e74a15b\"><div class=\"wpb_column vc_column_container vc_col-sm-12 wd-rs-677ff1bc6c8a4\"><div class=\"vc_column-inner vc_custom_1736438209829\"><div class=\"wpb_wrapper\">\n\t\t<div id=\"wd-677feffe64299\" class=\"title-wrapper wd-wpb wd-set-mb reset-last-child  wd-rs-677feffe64299 wd-title-color-default wd-title-style-default text-left vc_custom_1736437773184 wd-underline-colored\">\n\t\t\t\n\t\t\t<div class=\"liner-continer\">\n\t\t\t\t<h4 class=\"woodmart-title-container title  wd-font-weight- wd-fontsize-l\" >Besoin d'aide ?<\/h4>\n\t\t\t\t\t\t\t<\/div>\n\t\t\t\n\t\t\t\n\t\t\t\n\t\t<\/div>\n\t\t\n\t\t\n\t\t<ul class=\"wd-rs-677ff229a9598 wd-list wd-wpb color-scheme-custom wd-fontsize-xs wd-type-icon wd-style-default text-left vc_custom_1736438331439\" id=\"wd-677ff229a9598\">\n\t\t\t\t\t\t\t\t\t\t\t<li>\n\t\t\t\t\t<span class=\"wd-icon list-icon far fa-bell\"><img decoding=\"async\"  src=\"https:\/\/afrycom.com\/wp-content\/uploads\/2025\/01\/mcp-phone.svg\" title=\"mcp-phone\" loading=\"lazy\" width=\"32\" height=\"32\"><\/span>\n\t\t\t\t\t<span class=\"wd-list-content list-content\">(208) 555-0112<\/span>\n\t\t\t\t\t\t\t\t\t\t\t<a class=\"wd-fill\" href=\"#\" title=\"\" aria-label=\"List link\"><\/a>\n\t\t\t\t\t\t\t\t\t<\/li>\n\t\t\t\t\t\t\t\t\t\t\t<li>\n\t\t\t\t\t<span class=\"wd-icon list-icon far fa-bell\"><img decoding=\"async\"  src=\"https:\/\/afrycom.com\/wp-content\/uploads\/2025\/01\/messenger.svg\" title=\"messager\" loading=\"lazy\" width=\"32\" height=\"32\"><\/span>\n\t\t\t\t\t<span class=\"wd-list-content list-content\">Messager<\/span>\n\t\t\t\t\t\t\t\t\t\t\t<a class=\"wd-fill\" href=\"#\" title=\"\" aria-label=\"List link\"><\/a>\n\t\t\t\t\t\t\t\t\t<\/li>\n\t\t\t\t\t\t\t\t\t\t\t<li>\n\t\t\t\t\t<span class=\"wd-icon list-icon far fa-bell\"><img decoding=\"async\"  src=\"https:\/\/afrycom.com\/wp-content\/uploads\/2025\/01\/telegram.svg\" title=\"t\u00e9l\u00e9gramme\" loading=\"lazy\" width=\"32\" height=\"32\"><\/span>\n\t\t\t\t\t<span class=\"wd-list-content list-content\">T\u00e9l\u00e9gramme<\/span>\n\t\t\t\t\t\t\t\t\t\t\t<a class=\"wd-fill\" href=\"#\" title=\"\" aria-label=\"List link\"><\/a>\n\t\t\t\t\t\t\t\t\t<\/li>\n\t\t\t\t\t\t\t\t\t\t\t<li>\n\t\t\t\t\t<span class=\"wd-icon list-icon far fa-bell\"><img decoding=\"async\"  src=\"https:\/\/afrycom.com\/wp-content\/uploads\/2025\/01\/email.svg\" title=\"courriel\" loading=\"lazy\" width=\"32\" height=\"32\"><\/span>\n\t\t\t\t\t<span class=\"wd-list-content list-content\">woodmart@mail.com<\/span>\n\t\t\t\t\t\t\t\t\t\t\t<a class=\"wd-fill\" href=\"#\" title=\"\" aria-label=\"List link\"><\/a>\n\t\t\t\t\t\t\t\t\t<\/li>\n\t\t\t\t\t<\/ul>\n\t\t\t\t\t<div id=\"\" class=\"wd-rs-677ff2a6289c7 wd-social-icons  wd-style-colored wd-size-small social-share wd-shape-circle color-scheme-dark text-left\">\n\t\t\t\t\n\t\t\t\t\t\t\t\t\t<span class=\"wd-label\">S'abonner<\/span>\n\t\t\t\t\n\t\t\t\t\t\t\t\t\t<a rel=\"noopener noreferrer nofollow\" href=\"https:\/\/www.facebook.com\/sharer\/sharer.php?u=https:\/\/afrycom.com\/fr\/contact-us\/\" target=\"_blank\" class=\"wd-social-icon social-facebook\" aria-label=\"Facebook social link\">\n\t\t\t\t\t\t<span class=\"wd-icon\"><\/span>\n\t\t\t\t\t\t\t\t\t\t\t<\/a>\n\t\t\t\t\n\t\t\t\t\t\t\t\t\t<a rel=\"noopener noreferrer nofollow\" href=\"https:\/\/x.com\/share?url=https:\/\/afrycom.com\/fr\/contact-us\/\" target=\"_blank\" class=\"wd-social-icon social-twitter\" aria-label=\"X social link\">\n\t\t\t\t\t\t<span class=\"wd-icon\"><\/span>\n\t\t\t\t\t\t\t\t\t\t\t<\/a>\n\t\t\t\t\n\t\t\t\t\n\t\t\t\t\n\t\t\t\t\n\t\t\t\t\n\t\t\t\t\n\t\t\t\t\t\t\t\t\t<a rel=\"noopener noreferrer nofollow\" href=\"https:\/\/pinterest.com\/pin\/create\/button\/?url=https:\/\/afrycom.com\/fr\/contact-us\/&media=https:\/\/afrycom.com\/wp-includes\/images\/media\/default.svg&description=Contact+Us\" target=\"_blank\" class=\"wd-social-icon social-pinterest\" aria-label=\"Pinterest social link\">\n\t\t\t\t\t\t<span class=\"wd-icon\"><\/span>\n\t\t\t\t\t\t\t\t\t\t\t<\/a>\n\t\t\t\t\n\t\t\t\t\n\t\t\t\t\t\t\t\t\t<a rel=\"noopener noreferrer nofollow\" href=\"https:\/\/www.linkedin.com\/shareArticle?mini=true&url=https:\/\/afrycom.com\/fr\/contact-us\/\" target=\"_blank\" class=\"wd-social-icon social-linkedin\" aria-label=\"Linkedin social link\">\n\t\t\t\t\t\t<span class=\"wd-icon\"><\/span>\n\t\t\t\t\t\t\t\t\t\t\t<\/a>\n\t\t\t\t\n\t\t\t\t\n\t\t\t\t\n\t\t\t\t\n\t\t\t\t\n\t\t\t\t\n\t\t\t\t\n\t\t\t\t\n\t\t\t\t\n\t\t\t\t\n\t\t\t\t\n\t\t\t\t\n\t\t\t\t\n\t\t\t\t\n\t\t\t\t\n\t\t\t\t\n\t\t\t\t\t\t\t\t\t<a rel=\"noopener noreferrer nofollow\" href=\"https:\/\/telegram.me\/share\/url?url=https:\/\/afrycom.com\/fr\/contact-us\/\" target=\"_blank\" class=\"wd-social-icon social-tg\" aria-label=\"Telegram social link\">\n\t\t\t\t\t\t<span class=\"wd-icon\"><\/span>\n\t\t\t\t\t\t\t\t\t\t\t<\/a>\n\t\t\t\t\n\t\t\t\t\n\t\t\t<\/div>\n\n\t\t<\/div><\/div><\/div><\/div>\t\t\t\t\t<\/div>\n\t\t\t\t<\/div>\n\t\t\t\t\t<\/div>\n\t\t\n\t\t<div id=\"wd-677feebc7d311\" class=\"title-wrapper wd-wpb wd-set-mb reset-last-child  wd-rs-677feebc7d311 wd-title-color-default wd-title-style-default text-left vc_custom_1736437446916 wd-underline-colored\">\n\t\t\t\n\t\t\t<div class=\"liner-continer\">\n\t\t\t\t<h4 class=\"woodmart-title-container title  wd-font-weight- wd-fontsize-l\" >Contactez-nous pour toute question<\/h4>\n\t\t\t\t\t\t\t<\/div>\n\t\t\t\n\t\t\t\n\t\t\t\n\t\t<\/div>\n\t\t\n\t\t\t\t\t\t\t<div class=\"wd-cf7 wd-wpb wd-rs-6787beb495441\">\n\t\t\t\t\n<div class=\"wpcf7 no-js\" id=\"wpcf7-f1558-o1\" lang=\"en-US\" dir=\"ltr\" data-wpcf7-id=\"1558\">\n<div class=\"screen-reader-response\"><p role=\"status\" aria-live=\"polite\" aria-atomic=\"true\"><\/p> <ul><\/ul><\/div>\n<form action=\"\/fr\/wp-json\/wp\/v2\/pages\/23#wpcf7-f1558-o1\" method=\"post\" class=\"wpcf7-form init\" aria-label=\"Contact form\" novalidate=\"novalidate\" data-status=\"init\" data-trp-original-action=\"\/fr\/wp-json\/wp\/v2\/pages\/23#wpcf7-f1558-o1\">\n<div style=\"display: none;\">\n<input type=\"hidden\" name=\"_wpcf7\" value=\"1558\" \/>\n<input type=\"hidden\" name=\"_wpcf7_version\" value=\"6.0.6\" \/>\n<input type=\"hidden\" name=\"_wpcf7_locale\" value=\"en_US\" \/>\n<input type=\"hidden\" name=\"_wpcf7_unit_tag\" value=\"wpcf7-f1558-o1\" \/>\n<input type=\"hidden\" name=\"_wpcf7_container_post\" value=\"0\" \/>\n<input type=\"hidden\" name=\"_wpcf7_posted_data_hash\" value=\"\" \/>\n<\/div>\n<div class=\"wd-grid-g\">\n\t<div class=\"wd-grid-f-stretch\">\n\t\t<p class=\"wd-col\"><label>Pr\u00e9nom<\/label><span class=\"wpcf7-form-control-wrap\" data-name=\"First\"><input size=\"40\" maxlength=\"400\" class=\"wpcf7-form-control wpcf7-text wpcf7-validates-as-required\" aria-required=\"true\" aria-invalid=\"false\" value=\"\" type=\"text\" name=\"First\" \/><\/span>\n\t\t<\/p>\n\t\t<p class=\"wd-col\"><label>Nom de famille<\/label><span class=\"wpcf7-form-control-wrap\" data-name=\"Last\"><input size=\"40\" maxlength=\"400\" class=\"wpcf7-form-control wpcf7-text wpcf7-validates-as-required\" aria-required=\"true\" aria-invalid=\"false\" value=\"\" type=\"text\" name=\"Last\" \/><\/span>\n\t\t<\/p>\n\t<\/div>\n\t<div class=\"wd-grid-f-stretch\">\n\t\t<p class=\"wd-col\"><label>Num\u00e9ro de t\u00e9l\u00e9phone<\/label><span class=\"wpcf7-form-control-wrap\" data-name=\"Phone\"><input size=\"40\" maxlength=\"400\" class=\"wpcf7-form-control wpcf7-text wpcf7-validates-as-required\" aria-required=\"true\" aria-invalid=\"false\" value=\"\" type=\"text\" name=\"Phone\" \/><\/span>\n\t\t<\/p>\n\t\t<p class=\"wd-col\"><label>Courriel<\/label><span class=\"wpcf7-form-control-wrap\" data-name=\"Email\"><input size=\"40\" maxlength=\"400\" class=\"wpcf7-form-control wpcf7-text wpcf7-validates-as-required\" aria-required=\"true\" aria-invalid=\"false\" value=\"\" type=\"text\" name=\"Email\" \/><\/span>\n\t\t<\/p>\n\t<\/div>\n\t<p class=\"wd-col\"><label>Votre message<\/label><span class=\"wpcf7-form-control-wrap\" data-name=\"your-message\"><textarea cols=\"40\" rows=\"10\" maxlength=\"2000\" class=\"wpcf7-form-control wpcf7-textarea\" aria-invalid=\"false\" name=\"your-message\"><\/textarea><\/span>\n\t<\/p>\n\t<p class=\"wd-col\"><input class=\"wpcf7-form-control wpcf7-submit has-spinner btn btn-color-primary\" type=\"submit\" value=\"Envoyer un message\" \/>\n\t<\/p>\n<\/div><div class=\"wpcf7-response-output\" aria-hidden=\"true\"><\/div>\n<input type=\"hidden\" name=\"trp-form-language\" value=\"fr\"\/><\/form>\n<\/div>\n\t\t\t<\/div>\n\t\t\t\t<\/div><\/div><\/div><\/div>\n<\/div>","protected":false},"excerpt":{"rendered":"Track You Order About Us FAQs Our Partners Work With Us Contact Us Show sidebar Need a Help? (208) 555-0112","protected":false},"author":1,"featured_media":0,"parent":0,"menu_order":0,"comment_status":"closed","ping_status":"closed","template":"","meta":{"footnotes":""},"class_list":["post-23","page","type-page","status-publish","hentry"],"jetpack_sharing_enabled":true,"_links":{"self":[{"href":"https:\/\/afrycom.com\/fr\/wp-json\/wp\/v2\/pages\/23","targetHints":{"allow":["GET"]}}],"collection":[{"href":"https:\/\/afrycom.com\/fr\/wp-json\/wp\/v2\/pages"}],"about":[{"href":"https:\/\/afrycom.com\/fr\/wp-json\/wp\/v2\/types\/page"}],"author":[{"embeddable":true,"href":"https:\/\/afrycom.com\/fr\/wp-json\/wp\/v2\/users\/1"}],"replies":[{"embeddable":true,"href":"https:\/\/afrycom.com\/fr\/wp-json\/wp\/v2\/comments?post=23"}],"version-history":[{"count":1,"href":"https:\/\/afrycom.com\/fr\/wp-json\/wp\/v2\/pages\/23\/revisions"}],"predecessor-version":[{"id":1677,"href":"https:\/\/afrycom.com\/fr\/wp-json\/wp\/v2\/pages\/23\/revisions\/1677"}],"wp:attachment":[{"href":"https:\/\/afrycom.com\/fr\/wp-json\/wp\/v2\/media?parent=23"}],"curies":[{"name":"wp","href":"https:\/\/api.w.org\/{rel}","templated":true}]}}