{"id":21,"date":"2025-01-03T10:20:46","date_gmt":"2025-01-03T10:20:46","guid":{"rendered":"https:\/\/dummy.xtemos.com\/woodmart2\/marketplace2\/?page_id=21"},"modified":"2025-03-16T14:14:47","modified_gmt":"2025-03-16T14:14:47","slug":"about-us","status":"publish","type":"page","link":"https:\/\/afrycom.com\/fr\/about-us\/","title":{"rendered":"\u00c0 propos de nous"},"content":{"rendered":"<div class=\"wpb-content-wrapper\"><div class=\"vc_row wpb_row vc_row-fluid vc_custom_1736425894490 wd-rs-677fc1a227371\"><div class=\"wpb_column vc_column_container vc_col-sm-1\/5 wd-col-offcanvas-md-sm wd-col-offcanvas-sm wd-alignment-left wd-rs-677fbf1a9b1e5\"><div class=\"vc_column-inner\"><div class=\"wpb_wrapper\">\n\t\t\t<div id=\"wd-677fbd9950b78\" class=\"wd-menu widget_nav_mega_menu wd-rs-677fbd9950b78 vc_custom_1736424890928\">\n\n\t\t\t\t\n\t\t\t\t<ul id=\"menu-sidebar-menu-marketplace-2\" class=\"menu wd-nav wd-nav-vertical wd-design-simple wd-gap-l\"><li id=\"menu-item-1665\" class=\"menu-item menu-item-type-post_type menu-item-object-page menu-item-1665 item-level-0 menu-simple-dropdown wd-event-hover\" ><a href=\"https:\/\/afrycom.com\/fr\/track-you-order\/\" class=\"woodmart-nav-link\"><span class=\"nav-link-text\">Suivez votre commande<\/span><\/a><\/li>\n<li id=\"menu-item-1668\" class=\"menu-item menu-item-type-post_type menu-item-object-page menu-item-1668 item-level-0 menu-simple-dropdown wd-event-hover\" ><a href=\"https:\/\/afrycom.com\/fr\/about-us\/\" class=\"woodmart-nav-link\"><span class=\"nav-link-text\">\u00c0 propos de nous<\/span><\/a><\/li>\n<li id=\"menu-item-1667\" class=\"menu-item menu-item-type-post_type menu-item-object-page menu-item-1667 item-level-0 menu-simple-dropdown wd-event-hover\" ><a href=\"https:\/\/afrycom.com\/fr\/faqs\/\" class=\"woodmart-nav-link\"><span class=\"nav-link-text\">FAQ<\/span><\/a><\/li>\n<li id=\"menu-item-1666\" class=\"menu-item menu-item-type-post_type menu-item-object-page menu-item-1666 item-level-0 menu-simple-dropdown wd-event-hover\" ><a href=\"https:\/\/afrycom.com\/fr\/our-partners\/\" class=\"woodmart-nav-link\"><span class=\"nav-link-text\">Nos partenaires<\/span><\/a><\/li>\n<li id=\"menu-item-1672\" class=\"menu-item menu-item-type-post_type menu-item-object-page menu-item-1672 item-level-0 menu-simple-dropdown wd-event-hover\" ><a href=\"https:\/\/afrycom.com\/fr\/work-with-us\/\" class=\"woodmart-nav-link\"><span class=\"nav-link-text\">Travailler avec nous<\/span><\/a><\/li>\n<li id=\"menu-item-1673\" class=\"menu-item menu-item-type-post_type menu-item-object-page menu-item-1673 item-level-0 menu-simple-dropdown wd-event-hover\" ><a href=\"https:\/\/afrycom.com\/fr\/contact-us\/\" class=\"woodmart-nav-link\"><span class=\"nav-link-text\">Nous contacter<\/span><\/a><\/li>\n<\/ul>\n\t\t\t\t\t\t\t<\/div>\n\t\t<\/div><\/div><\/div><div class=\"wpb_column vc_column_container vc_col-sm-12 vc_col-lg-4\/5 wd-col-content-md-sm wd-col-content-sm wd-alignment-left wd-rs-677fbeeb62299\"><div class=\"vc_column-inner\"><div class=\"wpb_wrapper\">\n\t\t<div class=\"wd-wpb wd-rs-678e60e94d8ea hidden-lg wd-action-hide-btn\">\n\t\t\t<div class=\"wd-off-canvas-btn wd-action-btn wd-style-text wd-burger-icon\">\n\t\t\t\t<a href=\"#\" rel=\"nofollow\">\n\t\t\t\t\t\t\t\t\t\tAfficher la barre lat\u00e9rale\t\t\t\t<\/a>\n\t\t\t<\/div>\n\t\t\t\t\t\t\t\t\t\t\t\t\t\t\t<div class=\"wd-sidebar-opener wd-show-on-scroll wd-action-btn wd-style-icon wd-burger-icon\">\n\t\t\t\t\t<a href=\"#\" rel=\"nofollow\">\n\t\t\t\t\t\t\t\t\t\t\t<\/a>\n\t\t\t\t<\/div>\n\t\t\t\t\t<\/div>\n\n\t\t\n\t\t<div id=\"wd-67d6dc9811d7b\" class=\"title-wrapper wd-wpb wd-set-mb reset-last-child  wd-rs-67d6dc9811d7b wd-title-color-default wd-title-style-default text-left vc_custom_1742134463464 wd-underline-colored\">\n\t\t\t\n\t\t\t<div class=\"liner-continer\">\n\t\t\t\t<h4 class=\"woodmart-title-container title  wd-font-weight- wd-fontsize-l\" >March\u00e9 Afrycom<\/h4>\n\t\t\t\t\t\t\t<\/div>\n\t\t\t\n\t\t\t\t\t\t\t<div class=\"title-after_title reset-last-child  wd-fontsize-xs\">Afrycom Marketplace est une place de march\u00e9 en ligne multicanal de premier plan, sp\u00e9cialis\u00e9e dans les produits et services technologiques. Notre mission est de rendre la technologie de pointe accessible \u00e0 tous, en offrant une exp\u00e9rience d'achat transparente adapt\u00e9e aux pr\u00e9f\u00e9rences individuelles.<\/div>\n\t\t\t\n\t\t\t\n\t\t<\/div>\n\t\t\n\t\t\n\t\t<div id=\"wd-677f94410c899\" class=\"title-wrapper wd-wpb wd-set-mb reset-last-child  wd-rs-677f94410c899 wd-title-color-default wd-title-style-default text-left vc_custom_1736414286374 wd-underline-colored\">\n\t\t\t\n\t\t\t<div class=\"liner-continer\">\n\t\t\t\t<h4 class=\"woodmart-title-container title  wd-font-weight- wd-fontsize-l\" >Notre objectif est d'\u00eatre utile<\/h4>\n\t\t\t\t\t\t\t<\/div>\n\t\t\t\n\t\t\t\n\t\t\t\n\t\t<\/div>\n\t\t\n\t\t<div class=\"vc_row wpb_row vc_inner vc_row-fluid vc_custom_1736424171313 wd-rs-677fbae50b6b4\"><div class=\"wpb_column vc_column_container vc_col-sm-3\"><div class=\"vc_column-inner\"><div class=\"wpb_wrapper\">\n\t\t<div id=\"wd-677f94c48b725\" class=\"title-wrapper wd-wpb wd-set-mb reset-last-child  wd-rs-677f94c48b725 wd-title-color-default wd-title-style-default text-center vc_custom_1736414480045 wd-underline-colored\">\n\t\t\t\n\t\t\t<div class=\"liner-continer\">\n\t\t\t\t<h4 class=\"woodmart-title-container title  wd-font-weight- wd-fontsize-l\" >800+ millions<\/h4>\n\t\t\t\t\t\t\t<\/div>\n\t\t\t\n\t\t\t\t\t\t\t<div class=\"title-after_title reset-last-child  wd-fontsize-xs\">du revenu total<\/div>\n\t\t\t\n\t\t\t\n\t\t<\/div>\n\t\t\n\t\t<\/div><\/div><\/div><div class=\"wpb_column vc_column_container vc_col-sm-3\"><div class=\"vc_column-inner\"><div class=\"wpb_wrapper\">\n\t\t<div id=\"wd-677fbaa6ba76e\" class=\"title-wrapper wd-wpb wd-set-mb reset-last-child  wd-rs-677fbaa6ba76e wd-title-color-default wd-title-style-default text-center vc_custom_1736424112833 wd-underline-colored\">\n\t\t\t\n\t\t\t<div class=\"liner-continer\">\n\t\t\t\t<h4 class=\"woodmart-title-container title  wd-font-weight- wd-fontsize-l\" >+1 million<\/h4>\n\t\t\t\t\t\t\t<\/div>\n\t\t\t\n\t\t\t\t\t\t\t<div class=\"title-after_title reset-last-child  wd-fontsize-xs\">clients chaque ann\u00e9e<\/div>\n\t\t\t\n\t\t\t\n\t\t<\/div>\n\t\t\n\t\t<\/div><\/div><\/div><div class=\"wpb_column vc_column_container vc_col-sm-3\"><div class=\"vc_column-inner\"><div class=\"wpb_wrapper\">\n\t\t<div id=\"wd-677fbacc655cf\" class=\"title-wrapper wd-wpb wd-set-mb reset-last-child  wd-rs-677fbacc655cf wd-title-color-default wd-title-style-default text-center vc_custom_1736424149506 wd-underline-colored\">\n\t\t\t\n\t\t\t<div class=\"liner-continer\">\n\t\t\t\t<h4 class=\"woodmart-title-container title  wd-font-weight- wd-fontsize-l\" >400+<\/h4>\n\t\t\t\t\t\t\t<\/div>\n\t\t\t\n\t\t\t\t\t\t\t<div class=\"title-after_title reset-last-child  wd-fontsize-xs\">employ\u00e9s dans le monde entier<\/div>\n\t\t\t\n\t\t\t\n\t\t<\/div>\n\t\t\n\t\t<\/div><\/div><\/div><div class=\"wpb_column vc_column_container vc_col-sm-3\"><div class=\"vc_column-inner\"><div class=\"wpb_wrapper\">\n\t\t<div id=\"wd-677fbada03fdd\" class=\"title-wrapper wd-wpb wd-set-mb reset-last-child  wd-rs-677fbada03fdd wd-title-color-default wd-title-style-default text-center vc_custom_1736424162046 wd-underline-colored\">\n\t\t\t\n\t\t\t<div class=\"liner-continer\">\n\t\t\t\t<h4 class=\"woodmart-title-container title  wd-font-weight- wd-fontsize-l\" >100%<\/h4>\n\t\t\t\t\t\t\t<\/div>\n\t\t\t\n\t\t\t\t\t\t\t<div class=\"title-after_title reset-last-child  wd-fontsize-xs\">propri\u00e9t\u00e9 du fondateur<\/div>\n\t\t\t\n\t\t\t\n\t\t<\/div>\n\t\t\n\t\t<\/div><\/div><\/div><\/div>\t\t<div id=\"wd-677fbaf7f2c5f\" class=\"wd-text-block wd-wpb reset-last-child wd-rs-677fbaf7f2c5f text-left vc_custom_1736424189720\">\n\t\t\t<p>Nous croyons fermement que les commodit\u00e9s, les joies et la gentillesse de la vie doivent \u00eatre facilement accessibles. C'est pourquoi leur recherche doit \u00eatre rapide, conviviale et agr\u00e9able. Chez Woodmart, notre engagement va au-del\u00e0 de la vente d'appareils \u00e9lectrom\u00e9nagers, d'appareils \u00e9lectroniques, de bijoux ou de vins. Nous nous effor\u00e7ons de simplifier votre recherche, en veillant \u00e0 ce que vous trouviez exactement ce dont vous avez besoin, sans effort. Notre objectif est d'\u00e9liminer les tracas des recherches interminables et de vous permettre de vivre une vie satisfaisante et joyeuse. Woodmart est une solution compl\u00e8te, de l'initiation \u00e0 l'aboutissement de votre recherche, un v\u00e9ritable compagnon. Nous lib\u00e9rons nos clients des compromis ind\u00e9sirables, nous r\u00e9pondons \u00e0 leurs d\u00e9sirs et nous leur donnons les moyens de r\u00eaver sans contraintes. Gr\u00e2ce \u00e0 des m\u00e9canismes de recherche intelligents et \u00e0 un service sinc\u00e8re, nous am\u00e9liorons activement la vie de nos clients, un pas apr\u00e8s l'autre.<\/p>\n\t\t<\/div>\n\t\t\t\t<div id=\"gallery_595\" class=\"wd-images-gallery wd-wpb wd-rs-677fbb1236d7c vc_custom_1736424251939 photoswipe-images wd-carousel-container wd-wpb\" style=\"--wd-justify-content:center;--wd-align-items:center;\">\n\t\t\t\t\t\t\t<div class=\"wd-carousel-inner\">\n\t\t\t\n\t\t\t<div class=\"wd-carousel wd-grid\"data-scroll_per_page=\"yes\" style=\"--wd-col-lg:3;--wd-col-md:3;--wd-col-sm:1;--wd-gap-lg:20px;--wd-gap-sm:10px;\">\n\t\t\t\t\t\t\t\t\t<div class=\"wd-carousel-wrap\">\n\t\t\t\t\n\t\t\t\t\t\t\t\t\t\t\t\t\t\t\t<div class=\"wd-gallery-item wd-carousel-item\">\n\t\t\t\t\t\t\t\t\t\t\t\t\t\t<a href=\"https:\/\/afrycom.com\/wp-content\/uploads\/2025\/01\/about-us-gallery-1-opt.jpg\" data-elementor-open-lightbox=\"no\" data-index=\"1\" data-width=\"440\" data-height=\"280\" \n\t\t\t\t\t\t\t\t\t\t\t\t >\n\t\t\t\t\t\t\t\t\n\t\t\t\t\t\t\t\t<img loading=\"lazy\" decoding=\"async\" width=\"440\" height=\"280\" src=\"https:\/\/afrycom.com\/wp-content\/uploads\/2025\/01\/about-us-gallery-1-opt.jpg\" class=\"wd-gallery-image image-1\" alt=\"\" srcset=\"https:\/\/afrycom.com\/wp-content\/uploads\/2025\/01\/about-us-gallery-1-opt.jpg 440w, https:\/\/afrycom.com\/wp-content\/uploads\/2025\/01\/about-us-gallery-1-opt-150x95.jpg 150w\" sizes=\"auto, (max-width: 440px) 100vw, 440px\" \/>\n\t\t\t\t\t\t\t\t\t\t\t\t\t\t\t<\/a>\n\t\t\t\t\t\t\t\t\t\t\t\t<\/div>\n\t\t\t\t\t\t\t\t\t\t\t<div class=\"wd-gallery-item wd-carousel-item\">\n\t\t\t\t\t\t\t\t\t\t\t\t\t\t<a href=\"https:\/\/afrycom.com\/wp-content\/uploads\/2025\/01\/about-us-gallery-2-opt.jpg\" data-elementor-open-lightbox=\"no\" data-index=\"2\" data-width=\"440\" data-height=\"280\" \n\t\t\t\t\t\t\t\t\t\t\t\t >\n\t\t\t\t\t\t\t\t\n\t\t\t\t\t\t\t\t<img loading=\"lazy\" decoding=\"async\" width=\"440\" height=\"280\" src=\"https:\/\/afrycom.com\/wp-content\/uploads\/2025\/01\/about-us-gallery-2-opt.jpg\" class=\"wd-gallery-image image-2\" alt=\"\" srcset=\"https:\/\/afrycom.com\/wp-content\/uploads\/2025\/01\/about-us-gallery-2-opt.jpg 440w, https:\/\/afrycom.com\/wp-content\/uploads\/2025\/01\/about-us-gallery-2-opt-150x95.jpg 150w\" sizes=\"auto, (max-width: 440px) 100vw, 440px\" \/>\n\t\t\t\t\t\t\t\t\t\t\t\t\t\t\t<\/a>\n\t\t\t\t\t\t\t\t\t\t\t\t<\/div>\n\t\t\t\t\t\t\t\t\t\t\t<div class=\"wd-gallery-item wd-carousel-item\">\n\t\t\t\t\t\t\t\t\t\t\t\t\t\t<a href=\"https:\/\/afrycom.com\/wp-content\/uploads\/2025\/01\/about-us-gallery-3-opt.jpg\" data-elementor-open-lightbox=\"no\" data-index=\"3\" data-width=\"440\" data-height=\"280\" \n\t\t\t\t\t\t\t\t\t\t\t\t >\n\t\t\t\t\t\t\t\t\n\t\t\t\t\t\t\t\t<img loading=\"lazy\" decoding=\"async\" width=\"440\" height=\"280\" src=\"https:\/\/afrycom.com\/wp-content\/uploads\/2025\/01\/about-us-gallery-3-opt.jpg\" class=\"wd-gallery-image image-3\" alt=\"\" srcset=\"https:\/\/afrycom.com\/wp-content\/uploads\/2025\/01\/about-us-gallery-3-opt.jpg 440w, https:\/\/afrycom.com\/wp-content\/uploads\/2025\/01\/about-us-gallery-3-opt-150x95.jpg 150w\" sizes=\"auto, (max-width: 440px) 100vw, 440px\" \/>\n\t\t\t\t\t\t\t\t\t\t\t\t\t\t\t<\/a>\n\t\t\t\t\t\t\t\t\t\t\t\t<\/div>\n\t\t\t\t\t\t\t\t\t\n\t\t\t\t\t\t\t\t\t<\/div>\n\t\t\t\t\t\t\t<\/div>\n\n\t\t\t\t\t\t\t\t\t\t\t\t\t\t<div class=\"wd-nav-arrows wd-pos-sep wd-hover-1 wd-icon-1\">\n\t\t\t<div class=\"wd-btn-arrow wd-prev wd-disabled\">\n\t\t\t\t<div class=\"wd-arrow-inner\"><\/div>\n\t\t\t<\/div>\n\t\t\t<div class=\"wd-btn-arrow wd-next\">\n\t\t\t\t<div class=\"wd-arrow-inner\"><\/div>\n\t\t\t<\/div>\n\t\t<\/div>\n\t\t\t\t\t\t\n\t\t\t\t<\/div>\n\n\t\t\t\t\t\t\t\t\t\t\t\t\t<\/div>\n\t\t<div class=\"vc_row wpb_row vc_inner vc_row-fluid vc_custom_1736424761136 wd-rs-677fbd342c7c4\"><div class=\"wpb_column vc_column_container vc_col-sm-3\/5 wd-rs-677fbb5e1537b\"><div class=\"vc_column-inner\"><div class=\"wpb_wrapper\">\n\t\t<div id=\"wd-677fbb715825c\" class=\"title-wrapper wd-wpb wd-set-mb reset-last-child  wd-rs-677fbb715825c wd-title-color-default wd-title-style-default text-left vc_custom_1736424324930 wd-underline-colored\">\n\t\t\t\n\t\t\t<div class=\"liner-continer\">\n\t\t\t\t<h4 class=\"woodmart-title-container title  wd-font-weight- wd-fontsize-l\" >S\u00e9lectionner, acc\u00e9der, profiter<\/h4>\n\t\t\t\t\t\t\t<\/div>\n\t\t\t\n\t\t\t\t\t\t\t<div class=\"title-after_title reset-last-child  wd-fontsize-xs\">Notre approche est centr\u00e9e sur l'aide \u00e0 apporter \u00e0 chacun dans le choix, l'achat et le plaisir de la technologie. Les clients sont au c\u0153ur de nos efforts. Nous nous effor\u00e7ons en permanence d'am\u00e9liorer le parcours du client, en apportant de la valeur \u00e0 toutes les parties prenantes.<\/div>\n\t\t\t\n\t\t\t\n\t\t<\/div>\n\t\t\n\t\t\n\t\t<div id=\"wd-677fbba309890\" class=\"title-wrapper wd-wpb wd-set-mb reset-last-child  wd-rs-677fbba309890 wd-title-color-default wd-title-style-default text-left vc_custom_1736424366916 wd-underline-colored\">\n\t\t\t\n\t\t\t<div class=\"liner-continer\">\n\t\t\t\t<h4 class=\"woodmart-title-container title  wd-font-weight- wd-fontsize-m\" >S\u00e9lectionner<\/h4>\n\t\t\t\t\t\t\t<\/div>\n\t\t\t\n\t\t\t\t\t\t\t<div class=\"title-after_title reset-last-child  wd-fontsize-xs\">Nous aidons les clients \u00e0 s\u00e9lectionner la technologie appropri\u00e9e parmi une vaste gamme de produits, disponibles \u00e0 la fois dans notre magasin en ligne. Les membres de notre \u00e9quipe, comp\u00e9tents et d\u00e9vou\u00e9s, offrent des conseils d'experts en personne pour aider les clients \u00e0 prendre des d\u00e9cisions \u00e9clair\u00e9es.<\/div>\n\t\t\t\n\t\t\t\n\t\t<\/div>\n\t\t\n\t\t\n\t\t<div id=\"wd-677fbbb4db5d3\" class=\"title-wrapper wd-wpb wd-set-mb reset-last-child  wd-rs-677fbbb4db5d3 wd-title-color-default wd-title-style-default text-left vc_custom_1736424380654 wd-underline-colored\">\n\t\t\t\n\t\t\t<div class=\"liner-continer\">\n\t\t\t\t<h4 class=\"woodmart-title-container title  wd-font-weight- wd-fontsize-m\" >Acc\u00e8s<\/h4>\n\t\t\t\t\t\t\t<\/div>\n\t\t\t\n\t\t\t\t\t\t\t<div class=\"title-after_title reset-last-child  wd-fontsize-xs\">Les clients trouvent la technologie passionnante mais co\u00fbteuse. Nous aidons chacun \u00e0 s'offrir la technologie dont il a besoin. Nous pouvons r\u00e9partir le co\u00fbt de la technologie gr\u00e2ce \u00e0 une utilisation responsable du cr\u00e9dit.<\/div>\n\t\t\t\n\t\t\t\n\t\t<\/div>\n\t\t\n\t\t\n\t\t<div id=\"wd-677fbbc28b0f1\" class=\"title-wrapper wd-wpb wd-set-mb reset-last-child  wd-rs-677fbbc28b0f1 wd-title-color-default wd-title-style-default text-left  wd-underline-colored\">\n\t\t\t\n\t\t\t<div class=\"liner-continer\">\n\t\t\t\t<h4 class=\"woodmart-title-container title  wd-font-weight- wd-fontsize-m\" >Appr\u00e9ciez<\/h4>\n\t\t\t\t\t\t\t<\/div>\n\t\t\t\n\t\t\t\t\t\t\t<div class=\"title-after_title reset-last-child  wd-fontsize-xs\">Notre position distincte nous permet d'am\u00e9liorer le plaisir que les clients tirent de leur technologie tout au long de leur vie, ce qui favorise des relations durables et plus pr\u00e9cieuses \u00e0 la fois pour nos clients et pour notre entreprise.<\/div>\n\t\t\t\n\t\t\t\n\t\t<\/div>\n\t\t\n\t\t<\/div><\/div><\/div><div class=\"wpb_column vc_column_container vc_col-sm-2\/5 wd-rs-677fbb64a563f\"><div class=\"vc_column-inner\"><div class=\"wpb_wrapper\">\t\t<div id=\"wd-677fbb89b71f8\" class=\"wd-image wd-wpb wd-rs-677fbb89b71f8 text-left\">\n\t\t\t\n\t\t\t<img loading=\"lazy\" decoding=\"async\" width=\"520\" height=\"461\" src=\"https:\/\/afrycom.com\/wp-content\/uploads\/2025\/01\/about-us-gallery-4-opt.jpg\" class=\"attachment-full size-full\" alt=\"\" srcset=\"https:\/\/afrycom.com\/wp-content\/uploads\/2025\/01\/about-us-gallery-4-opt.jpg 520w, https:\/\/afrycom.com\/wp-content\/uploads\/2025\/01\/about-us-gallery-4-opt-150x133.jpg 150w\" sizes=\"auto, (max-width: 520px) 100vw, 520px\" \/>\n\t\t\t\t\t<\/div>\n\t\t<\/div><\/div><\/div><\/div><div class=\"vc_row wpb_row vc_inner vc_row-fluid vc_custom_1736424738258 vc_column-gap-20 wd-rs-677fbd1c9680a\"><div class=\"wpb_column vc_column_container vc_col-sm-6 vc_col-has-fill wd-rs-677fbd29a969f\"><div class=\"vc_column-inner vc_custom_1736424753874\"><div class=\"wpb_wrapper\">\n\t\t<div id=\"wd-677fbc5f7c91f\" class=\"title-wrapper wd-wpb wd-set-mb reset-last-child  wd-rs-677fbc5f7c91f wd-title-color-default wd-title-style-default text-center vc_custom_1736424580706 wd-underline-colored\">\n\t\t\t\n\t\t\t<div class=\"liner-continer\">\n\t\t\t\t<h4 class=\"woodmart-title-container title  wd-font-weight- wd-fontsize-l\" >Voulez-vous coop\u00e9rer avec nous ?<\/h4>\n\t\t\t\t\t\t\t<\/div>\n\t\t\t\n\t\t\t\n\t\t\t\n\t\t<\/div>\n\t\t\n\t\t\t\t<div id=\"wd-677fbc8c717db\" class=\"wd-text-block wd-wpb reset-last-child wd-rs-677fbc8c717db text-center wd-width-custom vc_custom_1736424603026\">\n\t\t\t<p>Posez votre candidature et parlez-nous de vous. Nous vous contacterons pour discuter plus en d\u00e9tail de notre coop\u00e9ration.<\/p>\n\t\t<\/div>\n\t\t<div id=\"wd-677fbcabc21cb\" class=\"wd-rs-677fbcabc21cb  wd-button-wrapper text-center\"><a href=\"#\" title=\"\" class=\"btn btn-color-primary btn-style-default btn-shape-round btn-size-default\">Postuler<\/a><\/div><\/div><\/div><\/div><div class=\"wpb_column vc_column_container vc_col-sm-6 vc_col-has-fill wd-rs-677fbcc2060ac\"><div class=\"vc_column-inner vc_custom_1736424651593\"><div class=\"wpb_wrapper\">\n\t\t<div id=\"wd-677fbce338cfd\" class=\"title-wrapper wd-wpb wd-set-mb reset-last-child  wd-rs-677fbce338cfd wd-title-color-default wd-title-style-default text-center vc_custom_1736424678487 wd-underline-colored\">\n\t\t\t\n\t\t\t<div class=\"liner-continer\">\n\t\t\t\t<h4 class=\"woodmart-title-container title  wd-font-weight- wd-fontsize-l\" >Vous n'avez pas trouv\u00e9 ce que vous cherchiez ? Demandez-nous !<\/h4>\n\t\t\t\t\t\t\t<\/div>\n\t\t\t\n\t\t\t\n\t\t\t\n\t\t<\/div>\n\t\t\n\t\t\t\t<div id=\"wd-677fbceb9b594\" class=\"wd-text-block wd-wpb reset-last-child wd-rs-677fbceb9b594 text-center wd-width-custom vc_custom_1736424690984\">\n\t\t\t<p>Si vous n'avez pas trouv\u00e9 ce dont vous avez besoin et que vous avez des questions, contactez-nous et nous essaierons de vous aider.<\/p>\n\t\t<\/div>\n\t\t<div id=\"wd-677fbcf500777\" class=\"wd-rs-677fbcf500777  wd-button-wrapper text-center\"><a href=\"#\" title=\"\" class=\"btn btn-color-primary btn-style-default btn-shape-round btn-size-default\">Nous contacter<\/a><\/div><\/div><\/div><\/div><\/div><\/div><\/div><\/div><\/div>\n<\/div>","protected":false},"excerpt":{"rendered":"Track You Order About Us FAQs Our Partners Work With Us Contact Us Show sidebar Afrycom Marketplace Afrycom Marketplace stands","protected":false},"author":1,"featured_media":0,"parent":0,"menu_order":0,"comment_status":"closed","ping_status":"closed","template":"","meta":{"footnotes":""},"class_list":["post-21","page","type-page","status-publish","hentry"],"jetpack_sharing_enabled":true,"_links":{"self":[{"href":"https:\/\/afrycom.com\/fr\/wp-json\/wp\/v2\/pages\/21","targetHints":{"allow":["GET"]}}],"collection":[{"href":"https:\/\/afrycom.com\/fr\/wp-json\/wp\/v2\/pages"}],"about":[{"href":"https:\/\/afrycom.com\/fr\/wp-json\/wp\/v2\/types\/page"}],"author":[{"embeddable":true,"href":"https:\/\/afrycom.com\/fr\/wp-json\/wp\/v2\/users\/1"}],"replies":[{"embeddable":true,"href":"https:\/\/afrycom.com\/fr\/wp-json\/wp\/v2\/comments?post=21"}],"version-history":[{"count":2,"href":"https:\/\/afrycom.com\/fr\/wp-json\/wp\/v2\/pages\/21\/revisions"}],"predecessor-version":[{"id":12205,"href":"https:\/\/afrycom.com\/fr\/wp-json\/wp\/v2\/pages\/21\/revisions\/12205"}],"wp:attachment":[{"href":"https:\/\/afrycom.com\/fr\/wp-json\/wp\/v2\/media?parent=21"}],"curies":[{"name":"wp","href":"https:\/\/api.w.org\/{rel}","templated":true}]}}